{"id":1249,"date":"2021-04-02T08:35:54","date_gmt":"2021-04-02T08:35:54","guid":{"rendered":"https:\/\/institutfrancais.ro\/bucuresti\/informations-pratiques\/"},"modified":"2026-01-13T07:53:15","modified_gmt":"2026-01-13T07:53:15","slug":"informations-pratiques","status":"publish","type":"page","link":"https:\/\/institutfrancais.ro\/bucuresti\/fr\/cinema-elvire-popesco\/informations-pratiques\/","title":{"rendered":"Informations pratiques"},"content":{"rendered":"\n<p><\/p>\n\n\n\n<h3 class=\"wp-block-heading\">TARIFS A PARTIR DU 19 JANVIER 2026<\/h3>\n\n\n\n<p><\/p>\n\n\n\n<ul class=\"wp-block-list\">\n<li>27 lei \u2013 tarif g\u00e9n\u00e9ral<\/li>\n\n\n\n<li>16 lei \u2013 tarif r\u00e9duit pour \u00e9l\u00e8ves, \u00e9tudiants<\/li>\n\n\n\n<li>11 lei \u2013 tarif super r\u00e9duit pour moins 12 ans<\/li>\n\n\n\n<li>35 lei \u2013 tarif pour projections sp\u00e9ciales<\/li>\n\n\n\n<li>35 lei \u2013 tarif adulte + enfant<\/li>\n\n\n\n<li>90 lei \u2013 tarif entier carnet 5 billets<\/li>\n\n\n\n<li>65 lei \u2013 tarif r\u00e9duit carnet 5 billets<\/li>\n\n\n\n<li>Acces gratuit pentru persoanele cu dizabilit\u0103\u021bi.<\/li>\n<\/ul>\n\n\n\n<p>Les billets peuvent \u00eatre achet\u00e9s en ligne sur <a href=\"http:\/\/www.elvirepopesco.ro\">www.elvirepopesco.ro<\/a> ou \u00e0 la billetterie du cin\u00e9ma, ouverte une heure avant chaque repr\u00e9sentation.<\/p>\n\n\n\n<p>Les billets et carnets \u00e0 prix r\u00e9duit <span style=\"text-decoration: underline\">ne peuvent \u00eatre<\/span> <span style=\"text-decoration: underline\">achet\u00e9s<\/span> qu&rsquo;\u00e0 la caisse du cin\u00e9ma sur pr\u00e9sentation d&rsquo;un justificatif de r\u00e9duction.<\/p>\n\n\n\n<p><\/p>\n\n\n\n<h3 class=\"wp-block-heading\"><strong>CONTACT<\/strong><\/h3>\n\n\n\n<p><strong>Adresse<\/strong>: Bd Dacia nr 77, Sector 2, Bucure\u015fti <br><strong>T\u00e9l\u00e9phone de la billetterie <\/strong>: 0374 125 216 <br><strong>Facebook<\/strong>: @<a href=\"https:\/\/www.facebook.com\/CinemaElvirePopesco\" data-type=\"URL\" data-id=\"https:\/\/www.facebook.com\/CinemaElvirePopesco\">cinemaelvirepopesco<\/a> <br><strong>Instagram<\/strong>: @<a href=\"https:\/\/www.instagram.com\/cinemaelvirepopesco\/\" data-type=\"URL\" data-id=\"https:\/\/www.instagram.com\/cinemaelvirepopesco\/\">cinemaelvirepopesco<\/a> <br>Pour les questions urgentes li\u00e9es au programme de la salle, les spectateurs sont invit\u00e9s \u00e0 utiliser la messagerie Facebook. <br>Pour les locations ou les propositions de partenariat, veuillez envoyer un courriel \u00e0 <a href=\"mailto:ioana.dragomirescu@institutfrancais.ro\">accueil@institutfrancais.ro.<\/a><\/p>\n\n\n\n<p><\/p>\n","protected":false},"excerpt":{"rendered":"<p>TARIFS A PARTIR DU 19 JANVIER 2026 Les billets peuvent \u00eatre achet\u00e9s en ligne sur www.elvirepopesco.ro ou \u00e0 la billetterie du cin\u00e9ma, ouverte une heure avant chaque repr\u00e9sentation. Les billets et carnets \u00e0 prix r\u00e9duit ne peuvent \u00eatre achet\u00e9s qu&rsquo;\u00e0 la caisse du cin\u00e9ma sur pr\u00e9sentation d&rsquo;un justificatif de r\u00e9duction. CONTACT Adresse: Bd Dacia nr [&hellip;]<\/p>\n","protected":false},"author":4,"featured_media":1120,"parent":1273,"menu_order":0,"comment_status":"closed","ping_status":"closed","template":"","meta":{"footnotes":""},"class_list":["post-1249","page","type-page","status-publish","has-post-thumbnail","hentry"],"_links":{"self":[{"href":"https:\/\/institutfrancais.ro\/bucuresti\/fr\/wp-json\/wp\/v2\/pages\/1249","targetHints":{"allow":["GET"]}}],"collection":[{"href":"https:\/\/institutfrancais.ro\/bucuresti\/fr\/wp-json\/wp\/v2\/pages"}],"about":[{"href":"https:\/\/institutfrancais.ro\/bucuresti\/fr\/wp-json\/wp\/v2\/types\/page"}],"author":[{"embeddable":true,"href":"https:\/\/institutfrancais.ro\/bucuresti\/fr\/wp-json\/wp\/v2\/users\/4"}],"replies":[{"embeddable":true,"href":"https:\/\/institutfrancais.ro\/bucuresti\/fr\/wp-json\/wp\/v2\/comments?post=1249"}],"version-history":[{"count":20,"href":"https:\/\/institutfrancais.ro\/bucuresti\/fr\/wp-json\/wp\/v2\/pages\/1249\/revisions"}],"predecessor-version":[{"id":11961,"href":"https:\/\/institutfrancais.ro\/bucuresti\/fr\/wp-json\/wp\/v2\/pages\/1249\/revisions\/11961"}],"up":[{"embeddable":true,"href":"https:\/\/institutfrancais.ro\/bucuresti\/fr\/wp-json\/wp\/v2\/pages\/1273"}],"wp:featuredmedia":[{"embeddable":true,"href":"https:\/\/institutfrancais.ro\/bucuresti\/fr\/wp-json\/wp\/v2\/media\/1120"}],"wp:attachment":[{"href":"https:\/\/institutfrancais.ro\/bucuresti\/fr\/wp-json\/wp\/v2\/media?parent=1249"}],"curies":[{"name":"wp","href":"https:\/\/api.w.org\/{rel}","templated":true}]}}