{"id":1273,"date":"2021-04-02T09:17:39","date_gmt":"2021-04-02T09:17:39","guid":{"rendered":"https:\/\/institutfrancais.ro\/bucuresti\/cinema-elvire-popesco\/"},"modified":"2025-07-03T13:12:26","modified_gmt":"2025-07-03T13:12:26","slug":"cinema-elvire-popesco","status":"publish","type":"page","link":"https:\/\/institutfrancais.ro\/bucuresti\/fr\/cinema-elvire-popesco\/","title":{"rendered":"Cinema Elvire Popesco"},"content":{"rendered":"\n<p>Le cin\u00e9ma Elvire Popesco de l&rsquo;Institut Fran\u00e7ais, en activit\u00e9 depuis 1979, a \u00e9t\u00e9 enti\u00e8rement r\u00e9nov\u00e9 en 2011. D&rsquo;une capacit\u00e9 de 183 places, ce cin\u00e9ma mono-\u00e9cran est \u00e9quip\u00e9 d&rsquo;un projecteur 35 mm et d&rsquo;un vid\u00e9oprojecteur Barco-2k permettant la projection num\u00e9rique DCP ou Blu-ray.<\/p>\n\n\n\n<p>Le cin\u00e9ma Elvire Popesco propose une programmation de films d\u2019art et d\u2019essai europ\u00e9ens et roumains et figure parmi les cin\u00e9mas les plus appreci\u00e9s par le public de Bucarest. La salle est membre du r\u00e9seau Europa Cinemas depuis 2007. Ces derni\u00e8res ann\u00e9es, le nombre de cin\u00e9philes n\u2019a cess\u00e9 d\u2019augmenter et, en 2018 et 2019, le cinema Elvire Popesco a \u00e9t\u00e9 le cin\u00e9ma mono-\u00e9cran le plus fr\u00e9quent\u00e9 de Roumanie, attirant plus de 75 000 cin\u00e9philes, ainsi que le cin\u00e9ma le plus fr\u00e9quent\u00e9 du r\u00e9seau culturel fran\u00e7ais \u00e0 l\u2019\u00e9tranger (Institut fran\u00e7ais et alliances fran\u00e7aises), lequel en compte plus de 50 dans le monde.<\/p>\n\n\n\n<p>En 2020, afin de continuer \u00e0 proposer des films aux cin\u00e9philes pendant la fermeture de la salle due \u00e0 la pandemie, l&rsquo;Institut Fran\u00e7ais a lanc\u00e9 Elvire en Plein Air, un cycle de projections en plein air pendant l&rsquo;\u00e9t\u00e9, et Elvire Chez Vous, un cycle de projections en ligne qui se poursuit en 2021. <\/p>\n\n\n\n<p>Outre les projections de films, la salle accueille \u00e9galement des projections sp\u00e9ciales, des avant-premi\u00e8res, de nombreux festivals de cin\u00e9ma et d&rsquo;autres \u00e9v\u00e9nements culturels (conf\u00e9rences, concerts, pi\u00e8ces de th\u00e9\u00e2tre et spectacles de danse). <\/p>\n\n\n\n<p><\/p>\n\n\n\n<ul class=\"wp-block-list\">\n<li><a href=\"https:\/\/institutfrancais.ro\/bucuresti\/fr\/category\/programme-cinema-elvire-popesco\/\">Programme<\/a><\/li>\n\n\n\n<li><a href=\"https:\/\/institutfrancais.ro\/bucuresti\/fr\/category\/festivals-cinema\/\">Festivals et projections speciales\u00a0<\/a><\/li>\n<\/ul>\n","protected":false},"excerpt":{"rendered":"<p>Le cin\u00e9ma Elvire Popesco de l&rsquo;Institut Fran\u00e7ais, en activit\u00e9 depuis 1979, a \u00e9t\u00e9 enti\u00e8rement r\u00e9nov\u00e9 en 2011. D&rsquo;une capacit\u00e9 de 183 places, ce cin\u00e9ma mono-\u00e9cran est \u00e9quip\u00e9 d&rsquo;un projecteur 35 mm et d&rsquo;un vid\u00e9oprojecteur Barco-2k permettant la projection num\u00e9rique DCP ou Blu-ray. Le cin\u00e9ma Elvire Popesco propose une programmation de films d\u2019art et d\u2019essai europ\u00e9ens [&hellip;]<\/p>\n","protected":false},"author":2,"featured_media":1125,"parent":0,"menu_order":0,"comment_status":"closed","ping_status":"closed","template":"","meta":{"footnotes":""},"class_list":["post-1273","page","type-page","status-publish","has-post-thumbnail","hentry"],"_links":{"self":[{"href":"https:\/\/institutfrancais.ro\/bucuresti\/fr\/wp-json\/wp\/v2\/pages\/1273","targetHints":{"allow":["GET"]}}],"collection":[{"href":"https:\/\/institutfrancais.ro\/bucuresti\/fr\/wp-json\/wp\/v2\/pages"}],"about":[{"href":"https:\/\/institutfrancais.ro\/bucuresti\/fr\/wp-json\/wp\/v2\/types\/page"}],"author":[{"embeddable":true,"href":"https:\/\/institutfrancais.ro\/bucuresti\/fr\/wp-json\/wp\/v2\/users\/2"}],"replies":[{"embeddable":true,"href":"https:\/\/institutfrancais.ro\/bucuresti\/fr\/wp-json\/wp\/v2\/comments?post=1273"}],"version-history":[{"count":2,"href":"https:\/\/institutfrancais.ro\/bucuresti\/fr\/wp-json\/wp\/v2\/pages\/1273\/revisions"}],"predecessor-version":[{"id":11432,"href":"https:\/\/institutfrancais.ro\/bucuresti\/fr\/wp-json\/wp\/v2\/pages\/1273\/revisions\/11432"}],"wp:featuredmedia":[{"embeddable":true,"href":"https:\/\/institutfrancais.ro\/bucuresti\/fr\/wp-json\/wp\/v2\/media\/1125"}],"wp:attachment":[{"href":"https:\/\/institutfrancais.ro\/bucuresti\/fr\/wp-json\/wp\/v2\/media?parent=1273"}],"curies":[{"name":"wp","href":"https:\/\/api.w.org\/{rel}","templated":true}]}}