{"id":1302,"date":"2021-04-02T10:04:59","date_gmt":"2021-04-02T10:04:59","guid":{"rendered":"https:\/\/institutfrancais.ro\/bucuresti\/a-propos-de-nous\/"},"modified":"2021-11-29T09:01:19","modified_gmt":"2021-11-29T09:01:19","slug":"a-propos-de-nous","status":"publish","type":"page","link":"https:\/\/institutfrancais.ro\/bucuresti\/fr\/a-propos-de-nous\/","title":{"rendered":"\u00c0 propos de nous"},"content":{"rendered":"\n<p><a href=\"https:\/\/institutfrancais.ro\/bucuresti\/fr\/a-propos-de-nous\/lhistoire-ifr-a-bucarest\/\" data-type=\"URL\" data-id=\"https:\/\/institutfrancais.ro\/bucuresti\/fr\/a-propos-de-nous\/lhistoire-ifr-a-bucarest\/\">L&rsquo;histoire de l&rsquo;Institut fran\u00e7ais de Roumanie \u00e0 Bucarest<\/a><\/p>\n\n\n\n<p><a href=\"https:\/\/institutfrancais.ro\/bucuresti\/fr\/travaillez-avec-nous\/\" data-type=\"URL\" data-id=\"https:\/\/institutfrancais.ro\/bucuresti\/fr\/travaillez-avec-nous\/\">Travailler avec nous<\/a><\/p>\n\n\n\n<p><a href=\"https:\/\/institutfrancais.ro\/bucuresti\/fr\/stages-et-benevolat\/\" data-type=\"URL\" data-id=\"https:\/\/institutfrancais.ro\/bucuresti\/fr\/stages-et-benevolat\/\">Stages et b\u00e9n\u00e9volat<\/a><\/p>\n\n\n\n<p><a href=\"https:\/\/institutfrancais.ro\/bucuresti\/fr\/partenariats\/\" data-type=\"URL\" data-id=\"https:\/\/institutfrancais.ro\/bucuresti\/fr\/partenariats\/\">Partenariats<\/a><\/p>\n\n\n\n<p><a href=\"https:\/\/institutfrancais.ro\/bucuresti\/fr\/contact\/\" data-type=\"URL\" data-id=\"https:\/\/institutfrancais.ro\/bucuresti\/fr\/contact\/\">Contact<\/a><\/p>\n","protected":false},"excerpt":{"rendered":"<p>L&rsquo;histoire de l&rsquo;Institut fran\u00e7ais de Roumanie \u00e0 Bucarest Travailler avec nous Stages et b\u00e9n\u00e9volat Partenariats Contact<\/p>\n","protected":false},"author":2,"featured_media":1117,"parent":0,"menu_order":0,"comment_status":"closed","ping_status":"closed","template":"","meta":{"footnotes":""},"class_list":["post-1302","page","type-page","status-publish","has-post-thumbnail","hentry"],"_links":{"self":[{"href":"https:\/\/institutfrancais.ro\/bucuresti\/fr\/wp-json\/wp\/v2\/pages\/1302","targetHints":{"allow":["GET"]}}],"collection":[{"href":"https:\/\/institutfrancais.ro\/bucuresti\/fr\/wp-json\/wp\/v2\/pages"}],"about":[{"href":"https:\/\/institutfrancais.ro\/bucuresti\/fr\/wp-json\/wp\/v2\/types\/page"}],"author":[{"embeddable":true,"href":"https:\/\/institutfrancais.ro\/bucuresti\/fr\/wp-json\/wp\/v2\/users\/2"}],"replies":[{"embeddable":true,"href":"https:\/\/institutfrancais.ro\/bucuresti\/fr\/wp-json\/wp\/v2\/comments?post=1302"}],"version-history":[{"count":2,"href":"https:\/\/institutfrancais.ro\/bucuresti\/fr\/wp-json\/wp\/v2\/pages\/1302\/revisions"}],"predecessor-version":[{"id":3091,"href":"https:\/\/institutfrancais.ro\/bucuresti\/fr\/wp-json\/wp\/v2\/pages\/1302\/revisions\/3091"}],"wp:featuredmedia":[{"embeddable":true,"href":"https:\/\/institutfrancais.ro\/bucuresti\/fr\/wp-json\/wp\/v2\/media\/1117"}],"wp:attachment":[{"href":"https:\/\/institutfrancais.ro\/bucuresti\/fr\/wp-json\/wp\/v2\/media?parent=1302"}],"curies":[{"name":"wp","href":"https:\/\/api.w.org\/{rel}","templated":true}]}}