{"id":1305,"date":"2021-04-02T10:06:14","date_gmt":"2021-04-02T10:06:14","guid":{"rendered":"https:\/\/institutfrancais.ro\/bucuresti\/medias\/"},"modified":"2025-03-07T08:59:59","modified_gmt":"2025-03-07T08:59:59","slug":"mediatheque","status":"publish","type":"page","link":"https:\/\/institutfrancais.ro\/bucuresti\/fr\/mediatheque\/","title":{"rendered":"M\u00e9diath\u00e8que"},"content":{"rendered":"\n<p>Bienvenue \u00e0 la m\u00e9diath\u00e8que de l&rsquo;Institut fran\u00e7ais de Roumanie \u00e0 Bucarest, un espace ouvert, d\u00e9di\u00e9 \u00e0 la culture fran\u00e7aise et francophone: enfants, adultes, \u00e9tudiants, \u00e9tudiants de l&rsquo;Institut fran\u00e7ais ou pas&#8230; tout le monde est le bienvenu !<\/p>\n\n\n<ul>\n<li><a href=\"https:\/\/institutfrancais.ro\/bucuresti\/fr\/mediatheque\/informations-pratiques\/\" target=\"_blank\" rel=\"noreferrer noopener\" data-type=\"URL\" data-id=\"https:\/\/institutfrancais.ro\/bucuresti\/fr\/mediatheque\/informations-pratiques\/\">Informations pratiques<\/a><\/li>\n<li><a href=\"https:\/\/institutfrancais.ro\/bucuresti\/fr\/category\/ateliers-meditheque\/\" target=\"_blank\" rel=\"noreferrer noopener\" data-type=\"URL\" data-id=\"https:\/\/institutfrancais.ro\/bucuresti\/fr\/category\/ateliers-meditheque\/\">Ateliers<\/a><\/li>\n<li><a href=\"https:\/\/institutfrancais.ro\/bucuresti\/fr\/catalogue\/\" target=\"_blank\" rel=\"noreferrer noopener\" data-type=\"URL\" data-id=\"https:\/\/institutfrancais.ro\/bucuresti\/fr\/catalogue\/\">Catalogue en ligne\u00a0<\/a><\/li>\n<li><a href=\"https:\/\/institutfrancais.ro\/bucuresti\/fr\/ressources\/\" target=\"_blank\" rel=\"noreferrer noopener\" data-type=\"URL\" data-id=\"https:\/\/institutfrancais.ro\/bucuresti\/fr\/ressources\/\">Ressources <\/a>\n<h3 class=\"LC20lb DKV0Md\">\u00a0<\/h3>\n<\/li>\n<\/ul>\n\n\n<p><\/p>\n","protected":false},"excerpt":{"rendered":"<p>Bienvenue \u00e0 la m\u00e9diath\u00e8que de l&rsquo;Institut fran\u00e7ais de Roumanie \u00e0 Bucarest, un espace ouvert, d\u00e9di\u00e9 \u00e0 la culture fran\u00e7aise et francophone: enfants, adultes, \u00e9tudiants, \u00e9tudiants de l&rsquo;Institut fran\u00e7ais ou pas&#8230; tout le monde est le bienvenu ! Informations pratiques Ateliers Catalogue en ligne\u00a0 Ressources \u00a0<\/p>\n","protected":false},"author":4,"featured_media":878,"parent":0,"menu_order":0,"comment_status":"closed","ping_status":"closed","template":"","meta":{"footnotes":""},"class_list":["post-1305","page","type-page","status-publish","has-post-thumbnail","hentry"],"_links":{"self":[{"href":"https:\/\/institutfrancais.ro\/bucuresti\/fr\/wp-json\/wp\/v2\/pages\/1305","targetHints":{"allow":["GET"]}}],"collection":[{"href":"https:\/\/institutfrancais.ro\/bucuresti\/fr\/wp-json\/wp\/v2\/pages"}],"about":[{"href":"https:\/\/institutfrancais.ro\/bucuresti\/fr\/wp-json\/wp\/v2\/types\/page"}],"author":[{"embeddable":true,"href":"https:\/\/institutfrancais.ro\/bucuresti\/fr\/wp-json\/wp\/v2\/users\/4"}],"replies":[{"embeddable":true,"href":"https:\/\/institutfrancais.ro\/bucuresti\/fr\/wp-json\/wp\/v2\/comments?post=1305"}],"version-history":[{"count":8,"href":"https:\/\/institutfrancais.ro\/bucuresti\/fr\/wp-json\/wp\/v2\/pages\/1305\/revisions"}],"predecessor-version":[{"id":10983,"href":"https:\/\/institutfrancais.ro\/bucuresti\/fr\/wp-json\/wp\/v2\/pages\/1305\/revisions\/10983"}],"wp:featuredmedia":[{"embeddable":true,"href":"https:\/\/institutfrancais.ro\/bucuresti\/fr\/wp-json\/wp\/v2\/media\/878"}],"wp:attachment":[{"href":"https:\/\/institutfrancais.ro\/bucuresti\/fr\/wp-json\/wp\/v2\/media?parent=1305"}],"curies":[{"name":"wp","href":"https:\/\/api.w.org\/{rel}","templated":true}]}}