{"id":1395,"date":"2021-04-13T11:59:57","date_gmt":"2021-04-13T11:59:57","guid":{"rendered":"https:\/\/institutfrancais.ro\/bucuresti\/medias\/informations-pratiques\/"},"modified":"2025-03-07T10:16:03","modified_gmt":"2025-03-07T10:16:03","slug":"informations-pratiques","status":"publish","type":"page","link":"https:\/\/institutfrancais.ro\/bucuresti\/fr\/mediatheque\/informations-pratiques\/","title":{"rendered":"Informations pratiques"},"content":{"rendered":"\n<h3 class=\"wp-block-heading\">Horaire<\/h3>\n\n\n\n<p><strong>Lundi<\/strong> : ferm\u00e9<br><strong>Mardi, mercredi, vendredi<\/strong> : 10h00 \u2013 18h00 <br><strong>Jeudi : <\/strong>11h00 \u2013 19h00<br><strong>Samedi : <\/strong>10h00 \u2013 14h00<br><br><strong>Les inscriptions, pr\u00eats et retours s\u2019arr\u00eatent 15 minutes avant la fermeture.<\/strong><\/p>\n\n\n\n<h3 class=\"wp-block-heading\"><strong>Inscriptions<\/strong><\/h3>\n\n\n\n<p>Le paiement se fait sur place \u00e0 la m\u00e9diath\u00e8que ou en ligne, sur Eventbook (<a href=\"https:\/\/eventbook.ro\/other\/bilete-permis-de-cititor?lang=ro\">ici<\/a>).<\/p>\n\n\n\n<h3 class=\"wp-block-heading\"><strong>Abonnements et tarifs<\/strong><\/h3>\n\n\n\n<div class=\"wp-block-columns is-layout-flex wp-container-core-columns-is-layout-9d6595d7 wp-block-columns-is-layout-flex\">\n<div class=\"wp-block-column is-layout-flow wp-block-column-is-layout-flow\" style=\"flex-basis:100%\">\n<div class=\"wp-block-group\"><div class=\"wp-block-group__inner-container is-layout-flow wp-block-group-is-layout-flow\">\n<figure class=\"wp-block-table alignleft is-style-regular\"><table class=\"has-background has-fixed-layout\" style=\"background-color:#e7f5fe\"><thead><tr><th><strong>Type de carte<\/strong><\/th><th><strong>Services<\/strong><\/th><th>Valabilit\u00e9<\/th><th><strong>Dur\u00e9e de pr\u00eat<\/strong>                         <\/th><th><strong>Cotisation <\/strong>            <\/th><\/tr><\/thead><tbody><tr><td><strong>Carte <em>M\u00e9diath\u00e8que<\/em><\/strong><\/td><td>acc\u00e8s aux collections \u00abadulte\u00bb emprunts: 14 documents dont 4 DVD et 3 CD acc\u00e8s gratuit \u00e0 <a href=\"https:\/\/www.culturetheque.com\/ROU\/\">Cultureth\u00e8que<\/a><\/td><td>1 an<\/td><td>2 semaines\n2 prolongations possibles<\/td><td><strong>70 lei<\/strong>**<\/td><\/tr><tr><td><strong>Carte <em>Tarif r\u00e9duit<\/em><\/strong><em>*<\/em><\/td><td>acc\u00e8s aux collections \u00abadulte\u00bb emprunts: 14 documents dont 4 DVD et 3 CD acc\u00e8s gratuit \u00e0 <a href=\"https:\/\/www.culturetheque.com\/ROU\/\">Cultureth\u00e8que<\/a><\/td><td>1 an<\/td><td>2 semaines\n2 prolongations possibles<\/td><td><strong>50 lei<\/strong>**<\/td><\/tr><tr><td><strong>&nbsp;Carte <em>Enfants jusqu\u2019\u00e0 12 ans<\/em><\/strong><\/td><td>acc\u00e8s aux collections \u00abjeunesse\u00bb emprunts: 7 documents dont 3 DVD et CD acc\u00e8s gratuit \u00e0 <a href=\"https:\/\/www.culturetheque.com\/ROU\/\">Cultureth\u00e8que<\/a><\/td><td>1 an<\/td><td>2 semaines\n2 prolongations possibles<\/td><td><strong>50 lei<\/strong>**<\/td><\/tr><tr><td><strong>Carte <\/strong><br><strong><em>3 mois  pour adultes<\/em><\/strong><\/td><td>acc\u00e8s aux collections \u00abadulte\u00bb emprunts: 14 documents dont 4 DVD et 3 CD <\/td><td>3 mois<\/td><td>2 semaines 2 prolongations possibles<\/td><td><strong>35 lei<\/strong><\/td><\/tr><tr><td><strong>Carte <\/strong><br><strong><em>3 mois  pour adultes<\/em><\/strong><br><strong><em>Tarif r\u00e9duit<\/em><\/strong><em>*<\/em><\/td><td>acc\u00e8s aux collections \u00abadulte\u00bb emprunts: 14 documents dont 4 DVD et 3 CD<\/td><td>3 mois<\/td><td>2 semaines 2 prolongations possibles<\/td><td><strong>25 lei<\/strong><\/td><\/tr><tr><td><strong>Carte <\/strong><br><strong><em>3 mois  pour enfants<\/em><\/strong><\/td><td>acc\u00e8s aux collections \u00abjeunesse\u00bb emprunts: 7 documents dont 3 DVD et CD<\/td><td>3 mois<\/td><td>2 semaines 2 prolongations possibles<\/td><td><strong>25 lei<\/strong><\/td><\/tr><tr><td><strong>Carte \u00c9cole<\/strong><\/td><td>acc\u00e8s aux collections \u00abjeunesse\u00bb emprunts: 60 livres, 10 revues, 10 CD, 10 DVD 3 acc\u00e8s gratuits \u00e0 <a href=\"https:\/\/www.culturetheque.com\/ROU\/\">Cultureth\u00e8que<\/a><\/td><td>1 an<\/td><td>8 semaines<\/td><td><strong>600 lei <\/strong><\/td><\/tr><tr><td><strong>Carte Entreprise Argent<\/strong><\/td><td>acc\u00e8s aux collections \u00ab adultes \u00bb emprunts: 70 livres, 20 revues, 20 CD, 20 DVD 5 acc\u00e8s gratuits \u00e0 <a href=\"https:\/\/www.culturetheque.com\/ROU\/\">Cultureth\u00e8que<\/a><\/td><td>1 an<\/td><td>8 semaines<\/td><td><strong>1000 lei <\/strong><\/td><\/tr><tr><td><strong>Carte Entreprise Or<\/strong><\/td><td>acc\u00e8s aux collections \u00abjeunesse\u00bb et \u00abadulte\u00bb Visites guid\u00e9es de la m\u00e9diath\u00e8que emprunts: 100 livres, 50 revues, 30 CD, 30 DVD 20 acc\u00e8s gratuits \u00e0 <a href=\"https:\/\/www.culturetheque.com\/\">Cultureth\u00e8que<\/a> 1 atelier au choix \/ trimestre (en entreprise) 5 places \u00e0 un atelier (pour enfants) au choix \/ trimestre<\/td><td>1 an<\/td><td>12 semaines<\/td><td><strong>2000 lei<\/strong><\/td><\/tr><\/tbody><\/table><figcaption class=\"wp-element-caption\">*\u00e9tudiants, professeurs de fran\u00e7ais, ch\u00f4meurs, retrait\u00e9s) sur pr\u00e9sentation d\u2019un justificatif;\n\n**gratuit pour les participants aux cours de fran\u00e7ais (pendant la dur\u00e9e du cours).<\/figcaption><\/figure>\n<\/div><\/div>\n\n\n\n<p><\/p>\n<\/div>\n<\/div>\n\n\n\n<p>Les prolongations et les r\u00e9servations de documents peuvent \u00eatre effectu\u00e9es par t\u00e9l\u00e9phone, par e-mail ou \u00e0 partir du compte de l&rsquo;abonn\u00e9 sur le portail de la m\u00e9diath\u00e8que: <a href=\"https:\/\/ifroumanie.bibenligne.fr\/\">https:\/\/ifroumanie.bibenligne.fr\/<\/a>.<\/p>\n\n\n\n<p>La carte de lecteur permet \u00e9galement d&rsquo;acc\u00e9der aux m\u00e9diath\u00e8ques des Instituts fran\u00e7ais de Ia\u0219i, Cluj et Timi\u0219oara, sans aucune autre formalit\u00e9 ni co\u00fbt suppl\u00e9mentaire.<\/p>\n\n\n\n<p><strong>Attention!<\/strong> <br>Les documents r\u00e9serv\u00e9s ne peuvent \u00eatre prolong\u00e9s qu&rsquo;une seule fois. <br>Perte ou endommagement grave d&rsquo;un document : remplacement du document. <br><\/p>\n\n\n\n<h3 class=\"wp-block-heading\"><strong>Contact <\/strong><\/h3>\n\n\n\n<p>\u260e\ufe0f 0374 125 235 <br>\ud83d\udce7 <a href=\"mailto:mediatheque.bucarest@institutfrancais.ro\">mediatheque.bucarest@institutfrancais.ro<\/a> <br>Adresse : 77 Bd. Dacia, Bucarest <\/p>\n\n\n\n<p class=\"has-pale-cyan-blue-color has-text-color has-medium-font-size\"><a href=\"https:\/\/mediatecafranceza.files.wordpress.com\/2019\/02\/rc3a8glement-de-la-mc3a9diathc3a8que.pdf\" target=\"_blank\" rel=\"noreferrer noopener\"><strong><u>Le R\u00e8glement de la m\u00e9diath\u00e8que<\/u><\/strong><\/a><\/p>\n","protected":false},"excerpt":{"rendered":"<p>Horaire Lundi : ferm\u00e9Mardi, mercredi, vendredi : 10h00 \u2013 18h00 Jeudi : 11h00 \u2013 19h00Samedi : 10h00 \u2013 14h00 Les inscriptions, pr\u00eats et retours s\u2019arr\u00eatent 15 minutes avant la fermeture. Inscriptions Le paiement se fait sur place \u00e0 la m\u00e9diath\u00e8que ou en ligne, sur Eventbook (ici). Abonnements et tarifs Type de carte Services Valabilit\u00e9 Dur\u00e9e [&hellip;]<\/p>\n","protected":false},"author":4,"featured_media":878,"parent":1305,"menu_order":0,"comment_status":"closed","ping_status":"closed","template":"","meta":{"footnotes":""},"class_list":["post-1395","page","type-page","status-publish","has-post-thumbnail","hentry"],"_links":{"self":[{"href":"https:\/\/institutfrancais.ro\/bucuresti\/fr\/wp-json\/wp\/v2\/pages\/1395","targetHints":{"allow":["GET"]}}],"collection":[{"href":"https:\/\/institutfrancais.ro\/bucuresti\/fr\/wp-json\/wp\/v2\/pages"}],"about":[{"href":"https:\/\/institutfrancais.ro\/bucuresti\/fr\/wp-json\/wp\/v2\/types\/page"}],"author":[{"embeddable":true,"href":"https:\/\/institutfrancais.ro\/bucuresti\/fr\/wp-json\/wp\/v2\/users\/4"}],"replies":[{"embeddable":true,"href":"https:\/\/institutfrancais.ro\/bucuresti\/fr\/wp-json\/wp\/v2\/comments?post=1395"}],"version-history":[{"count":24,"href":"https:\/\/institutfrancais.ro\/bucuresti\/fr\/wp-json\/wp\/v2\/pages\/1395\/revisions"}],"predecessor-version":[{"id":10996,"href":"https:\/\/institutfrancais.ro\/bucuresti\/fr\/wp-json\/wp\/v2\/pages\/1395\/revisions\/10996"}],"up":[{"embeddable":true,"href":"https:\/\/institutfrancais.ro\/bucuresti\/fr\/wp-json\/wp\/v2\/pages\/1305"}],"wp:featuredmedia":[{"embeddable":true,"href":"https:\/\/institutfrancais.ro\/bucuresti\/fr\/wp-json\/wp\/v2\/media\/878"}],"wp:attachment":[{"href":"https:\/\/institutfrancais.ro\/bucuresti\/fr\/wp-json\/wp\/v2\/media?parent=1395"}],"curies":[{"name":"wp","href":"https:\/\/api.w.org\/{rel}","templated":true}]}}