{"id":1413,"date":"2021-04-13T12:28:16","date_gmt":"2021-04-13T12:28:16","guid":{"rendered":"https:\/\/institutfrancais.ro\/bucuresti\/catalogue\/"},"modified":"2025-03-07T08:55:49","modified_gmt":"2025-03-07T08:55:49","slug":"catalogue","status":"publish","type":"page","link":"https:\/\/institutfrancais.ro\/bucuresti\/fr\/catalogue\/","title":{"rendered":"Catalogue"},"content":{"rendered":"\n<p><\/p>\n\n\n\n<p>Le catalogue en ligne <a href=\"http:\/\/www.carthame.ro\" data-mce-href=\"http:\/\/www.carthame.ro\">www.carthame.ro<\/a> vous permet de v\u00e9rifier la disponibilit\u00e9 des documents que vous souhaitez emprunter, mais aussi la situation des documents que vous avez d\u00e9j\u00e0 emprunt\u00e9s.<\/p>\n\n\n\n<p><\/p>\n\n\n\n<p><\/p>\n","protected":false},"excerpt":{"rendered":"<p>Le catalogue en ligne www.carthame.ro vous permet de v\u00e9rifier la disponibilit\u00e9 des documents que vous souhaitez emprunter, mais aussi la situation des documents que vous avez d\u00e9j\u00e0 emprunt\u00e9s.<\/p>\n","protected":false},"author":4,"featured_media":884,"parent":0,"menu_order":0,"comment_status":"closed","ping_status":"closed","template":"","meta":{"footnotes":""},"class_list":["post-1413","page","type-page","status-publish","has-post-thumbnail","hentry"],"_links":{"self":[{"href":"https:\/\/institutfrancais.ro\/bucuresti\/fr\/wp-json\/wp\/v2\/pages\/1413","targetHints":{"allow":["GET"]}}],"collection":[{"href":"https:\/\/institutfrancais.ro\/bucuresti\/fr\/wp-json\/wp\/v2\/pages"}],"about":[{"href":"https:\/\/institutfrancais.ro\/bucuresti\/fr\/wp-json\/wp\/v2\/types\/page"}],"author":[{"embeddable":true,"href":"https:\/\/institutfrancais.ro\/bucuresti\/fr\/wp-json\/wp\/v2\/users\/4"}],"replies":[{"embeddable":true,"href":"https:\/\/institutfrancais.ro\/bucuresti\/fr\/wp-json\/wp\/v2\/comments?post=1413"}],"version-history":[{"count":4,"href":"https:\/\/institutfrancais.ro\/bucuresti\/fr\/wp-json\/wp\/v2\/pages\/1413\/revisions"}],"predecessor-version":[{"id":10982,"href":"https:\/\/institutfrancais.ro\/bucuresti\/fr\/wp-json\/wp\/v2\/pages\/1413\/revisions\/10982"}],"wp:featuredmedia":[{"embeddable":true,"href":"https:\/\/institutfrancais.ro\/bucuresti\/fr\/wp-json\/wp\/v2\/media\/884"}],"wp:attachment":[{"href":"https:\/\/institutfrancais.ro\/bucuresti\/fr\/wp-json\/wp\/v2\/media?parent=1413"}],"curies":[{"name":"wp","href":"https:\/\/api.w.org\/{rel}","templated":true}]}}