{"id":1417,"date":"2021-04-13T12:31:52","date_gmt":"2021-04-13T12:31:52","guid":{"rendered":"https:\/\/institutfrancais.ro\/bucuresti\/ressources\/"},"modified":"2021-04-13T12:31:53","modified_gmt":"2021-04-13T12:31:53","slug":"ressources","status":"publish","type":"page","link":"https:\/\/institutfrancais.ro\/bucuresti\/fr\/ressources\/","title":{"rendered":"Ressources"},"content":{"rendered":"\n<div class=\"wp-block-media-text alignwide is-stacked-on-mobile\"><figure class=\"wp-block-media-text__media\"><img loading=\"lazy\" decoding=\"async\" width=\"1024\" height=\"384\" src=\"https:\/\/institutfrancais.ro\/bucuresti\/wp-content\/uploads\/sites\/2\/2021\/03\/culturetheque-1024x384.jpg\" alt=\"\" class=\"wp-image-1024 size-full\" srcset=\"https:\/\/institutfrancais.ro\/bucuresti\/wp-content\/uploads\/sites\/2\/2021\/03\/culturetheque-1024x384.jpg 1024w, https:\/\/institutfrancais.ro\/bucuresti\/wp-content\/uploads\/sites\/2\/2021\/03\/culturetheque-300x113.jpg 300w, https:\/\/institutfrancais.ro\/bucuresti\/wp-content\/uploads\/sites\/2\/2021\/03\/culturetheque-768x288.jpg 768w, https:\/\/institutfrancais.ro\/bucuresti\/wp-content\/uploads\/sites\/2\/2021\/03\/culturetheque-1536x576.jpg 1536w, https:\/\/institutfrancais.ro\/bucuresti\/wp-content\/uploads\/sites\/2\/2021\/03\/culturetheque-2048x769.jpg 2048w\" sizes=\"auto, (max-width: 1024px) 100vw, 1024px\" \/><\/figure><div class=\"wp-block-media-text__content\">\n<p><a href=\"http:\/\/www.culturetheque.com\/\"><strong>Cultureth\u00e8que<\/strong><strong>\u00a0<\/strong><\/a> est la m\u00e9diath\u00e8que num\u00e9rique de l&rsquo;Institut Fran\u00e7ais, accessible depuis votre ordinateur ou depuis votre tablette et t\u00e9l\u00e9phone portable depuis n&rsquo;importe o\u00f9 en Roumanie! Des films, des albums de musique, des magazines, des livres, des bandes dessin\u00e9es et des manuels d&rsquo;auto-apprentissage sont disponibles en ligne.&#013;\n&#013;\n\u00a0<\/p>\n\n\n\n<p>Inscription en ligne sur : <a href=\"http:\/\/www.culturetheque.com\">www.culturetheque.com<\/a> L&rsquo;acc\u00e8s est <strong>gratuit<\/strong> pendant les trois premi\u00e8res semaines.&#013;\n&#013;\nInscrivez-vous \u00e0 la m\u00e9diath\u00e8que et b\u00e9n\u00e9ficiez de l&rsquo;offre Cultureth\u00e8que pendant un an.<\/p>\n<\/div><\/div>\n\n<div class=\"wp-block-media-text alignwide is-stacked-on-mobile\"><figure class=\"wp-block-media-text__media\"><img loading=\"lazy\" decoding=\"async\" width=\"1024\" height=\"384\" src=\"https:\/\/institutfrancais.ro\/bucuresti\/wp-content\/uploads\/sites\/2\/2021\/03\/biblioptcopiiiSite_1680-x-630-12-1024x384.jpg\" alt=\"\" class=\"wp-image-1027 size-full\" srcset=\"https:\/\/institutfrancais.ro\/bucuresti\/wp-content\/uploads\/sites\/2\/2021\/03\/biblioptcopiiiSite_1680-x-630-12-1024x384.jpg 1024w, https:\/\/institutfrancais.ro\/bucuresti\/wp-content\/uploads\/sites\/2\/2021\/03\/biblioptcopiiiSite_1680-x-630-12-300x113.jpg 300w, https:\/\/institutfrancais.ro\/bucuresti\/wp-content\/uploads\/sites\/2\/2021\/03\/biblioptcopiiiSite_1680-x-630-12-768x288.jpg 768w, https:\/\/institutfrancais.ro\/bucuresti\/wp-content\/uploads\/sites\/2\/2021\/03\/biblioptcopiiiSite_1680-x-630-12-1536x576.jpg 1536w, https:\/\/institutfrancais.ro\/bucuresti\/wp-content\/uploads\/sites\/2\/2021\/03\/biblioptcopiiiSite_1680-x-630-12-2048x769.jpg 2048w\" sizes=\"auto, (max-width: 1024px) 100vw, 1024px\" \/><\/figure><div class=\"wp-block-media-text__content\">\n<p><strong><u>La biblioth\u00e8que pour enfants<\/u><\/strong> est un espace agr\u00e9able, destin\u00e9 aux plus jeunes abonn\u00e9s (de 0 \u00e0 12 ans), modernis\u00e9 en 2018, avec un mobilier adapt\u00e9. Diverses collections de documents : livres, livres avec CD, magazines, CD, DVD, jeux de soci\u00e9t\u00e9, renouvel\u00e9es p\u00e9riodiquement.<\/p>\n<\/div><\/div>\n\n<div class=\"wp-block-media-text alignwide is-stacked-on-mobile\"><figure class=\"wp-block-media-text__media\"><img loading=\"lazy\" decoding=\"async\" width=\"1024\" height=\"384\" src=\"https:\/\/institutfrancais.ro\/bucuresti\/wp-content\/uploads\/sites\/2\/2021\/03\/Francoludoteca_Site_1680-x-630-06-1024x384.jpg\" alt=\"\" class=\"wp-image-1029 size-full\" srcset=\"https:\/\/institutfrancais.ro\/bucuresti\/wp-content\/uploads\/sites\/2\/2021\/03\/Francoludoteca_Site_1680-x-630-06-1024x384.jpg 1024w, https:\/\/institutfrancais.ro\/bucuresti\/wp-content\/uploads\/sites\/2\/2021\/03\/Francoludoteca_Site_1680-x-630-06-300x113.jpg 300w, https:\/\/institutfrancais.ro\/bucuresti\/wp-content\/uploads\/sites\/2\/2021\/03\/Francoludoteca_Site_1680-x-630-06-768x288.jpg 768w, https:\/\/institutfrancais.ro\/bucuresti\/wp-content\/uploads\/sites\/2\/2021\/03\/Francoludoteca_Site_1680-x-630-06-1536x577.jpg 1536w, https:\/\/institutfrancais.ro\/bucuresti\/wp-content\/uploads\/sites\/2\/2021\/03\/Francoludoteca_Site_1680-x-630-06-2048x769.jpg 2048w\" sizes=\"auto, (max-width: 1024px) 100vw, 1024px\" \/><\/figure><div class=\"wp-block-media-text__content\">\n<p><strong><u>FrancoLudoteca <\/u><\/strong>vous attend avec des jeux vid\u00e9o et des jeux de soci\u00e9t\u00e9. 2 consoles (PS4 et WiiU) un ordinateur, deux \u00e9crans et 11 mannettes : le jeu en fran\u00e7ais peut commencer. Tu ne parles pas fran\u00e7ais ? Apprends-le en jouant ! Des jeux pour tous les go\u00fbts et pour tous les \u00e2ges !&#013;\n&#013;\nVenez r\u00e9server votre place et jouer (enfants de moins de 10 ans uniquement accompagn\u00e9s des parents) seul ou entre amis, en famille, avec les voisins.<\/p>\n<\/div><\/div>\n\n<div class=\"wp-block-media-text alignwide is-stacked-on-mobile\"><figure class=\"wp-block-media-text__media\"><img loading=\"lazy\" decoding=\"async\" width=\"1024\" height=\"384\" src=\"https:\/\/institutfrancais.ro\/bucuresti\/wp-content\/uploads\/sites\/2\/2021\/03\/carti_electronice_Site_1680-x-630-07-1024x384.jpg\" alt=\"\" class=\"wp-image-1031 size-full\" srcset=\"https:\/\/institutfrancais.ro\/bucuresti\/wp-content\/uploads\/sites\/2\/2021\/03\/carti_electronice_Site_1680-x-630-07-1024x384.jpg 1024w, https:\/\/institutfrancais.ro\/bucuresti\/wp-content\/uploads\/sites\/2\/2021\/03\/carti_electronice_Site_1680-x-630-07-300x113.jpg 300w, https:\/\/institutfrancais.ro\/bucuresti\/wp-content\/uploads\/sites\/2\/2021\/03\/carti_electronice_Site_1680-x-630-07-768x288.jpg 768w, https:\/\/institutfrancais.ro\/bucuresti\/wp-content\/uploads\/sites\/2\/2021\/03\/carti_electronice_Site_1680-x-630-07-1536x577.jpg 1536w, https:\/\/institutfrancais.ro\/bucuresti\/wp-content\/uploads\/sites\/2\/2021\/03\/carti_electronice_Site_1680-x-630-07-2048x769.jpg 2048w\" sizes=\"auto, (max-width: 1024px) 100vw, 1024px\" \/><\/figure><div class=\"wp-block-media-text__content\">\n<p>Empruntez une liseuse et d\u00e9couvrez la lecture num\u00e9rique !&#013;\nLa m\u00e9diath\u00e8que vous permet sur ce support d\u2019acc\u00e9der \u00e0 plus de mille livres d\u2019une centaine d\u2019auteurs concentr\u00e9s dans 200 g de technologie et de confort ! Gr\u00e2ce \u00e0 l\u2019encre num\u00e9rique, la liseuse ne procure pas de fatigue visuelle. Le r\u00e9tro\u00e9clairage pourra cependant \u00eatre activ\u00e9 pour lire dans un environnement sombre.&#013;\n<\/p>\n<\/div><\/div>\n\n<div class=\"wp-block-media-text alignwide is-stacked-on-mobile\"><figure class=\"wp-block-media-text__media\"><img loading=\"lazy\" decoding=\"async\" width=\"1024\" height=\"384\" src=\"https:\/\/institutfrancais.ro\/bucuresti\/wp-content\/uploads\/sites\/2\/2021\/03\/borna_audioSite_1680-x-630-08-1024x384.jpg\" alt=\"\" class=\"wp-image-1033 size-full\" srcset=\"https:\/\/institutfrancais.ro\/bucuresti\/wp-content\/uploads\/sites\/2\/2021\/03\/borna_audioSite_1680-x-630-08-1024x384.jpg 1024w, https:\/\/institutfrancais.ro\/bucuresti\/wp-content\/uploads\/sites\/2\/2021\/03\/borna_audioSite_1680-x-630-08-300x113.jpg 300w, https:\/\/institutfrancais.ro\/bucuresti\/wp-content\/uploads\/sites\/2\/2021\/03\/borna_audioSite_1680-x-630-08-768x288.jpg 768w, https:\/\/institutfrancais.ro\/bucuresti\/wp-content\/uploads\/sites\/2\/2021\/03\/borna_audioSite_1680-x-630-08-1536x576.jpg 1536w, https:\/\/institutfrancais.ro\/bucuresti\/wp-content\/uploads\/sites\/2\/2021\/03\/borna_audioSite_1680-x-630-08-2048x768.jpg 2048w\" sizes=\"auto, (max-width: 1024px) 100vw, 1024px\" \/><\/figure><div class=\"wp-block-media-text__content\">\n<p><strong><u>La borne d\u2019\u00e9coute <\/u><\/strong>vous permet de d\u00e9couvrir et d&rsquo;\u00e9couter la collection musicale de la m\u00e9diath\u00e8que. Tous nos CD sont num\u00e9ris\u00e9s et stock\u00e9s dans ce terminal, organis\u00e9s en trois sections : Musique, Livres audio et Jeunesse. Plus de 1100 albums de musique en tout genre, 170 livres audio et 145 histoires et chansons pour enfants sont d\u00e9j\u00e0 disponibles !<\/p>\n<\/div><\/div>\n","protected":false},"excerpt":{"rendered":"<p>Cultureth\u00e8que\u00a0 est la m\u00e9diath\u00e8que num\u00e9rique de l&rsquo;Institut Fran\u00e7ais, accessible depuis votre ordinateur ou depuis votre tablette et t\u00e9l\u00e9phone portable depuis n&rsquo;importe o\u00f9 en Roumanie! Des films, des albums de musique, des magazines, des livres, des bandes dessin\u00e9es et des manuels d&rsquo;auto-apprentissage sont disponibles en ligne.&#013; &#013; \u00a0 Inscription en ligne sur : www.culturetheque.com L&rsquo;acc\u00e8s est [&hellip;]<\/p>\n","protected":false},"author":4,"featured_media":881,"parent":0,"menu_order":0,"comment_status":"closed","ping_status":"closed","template":"","meta":{"footnotes":""},"class_list":["post-1417","page","type-page","status-publish","has-post-thumbnail","hentry"],"_links":{"self":[{"href":"https:\/\/institutfrancais.ro\/bucuresti\/fr\/wp-json\/wp\/v2\/pages\/1417","targetHints":{"allow":["GET"]}}],"collection":[{"href":"https:\/\/institutfrancais.ro\/bucuresti\/fr\/wp-json\/wp\/v2\/pages"}],"about":[{"href":"https:\/\/institutfrancais.ro\/bucuresti\/fr\/wp-json\/wp\/v2\/types\/page"}],"author":[{"embeddable":true,"href":"https:\/\/institutfrancais.ro\/bucuresti\/fr\/wp-json\/wp\/v2\/users\/4"}],"replies":[{"embeddable":true,"href":"https:\/\/institutfrancais.ro\/bucuresti\/fr\/wp-json\/wp\/v2\/comments?post=1417"}],"version-history":[{"count":1,"href":"https:\/\/institutfrancais.ro\/bucuresti\/fr\/wp-json\/wp\/v2\/pages\/1417\/revisions"}],"predecessor-version":[{"id":1418,"href":"https:\/\/institutfrancais.ro\/bucuresti\/fr\/wp-json\/wp\/v2\/pages\/1417\/revisions\/1418"}],"wp:featuredmedia":[{"embeddable":true,"href":"https:\/\/institutfrancais.ro\/bucuresti\/fr\/wp-json\/wp\/v2\/media\/881"}],"wp:attachment":[{"href":"https:\/\/institutfrancais.ro\/bucuresti\/fr\/wp-json\/wp\/v2\/media?parent=1417"}],"curies":[{"name":"wp","href":"https:\/\/api.w.org\/{rel}","templated":true}]}}