{"id":1419,"date":"2021-04-13T12:40:42","date_gmt":"2021-04-13T12:40:42","guid":{"rendered":"https:\/\/institutfrancais.ro\/bucuresti\/biblio-drive\/"},"modified":"2021-04-13T13:22:19","modified_gmt":"2021-04-13T13:22:19","slug":"biblio-drive","status":"publish","type":"page","link":"https:\/\/institutfrancais.ro\/bucuresti\/fr\/biblio-drive\/","title":{"rendered":"Biblio-drive"},"content":{"rendered":"\n<p class=\"has-pale-cyan-blue-background-color has-background\"><strong>Pendant la p\u00e9riode d&rsquo;alerte sanitaire, vous pourrez rendre et emprunter de nouveaux documents UNIQUEMENT SUR RENDEZ-VOUS gr\u00e2ce \u00e0 notre service biblio drive.<\/strong><\/p>\n\n\n\n<h3 class=\"wp-block-heading\"><strong>Comment \u00e7a marche <\/strong>?<br><\/h3>\n\n\n\n<ol class=\"wp-block-list\" id=\"block-af40d2da-6e72-4852-b87d-acbc1962d37e\"><li>Cherchez les documents que vous souhaitez emprunter dans notre catalogue en ligne, <a href=\"http:\/\/www.carthame.ro\/\">www.carthame.ro<\/a><\/li><li>Envoyez-nous la liste de documents (16 \u2013 carte adulte: 9 livres ou documents multisupport, 4 DVD et 3 CD et 9 \u2013 carte enfant), pr\u00e9cisant titre, auteur et cote, par mail, \u00e0 l\u2019adresse <a href=\"mailto:mediatheque.bucarest@institutfrancais.ro\">mediatheque.bucarest@institutfrancais.ro<\/a>. Le d\u00e9lai de pr\u00eat est 28 jours.<\/li><li>Venez chercher vos documents ou rendre ceux que vous avez emprunt\u00e9s au biblio drive, \u00e0 l\u2019entr\u00e9e de l\u2019Institut fran\u00e7ais, muni.e.s de votre carte d\u2019adh\u00e9rent. Nous vous accueillerons avec le sourire, m\u00eame s\u2019il risque d\u2019\u00eatre peu visible derri\u00e8re le masque.<\/li><\/ol>\n\n\n\n<h3 class=\"wp-block-heading\"><br><strong>O\u00f9 et quand ?<\/strong><\/h3>\n\n\n\n<p>Lundi\u2013jeudi: 10h00\u201313h00 \/ 14h00\u201318h00 <br>Adresse: 77 Bd. Dacia, Bucarest<\/p>\n\n\n\n<h3 class=\"wp-block-heading\">Soyons responsables ensemble !<\/h3>\n\n\n\n<p>Il est obligatoire de porter un masque lorsque vous venez rendre ou emprunter des documents.\n\nPar mesure de s\u00e9curit\u00e9, les documents rendus sont gard\u00e9s dans un espace de stockage pendant 10 jours avant un nouveau pr\u00eat, afin de pr\u00e9venir une \u00e9ventuelle contagion.<\/p>\n\n\n\n<h3 class=\"wp-block-heading\">Ma carte a expir\u00e9\/ Je veux m\u2019inscrire<\/h3>\n\n\n\n<p>Les r\u00e9\/inscriptions sont possibles \u00e0 partir du 15 juin. Le paiement se fera en ligne, sur Eventbook (<a href=\"https:\/\/eventbook.ro\/other\/bilete-permis-de-cititor?lang=ro\">lien<\/a>) ou par virement bancaire. Ecrivez-nous ou appelez-nous pour obtenir nos coordonn\u00e9es bancaires.<\/p>\n\n\n\n<h3 class=\"wp-block-heading\">Et la suite ?<\/h3>\n\n\n\n<p>Nous suivons de pr\u00e8s l\u2019\u00e9volution de la crise sanitaire et les mesures prises par les autorit\u00e9s roumaines. D\u00e8s que la situation le permettra, vous aurez libre acc\u00e8s dans la m\u00e9diath\u00e8que pour chercher vous-m\u00eames vos documents.\nSuivez notre site et nos r\u00e9seaux sociaux, <a href=\"https:\/\/www.facebook.com\/InstitutulFrancez\">Facebook<\/a>, <a href=\"https:\/\/www.instagram.com\/institutulfrancez\/\">Instagram<\/a> et <a href=\"https:\/\/twitter.com\/institutfrancez\">Twitter<\/a>, pour \u00eatre au courant de toutes nos nouveaut\u00e9s.<\/p>\n\n\n\n<h3 class=\"wp-block-heading\"><strong>Contact<\/strong><\/h3>\n\n\n\n<p>\u260e\ufe0f 0374 125 235 <br>\ud83d\udce7 <a href=\"mailto:mediatheque.bucarest@institutfrancais.ro\">mediatheque.bucarest@institutfrancais.ro<\/a><\/p>\n","protected":false},"excerpt":{"rendered":"<p>Pendant la p\u00e9riode d&rsquo;alerte sanitaire, vous pourrez rendre et emprunter de nouveaux documents UNIQUEMENT SUR RENDEZ-VOUS gr\u00e2ce \u00e0 notre service biblio drive. Comment \u00e7a marche ? Cherchez les documents que vous souhaitez emprunter dans notre catalogue en ligne, www.carthame.ro Envoyez-nous la liste de documents (16 \u2013 carte adulte: 9 livres ou documents multisupport, 4 DVD [&hellip;]<\/p>\n","protected":false},"author":4,"featured_media":884,"parent":0,"menu_order":0,"comment_status":"closed","ping_status":"closed","template":"","meta":{"footnotes":""},"class_list":["post-1419","page","type-page","status-publish","has-post-thumbnail","hentry"],"_links":{"self":[{"href":"https:\/\/institutfrancais.ro\/bucuresti\/fr\/wp-json\/wp\/v2\/pages\/1419","targetHints":{"allow":["GET"]}}],"collection":[{"href":"https:\/\/institutfrancais.ro\/bucuresti\/fr\/wp-json\/wp\/v2\/pages"}],"about":[{"href":"https:\/\/institutfrancais.ro\/bucuresti\/fr\/wp-json\/wp\/v2\/types\/page"}],"author":[{"embeddable":true,"href":"https:\/\/institutfrancais.ro\/bucuresti\/fr\/wp-json\/wp\/v2\/users\/4"}],"replies":[{"embeddable":true,"href":"https:\/\/institutfrancais.ro\/bucuresti\/fr\/wp-json\/wp\/v2\/comments?post=1419"}],"version-history":[{"count":10,"href":"https:\/\/institutfrancais.ro\/bucuresti\/fr\/wp-json\/wp\/v2\/pages\/1419\/revisions"}],"predecessor-version":[{"id":1441,"href":"https:\/\/institutfrancais.ro\/bucuresti\/fr\/wp-json\/wp\/v2\/pages\/1419\/revisions\/1441"}],"wp:featuredmedia":[{"embeddable":true,"href":"https:\/\/institutfrancais.ro\/bucuresti\/fr\/wp-json\/wp\/v2\/media\/884"}],"wp:attachment":[{"href":"https:\/\/institutfrancais.ro\/bucuresti\/fr\/wp-json\/wp\/v2\/media?parent=1419"}],"curies":[{"name":"wp","href":"https:\/\/api.w.org\/{rel}","templated":true}]}}