{"id":1483,"date":"2021-04-15T08:46:52","date_gmt":"2021-04-15T08:46:52","guid":{"rendered":"https:\/\/institutfrancais.ro\/bucuresti\/residence-de-poche\/"},"modified":"2026-01-30T12:55:11","modified_gmt":"2026-01-30T12:55:11","slug":"programme-de-residences","status":"publish","type":"page","link":"https:\/\/institutfrancais.ro\/bucuresti\/fr\/programme-de-residences\/","title":{"rendered":"Programme de r\u00e9sidences"},"content":{"rendered":"\n<p>En 2021, l\u2019Institut fran\u00e7ais de Roumanie \u00e0 Bucarest (IFRo) a lanc\u00e9 son programme de r\u00e9sidences avec l\u2019ouverture de la R\u00e9sidence de poche. Attenante \u00e0 la salle de cin\u00e9ma Elvire Popesco, la R\u00e9sidence de poche est un duplex am\u00e9nag\u00e9 qui sert de lieu pour la recherche et l\u2019\u00e9criture de projets artistiques.<\/p>\n\n\n\n<p>Deux ans apr\u00e8s, l\u2019IFRo d\u00e9veloppe un deuxi\u00e8me volet \u2013 la R\u00e9sidence itin\u00e9rante. Mieux adapt\u00e9e aux besoins sp\u00e9cifiques des artistes, la R\u00e9sidence itin\u00e9rante est con\u00e7ue pour faciliter la collection de mat\u00e9riaux cr\u00e9atifs, m\u00e9moriaux et intellectuels sur le territoire roumain. S\u2019appuyant sur le r\u00e9seau des partenariats de l\u2019IFRo en-dehors de Bucarest, la R\u00e9sidence itin\u00e9rante se con\u00e7oit en concertation avec le.la.les candidat.s.es, dans des lieux de r\u00e9sidence d\u00e9j\u00e0 identifi\u00e9s ou \u00e0 d\u00e9couvrir.<\/p>\n\n\n\n<p><a href=\"https:\/\/institutfrancais.ro\/cluj-napoca\/fr\/apel-la-candidatura-2026\/#\/\"><strong>Appel \u00e0 candidatures \u2013 Programme de r\u00e9sidence de recherche artistique en Roumanie 2026<\/strong><\/a><\/p>\n\n\n\n<p><a href=\"https:\/\/institutfrancais.ro\/cluj-napoca\/un-nou-program-de-rezidente-in-romania-pentru-tineri-artisti-absolventi-ai-scolilor-de-arta-franceze\/#\/\">Programme de r\u00e9sidence de recherche en Roumanie 2025<\/a><\/p>\n\n\n\n<p><a href=\"https:\/\/institutfrancais.ro\/bucuresti\/category\/rezidenti-rezidenta-de-buzunar\/rezidenti-2023\/#\/\" data-type=\"URL\" data-id=\"https:\/\/institutfrancais.ro\/bucuresti\/category\/rezidenti-rezidenta-de-buzunar\/\">Reziden\u021bi <\/a>|<a href=\"https:\/\/institutfrancais.ro\/bucuresti\/programul-de-rezidente\/concurs-de-proiecte-2023-finalizat\/#\/\" data-type=\"URL\" data-id=\"https:\/\/institutfrancais.ro\/bucuresti\/concurs-de-proiecte-2021-finalizat\/\"> Concurs de proiecte 2023 (finalizat)<\/a><\/p>\n\n\n\n<p><a href=\"https:\/\/institutfrancais.ro\/bucuresti\/category\/rezidenti-rezidenta-de-buzunar\/rezidenti-2021\/#\/\" data-type=\"URL\" data-id=\"https:\/\/institutfrancais.ro\/bucuresti\/category\/rezidenti-rezidenta-de-buzunar\/\">Reziden\u021bi <\/a>|<a href=\"https:\/\/institutfrancais.ro\/bucuresti\/programul-de-rezidente\/rezidenta-de-buzunar-concurs-de-proiecte-2021\/#\/\" data-type=\"URL\" data-id=\"https:\/\/institutfrancais.ro\/bucuresti\/concurs-de-proiecte-2021-finalizat\/\"> Concurs de proiecte 2021 (finalizat)<\/a><\/p>\n","protected":false},"excerpt":{"rendered":"<p>En 2021, l\u2019Institut fran\u00e7ais de Roumanie \u00e0 Bucarest (IFRo) a lanc\u00e9 son programme de r\u00e9sidences avec l\u2019ouverture de la R\u00e9sidence de poche. Attenante \u00e0 la salle de cin\u00e9ma Elvire Popesco, la R\u00e9sidence de poche est un duplex am\u00e9nag\u00e9 qui sert de lieu pour la recherche et l\u2019\u00e9criture de projets artistiques. Deux ans apr\u00e8s, l\u2019IFRo d\u00e9veloppe [&hellip;]<\/p>\n","protected":false},"author":1,"featured_media":6360,"parent":0,"menu_order":0,"comment_status":"closed","ping_status":"closed","template":"","meta":{"footnotes":""},"class_list":["post-1483","page","type-page","status-publish","has-post-thumbnail","hentry"],"_links":{"self":[{"href":"https:\/\/institutfrancais.ro\/bucuresti\/fr\/wp-json\/wp\/v2\/pages\/1483","targetHints":{"allow":["GET"]}}],"collection":[{"href":"https:\/\/institutfrancais.ro\/bucuresti\/fr\/wp-json\/wp\/v2\/pages"}],"about":[{"href":"https:\/\/institutfrancais.ro\/bucuresti\/fr\/wp-json\/wp\/v2\/types\/page"}],"author":[{"embeddable":true,"href":"https:\/\/institutfrancais.ro\/bucuresti\/fr\/wp-json\/wp\/v2\/users\/1"}],"replies":[{"embeddable":true,"href":"https:\/\/institutfrancais.ro\/bucuresti\/fr\/wp-json\/wp\/v2\/comments?post=1483"}],"version-history":[{"count":4,"href":"https:\/\/institutfrancais.ro\/bucuresti\/fr\/wp-json\/wp\/v2\/pages\/1483\/revisions"}],"predecessor-version":[{"id":12041,"href":"https:\/\/institutfrancais.ro\/bucuresti\/fr\/wp-json\/wp\/v2\/pages\/1483\/revisions\/12041"}],"wp:featuredmedia":[{"embeddable":true,"href":"https:\/\/institutfrancais.ro\/bucuresti\/fr\/wp-json\/wp\/v2\/media\/6360"}],"wp:attachment":[{"href":"https:\/\/institutfrancais.ro\/bucuresti\/fr\/wp-json\/wp\/v2\/media?parent=1483"}],"curies":[{"name":"wp","href":"https:\/\/api.w.org\/{rel}","templated":true}]}}