{"id":1485,"date":"2021-04-15T08:48:07","date_gmt":"2021-04-15T08:48:07","guid":{"rendered":"https:\/\/institutfrancais.ro\/bucuresti\/residence-de-poche\/concours-de-projets-2021-fini\/"},"modified":"2023-04-07T11:57:36","modified_gmt":"2023-04-07T11:57:36","slug":"concours-de-projets-2021-fini","status":"publish","type":"page","link":"https:\/\/institutfrancais.ro\/bucuresti\/fr\/programme-de-residences\/concours-de-projets-2021-fini\/","title":{"rendered":"Appel \u00e0 projets 2021 (clos)"},"content":{"rendered":"\n<p><strong>L&rsquo;appel \u00e0 projets pour le programme de r\u00e9sidences<\/strong> entre mars et d\u00e9cembre 2021 est clos.<\/p>\n\n\n\n<ul class=\"wp-block-list\"><li><a href=\"https:\/\/drive.google.com\/file\/d\/1PdzAyxf4pUuSHdiFcEvIjzZYb307qeK4\/view?usp=sharing\" data-type=\"URL\" data-id=\"https:\/\/drive.google.com\/file\/d\/1PdzAyxf4pUuSHdiFcEvIjzZYb307qeK4\/view?usp=sharing\">Regulament 2021<\/a><\/li><li><a href=\"https:\/\/drive.google.com\/file\/d\/1lkmwxJl3j06_IGpsCq00bRwKzTgaor86\/view?usp=sharing\" data-type=\"URL\" data-id=\"https:\/\/drive.google.com\/file\/d\/1lkmwxJl3j06_IGpsCq00bRwKzTgaor86\/view?usp=sharing\">Formular de candidatur\u0103 2021<\/a><\/li><li><a href=\"https:\/\/drive.google.com\/file\/d\/1ika1PHM_a-O8e7X5DXqa6elCuB-7e8zj\/view?usp=sharing\" data-type=\"URL\" data-id=\"https:\/\/drive.google.com\/file\/d\/1ika1PHM_a-O8e7X5DXqa6elCuB-7e8zj\/view?usp=sharing\">Rezultate 2021<\/a><\/li><\/ul>\n\n\n\n<p><\/p>\n","protected":false},"excerpt":{"rendered":"<p>L&rsquo;appel \u00e0 projets pour le programme de r\u00e9sidences entre mars et d\u00e9cembre 2021 est clos. Regulament 2021 Formular de candidatur\u0103 2021 Rezultate 2021<\/p>\n","protected":false},"author":4,"featured_media":6462,"parent":1483,"menu_order":0,"comment_status":"closed","ping_status":"closed","template":"","meta":{"footnotes":""},"class_list":["post-1485","page","type-page","status-publish","has-post-thumbnail","hentry"],"_links":{"self":[{"href":"https:\/\/institutfrancais.ro\/bucuresti\/fr\/wp-json\/wp\/v2\/pages\/1485","targetHints":{"allow":["GET"]}}],"collection":[{"href":"https:\/\/institutfrancais.ro\/bucuresti\/fr\/wp-json\/wp\/v2\/pages"}],"about":[{"href":"https:\/\/institutfrancais.ro\/bucuresti\/fr\/wp-json\/wp\/v2\/types\/page"}],"author":[{"embeddable":true,"href":"https:\/\/institutfrancais.ro\/bucuresti\/fr\/wp-json\/wp\/v2\/users\/4"}],"replies":[{"embeddable":true,"href":"https:\/\/institutfrancais.ro\/bucuresti\/fr\/wp-json\/wp\/v2\/comments?post=1485"}],"version-history":[{"count":2,"href":"https:\/\/institutfrancais.ro\/bucuresti\/fr\/wp-json\/wp\/v2\/pages\/1485\/revisions"}],"predecessor-version":[{"id":6487,"href":"https:\/\/institutfrancais.ro\/bucuresti\/fr\/wp-json\/wp\/v2\/pages\/1485\/revisions\/6487"}],"up":[{"embeddable":true,"href":"https:\/\/institutfrancais.ro\/bucuresti\/fr\/wp-json\/wp\/v2\/pages\/1483"}],"wp:featuredmedia":[{"embeddable":true,"href":"https:\/\/institutfrancais.ro\/bucuresti\/fr\/wp-json\/wp\/v2\/media\/6462"}],"wp:attachment":[{"href":"https:\/\/institutfrancais.ro\/bucuresti\/fr\/wp-json\/wp\/v2\/media?parent=1485"}],"curies":[{"name":"wp","href":"https:\/\/api.w.org\/{rel}","templated":true}]}}