{"id":3218,"date":"2022-01-04T14:09:00","date_gmt":"2022-01-04T14:09:00","guid":{"rendered":"https:\/\/institutfrancais.ro\/bucuresti\/formations\/"},"modified":"2025-05-16T13:23:44","modified_gmt":"2025-05-16T13:23:44","slug":"formations","status":"publish","type":"page","link":"https:\/\/institutfrancais.ro\/bucuresti\/fr\/formations\/","title":{"rendered":"Formations pour les entreprises et institutions"},"content":{"rendered":"\n<p><strong><em>Le fran\u00e7ais, un levier de croissance pour votre entreprise<\/em><\/strong><\/p>\n\n\n\n<p><strong>Formations sur-mesure | Certifications reconnues | Expertise francophone locale<\/strong><\/p>\n\n\n\n<p><strong>Une r\u00e9ponse concr\u00e8te et adapt\u00e9e \u00e0 vos besoins<\/strong><strong><\/strong><\/p>\n\n\n\n<p>Nous concevons des <strong>parcours de formation personnalis\u00e9s<\/strong>, en fonction de votre secteur d\u2019activit\u00e9, des niveaux de vos collaborateurs, de vos enjeux linguistiques et professionnels.<\/p>\n\n\n\n<ul class=\"wp-block-list\">\n<li><strong>Une vari\u00e9t\u00e9 de formations<\/strong>&nbsp;: langue fran\u00e7aise, langue roumaine, le fran\u00e7ais en situation professionnelle (fran\u00e7ais des affaires, sant\u00e9, tourisme, juridique), l\u2019interaction et la mod\u00e9ration en fran\u00e7ais, l\u2019interculturalit\u00e9<\/li>\n\n\n\n<li>Une capacit\u00e9 \u00e0 proposer <strong>des formations sur-mesure<\/strong>&nbsp;: nos \u00e9quipes p\u00e9dagogiques sont form\u00e9es en ing\u00e9nierie de la formation afin de cr\u00e9er les programmes de formation r\u00e9pondant pr\u00e9cis\u00e9ment aux attentes du client<\/li>\n\n\n\n<li><strong>Des formateurs experts<\/strong> dans leurs domaines&nbsp;: de nationalit\u00e9 fran\u00e7aise ou roumaine, nos formateurs sont des p\u00e9dagogues form\u00e9s dans la transmission des langues \u00e9trang\u00e8res et dans l\u2019animation d\u2019ateliers dans tous les domaines professionnels<\/li>\n\n\n\n<li><strong>Des certifications officielles&nbsp;<\/strong>de langue fran\u00e7aise : chaque formation de fran\u00e7ais peut \u00eatre certifiante afin de renforcer la motivation et de d\u00e9livrer un dipl\u00f4me aux apprenants<\/li>\n\n\n\n<li><strong>Une ouverture sur le monde francophone<\/strong>&nbsp;: avec nos m\u00e9diath\u00e8ques, notre cin\u00e9ma, nos partenariats dans les milieux culturels, \u00e9ducatifs, universitaires et professionnels, nous vous ouvre les portes de la francophonie.<\/li>\n<\/ul>\n\n\n\n<p><strong>Notre m\u00e9thode : 6 \u00e9tapes pour une formation efficace<\/strong><\/p>\n\n\n\n<p>1-<strong>Compr\u00e9hension de votre culture d\u2019entreprise et de vos objectifs de formation<\/strong><br>2-<strong>\u00c9tat des lieux et analyse des besoins linguistiques<\/strong> (tests, entretiens, observation terrain)<br>3-<strong>Conception du programme p\u00e9dagogique personnalis\u00e9<\/strong><br>4-<strong>Mise en \u0153uvre de la formation<\/strong> (pr\u00e9sentiel, distanciel, ou mixte)<br>5-<strong>Bilan individuel d\u00e9taill\u00e9 par collaborateur<\/strong><br>6-<strong>Suivi et accompagnement \u00e0 long terme<\/strong><\/p>\n\n\n\n<ol start=\"1\" class=\"wp-block-list\"><\/ol>\n\n\n\n<p><strong>Certifications &amp; reconnaissance officielle<\/strong><\/p>\n\n\n\n<p>Une reconnaissance internationale de vos comp\u00e9tences en fran\u00e7ais<\/p>\n\n\n\n<ul class=\"wp-block-list\">\n<li><strong>Certifications officielles<\/strong> :\n<ul class=\"wp-block-list\">\n<li>DELF \/ DALF (Minist\u00e8re fran\u00e7ais de l\u2019\u00c9ducation nationale)<\/li>\n\n\n\n<li>DFP (affaires, tourisme, sant\u00e9, relations internationales)<\/li>\n\n\n\n<li>TEF (Test d&rsquo;\u00c9valuation de Fran\u00e7ais)<\/li>\n<\/ul>\n<\/li>\n\n\n\n<li><strong>Pr\u00e9paration cibl\u00e9e aux examens<\/strong> int\u00e9gr\u00e9e aux parcours de formation<\/li>\n<\/ul>\n\n\n\n<p>Certifications reconnues dans plus de 170 pays \u2013 validit\u00e9 illimit\u00e9e.<\/p>\n\n\n\n<p><strong>Pourquoi choisir l\u2019Institut fran\u00e7ais de Roumanie ?<\/strong><strong><\/strong><\/p>\n\n\n\n<ul class=\"wp-block-list\">\n<li>&nbsp;<strong>+100 ann\u00e9es d&rsquo;existence en Roumanie et une exp\u00e9rience solide en formation linguistique pour entreprise<\/strong><\/li>\n\n\n\n<li>&nbsp;<strong>Formateurs experts<\/strong>, p\u00e9dagogues dipl\u00f4m\u00e9s, natifs ou francophones (+ de 120 professeurs)<\/li>\n\n\n\n<li>&nbsp;<strong>Approche pragmatique et communicative<\/strong>, centr\u00e9e sur la r\u00e9alit\u00e9 professionnelle<\/li>\n\n\n\n<li>&nbsp;<strong>Accompagnement sur le long terme<\/strong> avec \u00e9valuations r\u00e9guli\u00e8res<\/li>\n\n\n\n<li>&nbsp;<strong>Ancrage francophone<\/strong> via nos m\u00e9diath\u00e8ques, \u00e9v\u00e9nements, partenariats<\/li>\n\n\n\n<li>&nbsp;<strong>Membre du r\u00e9seau CCIFER et partenaire d\u2019affaires avec les 4000 entreprises fran\u00e7aise en Roumanie<\/strong><\/li>\n<\/ul>\n\n\n\n<p><strong>Contact &amp; demande de devis<\/strong><strong><\/strong><\/p>\n\n\n\n<p>Vous avez un projet de formation ? Parlons-en.<br><a href=\"https:\/\/docs.google.com\/forms\/d\/e\/1FAIpQLSc8ou4IDZ28rOY8A7Nactn0E8HrqT_hJdUfGHqEC0l25253XQ\/viewform\">CLIQUEZ<\/a> et remplissez le formulaire avec vos donn\u00e9es. <br>Merci, vous serez contact\u00e9 prochainement.<\/p>\n\n\n\n<figure class=\"wp-block-table is-style-stripes\"><table><tbody><tr><td class=\"has-text-align-right\" data-align=\"right\"><a href=\"https:\/\/www.ccifer.ro\/actualites\/n\/news\/lifr-institut-francais-de-roumanie-leader-dans-lenseignement-du-francais-en-roumanie-1.html\" data-type=\"URL\" data-id=\"https:\/\/www.ccifer.ro\/actualites\/n\/news\/lifr-institut-francais-de-roumanie-leader-dans-lenseignement-du-francais-en-roumanie-1.html\"><img decoding=\"async\" src=\"https:\/\/institutfrancais.ro\/bucuresti\/wp-content\/uploads\/sites\/2\/2021\/09\/CCIFER_25ani_logo_color_fr.png\" alt=\"\" style=\"width: 200px\"><\/a><\/td><td class=\"has-text-align-left\" data-align=\"left\"><a href=\"https:\/\/www.ccifer.ro\/actualites\/n\/news\/lifr-institut-francais-de-roumanie-leader-dans-lenseignement-du-francais-en-roumanie-1.html\">ccifer.ro\/actualit\u00e9s<\/a><\/td><\/tr><\/tbody><\/table><\/figure>\n\n\n\n<p><\/p>\n\n\n\n<p><\/p>\n\n\n\n<p><\/p>\n","protected":false},"excerpt":{"rendered":"<p>Le fran\u00e7ais, un levier de croissance pour votre entreprise Formations sur-mesure | Certifications reconnues | Expertise francophone locale Une r\u00e9ponse concr\u00e8te et adapt\u00e9e \u00e0 vos besoins Nous concevons des parcours de formation personnalis\u00e9s, en fonction de votre secteur d\u2019activit\u00e9, des niveaux de vos collaborateurs, de vos enjeux linguistiques et professionnels. Notre m\u00e9thode : 6 \u00e9tapes [&hellip;]<\/p>\n","protected":false},"author":15,"featured_media":11179,"parent":0,"menu_order":0,"comment_status":"closed","ping_status":"closed","template":"","meta":{"footnotes":""},"class_list":["post-3218","page","type-page","status-publish","has-post-thumbnail","hentry"],"_links":{"self":[{"href":"https:\/\/institutfrancais.ro\/bucuresti\/fr\/wp-json\/wp\/v2\/pages\/3218","targetHints":{"allow":["GET"]}}],"collection":[{"href":"https:\/\/institutfrancais.ro\/bucuresti\/fr\/wp-json\/wp\/v2\/pages"}],"about":[{"href":"https:\/\/institutfrancais.ro\/bucuresti\/fr\/wp-json\/wp\/v2\/types\/page"}],"author":[{"embeddable":true,"href":"https:\/\/institutfrancais.ro\/bucuresti\/fr\/wp-json\/wp\/v2\/users\/15"}],"replies":[{"embeddable":true,"href":"https:\/\/institutfrancais.ro\/bucuresti\/fr\/wp-json\/wp\/v2\/comments?post=3218"}],"version-history":[{"count":17,"href":"https:\/\/institutfrancais.ro\/bucuresti\/fr\/wp-json\/wp\/v2\/pages\/3218\/revisions"}],"predecessor-version":[{"id":11242,"href":"https:\/\/institutfrancais.ro\/bucuresti\/fr\/wp-json\/wp\/v2\/pages\/3218\/revisions\/11242"}],"wp:featuredmedia":[{"embeddable":true,"href":"https:\/\/institutfrancais.ro\/bucuresti\/fr\/wp-json\/wp\/v2\/media\/11179"}],"wp:attachment":[{"href":"https:\/\/institutfrancais.ro\/bucuresti\/fr\/wp-json\/wp\/v2\/media?parent=3218"}],"curies":[{"name":"wp","href":"https:\/\/api.w.org\/{rel}","templated":true}]}}