{"id":3880,"date":"2022-03-21T16:41:44","date_gmt":"2022-03-21T16:41:44","guid":{"rendered":"https:\/\/institutfrancais.ro\/bucuresti\/culture\/martie-luna-francofoniei\/"},"modified":"2022-03-23T15:42:10","modified_gmt":"2022-03-23T15:42:10","slug":"martie-luna-francofoniei","status":"publish","type":"page","link":"https:\/\/institutfrancais.ro\/bucuresti\/fr\/martie-luna-francofoniei\/","title":{"rendered":"Martie, Luna Francofoniei"},"content":{"rendered":"\n<p>Odat\u0103 cu izbucnirea unui r\u0103zboi \u00een inima Europei, apartenen\u021ba comun\u0103 a Rom\u00e2niei \u0219i a Fran\u021bei la lumea francofon\u0103 cap\u0103t\u0103 \u0219i mai mult sens. \u00cen aceast\u0103 perioad\u0103 dificil\u0103, dorim s\u0103 ne reafirm\u0103m sprijinul \u0219i solidaritatea cu poporul ucrainean. Acum, este mai important ca niciodat\u0103 s\u0103 punem \u00een centrul ac\u021biunilor noastre spiritul unei francofonii a fraternit\u0103\u021bii, a solidarit\u0103\u021bii \u0219i a sprijinului reciproc.<br><br>\u00cen luna martie, pe cinci continente, s\u0103rb\u0103torim, \u201eacest umanism integral care se \u021bese \u00een jurul lumii\u201d, precum definea L\u00e9opold S\u00e9dar Senghor conceptul de francofonie. O lun\u0103 dedicat\u0103 promov\u0103rii valorilor noastre comune: diversitatea cultural\u0103 \u0219i toleran\u021ba, accesul ne\u00eengr\u0103dit la educa\u021bie \u0219i drepturile omului, libertatea de exprimare \u0219i democra\u021bia, dezvoltarea durabil\u0103 \u0219i pacea. <br><br>Institutul Francez din Rom\u00e2nia propune un program bogat \u0219i divers, adaptat publicului nostru din toat\u0103 \u021bara: copii \u0219i adolescen\u021bi, profesori \u0219i scriitori, arti\u0219ti \u0219i regizori, fo\u0219ti bursieri \u0219i cadre universitare. Un program care \u00eei aduce \u00eempreun\u0103 pe cei care \u00eemp\u0103rt\u0103\u0219esc dragostea comun\u0103 pentru limba francez\u0103.<br><br>R\u0103m\u00e2nem \u00eempreun\u0103, ne implic\u0103m, suntem solidari!<\/p>\n\n\n\n<p><\/p>\n\n\n\n<p><\/p>\n\n\n\n<p><\/p>\n\n\n\n<p>#IFRo #francophonie #20mars #ensemble #solidarit\u00e9<\/p>\n\n\n\n<p><\/p>\n","protected":false},"excerpt":{"rendered":"<p>Odat\u0103 cu izbucnirea unui r\u0103zboi \u00een inima Europei, apartenen\u021ba comun\u0103 a Rom\u00e2niei \u0219i a Fran\u021bei la lumea francofon\u0103 cap\u0103t\u0103 \u0219i mai mult sens. \u00cen aceast\u0103 perioad\u0103 dificil\u0103, dorim s\u0103 ne reafirm\u0103m sprijinul \u0219i solidaritatea cu poporul ucrainean. Acum, este mai important ca niciodat\u0103 s\u0103 punem \u00een centrul ac\u021biunilor noastre spiritul unei francofonii a fraternit\u0103\u021bii, a [&hellip;]<\/p>\n","protected":false},"author":3,"featured_media":3875,"parent":0,"menu_order":0,"comment_status":"closed","ping_status":"closed","template":"","meta":{"footnotes":""},"class_list":["post-3880","page","type-page","status-publish","has-post-thumbnail","hentry"],"_links":{"self":[{"href":"https:\/\/institutfrancais.ro\/bucuresti\/fr\/wp-json\/wp\/v2\/pages\/3880","targetHints":{"allow":["GET"]}}],"collection":[{"href":"https:\/\/institutfrancais.ro\/bucuresti\/fr\/wp-json\/wp\/v2\/pages"}],"about":[{"href":"https:\/\/institutfrancais.ro\/bucuresti\/fr\/wp-json\/wp\/v2\/types\/page"}],"author":[{"embeddable":true,"href":"https:\/\/institutfrancais.ro\/bucuresti\/fr\/wp-json\/wp\/v2\/users\/3"}],"replies":[{"embeddable":true,"href":"https:\/\/institutfrancais.ro\/bucuresti\/fr\/wp-json\/wp\/v2\/comments?post=3880"}],"version-history":[{"count":3,"href":"https:\/\/institutfrancais.ro\/bucuresti\/fr\/wp-json\/wp\/v2\/pages\/3880\/revisions"}],"predecessor-version":[{"id":3904,"href":"https:\/\/institutfrancais.ro\/bucuresti\/fr\/wp-json\/wp\/v2\/pages\/3880\/revisions\/3904"}],"wp:featuredmedia":[{"embeddable":true,"href":"https:\/\/institutfrancais.ro\/bucuresti\/fr\/wp-json\/wp\/v2\/media\/3875"}],"wp:attachment":[{"href":"https:\/\/institutfrancais.ro\/bucuresti\/fr\/wp-json\/wp\/v2\/media?parent=3880"}],"curies":[{"name":"wp","href":"https:\/\/api.w.org\/{rel}","templated":true}]}}