{"id":5173,"date":"2022-10-07T13:44:58","date_gmt":"2022-10-07T13:44:58","guid":{"rendered":"https:\/\/institutfrancais.ro\/bucuresti\/cursuri-de-limba-romana\/"},"modified":"2025-08-27T09:13:40","modified_gmt":"2025-08-27T09:13:40","slug":"cours-de-roumain","status":"publish","type":"page","link":"https:\/\/institutfrancais.ro\/bucuresti\/fr\/cours-de-roumain\/","title":{"rendered":"Cours de roumain"},"content":{"rendered":"\n<p id=\"block-e498fd76-7d83-4d0a-9f2c-d5620451a6a6\">Comprendre et se faire comprendre rapidement est essentiel lorsqu&rsquo;on s&rsquo;installe dans un pays \u00e9tranger. Dispens\u00e9s par des formateurs natifs et francophones, nos cours de roumain privil\u00e9gient la pratique et accordent une place importante \u00e0 \u00ab\u00a0la langue roumaine de tous les jours\u00a0\u00bb.<\/p>\n\n\n\n<p id=\"block-acdf963c-e4d4-4ec6-a351-a02bd08207b9\">L\u2019Institut fran\u00e7ais de Roumanie propose les formules suivantes :<\/p>\n\n\n\n<p id=\"block-d46f1bdf-4258-49ef-8d65-ce3ca6cee17a\">\u2013 cours individuels<\/p>\n\n\n\n<p id=\"block-07950600-05b9-4d69-a207-00c5f375f1ff\">\u2013 cours en petits groupes<\/p>\n\n\n\n<p id=\"block-ef2be4ff-d0b1-429a-b2ce-5e974010660b\">\u2013 cours en entreprise<\/p>\n\n\n\n<p id=\"block-5853eacc-b4c1-4f65-9a26-853cc1ec7f2f\">\u2013 sessions extensives de 30 heures.<\/p>\n\n\n\n<p>Pour recevoir une offre personnalis\u00e9e, veuillez \u00e9crire \u00e0 <a href=\"mailto:inscri@institutfrancais.ro\">inscri@institutfrancais.ro<\/a>.<\/p>\n\n\n\n<p>Les \u00e9tudiants inscrits dans une universit\u00e9 peuvent b\u00e9n\u00e9ficier d&rsquo;une r\u00e9duction pour certaines formules en pr\u00e9sentant leur carte d&rsquo;\u00e9tudiant en cours de validit\u00e9.<\/p>\n\n\n\n<p><\/p>\n","protected":false},"excerpt":{"rendered":"<p>Comprendre et se faire comprendre rapidement est essentiel lorsqu&rsquo;on s&rsquo;installe dans un pays \u00e9tranger. Dispens\u00e9s par des formateurs natifs et francophones, nos cours de roumain privil\u00e9gient la pratique et accordent une place importante \u00e0 \u00ab\u00a0la langue roumaine de tous les jours\u00a0\u00bb. L\u2019Institut fran\u00e7ais de Roumanie propose les formules suivantes : \u2013 cours individuels \u2013 cours [&hellip;]<\/p>\n","protected":false},"author":15,"featured_media":5051,"parent":0,"menu_order":0,"comment_status":"closed","ping_status":"closed","template":"","meta":{"footnotes":""},"class_list":["post-5173","page","type-page","status-publish","has-post-thumbnail","hentry"],"_links":{"self":[{"href":"https:\/\/institutfrancais.ro\/bucuresti\/fr\/wp-json\/wp\/v2\/pages\/5173","targetHints":{"allow":["GET"]}}],"collection":[{"href":"https:\/\/institutfrancais.ro\/bucuresti\/fr\/wp-json\/wp\/v2\/pages"}],"about":[{"href":"https:\/\/institutfrancais.ro\/bucuresti\/fr\/wp-json\/wp\/v2\/types\/page"}],"author":[{"embeddable":true,"href":"https:\/\/institutfrancais.ro\/bucuresti\/fr\/wp-json\/wp\/v2\/users\/15"}],"replies":[{"embeddable":true,"href":"https:\/\/institutfrancais.ro\/bucuresti\/fr\/wp-json\/wp\/v2\/comments?post=5173"}],"version-history":[{"count":25,"href":"https:\/\/institutfrancais.ro\/bucuresti\/fr\/wp-json\/wp\/v2\/pages\/5173\/revisions"}],"predecessor-version":[{"id":11532,"href":"https:\/\/institutfrancais.ro\/bucuresti\/fr\/wp-json\/wp\/v2\/pages\/5173\/revisions\/11532"}],"wp:featuredmedia":[{"embeddable":true,"href":"https:\/\/institutfrancais.ro\/bucuresti\/fr\/wp-json\/wp\/v2\/media\/5051"}],"wp:attachment":[{"href":"https:\/\/institutfrancais.ro\/bucuresti\/fr\/wp-json\/wp\/v2\/media?parent=5173"}],"curies":[{"name":"wp","href":"https:\/\/api.w.org\/{rel}","templated":true}]}}