{"id":8370,"date":"2024-02-12T12:10:56","date_gmt":"2024-02-12T12:10:56","guid":{"rendered":"https:\/\/institutfrancais.ro\/bucuresti\/bourses-france-excellence-roumanie-bourses-du-gouvernement-francais\/"},"modified":"2025-12-10T09:16:15","modified_gmt":"2025-12-10T09:16:15","slug":"bourses-france-excellence-roumanie-bourses-du-gouvernement-francais","status":"publish","type":"page","link":"https:\/\/institutfrancais.ro\/bucuresti\/fr\/bourses-france-excellence-roumanie-bourses-du-gouvernement-francais\/","title":{"rendered":"BOURSES FRANCE EXCELLENCE ROUMANIE (Bourses du Gouvernement Fran\u00e7ais)"},"content":{"rendered":"\n<p>Le programme de&nbsp;<strong>France Excellence Roumanie<\/strong>&nbsp;s\u2019adresse aux candidats roumains. Chaque ann\u00e9e l\u2019<strong>Ambassade de France en Roumanie<\/strong>&nbsp;et l\u2019<strong>Institut fran\u00e7ais de Roumanie<\/strong>&nbsp;lancent un appel national pour l\u2019obtention des bourses du France Excellence Roumanie (anciennement Bourses du Gouvernement Fran\u00e7ais) pour les niveaux Master, Doctorat et Post-Doctorat.<\/p>\n\n\n\n<h2 class=\"wp-block-heading\"><strong>MASTER<\/strong><\/h2>\n\n\n\n<p>Chaque ann\u00e9e, l\u2019Ambassade de France en Roumanie et l\u2019Institut fran\u00e7ais de Roumanie lancent un appel \u00e0 candidatures \u00e0 destination des \u00e9tudiants roumains qui souhaitent poursuivre leurs \u00e9tudes en France. Cet appel est ouvert aux candidats de niveau&nbsp;<strong>Master&nbsp;<\/strong>jusqu\u2019au&nbsp;<strong>6 mars 2026<\/strong>.<\/p>\n\n\n\n<h4 class=\"wp-block-heading\"><strong>Avantages de la bourse du Gouvernement fran\u00e7ais de niveau Master<\/strong><\/h4>\n\n\n\n<ul class=\"wp-block-list\">\n<li>Une allocation mensuelle de 860\u20ac\/mois*<\/li>\n\n\n\n<li>La prise en charge de la couverture sociale et de la responsabilit\u00e9 civile<\/li>\n\n\n\n<li>La possibilit\u00e9 d\u2019un acc\u00e8s au logement en r\u00e9sidence universitaire, sous r\u00e9serve des places disponibles<\/li>\n\n\n\n<li>Un accueil et suivi durant le s\u00e9jour d\u2019\u00e9tudes par Campus France<br>*en fonction des param\u00e8tres et du budget annuel allou\u00e9 aux bourses<\/li>\n<\/ul>\n\n\n\n<p><strong>NB : La dur\u00e9e de la bourse gouvernementale de niveau Master est de 10 mois.<\/strong><\/p>\n\n\n\n<h4 class=\"wp-block-heading\"><strong>Conditions d\u2019\u00e9ligibilit\u00e9<\/strong><\/h4>\n\n\n\n<ul class=\"wp-block-list\">\n<li>Avoir la nationalit\u00e9 roumaine (la bourse n\u2019est pas ouverte aux candidats ayant la double nationalit\u00e9 fran\u00e7aise)<\/li>\n\n\n\n<li>Avoir valid\u00e9 trois ou quatre ann\u00e9es d\u2019\u00e9tudes sup\u00e9rieures (niveau Licence ou Master 1) ou \u00eatre actuellement inscrit en troisi\u00e8me ann\u00e9e de Licence ou Master 1.<\/li>\n\n\n\n<li>Avoir envoy\u00e9 une candidature \u00e0 une ou plusieurs universit\u00e9s fran\u00e7aises de son choix. La preuve d\u2019un premier contact avec un responsable de master en France sera fortement appr\u00e9ci\u00e9e (\u00e9change de&nbsp;mails etc)<\/li>\n<\/ul>\n\n\n\n<p><strong>L\u2019Ambassade de France n\u2019intervient en aucun cas dans la recherche de formation pour les candidats.<\/strong><\/p>\n\n\n\n<p><strong>Comment postuler ?<\/strong><\/p>\n\n\n\n<p>Chaque candidat doit constituer un dossier contenant les pi\u00e8ces suivantes&nbsp;:<\/p>\n\n\n\n<ul class=\"wp-block-list\">\n<li>Le formulaire de candidature d\u00fbment rempli et sign\u00e9, que vous pouvez t\u00e9l\u00e9charger ci-dessous :<\/li>\n<\/ul>\n\n\n\n<div class=\"wp-block-file\"><a id=\"wp-block-file--media-315f24fc-ed4b-4b5c-aa1b-49e212688c1b\" href=\"https:\/\/institutfrancais.ro\/bucuresti\/wp-content\/uploads\/sites\/2\/2025\/12\/Fiche-de-renseignements_Master_2026-1.doc\">Fiche-de-renseignements_Master_2026<\/a><a href=\"https:\/\/institutfrancais.ro\/bucuresti\/wp-content\/uploads\/sites\/2\/2025\/12\/Fiche-de-renseignements_Master_2026-1.doc\" class=\"wp-block-file__button wp-element-button\" download aria-describedby=\"wp-block-file--media-315f24fc-ed4b-4b5c-aa1b-49e212688c1b\">Descarc\u0103<\/a><\/div>\n\n\n\n<ul class=\"wp-block-list\">\n<li>Une copie d\u2019une pi\u00e8ce d\u2019identit\u00e9 (passeport ou carte d\u2019identit\u00e9)<\/li>\n\n\n\n<li>Une lettre de motivation en fran\u00e7ais (pr\u00e9sentation du projet d\u2019\u00e9tudes)<\/li>\n\n\n\n<li>Un curriculum vitae en fran\u00e7ais<\/li>\n\n\n\n<li>Une lettre de recommandation (facultative)<\/li>\n\n\n\n<li>Une copie du dipl\u00f4me du baccalaur\u00e9at<\/li>\n\n\n\n<li>Des copies des dipl\u00f4mes acad\u00e9miques obtenus (en absence du dipl\u00f4me, une attestation d\u2019obtention de l\u2019universit\u00e9 sera accept\u00e9e)<\/li>\n\n\n\n<li>Une copie des relev\u00e9s de notes depuis la premi\u00e8re ann\u00e9e de Licence<\/li>\n\n\n\n<li>Un test ou un dipl\u00f4me de fran\u00e7ais DELF\/DALF\/TCF (facultatif)<\/li>\n\n\n\n<li>Une preuve d\u2019un premier contact avec la formation demand\u00e9e (capture d\u2019\u00e9cran d\u2019\u00e9changes de mails avec les responsables du master demand\u00e9) (facultatif)<\/li>\n<\/ul>\n\n\n\n<p><strong>NB : Sans \u00eatre obligatoire, un certificat linguistique en fran\u00e7ais niveau B1 ou sup\u00e9rieur (DELF ou TCF) constituera un avantage. Le niveau de fran\u00e7ais des candidats pr\u00e9s\u00e9lectionn\u00e9s sera \u00e9valu\u00e9 et pris en compte lors des entretiens pour la s\u00e9lection finale.<\/strong><\/p>\n\n\n\n<p>Pour candidater, veuillez renseigner&nbsp;<strong>le formulaire en ligne correspondant \u00e0 votre niveau&nbsp;<\/strong>: <a href=\"https:\/\/forms.gle\/BZEzrMYpKarMYE2B7\">https:\/\/forms.gle\/BZEzrMYpKarMYE2B7<\/a><\/p>\n\n\n\n<p><strong>Attention, les diff\u00e9rentes pi\u00e8ces de votre dossier de candidature devront \u00eatre d\u00e9pos\u00e9es dans les champs d\u00e9di\u00e9s via le formulaire de candidature.<\/strong><\/p>\n\n\n\n<p>Merci de nommer toutes vos pi\u00e8ces jointes selon le mod\u00e8le suivant :<\/p>\n\n\n\n<p><strong>NOM_Pr\u00e9nom_Lettre de motivation<\/strong><\/p>\n\n\n\n<p><strong>Le non-respect de ces consignes remettra en cause la conformit\u00e9 de votre candidature.<\/strong><br><strong>Merci de remplir le formulaire UNE SEULE FOIS \u00e9galement.<\/strong><\/p>\n\n\n\n<p>Avant de remplir votre dossier de candidature, merci de lire attentivement le&nbsp;<strong>guide pratique<\/strong>&nbsp;et la&nbsp;<strong>note explicative<\/strong>, que vous pouvez consulter ci-dessous :<\/p>\n\n\n\n<div class=\"wp-block-file\"><a id=\"wp-block-file--media-9ccb3fbc-9cc3-4bf0-be28-a8abfe721e14\" href=\"https:\/\/institutfrancais.ro\/bucuresti\/wp-content\/uploads\/sites\/2\/2025\/12\/Guide-pratique-FAQ-2026-2027-sauf-pdg-3.docx\">Guide-pratique-FAQ-2026-2027 <\/a><a href=\"https:\/\/institutfrancais.ro\/bucuresti\/wp-content\/uploads\/sites\/2\/2025\/12\/Guide-pratique-FAQ-2026-2027-sauf-pdg-3.docx\" class=\"wp-block-file__button wp-element-button\" download aria-describedby=\"wp-block-file--media-9ccb3fbc-9cc3-4bf0-be28-a8abfe721e14\">Descarc\u0103<\/a><\/div>\n\n\n\n<div class=\"wp-block-file\"><a id=\"wp-block-file--media-13aea0c4-08db-4ac8-ad04-f3b363fe5b01\" href=\"https:\/\/institutfrancais.ro\/bucuresti\/wp-content\/uploads\/sites\/2\/2025\/12\/Note-explicative-du-programme-BGF-2026-3.docx\">Note-explicative-du-programme-BGF-2026<\/a><a href=\"https:\/\/institutfrancais.ro\/bucuresti\/wp-content\/uploads\/sites\/2\/2025\/12\/Note-explicative-du-programme-BGF-2026-3.docx\" class=\"wp-block-file__button wp-element-button\" download aria-describedby=\"wp-block-file--media-13aea0c4-08db-4ac8-ad04-f3b363fe5b01\">Descarc\u0103<\/a><\/div>\n\n\n\n<p>Pour toute question concernant le processus de candidature, veuillez-vous adresser par courriel \u00e0 l\u2019adresse&nbsp;: <a href=\"mailto:bourses@institutfrancais.ro\">bourses@institutfrancais.ro<\/a><\/p>\n\n\n\n<h2 class=\"wp-block-heading\"><strong>DOCTORAT<\/strong><\/h2>\n\n\n\n<p>Chaque ann\u00e9e, l\u2019Ambassade de France en Roumanie et l\u2019Institut fran\u00e7ais de Roumanie lancent un appel \u00e0 candidatures \u00e0 destination des \u00e9tudiants roumains qui souhaitent poursuivre leurs \u00e9tudes doctorales en France ou en coop\u00e9ration avec un laboratoire de recherche fran\u00e7ais. Cet appel est ouvert pour le niveau&nbsp;<strong>Doctorat&nbsp;<\/strong>aux candidats r\u00e9alisant une th\u00e8se en cotutelle jusqu\u2019au&nbsp;<strong>6 mars 2026<\/strong>.<\/p>\n\n\n\n<h4 class=\"wp-block-heading\"><strong>Avantages de la bourse du Gouvernement fran\u00e7ais de niveau Doctorat<\/strong><\/h4>\n\n\n\n<ul class=\"wp-block-list\">\n<li>Une allocation mensuelle de 1 770 \u20ac\/mois* pendant 4 mois par an pour une dur\u00e9e maximale de 3 ans, en fonction des param\u00e8tres et du budget annuel allou\u00e9 aux bourses<\/li>\n\n\n\n<li>La prise en charge de la couverture sociale et de la responsabilit\u00e9 civile<\/li>\n\n\n\n<li>La possibilit\u00e9 d\u2019un acc\u00e8s au logement en r\u00e9sidence universitaire, sous r\u00e9serve des places disponibles<\/li>\n\n\n\n<li>Un accueil et suivi durant le s\u00e9jour d\u2019\u00e9tudes par Campus France<br><\/li>\n<\/ul>\n\n\n\n<h4 class=\"wp-block-heading\"><strong>Conditions d\u2019\u00e9ligibilit\u00e9<\/strong><\/h4>\n\n\n\n<ul class=\"wp-block-list\">\n<li>Avoir la nationalit\u00e9 roumaine (la bourse n\u2019est pas ouverte aux candidats ayant la double nationalit\u00e9 fran\u00e7aise)<\/li>\n\n\n\n<li>\u00catre inscrit en 1\u00e8re ou 2\u00e8me ann\u00e9e d\u2019une th\u00e8se de Doctorat en cotutelle<\/li>\n<\/ul>\n\n\n\n<p><strong>NB&nbsp;: Cet appel est ouvert \u00e0 tous les domaines d\u2019\u00e9tudes.<\/strong><\/p>\n\n\n\n<h4 class=\"wp-block-heading\"><strong>Comment postuler ?<\/strong><\/h4>\n\n\n\n<p>Chaque candidat doit constituer un dossier contenant les pi\u00e8ces suivantes :<\/p>\n\n\n\n<ul class=\"wp-block-list\">\n<li>Le formulaire de candidature d\u00fbment rempli et sign\u00e9, que vous pouvez t\u00e9l\u00e9charger ci-dessous :<\/li>\n<\/ul>\n\n\n\n<div class=\"wp-block-file\"><a id=\"wp-block-file--media-e0a8a2f4-6998-451f-bac5-e82cd43b31e9\" href=\"https:\/\/institutfrancais.ro\/bucuresti\/wp-content\/uploads\/sites\/2\/2025\/12\/Fiche-de-renseignements_Doctoratcotutelle_2026-1.doc\">Fiche-de-renseignements_Doctoratcotutelle_2026<\/a><a href=\"https:\/\/institutfrancais.ro\/bucuresti\/wp-content\/uploads\/sites\/2\/2025\/12\/Fiche-de-renseignements_Doctoratcotutelle_2026-1.doc\" class=\"wp-block-file__button wp-element-button\" download aria-describedby=\"wp-block-file--media-e0a8a2f4-6998-451f-bac5-e82cd43b31e9\">Descarc\u0103<\/a><\/div>\n\n\n\n<ul class=\"wp-block-list\">\n<li>Un projet de recherche (1 \u00e0 3 pages)<\/li>\n\n\n\n<li>Une copie d\u2019une pi\u00e8ce d\u2019identit\u00e9 (passeport ou carte d\u2019identit\u00e9)<\/li>\n\n\n\n<li>Une lettre de motivation en fran\u00e7ais (pr\u00e9sentation du sujet de la recherche et de la pertinence d\u2019une cotutelle avec la France)<\/li>\n\n\n\n<li>Un curriculum vitae en fran\u00e7ais<\/li>\n\n\n\n<li>Une copie du dipl\u00f4me de Master (en absence du dipl\u00f4me, une attestation d\u2019obtention de l\u2019universit\u00e9 sera accept\u00e9e)<\/li>\n\n\n\n<li>Une copie des relev\u00e9s de notes pour toutes les ann\u00e9es d\u2019\u00e9tudes de Master<\/li>\n\n\n\n<li>L\u2019accord de principe d\u2019accueil du directeur de recherche fran\u00e7ais, ou l\u2019accord de cotutelle si d\u00e9j\u00e0 \u00e9tabli<\/li>\n\n\n\n<li>Une lettre de recommandation (facultatif)<\/li>\n\n\n\n<li>Le programme pr\u00e9visionnel des mobilit\u00e9s \u00e0 partir du 1er janvier 2027<\/li>\n\n\n\n<li>Un test ou un dipl\u00f4me de fran\u00e7ais DELF\/DALF\/TCF (facultatif)<\/li>\n<\/ul>\n\n\n\n<p><strong>NB : Sans \u00eatre obligatoire, un certificat linguistique en fran\u00e7ais niveau B1 ou sup\u00e9rieur (DELF ou TCF) constituera un avantage. Le niveau de fran\u00e7ais des candidats pr\u00e9s\u00e9lectionn\u00e9s sera \u00e9valu\u00e9 et pris en compte lors des entretiens pour la s\u00e9lection finale.<\/strong><\/p>\n\n\n\n<p>Pour candidater, veuillez renseigner le<strong>&nbsp;formulaire en ligne correspondant \u00e0 votre niveau :<\/strong> <a href=\"https:\/\/forms.gle\/MMx48kpETRD9QWjRA\">https:\/\/forms.gle\/MMx48kpETRD9QWjRA<\/a><\/p>\n\n\n\n<p><strong>Attention, les diff\u00e9rentes pi\u00e8ces de votre dossier de candidature devront \u00eatre d\u00e9pos\u00e9es dans les champs d\u00e9di\u00e9s via le formulaire de candidature.<\/strong><\/p>\n\n\n\n<p>Merci de nommer toutes vos pi\u00e8ces jointes selon le mod\u00e8le suivant :<\/p>\n\n\n\n<p><strong>NOM_Pr\u00e9nom_Lettre de motivation<\/strong><\/p>\n\n\n\n<p><strong>Le non-respect de ces consignes remettra en cause la conformit\u00e9 de votre candidature.<br>Merci de remplir le formulaire UNE SEULE FOIS \u00e9galement.<\/strong><\/p>\n\n\n\n<p>Avant de remplir votre dossier de candidature, merci de lire attentivement le&nbsp;<strong>guide pratique<\/strong>&nbsp;et la&nbsp;<strong>note explicative<\/strong>, que vous pouvez consulter ci-dessous :<\/p>\n\n\n\n<div class=\"wp-block-file\"><a id=\"wp-block-file--media-1f1fdd4e-dace-41f5-aa20-84f0433869c0\" href=\"https:\/\/institutfrancais.ro\/bucuresti\/wp-content\/uploads\/sites\/2\/2025\/12\/Guide-pratique-FAQ-2026-2027-sauf-pdg-4.docx\">Guide-pratique-FAQ-2026-2027 <\/a><a href=\"https:\/\/institutfrancais.ro\/bucuresti\/wp-content\/uploads\/sites\/2\/2025\/12\/Guide-pratique-FAQ-2026-2027-sauf-pdg-4.docx\" class=\"wp-block-file__button wp-element-button\" download aria-describedby=\"wp-block-file--media-1f1fdd4e-dace-41f5-aa20-84f0433869c0\">Descarc\u0103<\/a><\/div>\n\n\n\n<div class=\"wp-block-file\"><a id=\"wp-block-file--media-50f2636b-0657-470e-a04a-bd061120fd71\" href=\"https:\/\/institutfrancais.ro\/bucuresti\/wp-content\/uploads\/sites\/2\/2025\/12\/Note-explicative-du-programme-BGF-2026-4.docx\">Note-explicative-du-programme-BGF-2026<\/a><a href=\"https:\/\/institutfrancais.ro\/bucuresti\/wp-content\/uploads\/sites\/2\/2025\/12\/Note-explicative-du-programme-BGF-2026-4.docx\" class=\"wp-block-file__button wp-element-button\" download aria-describedby=\"wp-block-file--media-50f2636b-0657-470e-a04a-bd061120fd71\">Descarc\u0103<\/a><\/div>\n\n\n\n<p>Pour toute question concernant le processus de candidature, veuillez-vous adresser par courriel \u00e0 l\u2019adresse&nbsp;: <a href=\"mailto:bourses@institutfrancais.ro\">bourses@institutfrancais.ro<\/a><\/p>\n\n\n\n<p><\/p>\n\n\n\n<h2 class=\"wp-block-heading\"><strong>POST-DOCTORAT<\/strong><\/h2>\n\n\n\n<p>Chaque ann\u00e9e, l\u2019Ambassade de France en Roumanie et l\u2019Institut fran\u00e7ais de Roumanie lancent un appel \u00e0 candidatures \u00e0 destination des chercheurs roumains. Cet appel est ouvert aux candidats de niveau&nbsp;<strong>Post-Doctorat<\/strong>&nbsp;jusqu\u2019au&nbsp;<strong>6 mars 2026<\/strong>.<\/p>\n\n\n\n<h4 class=\"wp-block-heading\"><strong>Avantages de la bourse du Gouvernement fran\u00e7ais de niveau Post-Doctorat<\/strong><\/h4>\n\n\n\n<ul class=\"wp-block-list\">\n<li>Une allocation mensuelle de 1 704 \u20ac&nbsp;\/ mois* pour les jeunes chercheurs (moins de 5 ans depuis l\u2019obtention du Doctorat) et 2055\u20ac \/ mois* pour les chercheurs confirm\u00e9s (\u00e0 partir de 5 ans depuis l\u2019obtention du Doctorat) pendant 2 mois maximum<\/li>\n\n\n\n<li>La prise en charge de la couverture sociale et de la responsabilit\u00e9 civile<\/li>\n\n\n\n<li>La possibilit\u00e9 d\u2019un acc\u00e8s au logement en r\u00e9sidence universitaire, sous r\u00e9serve des places disponibles<\/li>\n\n\n\n<li>Un accueil et suivi durant le s\u00e9jour d\u2019\u00e9tudes par Campus France<br>*en fonction des param\u00e8tres et du budget annuel allou\u00e9 aux bourses<\/li>\n<\/ul>\n\n\n\n<h4 class=\"wp-block-heading\"><strong>Conditions d\u2019\u00e9ligibilit\u00e9<\/strong><\/h4>\n\n\n\n<ul class=\"wp-block-list\">\n<li>Avoir la nationalit\u00e9 roumaine (la bourse n\u2019est pas ouverte aux candidats ayant la double nationalit\u00e9 fran\u00e7aise)<\/li>\n\n\n\n<li>Avoir valid\u00e9 un Doctorat en Roumanie<\/li>\n<\/ul>\n\n\n\n<p><strong>NB&nbsp;: Cet appel est ouvert \u00e0 tous les domaines de recherche<\/strong>.<\/p>\n\n\n\n<h4 class=\"wp-block-heading\"><strong>Comment postuler ?<\/strong><\/h4>\n\n\n\n<p>Chaque candidat doit constituer un dossier contenant les pi\u00e8ces suivantes :<\/p>\n\n\n\n<ul class=\"wp-block-list\">\n<li>La fiche de renseignements d\u00fbment rempli et sign\u00e9, que vous pouvez t\u00e9l\u00e9charger ci-dessous :<\/li>\n<\/ul>\n\n\n\n<div class=\"wp-block-file\"><a id=\"wp-block-file--media-b5775c00-c1eb-4f54-9008-c0f8f97021ce\" href=\"https:\/\/institutfrancais.ro\/bucuresti\/wp-content\/uploads\/sites\/2\/2025\/12\/Fiche-de-renseignements_PostDoctorat_2026-1.doc\">Fiche-de-renseignements_PostDoctorat_2026<\/a><a href=\"https:\/\/institutfrancais.ro\/bucuresti\/wp-content\/uploads\/sites\/2\/2025\/12\/Fiche-de-renseignements_PostDoctorat_2026-1.doc\" class=\"wp-block-file__button wp-element-button\" download aria-describedby=\"wp-block-file--media-b5775c00-c1eb-4f54-9008-c0f8f97021ce\">Descarc\u0103<\/a><\/div>\n\n\n\n<ul class=\"wp-block-list\">\n<li>Un projet de recherche (1 \u00e0 3 pages)<\/li>\n\n\n\n<li>Une copie d\u2019une pi\u00e8ce d\u2019identit\u00e9 (passeport ou carte d\u2019identit\u00e9)<\/li>\n\n\n\n<li>Une lettre de motivation en fran\u00e7ais (pr\u00e9sentation du sujet de la recherche et de la pertinence d\u2019une mobilit\u00e9 en France)<\/li>\n\n\n\n<li>Un curriculum vitae en fran\u00e7ais<\/li>\n\n\n\n<li>Une copie du dipl\u00f4me du Doctorat<\/li>\n\n\n\n<li>Une lettre d\u2019accueil de la structure de recherche en France<\/li>\n\n\n\n<li>Le programme pr\u00e9visionnel des mobilit\u00e9s \u00e0 partir du 1er juillet 2026 (la mobilit\u00e9 devra \u00eatre effectu\u00e9e avant le 31 d\u00e9cembre 2026)<\/li>\n\n\n\n<li>Une lettre de recommandation (facultatif)<\/li>\n\n\n\n<li>Un test ou un dipl\u00f4me de fran\u00e7ais DELF\/DALF\/TCF (facultatif)<\/li>\n<\/ul>\n\n\n\n<p><strong>NB : Sans \u00eatre obligatoire, un certificat linguistique en fran\u00e7ais niveau B1 ou sup\u00e9rieur (DELF ou TCF) constituera un avantage. Le niveau de fran\u00e7ais des candidats pr\u00e9s\u00e9lectionn\u00e9s sera \u00e9valu\u00e9 et pris en compte lors des entretiens pour la s\u00e9lection finale.<\/strong><\/p>\n\n\n\n<p>Pour candidater, veuillez renseigner&nbsp;<strong>le formulaire en ligne correspondant \u00e0 votre niveau&nbsp;<\/strong>: <a href=\"https:\/\/forms.gle\/oraZm2bxhmCw7b7z7\">https:\/\/forms.gle\/oraZm2bxhmCw7b7z7<\/a><\/p>\n\n\n\n<p><strong>Attention, les diff\u00e9rentes pi\u00e8ces de votre dossier de candidature devront \u00eatre d\u00e9pos\u00e9es dans les champs d\u00e9di\u00e9s via le formulaire de candidature.<\/strong><\/p>\n\n\n\n<p>Merci de nommer toutes vos pi\u00e8ces jointes selon le mod\u00e8le suivant :<\/p>\n\n\n\n<p><strong>NOM_Pr\u00e9nom_Lettre de motivation<\/strong><\/p>\n\n\n\n<p><strong>Le non-respect de ces consignes remettra en cause la conformit\u00e9 de votre candidature.<\/strong><br><strong>Merci de remplir le formulaire UNE SEULE FOIS \u00e9galement.<\/strong><\/p>\n\n\n\n<p>Avant de remplir votre dossier de candidature, merci de lire attentivement le&nbsp;<strong>guide pratique<\/strong>&nbsp;et la&nbsp;<strong>note explicative<\/strong>, que vous pouvez consulter ci-dessous :<\/p>\n\n\n\n<div class=\"wp-block-file\"><a id=\"wp-block-file--media-b17ece46-988b-49f9-86fd-ab7afb8c1d21\" href=\"https:\/\/institutfrancais.ro\/bucuresti\/wp-content\/uploads\/sites\/2\/2025\/12\/Guide-pratique-FAQ-2026-2027-sauf-pdg-5.docx\">Guide-pratique-FAQ-2026-2027 <\/a><a href=\"https:\/\/institutfrancais.ro\/bucuresti\/wp-content\/uploads\/sites\/2\/2025\/12\/Guide-pratique-FAQ-2026-2027-sauf-pdg-5.docx\" class=\"wp-block-file__button wp-element-button\" download aria-describedby=\"wp-block-file--media-b17ece46-988b-49f9-86fd-ab7afb8c1d21\">Descarc\u0103<\/a><\/div>\n\n\n\n<div class=\"wp-block-file\"><a id=\"wp-block-file--media-560c28c4-2857-4e24-ba61-73395e03f1b5\" href=\"https:\/\/institutfrancais.ro\/bucuresti\/wp-content\/uploads\/sites\/2\/2025\/12\/Note-explicative-du-programme-BGF-2026-5.docx\">Note-explicative-du-programme-BGF-2026<\/a><a href=\"https:\/\/institutfrancais.ro\/bucuresti\/wp-content\/uploads\/sites\/2\/2025\/12\/Note-explicative-du-programme-BGF-2026-5.docx\" class=\"wp-block-file__button wp-element-button\" download aria-describedby=\"wp-block-file--media-560c28c4-2857-4e24-ba61-73395e03f1b5\">Descarc\u0103<\/a><\/div>\n\n\n\n<p>Pour toute question concernant le processus de candidature, veuillez-vous adresser par courriel \u00e0 l\u2019adresse&nbsp;: <a href=\"mailto:bourses@institutfrancais.ro\">bourses@institutfrancais.ro<\/a><\/p>\n\n\n\n<p><\/p>\n","protected":false},"excerpt":{"rendered":"<p>Le programme de&nbsp;France Excellence Roumanie&nbsp;s\u2019adresse aux candidats roumains. Chaque ann\u00e9e l\u2019Ambassade de France en Roumanie&nbsp;et l\u2019Institut fran\u00e7ais de Roumanie&nbsp;lancent un appel national pour l\u2019obtention des bourses du France Excellence Roumanie (anciennement Bourses du Gouvernement Fran\u00e7ais) pour les niveaux Master, Doctorat et Post-Doctorat. MASTER Chaque ann\u00e9e, l\u2019Ambassade de France en Roumanie et l\u2019Institut fran\u00e7ais de Roumanie [&hellip;]<\/p>\n","protected":false},"author":3,"featured_media":11761,"parent":0,"menu_order":0,"comment_status":"closed","ping_status":"closed","template":"","meta":{"footnotes":""},"class_list":["post-8370","page","type-page","status-publish","has-post-thumbnail","hentry"],"_links":{"self":[{"href":"https:\/\/institutfrancais.ro\/bucuresti\/fr\/wp-json\/wp\/v2\/pages\/8370","targetHints":{"allow":["GET"]}}],"collection":[{"href":"https:\/\/institutfrancais.ro\/bucuresti\/fr\/wp-json\/wp\/v2\/pages"}],"about":[{"href":"https:\/\/institutfrancais.ro\/bucuresti\/fr\/wp-json\/wp\/v2\/types\/page"}],"author":[{"embeddable":true,"href":"https:\/\/institutfrancais.ro\/bucuresti\/fr\/wp-json\/wp\/v2\/users\/3"}],"replies":[{"embeddable":true,"href":"https:\/\/institutfrancais.ro\/bucuresti\/fr\/wp-json\/wp\/v2\/comments?post=8370"}],"version-history":[{"count":5,"href":"https:\/\/institutfrancais.ro\/bucuresti\/fr\/wp-json\/wp\/v2\/pages\/8370\/revisions"}],"predecessor-version":[{"id":11809,"href":"https:\/\/institutfrancais.ro\/bucuresti\/fr\/wp-json\/wp\/v2\/pages\/8370\/revisions\/11809"}],"wp:featuredmedia":[{"embeddable":true,"href":"https:\/\/institutfrancais.ro\/bucuresti\/fr\/wp-json\/wp\/v2\/media\/11761"}],"wp:attachment":[{"href":"https:\/\/institutfrancais.ro\/bucuresti\/fr\/wp-json\/wp\/v2\/media?parent=8370"}],"curies":[{"name":"wp","href":"https:\/\/api.w.org\/{rel}","templated":true}]}}