{"id":8395,"date":"2024-02-12T12:54:17","date_gmt":"2024-02-12T12:54:17","guid":{"rendered":"https:\/\/institutfrancais.ro\/bucuresti\/phc-brancusi-2024-2025\/"},"modified":"2026-02-16T14:00:27","modified_gmt":"2026-02-16T14:00:27","slug":"phc-brancusi-2024-2025","status":"publish","type":"page","link":"https:\/\/institutfrancais.ro\/bucuresti\/fr\/phc-brancusi-2024-2025\/","title":{"rendered":"PHC BRANCUSI 2025-2026"},"content":{"rendered":"\n<p class=\"has-text-align-center\"><strong><mark style=\"background-color:rgba(0, 0, 0, 0)\" class=\"has-inline-color has-vivid-red-color\">\/\/\/ L&rsquo;appel est cl\u00f4tur\u00e9 \/\/\/ <\/mark><\/strong><\/p>\n\n\n\n<p><strong>Le Partenariat Hubert Curien (PHC Br\u00e2ncusi)<\/strong><strong> est mis en \u0153uvre, en France par le Minist\u00e8re de l&rsquo;Europe et des Affaires \u00e9trang\u00e8res (MEAE) et le Minist\u00e8re charg\u00e9 de l&rsquo;Enseignement sup\u00e9rieur et de la Recherche (MESR), et en Roumanie, par l\u2019agence nationale de la recherche (ANC), subordonn\u00e9e au minist\u00e8re de l&rsquo;\u00e9ducation et de la recherche.<\/strong><\/p>\n\n\n\n<p><strong>Les appels \u00e0 candidatures de ce programme sont lanc\u00e9s sur un rythme&nbsp;bisannuel.<\/strong><\/p>\n\n\n\n<p><strong>Date limite&nbsp;de d\u00e9p\u00f4t des dossiers de candidature :&nbsp;26\/10\/2025<\/strong><\/p>\n\n\n\n<p>Important&nbsp;: cette page pr\u00e9sente les informations sp\u00e9cifiques&nbsp;\u00e0 ce&nbsp;programme. Pour les informations communes \u00e0 tous les PHC g\u00e9r\u00e9s par Campus France (pr\u00e9sentation, crit\u00e8res de s\u00e9lection, contacts&#8230;), reportez-vous \u00e0 la page de&nbsp;<a href=\"https:\/\/www.campusfrance.org\/fr\/presentation-generale-des-phc\">pr\u00e9sentation g\u00e9n\u00e9rale<\/a>.<\/p>\n\n\n\n<p><\/p>\n\n\n\n<p>Avant toute demande d&rsquo;information, nous vous invitons \u00e0 consulter la&nbsp;<a href=\"https:\/\/www.campusfrance.org\/fr\/phc-faq\">page des questions les plus fr\u00e9quemment pos\u00e9es \u00ab&nbsp;FAQ et contact&nbsp;\u00bb<\/a>.<br>&nbsp;<\/p>\n\n\n\n<ul class=\"wp-block-list\">\n<li>Lancement de l\u2019appel \u00e0 projet&nbsp;: <strong>15 septembre 2025<\/strong><\/li>\n\n\n\n<li>Date limite de co-d\u00e9p\u00f4t des dossiers de candidature :&nbsp; <strong>26 octobre 2025<\/strong><\/li>\n\n\n\n<li>Diffusion des r\u00e9sultats sur l\u2019extranet Campus France&nbsp;<a href=\"http:\/\/chercheurs.campusfrance.org\/\" target=\"_blank\" rel=\"noreferrer noopener\"><em><strong>http:\/\/chercheurs.campusfrance.org<\/strong><\/em><\/a>:&nbsp;<strong> fin mars 2026<\/strong><\/li>\n\n\n\n<li>Date de d\u00e9but des projets et webinaire avec les porteurs de projet :&nbsp;<strong> avril 2026<\/strong><\/li>\n<\/ul>\n\n\n\n<p><\/p>\n\n\n\n<p><a href=\"https:\/\/www.campusfrance.org\/fr\/brancusi\"><strong>Contacts pour le programme<\/strong><\/a><strong><\/strong><\/p>\n\n\n\n<p><strong>Pour la partie fran\u00e7aise<br>M. Rabie BEN ATITALLAH<\/strong><br>Attach\u00e9 de coop\u00e9ration universitaire et scientifique<br>Institut Fran\u00e7ais de Roumanie<br>Bd. Dacia nr. 77<br>Bucarest &#8211; secteur 2<br>T\u00e9l : +40 374 125&nbsp;260<br>M\u00e9l :&nbsp;<a href=\"mailto:rabie.ben-atitallah@institutfrancais.ro\">rabie.ben-atitallah@institutfrancais.ro<\/a><\/p>\n\n\n\n<p><strong>Mme Charlotte SOUYRIS<\/strong><br>Charg\u00e9e&nbsp;de coop\u00e9ration scientifique<br>Institut Fran\u00e7ais de Roumanie<br>Bd. Dacia nr. 77<br>020 051 Bucarest &#8211; Secteur 2<br>T\u00e9l : +40 374 125 262<br>M\u00e9l : charlotte.souyris<a href=\"mailto:alexandre.courtoux@institutfrancais.ro\" target=\"_blank\" rel=\"noreferrer noopener\">@institutfrancais.ro<\/a><\/p>\n\n\n\n<p><strong>Pour le partenaire<\/strong><br><strong>Ph.D. Elena DINU<\/strong><br>European Affairs Counsellor<br>Minist\u00e8re de la Recherche, de l\u2019Innovation&nbsp;et du Num\u00e9rique<br>Mendeleev Nr.&nbsp;21-25 Sector 1, 010362 Bucure\u0219ti, Rom\u00e2nia<br>T\u00e9l : +40.21 303 21 24 \/ 412<br>Email : <a href=\"mailto:elena.dinu@research.gov.ro\" target=\"_blank\" rel=\"noreferrer noopener\">elena.dinu@research.gov.ro<\/a><br><br><br><strong>Mme Mihaela MANOLE<\/strong><br>Project Officer<br>UEFISCDI<br>21 &#8211; 25, Rue Mendeleev<br>010362, Bucarest, secteur 1<br>T\u00e9l : +40 21 302 38 63<br>Fax : +40 21 311 59 92<br>Email : <a href=\"mailto:mihaela.manole@uefiscdi.ro\" target=\"_blank\" rel=\"noreferrer noopener\">mihaela.manole@uefiscdi.ro<\/a><\/p>\n","protected":false},"excerpt":{"rendered":"<p>\/\/\/ L&rsquo;appel est cl\u00f4tur\u00e9 \/\/\/ Le Partenariat Hubert Curien (PHC Br\u00e2ncusi) est mis en \u0153uvre, en France par le Minist\u00e8re de l&rsquo;Europe et des Affaires \u00e9trang\u00e8res (MEAE) et le Minist\u00e8re charg\u00e9 de l&rsquo;Enseignement sup\u00e9rieur et de la Recherche (MESR), et en Roumanie, par l\u2019agence nationale de la recherche (ANC), subordonn\u00e9e au minist\u00e8re de l&rsquo;\u00e9ducation et [&hellip;]<\/p>\n","protected":false},"author":3,"featured_media":8255,"parent":0,"menu_order":0,"comment_status":"closed","ping_status":"closed","template":"","meta":{"footnotes":""},"class_list":["post-8395","page","type-page","status-publish","has-post-thumbnail","hentry"],"_links":{"self":[{"href":"https:\/\/institutfrancais.ro\/bucuresti\/fr\/wp-json\/wp\/v2\/pages\/8395","targetHints":{"allow":["GET"]}}],"collection":[{"href":"https:\/\/institutfrancais.ro\/bucuresti\/fr\/wp-json\/wp\/v2\/pages"}],"about":[{"href":"https:\/\/institutfrancais.ro\/bucuresti\/fr\/wp-json\/wp\/v2\/types\/page"}],"author":[{"embeddable":true,"href":"https:\/\/institutfrancais.ro\/bucuresti\/fr\/wp-json\/wp\/v2\/users\/3"}],"replies":[{"embeddable":true,"href":"https:\/\/institutfrancais.ro\/bucuresti\/fr\/wp-json\/wp\/v2\/comments?post=8395"}],"version-history":[{"count":6,"href":"https:\/\/institutfrancais.ro\/bucuresti\/fr\/wp-json\/wp\/v2\/pages\/8395\/revisions"}],"predecessor-version":[{"id":12064,"href":"https:\/\/institutfrancais.ro\/bucuresti\/fr\/wp-json\/wp\/v2\/pages\/8395\/revisions\/12064"}],"wp:featuredmedia":[{"embeddable":true,"href":"https:\/\/institutfrancais.ro\/bucuresti\/fr\/wp-json\/wp\/v2\/media\/8255"}],"wp:attachment":[{"href":"https:\/\/institutfrancais.ro\/bucuresti\/fr\/wp-json\/wp\/v2\/media?parent=8395"}],"curies":[{"name":"wp","href":"https:\/\/api.w.org\/{rel}","templated":true}]}}