{"id":8821,"date":"2024-03-22T12:13:23","date_gmt":"2024-03-22T12:13:23","guid":{"rendered":"https:\/\/institutfrancais.ro\/bucuresti\/ateliers-pratiques\/"},"modified":"2025-04-29T15:12:07","modified_gmt":"2025-04-29T15:12:07","slug":"ateliers-pratiques","status":"publish","type":"page","link":"https:\/\/institutfrancais.ro\/bucuresti\/fr\/ateliers-pratiques\/","title":{"rendered":"Ateliers pratiques"},"content":{"rendered":"\n<p class=\"has-vivid-cyan-blue-color has-text-color has-link-color has-medium-font-size wp-elements-b6bacbd35600ccc9819574059a59b318\"><strong>Atelier cin\u00e9ma &#8211; Festival du film fran\u00e7ais<\/strong><\/p>\n\n\n\n<p>Dans le cadre du <a href=\"https:\/\/festivalff.ro\/fr\/editorial\/\">Festival du film fran\u00e7ais en Roumanie<\/a>, l&rsquo;Institut fran\u00e7ais vous invite \u00e0 d\u00e9couvrir et analyser les films s\u00e9lectionn\u00e9s en pratiquant la langue fran\u00e7aise.<\/p>\n\n\n\n<p>Chaque atelier sera consacr\u00e9 \u00e0 un film : en \u00e9changeant en fran\u00e7ais sur les th\u00e9matiques culturelles et artistiques du film, vous d\u00e9velopperez votre vocabulaire et votre aisance \u00e0 l&rsquo;oral.<\/p>\n\n\n\n<p>Programme des 3 ateliers :<\/p>\n\n\n\n<ul class=\"wp-block-list\">\n<li><strong>L&rsquo;histoire de Souleymane<\/strong> : atelier le vendredi 21 mars de 18h00 \u00e0 19h30 \/ projection du film au cin\u00e9ma Elvire Popesco le dimanche 23 mars \u00e0 18h00<\/li>\n\n\n\n<li><strong>Madame Hofmann<\/strong> : atelier le lundi 24 mars de 18h30 \u00e0 20h00 \/ projection du film au cin\u00e9ma Elvire Popesco le lundi 24 mars \u00e0 20h30<\/li>\n\n\n\n<li><strong>Au revoir les enfants<\/strong> : atelier le vendredi 28 mars de 18h00 \u00e0 19h30 \/ projection du film au cin\u00e9ma Elvire Popesco le dimanche 30 mars \u00e0 13h30.<\/li>\n<\/ul>\n\n\n\n<p><strong>Promotion atelier + billet de cin\u00e9ma :<\/strong> l&rsquo;inscription \u00e0 l&rsquo;atelier inclut le billet de cin\u00e9ma du film (1 billet par inscription).<\/p>\n\n\n\n<div class='kiosque-aec'><div\n data-module='classes'\n data-action='courses-selection-tiles'\n data-param-etablishment-branch-id='12'\n data-param-period-id='1398'\n data-param-classification-id='2'\n data-param-subject-id=''\n data-param-class-type-id='83'\n data-param-main-level=''\n data-param-levels-to-filter-by=''\n data-param-localization=''\n data-param-class-format-id=''\n data-param-show-filter-choices='1'\n data-param-lang='fr_FR'><\/div><\/div>\n\n\n\n<p class=\"has-vivid-cyan-blue-color has-text-color has-link-color has-medium-font-size wp-elements-8202c377b2c78cb7bc7b1a65f527bc48\"><strong>Atelier d&rsquo;\u00e9criture cr\u00e9ative<\/strong><\/p>\n\n\n\n<p>Si vous avez envie d\u2019introspection ou de laisser une trace, d\u2019exp\u00e9rimenter ou de vous faire plaisir, cet atelier, \u00e0 la fois laboratoire, terrain de jeux et espace d\u2019artisan, vous propose une place pour donner vie \u00e0 vos histoires. Il ne sera pas question de v\u00e9rit\u00e9 ou d\u2019alignement, mais de d\u00e9couverte et surtout d\u2019exploration de soi \u00e0 travers l\u2019\u00e9criture cr\u00e9ative.<\/p>\n\n\n\n<p>Avec un d\u00e9sir et un doute comme toile de fond, vous serez accompagn\u00e9s, dans une ambiance conviviale, \u00e0 trouver votre voix ou <a>\u00e0 <\/a>r\u00e9v\u00e9ler l\u2019\u00e9crivain qui est en vous par le biais de trois s\u00e9ances dont le fil rouge est de cr\u00e9er des liens&nbsp;: entre vous et vous, entre vous et les autres, entre vous et les mots.<\/p>\n\n\n\n<p>A vos plumes, et vivement les mercredis en \u00e9motions \u00e9crites !<\/p>\n\n\n\n<p><strong>Promotion:<\/strong>  <strong>15 %<\/strong> R\u00e9duction pour l&rsquo;achat de 2 ou 3 ateliers d&rsquo;\u00e9criture en m\u00eame temps !<\/p>\n\n\n\n<p><\/p>\n\n\n\n<hr class=\"wp-block-separator has-text-color has-vivid-cyan-blue-color has-alpha-channel-opacity has-vivid-cyan-blue-background-color has-background is-style-wide\"\/>\n\n\n\n<p class=\"has-vivid-cyan-blue-color has-text-color has-link-color has-medium-font-size wp-elements-f704215eb06a681e9c2273662fd70741\"><strong>Atelier langue fran\u00e7aise : Accent et prononciation<\/strong> <\/p>\n\n\n\n<p>Plongez dans l&rsquo;univers captivant de la prononciation fran\u00e7aise avec notre atelier dynamique et ludique ! Que vous soyez passionn\u00e9 par la langue fran\u00e7aise ou que vous cherchiez \u00e0 perfectionner votre prononciation, cet atelier est fait pour vous. A travers 3 s\u00e9ances, explorez les sons uniques du fran\u00e7ais \u00e0 travers une s\u00e9rie d&rsquo;activit\u00e9s interactives, des jeux stimulants et des projets cr\u00e9atifs. De la prononciation des voyelles nasales aux subtilit\u00e9s des liaisons, vous d\u00e9velopperez vos capacit\u00e9s de compr\u00e9hension et d&rsquo;expression. <\/p>\n\n\n\n<p>Rejoignez-nous pour une aventure phon\u00e9tique inoubliable et transformez votre fa\u00e7on de parler fran\u00e7ais !<\/p>\n\n\n\n<p>S\u00e9ance 1&nbsp;: Plong\u00e9e dans la prononciation fran\u00e7aise<\/p>\n\n\n\n<p>S\u00e9ance 2&nbsp;: Exploration sonore<\/p>\n\n\n\n<p>S\u00e9ance 3&nbsp;: De l\u2019exploration \u00e0 la maitrise<\/p>\n\n\n\n<div class='kiosque-aec'><div\n data-module='classes'\n data-action='classes-list'\n data-param-id-etablishment-branch=''\n data-param-id-period='0'\n data-param-id-classification='2'\n data-param-id-subject='1'\n data-param-id-main-level=''\n data-param-id-class-type='83'\n data-param-level-id=''\n data-param-id-class-format=''\n data-param-location=''\n data-param-show-all-establishment=''\n data-param-id-level='104'\n data-param-lang='fr_FR'><\/div><\/div>\n","protected":false},"excerpt":{"rendered":"<p>Atelier cin\u00e9ma &#8211; Festival du film fran\u00e7ais Dans le cadre du Festival du film fran\u00e7ais en Roumanie, l&rsquo;Institut fran\u00e7ais vous invite \u00e0 d\u00e9couvrir et analyser les films s\u00e9lectionn\u00e9s en pratiquant la langue fran\u00e7aise. Chaque atelier sera consacr\u00e9 \u00e0 un film : en \u00e9changeant en fran\u00e7ais sur les th\u00e9matiques culturelles et artistiques du film, vous d\u00e9velopperez [&hellip;]<\/p>\n","protected":false},"author":18,"featured_media":11167,"parent":0,"menu_order":0,"comment_status":"closed","ping_status":"closed","template":"","meta":{"footnotes":""},"class_list":["post-8821","page","type-page","status-publish","has-post-thumbnail","hentry"],"_links":{"self":[{"href":"https:\/\/institutfrancais.ro\/bucuresti\/fr\/wp-json\/wp\/v2\/pages\/8821","targetHints":{"allow":["GET"]}}],"collection":[{"href":"https:\/\/institutfrancais.ro\/bucuresti\/fr\/wp-json\/wp\/v2\/pages"}],"about":[{"href":"https:\/\/institutfrancais.ro\/bucuresti\/fr\/wp-json\/wp\/v2\/types\/page"}],"author":[{"embeddable":true,"href":"https:\/\/institutfrancais.ro\/bucuresti\/fr\/wp-json\/wp\/v2\/users\/18"}],"replies":[{"embeddable":true,"href":"https:\/\/institutfrancais.ro\/bucuresti\/fr\/wp-json\/wp\/v2\/comments?post=8821"}],"version-history":[{"count":14,"href":"https:\/\/institutfrancais.ro\/bucuresti\/fr\/wp-json\/wp\/v2\/pages\/8821\/revisions"}],"predecessor-version":[{"id":10924,"href":"https:\/\/institutfrancais.ro\/bucuresti\/fr\/wp-json\/wp\/v2\/pages\/8821\/revisions\/10924"}],"wp:featuredmedia":[{"embeddable":true,"href":"https:\/\/institutfrancais.ro\/bucuresti\/fr\/wp-json\/wp\/v2\/media\/11167"}],"wp:attachment":[{"href":"https:\/\/institutfrancais.ro\/bucuresti\/fr\/wp-json\/wp\/v2\/media?parent=8821"}],"curies":[{"name":"wp","href":"https:\/\/api.w.org\/{rel}","templated":true}]}}