{"id":9054,"date":"2022-04-12T09:07:00","date_gmt":"2022-04-12T09:07:00","guid":{"rendered":"https:\/\/institutfrancais.ro\/bucuresti\/club-de-vacanta\/"},"modified":"2026-04-03T15:53:53","modified_gmt":"2026-04-03T15:53:53","slug":"clubs-vacances","status":"publish","type":"page","link":"https:\/\/institutfrancais.ro\/bucuresti\/fr\/clubs-vacances\/","title":{"rendered":"Clubs de vacances"},"content":{"rendered":"\n<p><strong>UNE SEMAINE = UN VOYAGE !<\/strong><\/p>\n\n\n\n<p>Offrez \u00e0 votre enfant une exp\u00e9rience unique en fran\u00e7ais cet \u00e9t\u00e9 !<\/p>\n\n\n\n<p>Pendant une semaine, les enfants apprennent en s\u2019amusant \u00e0 travers des activit\u00e9s cr\u00e9atives, ludiques et interactives : th\u00e9\u00e2tre, art, cin\u00e9ma, musique\u2026 Tout est r\u00e9uni pour leur donner confiance et envie de s\u2019exprimer. Le programme est sp\u00e9cialement adapt\u00e9 \u00e0 un public enfant&nbsp;: les matins, travail sur la langue fran\u00e7aise et sur la cr\u00e9ativit\u00e9 et les apr\u00e8s-midis, activit\u00e9s artistiques et action.<\/p>\n\n\n\n<p>&nbsp;<strong>Un programme con\u00e7u pour :<\/strong><br>\u2714 Oser parler en fran\u00e7ais<br>\u2714 D\u00e9velopper la cr\u00e9ativit\u00e9<br>\u2714 Prendre confiance en soi<\/p>\n\n\n\n<p><strong>Semaines&nbsp;: 6-10 juillet et 13 &#8211; 17 juillet 2026, tous les jours de 9h00 \u00e0 17h00<\/strong><\/p>\n\n\n\n<p><\/p>\n\n\n\n<pre class=\"wp-block-preformatted\"><div class='kiosque-aec'><div\n data-module='classes'\n data-action='courses-selection-tiles'\n data-param-etablishment-branch-id=''\n data-param-period-id=''\n data-param-classification-id='0'\n data-param-subject-id=''\n data-param-class-type-id='70'\n data-param-main-level=''\n data-param-levels-to-filter-by='0'\n data-param-localization=''\n data-param-class-format-id=''\n data-param-show-filter-choices='1'\n data-param-lang='fr_FR'><\/div><\/div><\/pre>\n\n\n\n<p><\/p>\n\n\n\n<pre class=\"wp-block-preformatted\">&nbsp;<\/pre>\n","protected":false},"excerpt":{"rendered":"<p>UNE SEMAINE = UN VOYAGE ! Offrez \u00e0 votre enfant une exp\u00e9rience unique en fran\u00e7ais cet \u00e9t\u00e9 ! Pendant une semaine, les enfants apprennent en s\u2019amusant \u00e0 travers des activit\u00e9s cr\u00e9atives, ludiques et interactives : th\u00e9\u00e2tre, art, cin\u00e9ma, musique\u2026 Tout est r\u00e9uni pour leur donner confiance et envie de s\u2019exprimer. Le programme est sp\u00e9cialement adapt\u00e9 [&hellip;]<\/p>\n","protected":false},"author":3,"featured_media":10772,"parent":0,"menu_order":0,"comment_status":"closed","ping_status":"closed","template":"","meta":{"footnotes":""},"class_list":["post-9054","page","type-page","status-publish","has-post-thumbnail","hentry"],"_links":{"self":[{"href":"https:\/\/institutfrancais.ro\/bucuresti\/fr\/wp-json\/wp\/v2\/pages\/9054","targetHints":{"allow":["GET"]}}],"collection":[{"href":"https:\/\/institutfrancais.ro\/bucuresti\/fr\/wp-json\/wp\/v2\/pages"}],"about":[{"href":"https:\/\/institutfrancais.ro\/bucuresti\/fr\/wp-json\/wp\/v2\/types\/page"}],"author":[{"embeddable":true,"href":"https:\/\/institutfrancais.ro\/bucuresti\/fr\/wp-json\/wp\/v2\/users\/3"}],"replies":[{"embeddable":true,"href":"https:\/\/institutfrancais.ro\/bucuresti\/fr\/wp-json\/wp\/v2\/comments?post=9054"}],"version-history":[{"count":20,"href":"https:\/\/institutfrancais.ro\/bucuresti\/fr\/wp-json\/wp\/v2\/pages\/9054\/revisions"}],"predecessor-version":[{"id":12203,"href":"https:\/\/institutfrancais.ro\/bucuresti\/fr\/wp-json\/wp\/v2\/pages\/9054\/revisions\/12203"}],"wp:featuredmedia":[{"embeddable":true,"href":"https:\/\/institutfrancais.ro\/bucuresti\/fr\/wp-json\/wp\/v2\/media\/10772"}],"wp:attachment":[{"href":"https:\/\/institutfrancais.ro\/bucuresti\/fr\/wp-json\/wp\/v2\/media?parent=9054"}],"curies":[{"name":"wp","href":"https:\/\/api.w.org\/{rel}","templated":true}]}}