{"id":9270,"date":"2024-05-14T13:46:27","date_gmt":"2024-05-14T13:46:27","guid":{"rendered":"https:\/\/institutfrancais.ro\/bucuresti\/pagini-din-povestea-de-100-de-ani-a-institutului-francez-din-romania\/"},"modified":"2024-05-30T07:37:33","modified_gmt":"2024-05-30T07:37:33","slug":"pages-de-l-histoire-centenaire-de-l-institut-francais-de-roumanie","status":"publish","type":"page","link":"https:\/\/institutfrancais.ro\/bucuresti\/fr\/pages-de-l-histoire-centenaire-de-l-institut-francais-de-roumanie\/","title":{"rendered":"PAGES de l&rsquo;histoire centenaire de l&rsquo;Institut fran\u00e7ais de Roumanie"},"content":{"rendered":"\n<p>En 2024, nous c\u00e9l\u00e9brons le Centenaire de l&rsquo;Institut fran\u00e7ais de Roumanie, fond\u00e9 \u00e0 Bucarest le 29 mai 1924 et pr\u00e9sent dans tout le pays depuis 1991 \u00e0 travers trois autres antennes \u00e0 Cluj-Napoca, Ia\u0219i et Timi\u0219oara.<\/p>\n\n\n\n<p>Cet anniversaire est l&rsquo;occasion de c\u00e9l\u00e9brer cent ans de coop\u00e9ration culturelle, artistique, acad\u00e9mique, \u00e9ducative et scientifique et de raconter la riche histoire d&rsquo;une institution majeure. <br>L&rsquo;histoire de l&rsquo;Institut raconte diff\u00e9rentes facettes et des moments successifs des relations franco-roumaines. Ph\u00e9nom\u00e8nes historiques, d\u00e9cisions politiques, changements d&rsquo;orientation, histoires personnelles, tout a contribu\u00e9 \u00e0 faire de l&rsquo;Institut fran\u00e7ais de Roumanie ce qu&rsquo;il est aujourd&rsquo;hui.<\/p>\n\n\n\n<p>Afin de rendre compte le plus fid\u00e8lement possible de toutes ces dimensions, une \u00e9quipe d&rsquo;artistes, de chercheurs et d&rsquo;universitaires a \u00e9tudi\u00e9 les archives, cherch\u00e9, d\u00e9couvert, questionn\u00e9 et analys\u00e9 le pass\u00e9 sous diff\u00e9rents angles.&nbsp;Le r\u00e9sultat est un projet visuel et une s\u00e9rie d&rsquo;articles qui d\u00e9veloppent les moments les plus importants d&rsquo;un si\u00e8cle d&rsquo;histoire de l&rsquo;Institut fran\u00e7ais en Roumanie.<\/p>\n\n\n\n<p class=\"has-vivid-cyan-blue-color has-text-color has-link-color wp-elements-1e9ac7744866a89f60ba53d759b18760\"><strong><em>PAGES<\/em> ILLUSTREES de l&rsquo;histoire des 100 ans de l&rsquo;Institut fran\u00e7ais de Roumanie<\/strong><br>1924 &#8211; 2024<br>Publication et exposition<\/p>\n\n\n\n<p>Illustrations : Anna Bencz\u00e9di et Maria Surducan<br>Commissariat artistique : Cristina Stoenescu<br>Design : Paula Rusu<br>Conseillers scientifiques : Prof. Dr. Florin \u021aurcanu, lect. univ. Drago\u0219 Jipa<br>Coordination du projet : Ioana Alexandru, soutenue par Lo\u00efc Meuley, Timoth\u00e9e Pommeruel-Petinarakis<\/p>\n\n\n\n<p>Des moments historiques et des d\u00e9tails moins connus de la vie de l&rsquo;Institut, depuis sa fondation en 1924 jusqu&rsquo;\u00e0 nos jours, sont mis en lumi\u00e8re par l&rsquo;\u00e9dition illustr\u00e9e et l&rsquo;exposition organis\u00e9e dans l&rsquo;espace pi\u00e9tonnier devant le si\u00e8ge de l&rsquo;IFRo.<\/p>\n\n\n\n<p>Les artistes Anna Bencz\u00e9di et Maria Surducan \ud835\uddff\ud835\uddf2\u0301\ud835\uddee\ud835\uddf9\ud835\uddf6\ud835\ude00\ud835\uddf2\ud835\uddfb\ud835\ude01 \ud835\uddf1\ud835\uddf2\ud835\ude00 \ud835\uddf6\ud835\uddf9\ud835\uddf9\ud835\ude02\ud835\ude00\ud835\ude01\ud835\uddff\ud835\uddee\ud835\ude01\ud835\uddf6\ud835\uddfc\ud835\uddfb\ud835\ude00 \ud835\uddfe\ud835\ude02\ud835\uddf6 \ud835\uddf6\ud835\uddfb\ud835\ude03\ud835\uddfc\ud835\uddfe\ud835\ude02\ud835\uddf2\ud835\uddfb\ud835\ude01 \ud835\uddf1\ud835\uddf2\ud835\ude00 \ud835\uddf5\ud835\uddf6\ud835\ude00\ud835\ude01\ud835\uddfc\ud835\uddf6\ud835\uddff\ud835\uddf2\ud835\ude00 \ud835\uddf2\ud835\ude01 \ud835\uddf1\ud835\uddf2\ud835\ude00 \ud835\ude00\ud835\uddfc\ud835\ude02\ud835\ude03\ud835\uddf2\ud835\uddfb\ud835\uddf6\ud835\uddff\ud835\ude00 \ud835\uddee\ud835\ude02 \ud835\uddfa\ud835\uddfc\ud835\ude06\ud835\uddf2\ud835\uddfb \ud835\uddf1&rsquo;\ud835\uddf6\ud835\uddfa\ud835\uddee\ud835\uddf4\ud835\uddf2\ud835\ude00 \ud835\uddf3\ud835\uddf9\ud835\ude02\ud835\uddf6\ud835\uddf1\ud835\uddf2\ud835\ude00, \ud835\uddf2\ud835\uddfb \ud835\uddf1\ud835\uddf6\ud835\uddee\ud835\uddf9\ud835\uddfc\ud835\uddf4\ud835\ude02\ud835\uddf2 \ud835\uddee\ud835\ude03\ud835\uddf2\ud835\uddf0 \ud835\uddf9&rsquo;\ud835\uddf2\ud835\ude05\ud835\uddfd\ud835\uddf9\ud835\uddfc\ud835\uddff\ud835\uddee\ud835\ude01\ud835\uddf6\ud835\uddfc\ud835\uddfb \ud835\uddf0\ud835\ude02\ud835\uddff\ud835\uddee\ud835\ude01\ud835\uddfc\ud835\uddff\ud835\uddf6\ud835\uddee\ud835\uddf9\ud835\uddf2 \ud835\uddf1\ud835\ude02 \ud835\uddfd\ud835\uddff\ud835\uddfc\ud835\uddf7\ud835\uddf2\ud835\ude01 \ud835\uddf1\ud835\ude02 \ud835\uddf0\ud835\uddf2\ud835\uddfb\ud835\ude01\ud835\uddf2\ud835\uddfb\ud835\uddee\ud835\uddf6\ud835\uddff\ud835\uddf2. Des journaux de l&rsquo;\u00e9poque, des archives, des \u00e9tudes historiques et des entretiens r\u00e9cents, chaque page est soigneusement construite comme un espace de m\u00e9moire. Les images offrent un lieu de r\u00e9flexion sur des contextes politiques et diplomatiques, mais \u00e9galement sur des amiti\u00e9s sinc\u00e8res et des passions culturelles communes.<\/p>\n\n\n\n<p>Les pages illustr\u00e9es partent de quelques rep\u00e8res temporels principaux : l&rsquo;inauguration officielle de l&rsquo;Institut Fran\u00e7ais des Hautes \u00c9tudes en Roumanie en 1924, l&rsquo;ampleur des \u00e9v\u00e9nements d\u00e9di\u00e9s au livre fran\u00e7ais et aux soir\u00e9es musicales de l&rsquo;entre-deux-guerres, la pers\u00e9v\u00e9rance de l&rsquo;Institut durant les ann\u00e9es troubles de la guerre suivies de l&rsquo;instauration du r\u00e9gime communiste, et l&rsquo;ouverture de nouveaux horizons dans le r\u00e9seau francophone europ\u00e9en apr\u00e8s 1989. Autour de ces \u00e9v\u00e9nements, des d\u00e9tails essentiels sont mis en avant, comme les initiatives personnelles, les efforts des professeurs roumains et fran\u00e7ais pour pr\u00e9server les collections de livres pendant la censure communiste, ou l&rsquo;exposition r\u00e9trospective d&rsquo;art roumain au Jeu de Paume en 1925.<\/p>\n\n\n\n<p>Au-del\u00e0 du discours, la ligne d&rsquo;illustration permet une transition vers un r\u00e9pertoire imaginatif, entre certitude historique et curiosit\u00e9 pour de nouvelles perspectives, entre donn\u00e9es d&rsquo;archives et leur lecture dans des contextes contemporains.<\/p>\n\n\n\n<p>L&rsquo;exposition et l&rsquo;\u00e9dition illustr\u00e9e sont d\u00e9di\u00e9es \u00e0 ceux qui ont rendu possible la c\u00e9l\u00e9bration du centenaire de l&rsquo;une des institutions culturelles les plus connues du pays, une communaut\u00e9 d\u00e9vou\u00e9e de lecteurs et de cin\u00e9philes, t\u00e9moins d&rsquo;histoires et de souvenirs de substance diverse.<\/p>\n\n\n\n<p>Remerciements : Gabriela Anchidin, Sorin Anchidin, Iulia Armencea, Eufrozina B\u0103i\u021ban, C\u0103t\u0103lina B\u0103lan, Georgiana Iliescu, Germina Nag\u00e2\u021b, Nicoleta Radu, Gabriel Stoiciu, Alexandra Theodorescu, Sorina Vazelina, Liszt Institute.<\/p>\n\n\n\n<p class=\"has-vivid-cyan-blue-color has-text-color has-link-color wp-elements-29f7ad6df9074ef660fcdbf94c5d61d1\"><strong><em>PAGES<\/em> SCIENTIFIQUES de l&rsquo;histoire centenaire de l&rsquo;Institut fran\u00e7ais de Roumanie<\/strong><br>Articles scientifiques <\/p>\n\n\n\n<p class=\"has-black-color has-text-color has-link-color wp-elements-620e525f48277c3ce1013ec53cb69ca8\">Prof. univ. dr. Florin \u021aurcanu, lect. univ. Drago\u0219 Jipa, CS II dr. Ana-Maria Stan<\/p>\n\n\n\n<p><strong><mark style=\"background-color:#ffffff\" class=\"has-inline-color has-vivid-cyan-blue-color\">L&rsquo;histoire des 100 ans de l&rsquo;Institut fran\u00e7ais de Roumanie<\/mark><\/strong><\/p>\n\n\n\n<p><strong>1914-1924<\/strong><br><a href=\"https:\/\/institutfrancais.ro\/bucuresti\/fr\/1914-1924\/#\/\"><mark style=\"background-color:#ffffff\" class=\"has-inline-color has-vivid-cyan-blue-color\">https:\/\/institutfrancais.ro\/bucuresti\/fr\/1914-1924\/#\/<\/mark><\/a><\/p>\n\n\n\n<p><strong>1924-1932<\/strong><br><a href=\"https:\/\/institutfrancais.ro\/bucuresti\/fr\/1924-1932\/#\/\"><mark style=\"background-color:#ffffff\" class=\"has-inline-color has-vivid-cyan-blue-color\">https:\/\/institutfrancais.ro\/bucuresti\/fr\/1924-1932\/#\/<\/mark><\/a><\/p>\n\n\n\n<p><strong>1932-1940<\/strong><br><a href=\"https:\/\/institutfrancais.ro\/bucuresti\/fr\/1932-1940\/#\/\"><mark style=\"background-color:#ffffff\" class=\"has-inline-color has-vivid-cyan-blue-color\">https:\/\/institutfrancais.ro\/bucuresti\/fr\/1932-1940\/#\/<\/mark><\/a> <\/p>\n\n\n\n<p><strong>1940-1944<\/strong><br><a href=\"https:\/\/institutfrancais.ro\/bucuresti\/fr\/1940-1944\/#\/\"><mark style=\"background-color:#ffffff\" class=\"has-inline-color has-vivid-cyan-blue-color\">https:\/\/institutfrancais.ro\/bucuresti\/fr\/1940-1944\/#\/<\/mark><\/a><\/p>\n\n\n\n<p><strong>1945-1948<\/strong><br><a href=\"https:\/\/institutfrancais.ro\/bucuresti\/fr\/1945-1948\/#\/\"><mark style=\"background-color:#ffffff\" class=\"has-inline-color has-vivid-cyan-blue-color\">https:\/\/institutfrancais.ro\/bucuresti\/fr\/1945-1948\/#\/<\/mark><\/a><\/p>\n\n\n\n<p><strong>1950-1968<\/strong><br><a href=\"https:\/\/institutfrancais.ro\/bucuresti\/fr\/1950-1968\/#\/\"><mark style=\"background-color:#ffffff\" class=\"has-inline-color has-vivid-cyan-blue-color\">https:\/\/institutfrancais.ro\/bucuresti\/fr\/1950-1968\/#\/<\/mark><\/a><\/p>\n\n\n\n<p><strong>1968-1989<\/strong><br><a href=\"https:\/\/institutfrancais.ro\/bucuresti\/fr\/1968-1989\/#\/\"><mark style=\"background-color:#ffffff\" class=\"has-inline-color has-vivid-cyan-blue-color\">https:\/\/institutfrancais.ro\/bucuresti\/fr\/1968-1989\/#\/<\/mark><\/a><\/p>\n\n\n\n<p><strong>1989-2024<\/strong><br><a href=\"https:\/\/institutfrancais.ro\/bucuresti\/fr\/1989-2024\/#\/\"><mark style=\"background-color:#ffffff\" class=\"has-inline-color has-vivid-cyan-blue-color\">https:\/\/institutfrancais.ro\/bucuresti\/fr\/1989-2024\/#\/<\/mark><\/a><br><br><a href=\"https:\/\/institutfrancais.ro\/bucuresti\/wp-content\/uploads\/sites\/2\/2024\/05\/Pages-illustrees-de-lhistoire-centenaire-de-lInstitut-francais-de-Roumanie-1-1.pdf\"><mark style=\"background-color:#ffffff\" class=\"has-inline-color has-vivid-cyan-blue-color\"><strong>\u00ab Pages illustr\u00e9es de l&rsquo;histoire centenaire de l\u2019Institut fran\u00e7ais de Roumanie \u00bb<\/strong><\/mark><\/a><\/p>\n\n\n\n<p><\/p>\n\n\n\n<p><\/p>\n\n\n\n<p><\/p>\n\n\n\n<p><\/p>\n\n\n\n<p><\/p>\n\n\n\n<p><\/p>\n\n\n\n<p><\/p>\n\n\n\n<p><\/p>\n\n\n\n<p><\/p>\n\n\n\n<p><\/p>\n\n\n\n<p><\/p>\n\n\n\n<p><\/p>\n\n\n\n<p><\/p>\n\n\n\n<p><\/p>\n","protected":false},"excerpt":{"rendered":"<p>En 2024, nous c\u00e9l\u00e9brons le Centenaire de l&rsquo;Institut fran\u00e7ais de Roumanie, fond\u00e9 \u00e0 Bucarest le 29 mai 1924 et pr\u00e9sent dans tout le pays depuis 1991 \u00e0 travers trois autres antennes \u00e0 Cluj-Napoca, Ia\u0219i et Timi\u0219oara. Cet anniversaire est l&rsquo;occasion de c\u00e9l\u00e9brer cent ans de coop\u00e9ration culturelle, artistique, acad\u00e9mique, \u00e9ducative et scientifique et de raconter [&hellip;]<\/p>\n","protected":false},"author":3,"featured_media":9339,"parent":0,"menu_order":0,"comment_status":"closed","ping_status":"closed","template":"","meta":{"footnotes":""},"class_list":["post-9270","page","type-page","status-publish","has-post-thumbnail","hentry"],"_links":{"self":[{"href":"https:\/\/institutfrancais.ro\/bucuresti\/fr\/wp-json\/wp\/v2\/pages\/9270","targetHints":{"allow":["GET"]}}],"collection":[{"href":"https:\/\/institutfrancais.ro\/bucuresti\/fr\/wp-json\/wp\/v2\/pages"}],"about":[{"href":"https:\/\/institutfrancais.ro\/bucuresti\/fr\/wp-json\/wp\/v2\/types\/page"}],"author":[{"embeddable":true,"href":"https:\/\/institutfrancais.ro\/bucuresti\/fr\/wp-json\/wp\/v2\/users\/3"}],"replies":[{"embeddable":true,"href":"https:\/\/institutfrancais.ro\/bucuresti\/fr\/wp-json\/wp\/v2\/comments?post=9270"}],"version-history":[{"count":10,"href":"https:\/\/institutfrancais.ro\/bucuresti\/fr\/wp-json\/wp\/v2\/pages\/9270\/revisions"}],"predecessor-version":[{"id":9454,"href":"https:\/\/institutfrancais.ro\/bucuresti\/fr\/wp-json\/wp\/v2\/pages\/9270\/revisions\/9454"}],"wp:featuredmedia":[{"embeddable":true,"href":"https:\/\/institutfrancais.ro\/bucuresti\/fr\/wp-json\/wp\/v2\/media\/9339"}],"wp:attachment":[{"href":"https:\/\/institutfrancais.ro\/bucuresti\/fr\/wp-json\/wp\/v2\/media?parent=9270"}],"curies":[{"name":"wp","href":"https:\/\/api.w.org\/{rel}","templated":true}]}}