{"id":9360,"date":"2024-05-27T09:32:57","date_gmt":"2024-05-27T09:32:57","guid":{"rendered":"https:\/\/institutfrancais.ro\/bucuresti\/1932-1940-les-annees-dupront\/"},"modified":"2024-06-07T11:49:24","modified_gmt":"2024-06-07T11:49:24","slug":"1932-1940","status":"publish","type":"page","link":"https:\/\/institutfrancais.ro\/bucuresti\/fr\/1932-1940\/","title":{"rendered":"1932-1940"},"content":{"rendered":"\n<p>On a parl\u00e9 de la p\u00e9riode du mandat d\u2019Alphonse Dupront \u00e0 la t\u00eate de l\u2019Institut Fran\u00e7ais comme d\u2019une \u00ab&nbsp;symphonie inachev\u00e9e&nbsp;\u00bb (Andr\u00e9 Godin). Dupront occupe non seulement une place \u00e9minente dans l\u2019histoire de l\u2019Institut mais tient aussi une place de choix dans l\u2019histoire intellectuelle de la Roumanie des ann\u00e9es 1930. Historien, \u00e9l\u00e8ve de l\u2019\u00c9cole Normale Sup\u00e9rieure et de l\u2019\u00c9cole Fran\u00e7aise de Rome, Dupront va se faire le promoteur d\u2019une \u00ab&nbsp;action spirituelle&nbsp;\u00bb capable de renouveler la pr\u00e9sence culturelle de la France dans une Roumanie o\u00f9 la mont\u00e9e du fascisme est doubl\u00e9e par une influence accrue de la propagande de l\u2019Italie mussolinienne et de l\u2019Allemagne nazie. D\u00e8s lors, l\u2019Institut Fran\u00e7ais devient un instrument pour faire barrage, au sein du monde intellectuel roumain, \u00e0 l\u2019action des propagandes culturelles inspir\u00e9es par Rome et Berlin.<\/p>\n\n\n\n<p>R\u00e9solument tourn\u00e9 vers l\u2019Universit\u00e9 roumaine, l\u2019Institut distribue un grand nombre de bourses annuelles \u00e0 des jeunes d\u00e9sireux de poursuivre des \u00e9tudes dans les universit\u00e9s fran\u00e7aises en finan\u00e7ant, en m\u00eame temps, des voyages d\u2019\u00e9tudes et des s\u00e9jours de courte dur\u00e9e en France pour des \u00e9tudiants et des professeurs roumains . Parmi les intellectuels Roumains qui b\u00e9n\u00e9ficient de la politique de bourses de l\u2019IF on rencontre Eug\u00e8ne Ionesco, \u00c9mile Cioran, Constantin Noica, Mihai \u0218ora, Alexandru Balaci, et bien d\u2019autres encore.<\/p>\n\n\n\n<p>Les \u00e9changes de conf\u00e9renciers entre les deux pays sont au centre des pr\u00e9occupations d\u2019Alphonse Dupront. Du c\u00f4t\u00e9 fran\u00e7ais ce sont, parmi d\u2019autres, Henri Focillon, le sp\u00e9cialiste des langues romanes Mario Roques, le philosophe L\u00e9on Brunschvicg, l\u2019\u00e9crivain Jules Romain ou le critique dramatique, metteur en sc\u00e8ne et directeur de th\u00e9\u00e2tre Jacques Copeau qui font le voyage \u00e0 Bucarest. Du c\u00f4t\u00e9 roumain, l\u2019Institut Fran\u00e7ais appuie les voyages en France de conf\u00e9renciers roumains parmi lesquels Emil Racovi\u021b\u0103, Dimitrie Gusti, le linguiste Sextil Pu\u0219cariu, l\u2019architecte George Matei Cantacuzino ou l\u2019\u00e9crivain Ion Marin Sadoveanu.<\/p>\n\n\n\n<p>En 1936, l\u2019Institut Fran\u00e7ais s\u2019installe dans son si\u00e8ge actuel, le beau b\u00e2timent de 77 Boulevard Dacia. Certaines de ses activit\u00e9s se d\u00e9roulent aussi dans d\u2019autres endroits, traditionnellement li\u00e9s aux manifestations culturelles bucarestoises comme la salle Dalles. La biblioth\u00e8que s\u2019agrandit de mani\u00e8re spectaculaire en d\u00e9nombrant plus de 32.000 ouvrages en 1943. Le renouvellement de la politique culturelle fran\u00e7aise en Roumanie passe aussi par l\u2019inauguration, sous les auspices de l\u2019Institut, de \u00ab&nbsp;la semaine du livre fran\u00e7ais&nbsp;\u00bb \u00e0 Bucarest, entre le 1<sup>er<\/sup> et le 8 d\u00e9cembre 1938, une action qui jouit d\u2019un grand succ\u00e8s.<\/p>\n\n\n\n<p>A travers une politique culturelle dynamique et diversifi\u00e9e qui inclut aussi nombre d\u2019activit\u00e9s\u00a0 r\u00e9guli\u00e8res, tr\u00e8s fr\u00e9quent\u00e9es, surtout par les \u00e9tudiants (les conf\u00e9rences, les enseignements de langue, de litt\u00e9rature et de civilisation fran\u00e7aise, etc.), l\u2019Institut Fran\u00e7ais de Bucarest devient, vers la fin des ann\u00e9es 1930, un des centres les plus importants de la vie intellectuelle de la capitale roumaine.<\/p>\n\n\n\n<p><strong>Bibliographie :<\/strong><\/p>\n\n\n\n<p>Gavin Bowd, <em>Paul Morand et la Roumanie<\/em>, Paris, L\u2019Harmattan, 2002<br>Gavin Bowd, <em>La France et la Roumanie communiste, <\/em>Paris, L\u2019Harmattan, 2009<br>Claudia-Florentina Dobre, \u00ab Quand r\u00eaver de la France menait \u00e0 la prison : le cas des d\u00e9tenues politiques du \u2018lot fran\u00e7ais\u2019 \u00bb, in Bogumil Jewsiewicki, Erika Nimis&nbsp; (dir.), <em>Exp\u00e9riences et m\u00e9moires. Partager en fran\u00e7ais la diversit\u00e9 du monde<\/em>, Paris, L\u2019Harmattan, 2008<br>Pompiliu Eliade, <em>Influen\u021ba francez\u0103 asupra spiritului public \u00een Rom\u00e2nia<\/em>, Bucure\u0219ti, Humanitas, 2000<br>Richard Edwards, <em>Bucure\u0219ti, bulevardul Dacia 77. O poveste franco-rom\u00e2n\u0103<\/em>, Humanitas, Bucure\u0219ti, 2016<br>Marcel Fontaine, &nbsp;<em>Jurnal de r\u0103zboi. Misiune \u00een Rom\u00e2nia. Noiembrie 1916\u2013aprilie 1918<\/em>, Bucure\u0219ti, Humanitas, 2016<br>Andr\u00e9 Godin, <em>Une passion roumaine. Histoire de l&rsquo;Institut Fran\u00e7ais de Hautes \u00c9tudes en Roumanie (1924-1948)<\/em>, Paris, L&rsquo;Harmattan, 1998<br>Irina Gridan, \u00ab Quel r\u00f4le pour les diplomates fran\u00e7ais \u00e0 Bucarest au temps de la d\u00e9satellisation? L\u2019exemple de Pierre Bouffanais \u00bb in F. Dessberg, A. Mares, I. Davion (dir.), <em>Militaires et diplomates fran\u00e7ais face \u00e0 l&rsquo;Europe m\u00e9diane. Entre mediations et constructions des savoirs<\/em>, Paris, Eur\u2019ORBEM Editions, 2017<br>Jean-No\u00ebl&nbsp;Grandhomme,&nbsp;<em>Le G\u00e9n\u00e9ral Berthelot et l&rsquo;action de la France en Roumanie et en Russie m\u00e9ridionale, 1916-1918&nbsp;: gen\u00e8se, aspects diplomatiques, militaires et culturels avec leurs incidences, prolongements et perspectives<\/em>, Ch\u00e2teau de Vincennes, Service historique de l&rsquo;arm\u00e9e de terre,&nbsp;1999<br>Jean-No\u00ebl Grandhomme, \u00ab La m\u00e9moire roumaine de la mission Berthelot (1918-2007) \u00bb in <a href=\"https:\/\/www.cairn.info\/revue-guerres-mondiales-et-conflits-contemporains.htm\"><em>Guerres mondiales et conflits contemporains<\/em><\/a>, <a href=\"https:\/\/www.cairn.info\/revue-guerres-mondiales-et-conflits-contemporains-2007-4.htm\">2007\/ 4 (n\u00b0 228)<\/a>, p. 23-35<br>Annie Gu\u00e9nard-Maget, <em>Une diplomatie culturelle dans les tensions internationales. La France en Europe centrale et orientale (1936-1940 \/ 1944-1951)<\/em>, Bruxelles, P.I.E. Peter Lang, 2014<br>Drago\u0219 Jipa, \u00ab De la diplomatie par l&rsquo;enseignement \u00e0 la diplomatie culturelle: la Mission universitaire fran\u00e7aise en Roumanie (1919-1948) \u00bb, in Fran\u00e7ois Chaubet, Charlotte Faucher et alii (dir.), <em>Histoire(s) de la diplomatie culturelle fran\u00e7aise \u2013 Du rayonnement \u00e0 l\u2019influence<\/em>, Toulouse, Ed. de l&rsquo;Attribut, 2024, p. 323-338<br>Drago\u0219 Jipa, \u00ab Francophonie et sciences sociales en Roumanie post-communiste. Convergences et recompositions autour de l\u2019\u00c9cole doctorale r\u00e9gionale de Bucarest (1994-2007) \u00bb, <em>Relations internationales<\/em>, Presses Universitaires de France, 1\/2022, no. 189, p.51-66<br>Rose-Marie Lagrave, <em>Voyage aux pays d&rsquo;une utopie d\u00e9chue : plaidoyer pour l&rsquo;Europe centrale<\/em>, Paris, PUF, 1998<br>Stefan Lemny, <em>Alphonse Dupront: de la Roumanie. Textes suivis d\u2019une correspondance avec Emil Cioran, Mircea Eliade et Eug\u00e8ne Ionesco<\/em>, Presses de l\u2019INALCO, Paris, 2023<br>Jean Mouton, <em>Journal de Roumanie, 29 ao\u00fbt 1939-19 mars 1946. La II<sup>e <\/sup>guerre mondiale vue de l\u2019Est,<\/em> Lausanne, Editions L\u2019Age d\u2019Homme, 1991<br>Tiphaine Samoyault, <em>Roland Barthes<\/em>, Paris, Seuil, 2015<br>Traian Sandu, <em>La Grande Roumanie alli\u00e9e de la France&nbsp;: une p\u00e9rip\u00e9tie diplomatique des ann\u00e9es folles ? (1919-1933)<\/em>, Paris, L\u2019Harmattan, 1999<br>Ana-Maria Stan, <em>La France de Vichy et la Roumanie (1940-1944). Collaboration et conflits, <\/em>Cluj-Napoca, Centre d\u2019\u00c9tudes Transylvaines, Acad\u00e9mie Roumaine, 2007<br>Ana-Maria Stan, \u00ab&nbsp;<em>Aspects de la R\u00e9sistance fran\u00e7aise en Roumanie apr\u00e8s 1940. Diplomates, enseignants et \u00e9crivains&nbsp;\u00bb <\/em>in Mathieu Dubois, Renaud Meltz (dir.) <em>De part et d\u2019autre du Danube. L\u2019Allemagne, l\u2019Autriche et les Balkans, de 1815 \u00e0 nos jours. M\u00e9langes en l\u2019honneur du professeur Jean-Paul Bled<\/em>, Paris, Presses de l\u2019Universit\u00e9 Paris-Sorbonne, 2015, pp. 131-145<br>Ana-Maria Stan, \u00ab&nbsp; (Re)conqu\u00e9rir l\u2019Europe centrale par la culture et l\u2019enseignement apr\u00e8s la Grande Guerre : le cas roumain 1919-1924&nbsp;\u00bb, in Jean-Paul Bled et Jean-Pierre Deschodt (dir.) &#8211; <em>Les cons\u00e9quences de la Grande Guerre 1919-1923, <\/em>Paris, \u00c9ditions SPM, 2020<br>Orest Tafrali<em>,&nbsp;Propaganda rom\u00e2neasc\u0103&nbsp;\u00een str\u0103in\u0103tate<\/em>, Craiova, Editura Ramuri, 1920<br>Glenn E.&nbsp;Torrey,&nbsp;<em>General Henri Berthelot and Romania&nbsp;: M\u00e9moires et Correspondance 1916-1919<\/em>, Boulder, East European Monographs,&nbsp;1987<br>Florin \u021aurcanu, \u00ab Voyages d\u2019intellectuels fran\u00e7ais dans la Roumanie des ann\u00e9es 1920 \u00bb in <em>20 &amp; 21. Revue d&rsquo;histoire<\/em>, N\u00b0 152, octobre-d\u00e9cembre 2021<\/p>\n\n\n\n<p><\/p>\n","protected":false},"excerpt":{"rendered":"<p>On a parl\u00e9 de la p\u00e9riode du mandat d\u2019Alphonse Dupront \u00e0 la t\u00eate de l\u2019Institut Fran\u00e7ais comme d\u2019une \u00ab&nbsp;symphonie inachev\u00e9e&nbsp;\u00bb (Andr\u00e9 Godin). Dupront occupe non seulement une place \u00e9minente dans l\u2019histoire de l\u2019Institut mais tient aussi une place de choix dans l\u2019histoire intellectuelle de la Roumanie des ann\u00e9es 1930. Historien, \u00e9l\u00e8ve de l\u2019\u00c9cole Normale Sup\u00e9rieure [&hellip;]<\/p>\n","protected":false},"author":3,"featured_media":9339,"parent":0,"menu_order":0,"comment_status":"closed","ping_status":"closed","template":"","meta":{"footnotes":""},"class_list":["post-9360","page","type-page","status-publish","has-post-thumbnail","hentry"],"_links":{"self":[{"href":"https:\/\/institutfrancais.ro\/bucuresti\/fr\/wp-json\/wp\/v2\/pages\/9360","targetHints":{"allow":["GET"]}}],"collection":[{"href":"https:\/\/institutfrancais.ro\/bucuresti\/fr\/wp-json\/wp\/v2\/pages"}],"about":[{"href":"https:\/\/institutfrancais.ro\/bucuresti\/fr\/wp-json\/wp\/v2\/types\/page"}],"author":[{"embeddable":true,"href":"https:\/\/institutfrancais.ro\/bucuresti\/fr\/wp-json\/wp\/v2\/users\/3"}],"replies":[{"embeddable":true,"href":"https:\/\/institutfrancais.ro\/bucuresti\/fr\/wp-json\/wp\/v2\/comments?post=9360"}],"version-history":[{"count":4,"href":"https:\/\/institutfrancais.ro\/bucuresti\/fr\/wp-json\/wp\/v2\/pages\/9360\/revisions"}],"predecessor-version":[{"id":9602,"href":"https:\/\/institutfrancais.ro\/bucuresti\/fr\/wp-json\/wp\/v2\/pages\/9360\/revisions\/9602"}],"wp:featuredmedia":[{"embeddable":true,"href":"https:\/\/institutfrancais.ro\/bucuresti\/fr\/wp-json\/wp\/v2\/media\/9339"}],"wp:attachment":[{"href":"https:\/\/institutfrancais.ro\/bucuresti\/fr\/wp-json\/wp\/v2\/media?parent=9360"}],"curies":[{"name":"wp","href":"https:\/\/api.w.org\/{rel}","templated":true}]}}