{"id":9387,"date":"2024-05-27T11:43:47","date_gmt":"2024-05-27T11:43:47","guid":{"rendered":"https:\/\/institutfrancais.ro\/bucuresti\/1968-1989\/"},"modified":"2024-06-07T11:52:27","modified_gmt":"2024-06-07T11:52:27","slug":"1968-1989","status":"publish","type":"page","link":"https:\/\/institutfrancais.ro\/bucuresti\/fr\/1968-1989\/","title":{"rendered":"1968-1989"},"content":{"rendered":"\n<p>&nbsp;<strong>Suite \u00e0 la visite du pr\u00e9sident Charles de Gaulle (1968), l\u2019activit\u00e9 culturelle fran\u00e7aise en Roumanie prend un nouvel essor, symbolis\u00e9 par l\u2019ouverture en janvier 1970 de la Biblioth\u00e8que fran\u00e7aise dans les immeubles de l\u2019ancien Institut Fran\u00e7ais, boulevard Dacia. La coop\u00e9ration et les \u00e9changes se d\u00e9roulent toutefois sous des contraintes et sous une surveillance de plus en plus stricte, \u00e0 mesure que le r\u00e9gime de Nicolae Ceau\u0219escu durcit son emprise sur la soci\u00e9t\u00e9.<\/strong><\/p>\n\n\n\n<p>La Biblioth\u00e8que fran\u00e7aise a trouv\u00e9 rapidement une place importante dans la vie culturelle bucarestoise, par l\u2019offre des livres disponibles, par les manifestations culturelles organis\u00e9es (conf\u00e9rences, expositions, r\u00e9citals, projections de films), par la diffusion des publications et par l\u2019organisation des cours de civilisation fran\u00e7aise et de perfectionnement pour les professeurs. L\u2019inauguration de la salle de cin\u00e9ma en 1979, tout comme l\u2019ouverture d\u2019une salle de documentation p\u00e9dagogique et l\u2019augmentation du nombre des lecteurs dans les universit\u00e9s ont confirm\u00e9 l\u2019importance de l\u2019enseignement de la langue dans l\u2019action culturelle de la France.<\/p>\n\n\n\n<p>Si le public d\u2019un certain \u00e2ge appr\u00e9cie la reprise d\u2019une tradition d\u2019avant l\u2019instauration du r\u00e9gime communiste, l\u2019offre de la Biblioth\u00e8que s\u2019adresse \u00e9galement aux jeunes g\u00e9n\u00e9rations et touche aussi les domaines scientifiques et techniques, pr\u00e9vus dans l\u2019accord de 1966 et dans les programmes de coop\u00e9ration \u00e9tablis par les commissions mixtes successives.&nbsp; A la m\u00eame \u00e9poque, les contacts acad\u00e9miques s&rsquo;intensifient, avec &#8211; entre autres &#8211; un important colloque franco-roumain d\u2019histoire en 1969, occasion pour Alphonse Dupront de revenir en Roumanie, accompagn\u00e9 de Georges Duby, Pierre Chaunu et Fran\u00e7ois Furet.<\/p>\n\n\n\n<p>L\u2019acc\u00e8s du public, en th\u00e9orie \u00ab libre \u00bb, est n\u00e9anmoins de plus en plus surveill\u00e9. Selon l\u2019accord qui stipule l\u2019ouverture de la Biblioth\u00e8que fran\u00e7aise \u00e0 Bucarest, celle-ci fonctionne sous le contr\u00f4le du Conseil de la Culture et de l\u2019\u00c9ducation Socialiste (qui donne l\u2019avis sur la composition des fonds de mat\u00e9riels culturels et le programme d\u2019activit\u00e9s) et ne peut pas \u00eatre utilis\u00e9e par le personnel de la mission diplomatique fran\u00e7aise. C\u2019est non seulement une diff\u00e9rence de traitement, par comparaison avec les autres biblioth\u00e8ques \u00e9trang\u00e8res \u00e0 Bucarest (am\u00e9ricaine, britannique, allemande), mais aussi le signe de son importance aux yeux du r\u00e9gime. <\/p>\n\n\n\n<p>La police politique de Nicolae Ceau\u0219escu veut emp\u00eacher \u00ab l\u2019endoctrinement et la diversion id\u00e9ologique \u00bb et dissuade par tous les moyens sa fr\u00e9quentation. La <em>Securitate<\/em> donne ou refuse la permission pour que les intellectuels roumains invit\u00e9s par la Biblioth\u00e8que participent aux diff\u00e9rents \u00e9v\u00e8nements culturels organis\u00e9s entre ses murs. Dans ce contexte, le contact avec les lecteurs fran\u00e7ais dans les universit\u00e9s devient tr\u00e8s important, ceux-ci \u00e9tant parfois les \u00ab complices \u00bb des dissidents au r\u00e9gime, comme dans le cas du&nbsp; \u201cgroupe de Ia\u0219i\u201d, au d\u00e9but des ann\u00e9es 1980.<\/p>\n\n\n\n<p><strong>Bibliographie :<\/strong><\/p>\n\n\n\n<p>Gavin Bowd, <em>Paul Morand et la Roumanie<\/em>, Paris, L\u2019Harmattan, 2002<br>Gavin Bowd, <em>La France et la Roumanie communiste, <\/em>Paris, L\u2019Harmattan, 2009<br>Claudia-Florentina Dobre, \u00ab Quand r\u00eaver de la France menait \u00e0 la prison : le cas des d\u00e9tenues politiques du \u2018lot fran\u00e7ais\u2019 \u00bb, in Bogumil Jewsiewicki, Erika Nimis&nbsp; (dir.), <em>Exp\u00e9riences et m\u00e9moires. Partager en fran\u00e7ais la diversit\u00e9 du monde<\/em>, Paris, L\u2019Harmattan, 2008<br>Pompiliu Eliade, <em>Influen\u021ba francez\u0103 asupra spiritului public \u00een Rom\u00e2nia<\/em>, Bucure\u0219ti, Humanitas, 2000<br>Richard Edwards, <em>Bucure\u0219ti, bulevardul Dacia 77. O poveste franco-rom\u00e2n\u0103<\/em>, Humanitas, Bucure\u0219ti, 2016<br>Marcel Fontaine, &nbsp;<em>Jurnal de r\u0103zboi. Misiune \u00een Rom\u00e2nia. Noiembrie 1916\u2013aprilie 1918<\/em>, Bucure\u0219ti, Humanitas, 2016<br>Andr\u00e9 Godin, <em>Une passion roumaine. Histoire de l&rsquo;Institut Fran\u00e7ais de Hautes \u00c9tudes en Roumanie (1924-1948)<\/em>, Paris, L&rsquo;Harmattan, 1998<br>Irina Gridan, \u00ab Quel r\u00f4le pour les diplomates fran\u00e7ais \u00e0 Bucarest au temps de la d\u00e9satellisation? L\u2019exemple de Pierre Bouffanais \u00bb in F. Dessberg, A. Mares, I. Davion (dir.), <em>Militaires et diplomates fran\u00e7ais face \u00e0 l&rsquo;Europe m\u00e9diane. Entre mediations et constructions des savoirs<\/em>, Paris, Eur\u2019ORBEM Editions, 2017<br>Jean-No\u00ebl&nbsp;Grandhomme,&nbsp;<em>Le G\u00e9n\u00e9ral Berthelot et l&rsquo;action de la France en Roumanie et en Russie m\u00e9ridionale, 1916-1918&nbsp;: gen\u00e8se, aspects diplomatiques, militaires et culturels avec leurs incidences, prolongements et perspectives<\/em>, Ch\u00e2teau de Vincennes, Service historique de l&rsquo;arm\u00e9e de terre,&nbsp;1999<br>Jean-No\u00ebl Grandhomme, \u00ab La m\u00e9moire roumaine de la mission Berthelot (1918-2007) \u00bb in <a href=\"https:\/\/www.cairn.info\/revue-guerres-mondiales-et-conflits-contemporains.htm\"><em>Guerres mondiales et conflits contemporains<\/em><\/a>, <a href=\"https:\/\/www.cairn.info\/revue-guerres-mondiales-et-conflits-contemporains-2007-4.htm\">2007\/ 4 (n\u00b0 228)<\/a>, p. 23-35<br>Annie Gu\u00e9nard-Maget, <em>Une diplomatie culturelle dans les tensions internationales. La France en Europe centrale et orientale (1936-1940 \/ 1944-1951)<\/em>, Bruxelles, P.I.E. Peter Lang, 2014<br>Drago\u0219 Jipa, \u00ab De la diplomatie par l&rsquo;enseignement \u00e0 la diplomatie culturelle: la Mission universitaire fran\u00e7aise en Roumanie (1919-1948) \u00bb, in Fran\u00e7ois Chaubet, Charlotte Faucher et alii (dir.), <em>Histoire(s) de la diplomatie culturelle fran\u00e7aise \u2013 Du rayonnement \u00e0 l\u2019influence<\/em>, Toulouse, Ed. de l&rsquo;Attribut, 2024, p. 323-338<br>Drago\u0219 Jipa, \u00ab Francophonie et sciences sociales en Roumanie post-communiste. Convergences et recompositions autour de l\u2019\u00c9cole doctorale r\u00e9gionale de Bucarest (1994-2007) \u00bb, <em>Relations internationales<\/em>, Presses Universitaires de France, 1\/2022, no. 189, p.51-66<br>Rose-Marie Lagrave, <em>Voyage aux pays d&rsquo;une utopie d\u00e9chue : plaidoyer pour l&rsquo;Europe centrale<\/em>, Paris, PUF, 1998<br>Stefan Lemny, <em>Alphonse Dupront: de la Roumanie. Textes suivis d\u2019une correspondance avec Emil Cioran, Mircea Eliade et Eug\u00e8ne Ionesco<\/em>, Presses de l\u2019INALCO, Paris, 2023<br>Jean Mouton, <em>Journal de Roumanie, 29 ao\u00fbt 1939-19 mars 1946. La II<sup>e <\/sup>guerre mondiale vue de l\u2019Est,<\/em> Lausanne, Editions L\u2019Age d\u2019Homme, 1991<br>Tiphaine Samoyault, <em>Roland Barthes<\/em>, Paris, Seuil, 2015<br>Traian Sandu, <em>La Grande Roumanie alli\u00e9e de la France&nbsp;: une p\u00e9rip\u00e9tie diplomatique des ann\u00e9es folles ? (1919-1933)<\/em>, Paris, L\u2019Harmattan, 1999<br>Ana-Maria Stan, <em>La France de Vichy et la Roumanie (1940-1944). Collaboration et conflits, <\/em>Cluj-Napoca, Centre d\u2019\u00c9tudes Transylvaines, Acad\u00e9mie Roumaine, 2007<br>Ana-Maria Stan, \u00ab&nbsp;<em>Aspects de la R\u00e9sistance fran\u00e7aise en Roumanie apr\u00e8s 1940. Diplomates, enseignants et \u00e9crivains&nbsp;\u00bb <\/em>in Mathieu Dubois, Renaud Meltz (dir.) <em>De part et d\u2019autre du Danube. L\u2019Allemagne, l\u2019Autriche et les Balkans, de 1815 \u00e0 nos jours. M\u00e9langes en l\u2019honneur du professeur Jean-Paul Bled<\/em>, Paris, Presses de l\u2019Universit\u00e9 Paris-Sorbonne, 2015, pp. 131-145<br>Ana-Maria Stan, \u00ab&nbsp; (Re)conqu\u00e9rir l\u2019Europe centrale par la culture et l\u2019enseignement apr\u00e8s la Grande Guerre : le cas roumain 1919-1924&nbsp;\u00bb, in Jean-Paul Bled et Jean-Pierre Deschodt (dir.) &#8211; <em>Les cons\u00e9quences de la Grande Guerre 1919-1923, <\/em>Paris, \u00c9ditions SPM, 2020<br>Orest Tafrali<em>,&nbsp;Propaganda rom\u00e2neasc\u0103&nbsp;\u00een str\u0103in\u0103tate<\/em>, Craiova, Editura Ramuri, 1920<br>Glenn E.&nbsp;Torrey,&nbsp;<em>General Henri Berthelot and Romania&nbsp;: M\u00e9moires et Correspondance 1916-1919<\/em>, Boulder, East European Monographs,&nbsp;1987<br>Florin \u021aurcanu, \u00ab Voyages d\u2019intellectuels fran\u00e7ais dans la Roumanie des ann\u00e9es 1920 \u00bb in <em>20 &amp; 21. Revue d&rsquo;histoire<\/em>, N\u00b0 152, octobre-d\u00e9cembre 2021<\/p>\n","protected":false},"excerpt":{"rendered":"<p>&nbsp;Suite \u00e0 la visite du pr\u00e9sident Charles de Gaulle (1968), l\u2019activit\u00e9 culturelle fran\u00e7aise en Roumanie prend un nouvel essor, symbolis\u00e9 par l\u2019ouverture en janvier 1970 de la Biblioth\u00e8que fran\u00e7aise dans les immeubles de l\u2019ancien Institut Fran\u00e7ais, boulevard Dacia. La coop\u00e9ration et les \u00e9changes se d\u00e9roulent toutefois sous des contraintes et sous une surveillance de plus [&hellip;]<\/p>\n","protected":false},"author":3,"featured_media":9339,"parent":0,"menu_order":0,"comment_status":"closed","ping_status":"closed","template":"","meta":{"footnotes":""},"class_list":["post-9387","page","type-page","status-publish","has-post-thumbnail","hentry"],"_links":{"self":[{"href":"https:\/\/institutfrancais.ro\/bucuresti\/fr\/wp-json\/wp\/v2\/pages\/9387","targetHints":{"allow":["GET"]}}],"collection":[{"href":"https:\/\/institutfrancais.ro\/bucuresti\/fr\/wp-json\/wp\/v2\/pages"}],"about":[{"href":"https:\/\/institutfrancais.ro\/bucuresti\/fr\/wp-json\/wp\/v2\/types\/page"}],"author":[{"embeddable":true,"href":"https:\/\/institutfrancais.ro\/bucuresti\/fr\/wp-json\/wp\/v2\/users\/3"}],"replies":[{"embeddable":true,"href":"https:\/\/institutfrancais.ro\/bucuresti\/fr\/wp-json\/wp\/v2\/comments?post=9387"}],"version-history":[{"count":2,"href":"https:\/\/institutfrancais.ro\/bucuresti\/fr\/wp-json\/wp\/v2\/pages\/9387\/revisions"}],"predecessor-version":[{"id":9608,"href":"https:\/\/institutfrancais.ro\/bucuresti\/fr\/wp-json\/wp\/v2\/pages\/9387\/revisions\/9608"}],"wp:featuredmedia":[{"embeddable":true,"href":"https:\/\/institutfrancais.ro\/bucuresti\/fr\/wp-json\/wp\/v2\/media\/9339"}],"wp:attachment":[{"href":"https:\/\/institutfrancais.ro\/bucuresti\/fr\/wp-json\/wp\/v2\/media?parent=9387"}],"curies":[{"name":"wp","href":"https:\/\/api.w.org\/{rel}","templated":true}]}}