{"id":9393,"date":"2024-05-27T11:51:47","date_gmt":"2024-05-27T11:51:47","guid":{"rendered":"https:\/\/institutfrancais.ro\/bucuresti\/1989-present\/"},"modified":"2024-06-07T11:52:47","modified_gmt":"2024-06-07T11:52:47","slug":"1989-2024","status":"publish","type":"page","link":"https:\/\/institutfrancais.ro\/bucuresti\/fr\/1989-2024\/","title":{"rendered":"1989-2024"},"content":{"rendered":"\n<p><strong>Apr\u00e8s la chute du r\u00e9gime communiste en 1989, la Biblioth\u00e8que reprend son nom traditionnel, d\u2019Institut Fran\u00e7ais de Bucarest, et accompagne la soci\u00e9t\u00e9 roumaine dans son processus de d\u00e9mocratisation et d\u2019europ\u00e9anisation. La diplomatie culturelle fran\u00e7aise contribue autant \u00e0 la promotion de la culture fran\u00e7aise sur le plan local qu\u2019\u00e0 l\u2019int\u00e9gration de la culture roumaine dans le contexte culturel europ\u00e9en, en appuyant les nouvelles formes artistiques, et reprend la dimension scientifique et universitaire (\u00ab Hautes \u00c9tudes \u00bb) qui avait \u00e9t\u00e9 celle de l\u2019Institut au moment de sa fondation.<\/strong><\/p>\n\n\n\n<p>Apr\u00e8s 1989, l\u2019Institut devient un vrai centre culturel, avec une biblioth\u00e8que et une m\u00e9diath\u00e8que, un \u00ab Espace cours de langue \u00bb o\u00f9 on organise aussi des examens pour le DALF et le DELF, une salle de cin\u00e9ma, un bistrot parisien, etc. Dans l&rsquo;effervescence de son nouveau r\u00f4le, une nouvelle revue, \u00ab L&rsquo;Invitation \u00bb, voit le jour en 1994 \u00e0 l&rsquo;initiative de Norbert Dodille, avec la contribution de plusieurs intellectuels roumains dont Elena \u0218tefoi et Andrei Ple\u0219u. L\u2019Institut soutient de nombreuses manifestations comme des colloques internationaux (\u00ab Eugen Ionescu \u00bb, 1995), des festivals de film annuels (fran\u00e7ais, europ\u00e9en), des concerts de musique, des expositions (\u00ab Lumi\u00e8res et ombres \u00bb, 2005), des spectacles de th\u00e9\u00e2tre et de danse.&nbsp; <\/p>\n\n\n\n<p>Il a \u00e9galement accompagn\u00e9 la nouvelle vague du cin\u00e9ma roumain, en appuyant le festival \u00ab Les Films de Cannes \u00e0 Bucarest \u00bb depuis 2009, la passion roumaine pour la litt\u00e9rature fran\u00e7aise contemporaine en organisant \u00ab Le Prix Goncourt \u2013 le choix de la Roumanie \u00bb depuis 2013, a appuy\u00e9 la participation roumaine au festival \u00ab Les Belles \u00c9trang\u00e8res \u00bb (2005) et a \u00e9t\u00e9 un acteur essentiel de la Saison France-Roumanie (2019) et de l\u2019exposition \u00ab Br\u00e2ncu\u0219i \u00bb (2023).&nbsp;<\/p>\n\n\n\n<p>Sous la direction de Norbert Dodille, l\u2019Institut Fran\u00e7ais se trouve \u00e9galement au c\u0153ur des d\u00e9marches de modernisation de l\u2019universit\u00e9 roumaine pendant les premi\u00e8res ann\u00e9es de la transition post-communiste. Il joue un r\u00f4le essentiel dans l\u2019accueil des ateliers de sciences sociales organis\u00e9s avec l\u2019\u00c9coles des hautes \u00e9tudes en sciences sociales de Paris, dans la fondation de la Facult\u00e9 Internationale des Sciences Humaines (actuelle Facult\u00e9 de Sciences Politiques de Bucarest) et du Coll\u00e8ge Juridique franco-roumain, dans le soutien de l\u2019\u00c9cole Doctorale Francophone en Sciences Sociales organis\u00e9e par l\u2019AUF et dans le soutien des fili\u00e8res francophones de licence et de master. En m\u00eame temps, le programme des Bourses du Gouvernement Fran\u00e7ais permet la formation en France des nouvelles g\u00e9n\u00e9rations d\u2019enseignants-chercheurs qui contribuent \u00e0 une nouvelle vie de la francophonie scientifique et universitaire roumaine. <\/p>\n\n\n\n<p>En 2012, l\u2019Institut Fran\u00e7ais et l\u2019Universit\u00e9 de Bucarest mettent les bases du Centre R\u00e9gional Francophone d\u2019\u00c9tudes Avanc\u00e9es en Sciences Sociales (CEREFREA) \u00e0 la Villa No\u00ebl, un centre \u00e0 vocation r\u00e9gionale avec un r\u00f4le f\u00e9d\u00e9rateur pour les programmes francophones universitaires.&nbsp; &nbsp;<\/p>\n\n\n\n<p>Le bilan de l&rsquo;activit\u00e9 de l\u2019Institut Fran\u00e7ais, pendant ses cent ans d&rsquo;activit\u00e9 en Roumanie est donc tr\u00e8s riche et important pour la soci\u00e9t\u00e9 roumaine et augure un futur tout aussi prometteur.<\/p>\n\n\n\n<p><strong>Bibliographie :<\/strong><\/p>\n\n\n\n<p>Gavin Bowd, <em>Paul Morand et la Roumanie<\/em>, Paris, L\u2019Harmattan, 2002<br>Gavin Bowd, <em>La France et la Roumanie communiste, <\/em>Paris, L\u2019Harmattan, 2009<br>Claudia-Florentina Dobre, \u00ab Quand r\u00eaver de la France menait \u00e0 la prison : le cas des d\u00e9tenues politiques du \u2018lot fran\u00e7ais\u2019 \u00bb, in Bogumil Jewsiewicki, Erika Nimis&nbsp; (dir.), <em>Exp\u00e9riences et m\u00e9moires. Partager en fran\u00e7ais la diversit\u00e9 du monde<\/em>, Paris, L\u2019Harmattan, 2008<br>Pompiliu Eliade, <em>Influen\u021ba francez\u0103 asupra spiritului public \u00een Rom\u00e2nia<\/em>, Bucure\u0219ti, Humanitas, 2000<br>Richard Edwards, <em>Bucure\u0219ti, bulevardul Dacia 77. O poveste franco-rom\u00e2n\u0103<\/em>, Humanitas, Bucure\u0219ti, 2016<br>Marcel Fontaine, &nbsp;<em>Jurnal de r\u0103zboi. Misiune \u00een Rom\u00e2nia. Noiembrie 1916\u2013aprilie 1918<\/em>, Bucure\u0219ti, Humanitas, 2016<br>Andr\u00e9 Godin, <em>Une passion roumaine. Histoire de l&rsquo;Institut Fran\u00e7ais de Hautes \u00c9tudes en Roumanie (1924-1948)<\/em>, Paris, L&rsquo;Harmattan, 1998<br>Irina Gridan, \u00ab Quel r\u00f4le pour les diplomates fran\u00e7ais \u00e0 Bucarest au temps de la d\u00e9satellisation? L\u2019exemple de Pierre Bouffanais \u00bb in F. Dessberg, A. Mares, I. Davion (dir.), <em>Militaires et diplomates fran\u00e7ais face \u00e0 l&rsquo;Europe m\u00e9diane. Entre mediations et constructions des savoirs<\/em>, Paris, Eur\u2019ORBEM Editions, 2017<br>Jean-No\u00ebl&nbsp;Grandhomme,&nbsp;<em>Le G\u00e9n\u00e9ral Berthelot et l&rsquo;action de la France en Roumanie et en Russie m\u00e9ridionale, 1916-1918&nbsp;: gen\u00e8se, aspects diplomatiques, militaires et culturels avec leurs incidences, prolongements et perspectives<\/em>, Ch\u00e2teau de Vincennes, Service historique de l&rsquo;arm\u00e9e de terre,&nbsp;1999<br>Jean-No\u00ebl Grandhomme, \u00ab La m\u00e9moire roumaine de la mission Berthelot (1918-2007) \u00bb in <a href=\"https:\/\/www.cairn.info\/revue-guerres-mondiales-et-conflits-contemporains.htm\"><em>Guerres mondiales et conflits contemporains<\/em><\/a>, <a href=\"https:\/\/www.cairn.info\/revue-guerres-mondiales-et-conflits-contemporains-2007-4.htm\">2007\/ 4 (n\u00b0 228)<\/a>, p. 23-35<br>Annie Gu\u00e9nard-Maget, <em>Une diplomatie culturelle dans les tensions internationales. La France en Europe centrale et orientale (1936-1940 \/ 1944-1951)<\/em>, Bruxelles, P.I.E. Peter Lang, 2014<br>Drago\u0219 Jipa, \u00ab De la diplomatie par l&rsquo;enseignement \u00e0 la diplomatie culturelle: la Mission universitaire fran\u00e7aise en Roumanie (1919-1948) \u00bb, in Fran\u00e7ois Chaubet, Charlotte Faucher et alii (dir.), <em>Histoire(s) de la diplomatie culturelle fran\u00e7aise \u2013 Du rayonnement \u00e0 l\u2019influence<\/em>, Toulouse, Ed. de l&rsquo;Attribut, 2024, p. 323-338<br>Drago\u0219 Jipa, \u00ab Francophonie et sciences sociales en Roumanie post-communiste. Convergences et recompositions autour de l\u2019\u00c9cole doctorale r\u00e9gionale de Bucarest (1994-2007) \u00bb, <em>Relations internationales<\/em>, Presses Universitaires de France, 1\/2022, no. 189, p.51-66<br>Rose-Marie Lagrave, <em>Voyage aux pays d&rsquo;une utopie d\u00e9chue : plaidoyer pour l&rsquo;Europe centrale<\/em>, Paris, PUF, 1998<br>Stefan Lemny, <em>Alphonse Dupront: de la Roumanie. Textes suivis d\u2019une correspondance avec Emil Cioran, Mircea Eliade et Eug\u00e8ne Ionesco<\/em>, Presses de l\u2019INALCO, Paris, 2023<br>Jean Mouton, <em>Journal de Roumanie, 29 ao\u00fbt 1939-19 mars 1946. La II<sup>e <\/sup>guerre mondiale vue de l\u2019Est,<\/em> Lausanne, Editions L\u2019Age d\u2019Homme, 1991<br>Tiphaine Samoyault, <em>Roland Barthes<\/em>, Paris, Seuil, 2015<br>Traian Sandu, <em>La Grande Roumanie alli\u00e9e de la France&nbsp;: une p\u00e9rip\u00e9tie diplomatique des ann\u00e9es folles ? (1919-1933)<\/em>, Paris, L\u2019Harmattan, 1999<br>Ana-Maria Stan, <em>La France de Vichy et la Roumanie (1940-1944). Collaboration et conflits, <\/em>Cluj-Napoca, Centre d\u2019\u00c9tudes Transylvaines, Acad\u00e9mie Roumaine, 2007<br>Ana-Maria Stan, \u00ab&nbsp;<em>Aspects de la R\u00e9sistance fran\u00e7aise en Roumanie apr\u00e8s 1940. Diplomates, enseignants et \u00e9crivains&nbsp;\u00bb <\/em>in Mathieu Dubois, Renaud Meltz (dir.) <em>De part et d\u2019autre du Danube. L\u2019Allemagne, l\u2019Autriche et les Balkans, de 1815 \u00e0 nos jours. M\u00e9langes en l\u2019honneur du professeur Jean-Paul Bled<\/em>, Paris, Presses de l\u2019Universit\u00e9 Paris-Sorbonne, 2015, pp. 131-145<br>Ana-Maria Stan, \u00ab&nbsp; (Re)conqu\u00e9rir l\u2019Europe centrale par la culture et l\u2019enseignement apr\u00e8s la Grande Guerre : le cas roumain 1919-1924&nbsp;\u00bb, in Jean-Paul Bled et Jean-Pierre Deschodt (dir.) &#8211; <em>Les cons\u00e9quences de la Grande Guerre 1919-1923, <\/em>Paris, \u00c9ditions SPM, 2020<br>Orest Tafrali<em>,&nbsp;Propaganda rom\u00e2neasc\u0103&nbsp;\u00een str\u0103in\u0103tate<\/em>, Craiova, Editura Ramuri, 1920<br>Glenn E.&nbsp;Torrey,&nbsp;<em>General Henri Berthelot and Romania&nbsp;: M\u00e9moires et Correspondance 1916-1919<\/em>, Boulder, East European Monographs,&nbsp;1987<br>Florin \u021aurcanu, \u00ab Voyages d\u2019intellectuels fran\u00e7ais dans la Roumanie des ann\u00e9es 1920 \u00bb in <em>20 &amp; 21. Revue d&rsquo;histoire<\/em>, N\u00b0 152, octobre-d\u00e9cembre 2021<\/p>\n","protected":false},"excerpt":{"rendered":"<p>Apr\u00e8s la chute du r\u00e9gime communiste en 1989, la Biblioth\u00e8que reprend son nom traditionnel, d\u2019Institut Fran\u00e7ais de Bucarest, et accompagne la soci\u00e9t\u00e9 roumaine dans son processus de d\u00e9mocratisation et d\u2019europ\u00e9anisation. La diplomatie culturelle fran\u00e7aise contribue autant \u00e0 la promotion de la culture fran\u00e7aise sur le plan local qu\u2019\u00e0 l\u2019int\u00e9gration de la culture roumaine dans le [&hellip;]<\/p>\n","protected":false},"author":3,"featured_media":9339,"parent":0,"menu_order":0,"comment_status":"closed","ping_status":"closed","template":"","meta":{"footnotes":""},"class_list":["post-9393","page","type-page","status-publish","has-post-thumbnail","hentry"],"_links":{"self":[{"href":"https:\/\/institutfrancais.ro\/bucuresti\/fr\/wp-json\/wp\/v2\/pages\/9393","targetHints":{"allow":["GET"]}}],"collection":[{"href":"https:\/\/institutfrancais.ro\/bucuresti\/fr\/wp-json\/wp\/v2\/pages"}],"about":[{"href":"https:\/\/institutfrancais.ro\/bucuresti\/fr\/wp-json\/wp\/v2\/types\/page"}],"author":[{"embeddable":true,"href":"https:\/\/institutfrancais.ro\/bucuresti\/fr\/wp-json\/wp\/v2\/users\/3"}],"replies":[{"embeddable":true,"href":"https:\/\/institutfrancais.ro\/bucuresti\/fr\/wp-json\/wp\/v2\/comments?post=9393"}],"version-history":[{"count":3,"href":"https:\/\/institutfrancais.ro\/bucuresti\/fr\/wp-json\/wp\/v2\/pages\/9393\/revisions"}],"predecessor-version":[{"id":9609,"href":"https:\/\/institutfrancais.ro\/bucuresti\/fr\/wp-json\/wp\/v2\/pages\/9393\/revisions\/9609"}],"wp:featuredmedia":[{"embeddable":true,"href":"https:\/\/institutfrancais.ro\/bucuresti\/fr\/wp-json\/wp\/v2\/media\/9339"}],"wp:attachment":[{"href":"https:\/\/institutfrancais.ro\/bucuresti\/fr\/wp-json\/wp\/v2\/media?parent=9393"}],"curies":[{"name":"wp","href":"https:\/\/api.w.org\/{rel}","templated":true}]}}