{"id":10956,"date":"2025-03-07T08:06:49","date_gmt":"2025-03-07T08:06:49","guid":{"rendered":"https:\/\/institutfrancais.ro\/bucuresti\/?page_id=10956"},"modified":"2025-03-07T08:38:35","modified_gmt":"2025-03-07T08:38:35","slug":"resurse-2","status":"publish","type":"page","link":"https:\/\/institutfrancais.ro\/bucuresti\/mediateca-2\/resurse-2\/","title":{"rendered":"Resurse"},"content":{"rendered":"\n<div class=\"wp-block-columns is-layout-flex wp-container-core-columns-is-layout-9d6595d7 wp-block-columns-is-layout-flex\">\n<div class=\"wp-block-column is-vertically-aligned-center is-layout-flow wp-block-column-is-layout-flow\">\n<div class=\"wp-block-group\"><div class=\"wp-block-group__inner-container is-layout-constrained wp-block-group-is-layout-constrained\"><div class=\"wp-block-image\">\n<figure class=\"aligncenter\"><img loading=\"lazy\" decoding=\"async\" width=\"1024\" height=\"384\" src=\"https:\/\/institutfrancais.ro\/bucuresti\/wp-content\/uploads\/sites\/2\/2021\/03\/culturetheque-1024x384.jpg\" alt=\"\" class=\"wp-image-1024\" srcset=\"https:\/\/institutfrancais.ro\/bucuresti\/wp-content\/uploads\/sites\/2\/2021\/03\/culturetheque-1024x384.jpg 1024w, https:\/\/institutfrancais.ro\/bucuresti\/wp-content\/uploads\/sites\/2\/2021\/03\/culturetheque-300x113.jpg 300w, https:\/\/institutfrancais.ro\/bucuresti\/wp-content\/uploads\/sites\/2\/2021\/03\/culturetheque-768x288.jpg 768w, https:\/\/institutfrancais.ro\/bucuresti\/wp-content\/uploads\/sites\/2\/2021\/03\/culturetheque-1536x576.jpg 1536w, https:\/\/institutfrancais.ro\/bucuresti\/wp-content\/uploads\/sites\/2\/2021\/03\/culturetheque-2048x769.jpg 2048w\" sizes=\"auto, (max-width: 1024px) 100vw, 1024px\" \/><\/figure><\/div><\/div><\/div>\n<\/div>\n\n\n\n<div class=\"wp-block-column is-layout-flow wp-block-column-is-layout-flow\">\n<p>Cultureth\u00e8que este mediateca digital\u0103 a Institutului francez, accesibil\u0103 de la calculatorul dumneavoastr\u0103 sau de pe tablet\u0103 \u0219i telefoane mobile de oriunde din Rom\u00e2nia!\u00a0 Filme, albume muzicale, reviste, c\u0103r\u021bi, benzi desenate \u0219i manuale pentru autoformare sunt accesibile on-line.<br>\u00cenregistra\u021bi-v\u0103 online la adresa: <a href=\"http:\/\/www.culturetheque.com\">www.culturetheque.com<\/a>.  Accesul este gratuit pentru primele trei s\u0103pt\u0103m\u00e2ni. \u00cenregistra\u021bi-v\u0103 la mediatec\u0103 \u0219i beneficia\u021bi de oferta Cultureth\u00e8que timp de un an.<\/p>\n<\/div>\n<\/div>\n\n\n\n<div class=\"wp-block-columns is-layout-flex wp-container-core-columns-is-layout-9d6595d7 wp-block-columns-is-layout-flex\">\n<div class=\"wp-block-column is-vertically-aligned-center is-layout-flow wp-block-column-is-layout-flow\"><div class=\"wp-block-image\">\n<figure class=\"aligncenter\"><img loading=\"lazy\" decoding=\"async\" width=\"1024\" height=\"384\" src=\"https:\/\/institutfrancais.ro\/bucuresti\/wp-content\/uploads\/sites\/2\/2021\/03\/biblioptcopiiiSite_1680-x-630-12-1024x384.jpg\" alt=\"\" class=\"wp-image-1027\" srcset=\"https:\/\/institutfrancais.ro\/bucuresti\/wp-content\/uploads\/sites\/2\/2021\/03\/biblioptcopiiiSite_1680-x-630-12-1024x384.jpg 1024w, https:\/\/institutfrancais.ro\/bucuresti\/wp-content\/uploads\/sites\/2\/2021\/03\/biblioptcopiiiSite_1680-x-630-12-300x113.jpg 300w, https:\/\/institutfrancais.ro\/bucuresti\/wp-content\/uploads\/sites\/2\/2021\/03\/biblioptcopiiiSite_1680-x-630-12-768x288.jpg 768w, https:\/\/institutfrancais.ro\/bucuresti\/wp-content\/uploads\/sites\/2\/2021\/03\/biblioptcopiiiSite_1680-x-630-12-1536x576.jpg 1536w, https:\/\/institutfrancais.ro\/bucuresti\/wp-content\/uploads\/sites\/2\/2021\/03\/biblioptcopiiiSite_1680-x-630-12-2048x769.jpg 2048w\" sizes=\"auto, (max-width: 1024px) 100vw, 1024px\" \/><\/figure><\/div><\/div>\n\n\n\n<div class=\"wp-block-column is-layout-flow wp-block-column-is-layout-flow\">\n<p><strong><u>Biblioteca pentru copii<\/u><\/strong> este un spa\u021biu agreabil, destinat celor mai mici abona\u021bi, fie c\u0103 merg de-a bu\u0219ilea, fie c\u0103 vin cu trotineta (de la 0 la 12 ani), modernizat in 2018, cu mobilier adaptat.<br>Colec\u021bii variate de documente: c\u0103r\u021bi, c\u0103r\u021bi cu CD-uri, reviste, CD-uri, DVD-uri, jocuri de societate, re\u00eennoite periodic.<\/p>\n<\/div>\n<\/div>\n\n\n\n<div class=\"wp-block-columns is-layout-flex wp-container-core-columns-is-layout-9d6595d7 wp-block-columns-is-layout-flex\">\n<div class=\"wp-block-column is-vertically-aligned-center is-layout-flow wp-block-column-is-layout-flow\">\n<figure class=\"wp-block-image\"><img loading=\"lazy\" decoding=\"async\" width=\"1024\" height=\"384\" src=\"https:\/\/institutfrancais.ro\/bucuresti\/wp-content\/uploads\/sites\/2\/2021\/03\/Francoludoteca_Site_1680-x-630-06-1024x384.jpg\" alt=\"\" class=\"wp-image-1029\" srcset=\"https:\/\/institutfrancais.ro\/bucuresti\/wp-content\/uploads\/sites\/2\/2021\/03\/Francoludoteca_Site_1680-x-630-06-1024x384.jpg 1024w, https:\/\/institutfrancais.ro\/bucuresti\/wp-content\/uploads\/sites\/2\/2021\/03\/Francoludoteca_Site_1680-x-630-06-300x113.jpg 300w, https:\/\/institutfrancais.ro\/bucuresti\/wp-content\/uploads\/sites\/2\/2021\/03\/Francoludoteca_Site_1680-x-630-06-768x288.jpg 768w, https:\/\/institutfrancais.ro\/bucuresti\/wp-content\/uploads\/sites\/2\/2021\/03\/Francoludoteca_Site_1680-x-630-06-1536x577.jpg 1536w, https:\/\/institutfrancais.ro\/bucuresti\/wp-content\/uploads\/sites\/2\/2021\/03\/Francoludoteca_Site_1680-x-630-06-2048x769.jpg 2048w\" sizes=\"auto, (max-width: 1024px) 100vw, 1024px\" \/><\/figure>\n<\/div>\n\n\n\n<div class=\"wp-block-column is-layout-flow wp-block-column-is-layout-flow\">\n<p><strong><u>FrancoLudoteca <\/u><\/strong>v\u0103 a\u0219teapt\u0103 cu jocuri video \u0219i de societate. 2 console (PS4 \u0219i WiiU) un ordinator, dou\u0103 ecrane \u0219i 11 manete: ora de joac\u0103 \u00een limba francez\u0103 poate s\u0103 \u00eenceap\u0103. Nu \u0219ti\u021bi francez\u0103? \u00cenv\u0103\u021ba\u021bi juc\u00e2nd!\u00a0Jocuri pentru toate gusturile \u0219i pentru toate v\u00e2rstele!\u00a0<br>Veni\u021bi s\u0103 v\u0103 rezerva\u021bi locul \u0219i jocul (copiii sub 10 ani numai \u00eenso\u021bi\u021bi de p\u0103rin\u021bi) singur sau cu prietenii, familia, vecinii.<\/p>\n<\/div>\n<\/div>\n\n\n\n<div class=\"wp-block-columns is-layout-flex wp-container-core-columns-is-layout-9d6595d7 wp-block-columns-is-layout-flex\">\n<div class=\"wp-block-column is-vertically-aligned-center is-layout-flow wp-block-column-is-layout-flow\">\n<figure class=\"wp-block-image\"><img loading=\"lazy\" decoding=\"async\" width=\"1024\" height=\"384\" src=\"https:\/\/institutfrancais.ro\/bucuresti\/wp-content\/uploads\/sites\/2\/2021\/03\/carti_electronice_Site_1680-x-630-07-1024x384.jpg\" alt=\"\" class=\"wp-image-1031\" srcset=\"https:\/\/institutfrancais.ro\/bucuresti\/wp-content\/uploads\/sites\/2\/2021\/03\/carti_electronice_Site_1680-x-630-07-1024x384.jpg 1024w, https:\/\/institutfrancais.ro\/bucuresti\/wp-content\/uploads\/sites\/2\/2021\/03\/carti_electronice_Site_1680-x-630-07-300x113.jpg 300w, https:\/\/institutfrancais.ro\/bucuresti\/wp-content\/uploads\/sites\/2\/2021\/03\/carti_electronice_Site_1680-x-630-07-768x288.jpg 768w, https:\/\/institutfrancais.ro\/bucuresti\/wp-content\/uploads\/sites\/2\/2021\/03\/carti_electronice_Site_1680-x-630-07-1536x577.jpg 1536w, https:\/\/institutfrancais.ro\/bucuresti\/wp-content\/uploads\/sites\/2\/2021\/03\/carti_electronice_Site_1680-x-630-07-2048x769.jpg 2048w\" sizes=\"auto, (max-width: 1024px) 100vw, 1024px\" \/><\/figure>\n<\/div>\n\n\n\n<div class=\"wp-block-column is-layout-flow wp-block-column-is-layout-flow\">\n<p><strong><u>C\u0103r\u021bi electronice\u00a0: <\/u><\/strong>Imprumuta\u021bi o carte electronic\u0103 \u0219i descoperi\u021bi lectura digital\u0103! Mediateca v\u0103 pune la dispozi\u021bie pe acest suport mai mult de o mie de car\u021bi \u0219i o sut\u0103 de autori, totul concentrat in 200g de tehnologie \u0219i confort! Cartea electronic\u0103 nu obose\u0219te vederea \u0219i poate fi citit\u0103 \u0219i pe intuneric!<\/p>\n<\/div>\n<\/div>\n\n\n\n<div class=\"wp-block-columns is-layout-flex wp-container-core-columns-is-layout-9d6595d7 wp-block-columns-is-layout-flex\">\n<div class=\"wp-block-column is-vertically-aligned-center is-layout-flow wp-block-column-is-layout-flow\">\n<figure class=\"wp-block-image\"><img loading=\"lazy\" decoding=\"async\" width=\"1024\" height=\"384\" src=\"https:\/\/institutfrancais.ro\/bucuresti\/wp-content\/uploads\/sites\/2\/2021\/03\/borna_audioSite_1680-x-630-08-1024x384.jpg\" alt=\"\" class=\"wp-image-1033\" srcset=\"https:\/\/institutfrancais.ro\/bucuresti\/wp-content\/uploads\/sites\/2\/2021\/03\/borna_audioSite_1680-x-630-08-1024x384.jpg 1024w, https:\/\/institutfrancais.ro\/bucuresti\/wp-content\/uploads\/sites\/2\/2021\/03\/borna_audioSite_1680-x-630-08-300x113.jpg 300w, https:\/\/institutfrancais.ro\/bucuresti\/wp-content\/uploads\/sites\/2\/2021\/03\/borna_audioSite_1680-x-630-08-768x288.jpg 768w, https:\/\/institutfrancais.ro\/bucuresti\/wp-content\/uploads\/sites\/2\/2021\/03\/borna_audioSite_1680-x-630-08-1536x576.jpg 1536w, https:\/\/institutfrancais.ro\/bucuresti\/wp-content\/uploads\/sites\/2\/2021\/03\/borna_audioSite_1680-x-630-08-2048x768.jpg 2048w\" sizes=\"auto, (max-width: 1024px) 100vw, 1024px\" \/><\/figure>\n<\/div>\n\n\n\n<div class=\"wp-block-column is-layout-flow wp-block-column-is-layout-flow\">\n<p><strong><u>Borna audio <\/u><\/strong>v\u0103 permite s\u0103 descoperi\u021bi \u0219i s\u0103 asculta\u021bi colec\u021bia muzical\u0103 a mediatecii. Toate CD-urile noastre sunt digitalizate \u0219i stocate \u00een acest terminal, organizate \u00een trei sec\u021biuni: Musique, Livres audio \u0219i Jeunesse. Peste 1100 de albume muzicale de toate genurile, 170 de c\u0103r\u021bi audio \u0219i 145 de pove\u0219ti \u0219i c\u00e2ntece pentru copii sunt deja disponibile!<\/p>\n<\/div>\n<\/div>\n\n\n\n<p><\/p>\n","protected":false},"excerpt":{"rendered":"<p>Cultureth\u00e8que este mediateca digital\u0103 a Institutului francez, accesibil\u0103 de la calculatorul dumneavoastr\u0103 sau de pe tablet\u0103 \u0219i telefoane mobile de oriunde din Rom\u00e2nia!\u00a0 Filme, albume muzicale, reviste, c\u0103r\u021bi, benzi desenate \u0219i manuale pentru autoformare sunt accesibile on-line.\u00cenregistra\u021bi-v\u0103 online la adresa: www.culturetheque.com. Accesul este gratuit pentru primele trei s\u0103pt\u0103m\u00e2ni. \u00cenregistra\u021bi-v\u0103 la mediatec\u0103 \u0219i beneficia\u021bi de oferta [&hellip;]<\/p>\n","protected":false},"author":15,"featured_media":880,"parent":758,"menu_order":0,"comment_status":"closed","ping_status":"closed","template":"","meta":{"footnotes":""},"class_list":["post-10956","page","type-page","status-publish","has-post-thumbnail","hentry"],"_links":{"self":[{"href":"https:\/\/institutfrancais.ro\/bucuresti\/wp-json\/wp\/v2\/pages\/10956","targetHints":{"allow":["GET"]}}],"collection":[{"href":"https:\/\/institutfrancais.ro\/bucuresti\/wp-json\/wp\/v2\/pages"}],"about":[{"href":"https:\/\/institutfrancais.ro\/bucuresti\/wp-json\/wp\/v2\/types\/page"}],"author":[{"embeddable":true,"href":"https:\/\/institutfrancais.ro\/bucuresti\/wp-json\/wp\/v2\/users\/15"}],"replies":[{"embeddable":true,"href":"https:\/\/institutfrancais.ro\/bucuresti\/wp-json\/wp\/v2\/comments?post=10956"}],"version-history":[{"count":7,"href":"https:\/\/institutfrancais.ro\/bucuresti\/wp-json\/wp\/v2\/pages\/10956\/revisions"}],"predecessor-version":[{"id":10972,"href":"https:\/\/institutfrancais.ro\/bucuresti\/wp-json\/wp\/v2\/pages\/10956\/revisions\/10972"}],"up":[{"embeddable":true,"href":"https:\/\/institutfrancais.ro\/bucuresti\/wp-json\/wp\/v2\/pages\/758"}],"wp:featuredmedia":[{"embeddable":true,"href":"https:\/\/institutfrancais.ro\/bucuresti\/wp-json\/wp\/v2\/media\/880"}],"wp:attachment":[{"href":"https:\/\/institutfrancais.ro\/bucuresti\/wp-json\/wp\/v2\/media?parent=10956"}],"curies":[{"name":"wp","href":"https:\/\/api.w.org\/{rel}","templated":true}]}}