{"id":10984,"date":"2025-03-07T09:12:59","date_gmt":"2025-03-07T09:12:59","guid":{"rendered":"https:\/\/institutfrancais.ro\/bucuresti\/?page_id=10984"},"modified":"2026-02-18T13:06:29","modified_gmt":"2026-02-18T13:06:29","slug":"ateliere","status":"publish","type":"page","link":"https:\/\/institutfrancais.ro\/bucuresti\/ateliere\/","title":{"rendered":"Ateliere"},"content":{"rendered":"\n<p><strong>B\u00e9b\u00e9 lecteur&nbsp;<\/strong>(0-3 ani):&nbsp;Povestim, c\u00e2nt\u0103m, ne juc\u0103m la atelierul pentru cei foarte mici. O \u00eent\u00e2lnire agreabil\u0103 la mediatec\u0103, de familiarizare cu lectura \u00een limba francez\u0103, dar \u0219i de joac\u0103 al\u0103turi de al\u021bi copii de v\u00e2rsta apropiat\u0103.<br>Durata: 0h45 (lectura unei pove\u0219ti, c\u00e2ntece \u0219i jeux de doigts, mi\u0219care).&nbsp;<\/p>\n\n\n\n<p>*<br><strong>Junior lecteur<\/strong>&nbsp;(3-5 ani): Povestim, citim, ne juc\u0103m la atelierul pentru cei mici. Un moment de complicitate la mediatec\u0103, descoperind limba francez\u0103.<br>Durata: 0h45<\/p>\n\n\n\n<p>*<br><a href=\"https:\/\/mediatecafranceza.wordpress.com\/tag\/numeriludique\/\" rel=\"noreferrer noopener\" target=\"_blank\"><strong>Num\u00e9riludique<\/strong><\/a>&nbsp;(5-8 ani): V\u0103 place franceza \u0219i v\u0103 plac pove\u0219tile? \u00censeamna c\u0103 v\u0103 plac pove\u0219tile \u00een francez\u0103! V\u0103 invit\u0103m la biblioteca digital\u0103 a Institutului Francez pentru un atelier de lectur\u0103 \u0219i jocuri de poveste.<br>Durata: 1h00<\/p>\n\n\n\n<p>*<br><strong>Je d\u00e9couvre&#8230;&nbsp;<\/strong>(5-8 ani)&nbsp;Citim, ne juc\u0103m si descoperim lucruri interesante despre lumea care ne \u00eenconjoar\u0103, folosind c\u0103r\u021bile si jocurile din mediatec\u0103. Fiecare atelier are alt\u0103 tem\u0103.<br>Durat\u0103: 0h45<\/p>\n\n\n\n<p>*<br><strong><a href=\"https:\/\/mediatecafranceza.wordpress.com\/\/?s=jeux%2Fdi&amp;search=Go\" rel=\"noreferrer noopener\" target=\"_blank\">Jeux\/di en famille<\/a><\/strong>&nbsp;(+5 ani; copiii sub 10 ani, \u00eempreun\u0103 cu p\u0103rin\u021bii): Copii, p\u0103rin\u021bi, bunici&nbsp; sunt invita\u021bi s\u0103 (re)descopere pl\u0103cerea de a juca \u00eempreun\u0103 un joc de societate. \u00cen francez\u0103! Jocul poate fi un mod de a descoperi limba francez\u0103, un prim pas spre a o \u00eenv\u0103\u021ba.<br>Durata: 1h30<\/p>\n\n\n\n<p>*<br><strong>Descopera realitatea virtuala<\/strong>&nbsp;(+12 ani): Mediateca v\u0103 face o invita\u021bie la c\u0103l\u0103torie. Tot echipamentul de care ave\u021bi nevoie este casca noastr\u0103 VR \u0219i pute\u021bi porni la drum spre orice destina\u021bie din Fran\u021ba, de oriunde \u00een lume sau \u00een orice lume virtual\u0103 imaginat\u0103 de creatorii francezi.<br>Durata: 1h00<\/p>\n\n\n\n<p>*<br><strong><a href=\"https:\/\/mediatecafranceza.wordpress.com\/category\/adochanson\/\" rel=\"noreferrer noopener\" target=\"_blank\">AdoChanson<\/a><\/strong>&nbsp;(+14 ani): \u00cei invit\u0103m pe adolescen\u021bii rom\u00e2ni s\u0103 descopere muzica francofon\u0103 contemporan\u0103: ascult\u0103m \u00eempreun\u0103 5 c\u00e2ntece lansate dup\u0103 anul 2020, afl\u0103m mai multe despre interpre\u021bi, discut\u0103m despre versuri \u0219i videoclipuri \u0219i la final facem un top pe baza voturilor participan\u021bilor.<br>Durata: 1h30<\/p>\n\n\n\n<p>*<br><strong><a href=\"https:\/\/mediatecafranceza.wordpress.com\/tag\/visite-de-classe\/\" rel=\"noreferrer noopener\" target=\"_blank\">Vizite de clas\u0103<\/a><\/strong>: la cerere. Programul este adaptat dorin\u021belor profesorilor \u0219i v\u00e2rstei elevilor\/ studen\u021bilor \u0219i poate include prezentarea Institutului (istorie, servicii, oferta cultural\u0103), anima\u021bii, sesiuni de jocuri etc.<\/p>\n\n\n\n<p>Durata: 2h00<br>Tarif: 20 lei\/persoan\u0103<\/p>\n\n\n\n<p>*<\/p>\n\n\n\n<p>Detalii: tel. 0374 125 235&nbsp;sau mail :&nbsp;<a href=\"mailto:mediatheque.bucarest@institutfrancais.ro\" rel=\"noreferrer noopener\" target=\"_blank\">mediatheque.bucarest@institutfrancais.ro<\/a><\/p>\n","protected":false},"excerpt":{"rendered":"<p>B\u00e9b\u00e9 lecteur&nbsp;(0-3 ani):&nbsp;Povestim, c\u00e2nt\u0103m, ne juc\u0103m la atelierul pentru cei foarte mici. O \u00eent\u00e2lnire agreabil\u0103 la mediatec\u0103, de familiarizare cu lectura \u00een limba francez\u0103, dar \u0219i de joac\u0103 al\u0103turi de al\u021bi copii de v\u00e2rsta apropiat\u0103.Durata: 0h45 (lectura unei pove\u0219ti, c\u00e2ntece \u0219i jeux de doigts, mi\u0219care).&nbsp; *Junior lecteur&nbsp;(3-5 ani): Povestim, citim, ne juc\u0103m la atelierul pentru [&hellip;]<\/p>\n","protected":false},"author":15,"featured_media":10985,"parent":0,"menu_order":0,"comment_status":"closed","ping_status":"closed","template":"","meta":{"footnotes":""},"class_list":["post-10984","page","type-page","status-publish","has-post-thumbnail","hentry"],"_links":{"self":[{"href":"https:\/\/institutfrancais.ro\/bucuresti\/wp-json\/wp\/v2\/pages\/10984","targetHints":{"allow":["GET"]}}],"collection":[{"href":"https:\/\/institutfrancais.ro\/bucuresti\/wp-json\/wp\/v2\/pages"}],"about":[{"href":"https:\/\/institutfrancais.ro\/bucuresti\/wp-json\/wp\/v2\/types\/page"}],"author":[{"embeddable":true,"href":"https:\/\/institutfrancais.ro\/bucuresti\/wp-json\/wp\/v2\/users\/15"}],"replies":[{"embeddable":true,"href":"https:\/\/institutfrancais.ro\/bucuresti\/wp-json\/wp\/v2\/comments?post=10984"}],"version-history":[{"count":2,"href":"https:\/\/institutfrancais.ro\/bucuresti\/wp-json\/wp\/v2\/pages\/10984\/revisions"}],"predecessor-version":[{"id":12075,"href":"https:\/\/institutfrancais.ro\/bucuresti\/wp-json\/wp\/v2\/pages\/10984\/revisions\/12075"}],"wp:featuredmedia":[{"embeddable":true,"href":"https:\/\/institutfrancais.ro\/bucuresti\/wp-json\/wp\/v2\/media\/10985"}],"wp:attachment":[{"href":"https:\/\/institutfrancais.ro\/bucuresti\/wp-json\/wp\/v2\/media?parent=10984"}],"curies":[{"name":"wp","href":"https:\/\/api.w.org\/{rel}","templated":true}]}}