{"id":1984,"date":"2021-06-30T08:20:24","date_gmt":"2021-06-30T08:20:24","guid":{"rendered":"https:\/\/institutfrancais.ro\/bucuresti\/?page_id=1984"},"modified":"2021-06-30T08:20:33","modified_gmt":"2021-06-30T08:20:33","slug":"selectia-filmelor-fff","status":"publish","type":"page","link":"https:\/\/institutfrancais.ro\/bucuresti\/selectia-filmelor-fff\/","title":{"rendered":"Selec\u021bia filmelor"},"content":{"rendered":"\n<h4 class=\"wp-block-heading\">1. <strong>COMPETI\u0162IE TINERE TALENTE LUNGMETRAJ<\/strong><\/h4>\n\n\n\n<p>Sec\u0163iunea descoperirilor, care aduce \u00een prim plan vocile noi ale cinematografiei franceze. Cinci lungmetraje de debut cu un parcurs festivalier remarcabil vor concura pentru Premiul Publicului, iar spectatorii le vor putea vedea, pentru prima dat\u0103, at\u00e2t pe marele ecran, c\u00e2t \u015fi online.<\/p>\n\n\n\n<figure class=\"wp-block-table\"><table><tbody><tr><td>TITLU<\/td><td>REGIZOR<\/td><td>CAST<\/td><td>DURAT\u0102<\/td><td>AN<\/td><td>GEN<\/td><\/tr><tr><td><strong>Slalom<\/strong><\/td><td>Charl\u00e8ne Favier<\/td><td>No\u00e9e Abita,&nbsp;J\u00e9r\u00e9mie Renier<\/td><td>1h30<\/td><td>2020<\/td><td>Dram\u0103, coming of age<\/td><\/tr><tr><td><strong>Seize Printemps<\/strong><\/td><td>Suzanne Lindon<\/td><td>Suzanne Lindon, Arnaud Valois<\/td><td>1h13<\/td><td>2020<\/td><td>Dragoste, coming of age<\/td><\/tr><tr><td><strong>Au nom de la terre<\/strong><\/td><td>Edouard Bergeon<\/td><td>Guillaume Canet<\/td><td>1h43<\/td><td>2019<\/td><td>Dram\u0103<\/td><\/tr><tr><td><strong>Vaurien<\/strong><\/td><td>Peter Dourountzis<\/td><td>Pierre Deladonchamps<\/td><td>1h35<\/td><td>2020<\/td><td>Dram\u0103, thriller<\/td><\/tr><tr><td><strong>La troisi\u00e8me guerre<\/strong><\/td><td>Giovanni Aloi<\/td><td>Anthony Bajon, Leila Bekhti<\/td><td>1h32<\/td><td>2020<\/td><td>Dram\u0103<\/td><\/tr><\/tbody><\/table><\/figure>\n\n\n\n<h4 class=\"wp-block-heading\">2. <strong>PANORAMA FILMELOR ANULUI<\/strong><\/h4>\n\n\n\n<p>Plasat\u0103 \u00een acest an sub semnul comediei, Panorama regrupeaz\u0103 unele dintre cele mai importante produc\u0163ii franceze &nbsp;recente, &nbsp;aclamate de critici \u015fi de public. &nbsp;Fiindc\u0103 oferta era at\u00e2t de bogat\u0103, ne-am permis s\u0103 includem 5 + 2 bonus.<\/p>\n\n\n\n<figure class=\"wp-block-table\"><table><tbody><tr><td><strong>TITLU<\/strong><\/td><td><strong>REGIZOR<\/strong><\/td><td><strong>CAST<\/strong><\/td><td><strong>DURAT\u0102<\/strong><\/td><td><strong>AN<\/strong><\/td><td><strong>GEN<\/strong><\/td><\/tr><tr><td><strong>Adieu les cons<\/strong><\/td><td>Albert Dupontel<\/td><td>Virginie Efira, Albert Dupontel<\/td><td>1h28<\/td><td>2020<\/td><td>Comedie dramatic\u0103<\/td><\/tr><tr><td><strong>Le Discours<\/strong><\/td><td>Laurent Tirard<\/td><td>Benjamin Lavernhe, Julia Piaton, Sara Giraudeau<\/td><td>1h28<\/td><td>2021<\/td><td>Comedie<\/td><\/tr><tr><td><strong>Antoinette dans les C\u00e9vennes<\/strong><\/td><td>Caroline Vignal<\/td><td>Laure Calamy, Benjamin Lavernhe<\/td><td>1h35<\/td><td>2021<\/td><td>Comedie<\/td><\/tr><tr><td><strong>Un triomphe<\/strong><\/td><td>Emmanuel Courcol<\/td><td>Kad Merad, Pierre Lottin<\/td><td>1h45<\/td><td>2020<\/td><td>Comedie dramatic\u0103<\/td><\/tr><tr><td><strong>Les choses qu&#8217;on dit, les choses qu&#8217;on fait<\/strong><\/td><td>Emmanuel Mouret<\/td><td>Niels Schneider, Camelia Jordana, Vincent McCaigne<\/td><td>2h02<\/td><td>2020<\/td><td>Comedie, dragoste<\/td><\/tr><tr><td><strong>Ete 85<\/strong><\/td><td>Fran\u00e7ois Ozon<\/td><td>F\u00e9lix Lefebvre, Benjamin Voisin<\/td><td>1h40<\/td><td>2020<\/td><td>Dram\u0103, dragoste<\/td><\/tr><tr><td><strong>ADN<\/strong><\/td><td>Maiwenn<\/td><td>Ma\u00efwenn, Fanny Ardant, Louis Garrel, Marine Vacth<\/td><td>1h30<\/td><td>2020<\/td><td>Dram\u0103<\/td><\/tr><\/tbody><\/table><\/figure>\n\n\n\n<h4 class=\"wp-block-heading\">3. <strong>CARTE BLANCHE PENTRU CINCI CINEA\u015eTI ROM\u00c2NI<\/strong><\/h4>\n\n\n\n<p>Una dintre nout\u0103\u0163ile acestei edi\u0163ii, Carte Blanche ne permite s\u0103 explor\u0103m universul cinematografic al cinci dintre cei mai importan\u0163i cinea\u015fti rom\u00e2ni, fiecare propun\u00e2ndu-ne c\u00e2te un titlu francez clasic care l-a inspirat \u00een mod deosebit.<\/p>\n\n\n\n<figure class=\"wp-block-table\"><table><tbody><tr><td><strong>TITLU<\/strong><\/td><td><strong>REGIZOR<\/strong><\/td><td><strong>CAST<\/strong><\/td><td><strong>DURAT\u0102<\/strong><\/td><td><strong>AN<\/strong><\/td><td><strong>GEN<\/strong><\/td><\/tr><tr><td><strong>&nbsp;<\/strong> <strong>Trait\u00e9 de bave et d&#8217;\u00e9ternit\u00e9<\/strong><\/td><td>Isidore Isou<\/td><td>Isidore Isou<\/td><td>Experimental<\/td><td>1951<\/td><td><strong>Alegere lui Radu Jude<\/strong><\/td><\/tr><tr><td><strong>&nbsp;<\/strong> <strong>L&#8217;Argent<\/strong><\/td><td>Robert Bresson<\/td><td>Christian Patey<\/td><td>Dram\u0103, polar<\/td><td>1983<\/td><td><strong>Alegere lui Corneliu Porumboiu<\/strong><\/td><\/tr><tr><td><strong>&nbsp;<\/strong> <strong>Van Gogh<\/strong><\/td><td>Maurice Pialat<\/td><td>Jacques Dutronc<\/td><td>Dram\u0103, biopic<\/td><td>1991<\/td><td><strong>Alegere lui&nbsp; Cristian Mungiu<\/strong><\/td><\/tr><tr><td><strong>&nbsp;<\/strong> <strong>Holy Motors<\/strong><\/td><td>Leos Carax<\/td><td>Denis Lavant, Eva Mendes<\/td><td>Dram\u0103, fantastic<\/td><td>2012<\/td><td><strong>Alegere Adinei Pintilie<\/strong><\/td><\/tr><tr><td><strong>&nbsp;<\/strong> <strong>Buffet froid<\/strong><\/td><td>Bertrand Blier<\/td><td>G\u00e9rard Depardieu, Bernard Blier<\/td><td>Dram\u0103, polar<\/td><td>1979<\/td><td><strong>Alegere lui Cristi Puiu<\/strong><\/td><\/tr><\/tbody><\/table><\/figure>\n\n\n\n<h4 class=\"wp-block-heading\">4. <strong>COMPETI\u0162IE TINERE TALENTE SCURTMETRAJ<\/strong><\/h4>\n\n\n\n<p>Format inovativ \u015fi surprinz\u0103tor prin excelen\u0163\u0103, scurtmetrajul \u00ee\u015fi face pentru prima dat\u0103 apari\u0163ia \u00een selec\u0163ia Festivalului, cu o diversitate de stiluri. Un juriu de trei tineri critici de film va alege regizorul c\u00e2\u015ftig\u0103tor, care va fi invitat pentru un sejur de crea\u0163ie la Reziden\u0163a de buzunar a Institutului Francez din Rom\u00e2nia la Bucure\u015fti.<\/p>\n\n\n\n<figure class=\"wp-block-table\"><table><tbody><tr><td><strong>TITLU<\/strong><\/td><td><strong>REGIZOR<\/strong><\/td><td><strong>CAST<\/strong><\/td><td><strong>DURAT\u0102<\/strong><\/td><td><strong>AN<\/strong><\/td><td><strong>GEN<\/strong><\/td><\/tr><tr><td><strong>Palma<\/strong><\/td><td>Alexe Poukine<\/td><td>Alexe Poukine, Lua Michel<\/td><td>40&#8242;<\/td><td>2020<\/td><td>Fic\u0163iune, Dram\u0103<\/td><\/tr><tr><td><strong>Dustin<\/strong><\/td><td>Na\u00efla Guiguet<\/td><td>Dustin Muchuvitz, F\u00e9lix Maritaud<\/td><td>20&#8242;<\/td><td>2020<\/td><td>Fic\u0163iune, Dram\u0103<\/td><\/tr><tr><td><strong>Genius Loci<\/strong><\/td><td>Adrien M\u00e9rigeau<\/td><td>&nbsp;<\/td><td>16&#8242;<\/td><td>2020<\/td><td>Anima\u0163ie<\/td><\/tr><tr><td><strong>Confin\u00e9s dehors<\/strong><\/td><td>Julien Goudichaud<\/td><td>&nbsp;<\/td><td>24&#8242;<\/td><td>2020<\/td><td>Documentar<\/td><\/tr><tr><td><strong>Condition<\/strong> <strong>d\u2019\u00e9levation<\/strong><\/td><td>Isabelle Prim<\/td><td>&nbsp;<\/td><td>20<\/td><td>2020<\/td><td>Experimental<\/td><\/tr><\/tbody><\/table><\/figure>\n\n\n\n<h4 class=\"wp-block-heading\">5. <strong>LE MEILLEUR DU FFF<\/strong><\/h4>\n\n\n\n<p>O retrospectiv\u0103 mai aparte, care v\u0103 propune s\u0103 (re)vede\u0163i online, \u00een preg\u0103tirea Festivalului. 5 filme din edi\u0163iile sale anterioare, care au marcat debutul unor regizoare \u015fi regizori ce s-au impus \u00eentre timp ca nume inconturnabile ale cinematografiei franceze.<\/p>\n\n\n\n<figure class=\"wp-block-table\"><table><tbody><tr><td><strong>TITLU<\/strong><\/td><td><strong>REGIZOR<\/strong><\/td><td><strong>CAST<\/strong><\/td><td><strong>AN<\/strong><\/td><td><strong>DURAT\u0102<\/strong><\/td><td><strong>DATA PREZENT\u0102RII ONLINE<\/strong><\/td><\/tr><tr><td><strong>&nbsp;Grand Central<\/strong><\/td><td>Rebecca Zlotowski<\/td><td>L\u00e9a Seydoux, Tahar Rahim<\/td><td>2013<\/td><td>1h34<\/td><td>30 aprilie &nbsp;<\/td><\/tr><tr><td><strong>Le Gout des Autres<\/strong><\/td><td>Agnes Jaoui<\/td><td>Jean-Pierre Bacri, Agn\u00e8s Jaoui<\/td><td>2000<\/td><td>1h52<\/td><td>21 mai<\/td><\/tr><tr><td><strong>Hippocrate<\/strong><\/td><td>Thomas Lilti<\/td><td>Vincent Lacoste, Reda Kateb<\/td><td>2018<\/td><td>1h42<\/td><td>28 mai<\/td><\/tr><tr><td><strong>La Naissance des pieuvres<\/strong><\/td><td>C\u00e9line Sciamma<\/td><td>Ad\u00e8le Haenel<\/td><td>2007<\/td><td>1h40<\/td><td>11 iunie<\/td><\/tr><tr><td><strong>Les Deux Amis<\/strong><\/td><td>Louis Garrel<\/td><td>Louis Garrel, Golshifteh Farahani<\/td><td>2015<\/td><td>1h42<\/td><td>25 iunie<\/td><\/tr><\/tbody><\/table><\/figure>\n","protected":false},"excerpt":{"rendered":"<p>1. COMPETI\u0162IE TINERE TALENTE LUNGMETRAJ Sec\u0163iunea descoperirilor, care aduce \u00een prim plan vocile noi ale cinematografiei franceze. Cinci lungmetraje de debut cu un parcurs festivalier remarcabil vor concura pentru Premiul Publicului, iar spectatorii le vor putea vedea, pentru prima dat\u0103, at\u00e2t pe marele ecran, c\u00e2t \u015fi online. TITLU REGIZOR CAST DURAT\u0102 AN GEN Slalom Charl\u00e8ne [&hellip;]<\/p>\n","protected":false},"author":4,"featured_media":1870,"parent":0,"menu_order":0,"comment_status":"closed","ping_status":"closed","template":"","meta":{"footnotes":""},"class_list":["post-1984","page","type-page","status-publish","has-post-thumbnail","hentry"],"_links":{"self":[{"href":"https:\/\/institutfrancais.ro\/bucuresti\/wp-json\/wp\/v2\/pages\/1984","targetHints":{"allow":["GET"]}}],"collection":[{"href":"https:\/\/institutfrancais.ro\/bucuresti\/wp-json\/wp\/v2\/pages"}],"about":[{"href":"https:\/\/institutfrancais.ro\/bucuresti\/wp-json\/wp\/v2\/types\/page"}],"author":[{"embeddable":true,"href":"https:\/\/institutfrancais.ro\/bucuresti\/wp-json\/wp\/v2\/users\/4"}],"replies":[{"embeddable":true,"href":"https:\/\/institutfrancais.ro\/bucuresti\/wp-json\/wp\/v2\/comments?post=1984"}],"version-history":[{"count":1,"href":"https:\/\/institutfrancais.ro\/bucuresti\/wp-json\/wp\/v2\/pages\/1984\/revisions"}],"predecessor-version":[{"id":1985,"href":"https:\/\/institutfrancais.ro\/bucuresti\/wp-json\/wp\/v2\/pages\/1984\/revisions\/1985"}],"wp:featuredmedia":[{"embeddable":true,"href":"https:\/\/institutfrancais.ro\/bucuresti\/wp-json\/wp\/v2\/media\/1870"}],"wp:attachment":[{"href":"https:\/\/institutfrancais.ro\/bucuresti\/wp-json\/wp\/v2\/media?parent=1984"}],"curies":[{"name":"wp","href":"https:\/\/api.w.org\/{rel}","templated":true}]}}