{"id":2215,"date":"2021-09-01T08:45:00","date_gmt":"2021-09-01T08:45:00","guid":{"rendered":"https:\/\/institutfrancais.ro\/bucuresti\/?page_id=2215"},"modified":"2025-05-16T13:45:45","modified_gmt":"2025-05-16T13:45:45","slug":"formari","status":"publish","type":"page","link":"https:\/\/institutfrancais.ro\/bucuresti\/formari\/","title":{"rendered":"Cursuri pentru companii \u0219i\u00a0institu\u021bii"},"content":{"rendered":"\n<p><strong>Cursuri de formare personalizate | Certific\u0103ri recunoscute | Expertiza local\u0103 francofon\u0103<\/strong><\/p>\n\n\n\n<p><strong>Un r\u0103spuns practic adaptat nevoilor dumneavoastr\u0103<\/strong><\/p>\n\n\n\n<p>Concepem <strong>programe de formare personalizate<\/strong> pentru a se potrivi sectorului dvs. de activitate, nivelului angaja\u021bilor dvs. \u0219i provoc\u0103rilor dvs. lingvistice \u0219i profesionale.<\/p>\n\n\n\n<ul class=\"wp-block-list\">\n<li><strong>O ofert\u0103 variat\u0103<\/strong> de cursuri: limb\u0103 francez\u0103, limb\u0103 rom\u00e2n\u0103, limb\u0103 francez\u0103 \u00een situa\u021bii profesionale (francez\u0103 de afaceri, s\u0103n\u0103tate, turism, juridic), interac\u021biune \u0219i moderare \u00een limba francez\u0103, interculturalitate\u2026<\/li>\n\n\n\n<li>Posibilitatea de a propune <strong>cursuri personalizate<\/strong>: echipele pedagogice sunt calificate \u00een ingineria form\u0103rii, pentru a crea programe de \u00eenv\u0103\u021bare care r\u0103spund perfect a\u0219tept\u0103rilor clientului.<\/li>\n\n\n\n<li><strong>Formatori exper\u021bi<\/strong> de elit\u0103: de na\u021bionalitate francez\u0103 sau rom\u00e2n\u0103, formatorii no\u0219tri sunt pedagogi preg\u0103ti\u021bi \u00een domeniul pred\u0103rii limbilor str\u0103ine \u0219i al organiz\u0103rii de ateliere pentru toate sectoarele profesionale.<\/li>\n\n\n\n<li><strong>Certific\u0103ri oficiale<\/strong> de limb\u0103 francez\u0103: la finalul fiec\u0103rui curs de limba francez\u0103 se poate sus\u021bine un examen de certificare pentru a spori motiva\u021bia cursan\u021bilor \u0219i pentru a le oferi o diplom\u0103.<\/li>\n\n\n\n<li><strong>O deschidere c\u0103tre lumea francofon\u0103<\/strong>: cu ajutorul mediatecilor noastre, cinematografului nostru, parteneriatelor \u00een domeniile culturale, educa\u021bionale, universitare \u0219i profesionale, v\u0103 deschidem por\u021bile francofoniei.<\/li>\n<\/ul>\n\n\n\n<p><strong>6 etape pentru o formare personalizat\u0103<\/strong><\/p>\n\n\n\n<p>1-<strong>\u00cen\u021belegerea culturii companiei dumneavoastr\u0103 \u0219i a obiectivelor de formare<\/strong><br>2-<strong>Evaluarea situa\u021biei \u0219i analiza nevoilor lingvistice<\/strong> (teste, interviuri, observare pe teren)<br>3-<strong>Conceperea de programe \u0219i suporturi pedagogice adaptate nevoilor dumneavoastr\u0103<\/strong><br>4-<strong>Desf\u0103\u0219urarea cursului \u00een cadrul companiei dumneavoastr\u0103 sau la sediul nostru<\/strong> (fa\u021b\u0103 \u00een fa\u021b\u0103, \u00eenv\u0103\u021b\u0103m\u00e2nt la distan\u021b\u0103 sau o combina\u021bie a celor dou\u0103)<br>5-<strong>Elaborarea unei analize personalizate pentru fiecare participant<\/strong><br>6-<strong>Suport de lung\u0103 durat\u0103<\/strong><\/p>\n\n\n\n<p><strong>Certific\u0103ri \u0219i recunoa\u0219tere oficial\u0103<\/strong><\/p>\n\n\n\n<ul class=\"wp-block-list\">\n<li><strong>DELF-DALF : validarea competen\u021belor \u00een francez\u0103 general\u0103, de la nivel \u00eencep\u0103tor la avansat<\/strong><\/li>\n\n\n\n<li><strong>DIPLOME DE FRANCEZ\u0102 PROFESIONAL\u0102 (DFP) : validarea competen\u021belor \u00een limba francez\u0103 profesional\u0103<\/strong><\/li>\n<\/ul>\n\n\n\n<p>Preg\u0103tire specific\u0103 pentru examene integrat\u0103 \u00een programele de formare<\/p>\n\n\n\n<p>Certific\u0103ri recunoscute \u00een peste 170 de \u021b\u0103ri &#8211; valabilitate nelimitat\u0103<\/p>\n\n\n\n<p><strong>De ce s\u0103 alege\u021bi Institutul Francez din Rom\u00e2nia?<\/strong><\/p>\n\n\n\n<ul class=\"wp-block-list\">\n<li><strong>+100 de ani \u00een Rom\u00e2nia \u0219i experien\u021b\u0103 solid\u0103 \u00een formarea lingvistic\u0103 corporativ\u0103<\/strong><\/li>\n\n\n\n<li><strong>Formatori exper\u021bi<\/strong>, profesori califica\u021bi, vorbitori nativi sau francofoni (peste 120 de profesori)<\/li>\n\n\n\n<li><strong>Metode de predare pragmatice \u0219i comunicative<\/strong>, pe realitatea profesional\u0103<\/li>\n\n\n\n<li><strong>Asisten\u021b\u0103 pe termen lung<\/strong> cu evalu\u0103ri periodice<\/li>\n\n\n\n<li><strong>R\u0103d\u0103cini francofone<\/strong> prin intermediul bibliotecilor noastre media, evenimentelor \u0219i parteneriatelor<\/li>\n\n\n\n<li><strong>Membru CCIFER<\/strong> \u0219i partener de afaceri (peste 4.000 de companii franceze \u00een Rom\u00e2nia)<\/li>\n<\/ul>\n\n\n\n<p><strong>Contact \u0219i ofert\u0103<\/strong><br>Ave\u021bi un proiect de formare? Hai s\u0103 vorbim despre el.<\/p>\n\n\n\n<p class=\"has-text-align-left\">Pentru a ne contacta, <a href=\"https:\/\/docs.google.com\/forms\/d\/e\/1FAIpQLSc8ou4IDZ28rOY8A7Nactn0E8HrqT_hJdUfGHqEC0l25253XQ\/viewform\">CLICK <\/a>\u015fi completa\u0163i formularul cu datele dumneavoastr\u0103.<br>V\u0103 mul\u0163umim, ve\u0163i fi contacta\u0163i \u00een cel mai scurt timp.<\/p>\n\n\n\n<figure class=\"wp-block-table is-style-stripes\"><table><tbody><tr><td class=\"has-text-align-right\" data-align=\"right\"><a href=\"https:\/\/www.ccifer.ro\/actualites\/n\/news\/lifr-institut-francais-de-roumanie-leader-dans-lenseignement-du-francais-en-roumanie-1.html\" data-type=\"URL\" data-id=\"https:\/\/www.ccifer.ro\/actualites\/n\/news\/lifr-institut-francais-de-roumanie-leader-dans-lenseignement-du-francais-en-roumanie-1.html\"><img decoding=\"async\" src=\"https:\/\/institutfrancais.ro\/bucuresti\/wp-content\/uploads\/sites\/2\/2021\/09\/CCIFER_25ani_logo_color_fr.png\" alt=\"\" style=\"width: 200px\"><\/a><\/td><td class=\"has-text-align-left\" data-align=\"left\"><a href=\"https:\/\/www.ccifer.ro\/actualites\/n\/news\/lifr-institut-francais-de-roumanie-leader-dans-lenseignement-du-francais-en-roumanie-1.html\">ccifer.ro\/actualit\u00e9s<\/a><\/td><\/tr><\/tbody><\/table><\/figure>\n\n\n\n<p><\/p>\n\n\n\n<p><\/p>\n\n\n\n<p><\/p>\n\n\n\n<p><\/p>\n\n\n\n<p><\/p>\n","protected":false},"excerpt":{"rendered":"<p>Cursuri de formare personalizate | Certific\u0103ri recunoscute | Expertiza local\u0103 francofon\u0103 Un r\u0103spuns practic adaptat nevoilor dumneavoastr\u0103 Concepem programe de formare personalizate pentru a se potrivi sectorului dvs. de activitate, nivelului angaja\u021bilor dvs. \u0219i provoc\u0103rilor dvs. lingvistice \u0219i profesionale. 6 etape pentru o formare personalizat\u0103 1-\u00cen\u021belegerea culturii companiei dumneavoastr\u0103 \u0219i a obiectivelor de formare2-Evaluarea situa\u021biei [&hellip;]<\/p>\n","protected":false},"author":15,"featured_media":11178,"parent":0,"menu_order":0,"comment_status":"closed","ping_status":"closed","template":"","meta":{"footnotes":""},"class_list":["post-2215","page","type-page","status-publish","has-post-thumbnail","hentry"],"_links":{"self":[{"href":"https:\/\/institutfrancais.ro\/bucuresti\/wp-json\/wp\/v2\/pages\/2215","targetHints":{"allow":["GET"]}}],"collection":[{"href":"https:\/\/institutfrancais.ro\/bucuresti\/wp-json\/wp\/v2\/pages"}],"about":[{"href":"https:\/\/institutfrancais.ro\/bucuresti\/wp-json\/wp\/v2\/types\/page"}],"author":[{"embeddable":true,"href":"https:\/\/institutfrancais.ro\/bucuresti\/wp-json\/wp\/v2\/users\/15"}],"replies":[{"embeddable":true,"href":"https:\/\/institutfrancais.ro\/bucuresti\/wp-json\/wp\/v2\/comments?post=2215"}],"version-history":[{"count":23,"href":"https:\/\/institutfrancais.ro\/bucuresti\/wp-json\/wp\/v2\/pages\/2215\/revisions"}],"predecessor-version":[{"id":11244,"href":"https:\/\/institutfrancais.ro\/bucuresti\/wp-json\/wp\/v2\/pages\/2215\/revisions\/11244"}],"wp:featuredmedia":[{"embeddable":true,"href":"https:\/\/institutfrancais.ro\/bucuresti\/wp-json\/wp\/v2\/media\/11178"}],"wp:attachment":[{"href":"https:\/\/institutfrancais.ro\/bucuresti\/wp-json\/wp\/v2\/media?parent=2215"}],"curies":[{"name":"wp","href":"https:\/\/api.w.org\/{rel}","templated":true}]}}