{"id":2221,"date":"2021-12-16T08:51:00","date_gmt":"2021-12-16T08:51:00","guid":{"rendered":"https:\/\/institutfrancais.ro\/bucuresti\/?page_id=2221"},"modified":"2025-08-27T09:11:09","modified_gmt":"2025-08-27T09:11:09","slug":"cursuri-de-limba-romana","status":"publish","type":"page","link":"https:\/\/institutfrancais.ro\/bucuresti\/cursuri-de-limba-romana\/","title":{"rendered":"Cursuri de limba rom\u00e2n\u0103"},"content":{"rendered":"\n<p id=\"block-e498fd76-7d83-4d0a-9f2c-d5620451a6a6\">S\u0103 \u00een\u021belegi \u0219i s\u0103 te faci \u00een\u021beles rapid este esen\u0163ial c\u00e2nd te stabile\u015fti \u00eentr-o \u021bar\u0103 str\u0103in\u0103. \u021ainute de formatori nativi, form\u0103rile noastre de rom\u00e2n\u0103 privilegiaz\u0103 practica \u0219i acord\u0103 un loc important \u201climbii rom\u00e2ne de zi cu zi\u201d.<\/p>\n\n\n\n<p id=\"block-acdf963c-e4d4-4ec6-a351-a02bd08207b9\">Institutul Francez v\u0103 propune urmatoarele formule:<\/p>\n\n\n\n<p id=\"block-d46f1bdf-4258-49ef-8d65-ce3ca6cee17a\">\u2013 cursuri individuale<\/p>\n\n\n\n<p id=\"block-07950600-05b9-4d69-a207-00c5f375f1ff\">\u2013 cursuri \u00een grupe mici<\/p>\n\n\n\n<p id=\"block-ef2be4ff-d0b1-429a-b2ce-5e974010660b\">\u2013 cursuri \u00een \u00eentreprindere<\/p>\n\n\n\n<p id=\"block-5853eacc-b4c1-4f65-9a26-853cc1ec7f2f\">\u2013 sesiuni extensive de 30 ore<\/p>\n\n\n\n<p>Ofert\u0103 personalizat\u0103\u00a0; studen\u021bii beneficiaz\u0103 de o reducere la prezentarea cardului de student valabil.<\/p>\n\n\n\n<p><a href=\"mailto:inscri@institutfrancais.ro\">inscri@institutfrancais.ro<\/a><\/p>\n\n\n\n<p><\/p>\n","protected":false},"excerpt":{"rendered":"<p>S\u0103 \u00een\u021belegi \u0219i s\u0103 te faci \u00een\u021beles rapid este esen\u0163ial c\u00e2nd te stabile\u015fti \u00eentr-o \u021bar\u0103 str\u0103in\u0103. \u021ainute de formatori nativi, form\u0103rile noastre de rom\u00e2n\u0103 privilegiaz\u0103 practica \u0219i acord\u0103 un loc important \u201climbii rom\u00e2ne de zi cu zi\u201d. Institutul Francez v\u0103 propune urmatoarele formule: \u2013 cursuri individuale \u2013 cursuri \u00een grupe mici \u2013 cursuri \u00een \u00eentreprindere [&hellip;]<\/p>\n","protected":false},"author":15,"featured_media":5050,"parent":0,"menu_order":0,"comment_status":"closed","ping_status":"closed","template":"","meta":{"footnotes":""},"class_list":["post-2221","page","type-page","status-publish","has-post-thumbnail","hentry"],"_links":{"self":[{"href":"https:\/\/institutfrancais.ro\/bucuresti\/wp-json\/wp\/v2\/pages\/2221","targetHints":{"allow":["GET"]}}],"collection":[{"href":"https:\/\/institutfrancais.ro\/bucuresti\/wp-json\/wp\/v2\/pages"}],"about":[{"href":"https:\/\/institutfrancais.ro\/bucuresti\/wp-json\/wp\/v2\/types\/page"}],"author":[{"embeddable":true,"href":"https:\/\/institutfrancais.ro\/bucuresti\/wp-json\/wp\/v2\/users\/15"}],"replies":[{"embeddable":true,"href":"https:\/\/institutfrancais.ro\/bucuresti\/wp-json\/wp\/v2\/comments?post=2221"}],"version-history":[{"count":38,"href":"https:\/\/institutfrancais.ro\/bucuresti\/wp-json\/wp\/v2\/pages\/2221\/revisions"}],"predecessor-version":[{"id":11530,"href":"https:\/\/institutfrancais.ro\/bucuresti\/wp-json\/wp\/v2\/pages\/2221\/revisions\/11530"}],"wp:featuredmedia":[{"embeddable":true,"href":"https:\/\/institutfrancais.ro\/bucuresti\/wp-json\/wp\/v2\/media\/5050"}],"wp:attachment":[{"href":"https:\/\/institutfrancais.ro\/bucuresti\/wp-json\/wp\/v2\/media?parent=2221"}],"curies":[{"name":"wp","href":"https:\/\/api.w.org\/{rel}","templated":true}]}}