{"id":351,"date":"2021-02-15T19:52:08","date_gmt":"2021-02-15T19:52:08","guid":{"rendered":"https:\/\/institutfrancais.ro\/bucuresti\/?page_id=351"},"modified":"2026-01-30T12:54:09","modified_gmt":"2026-01-30T12:54:09","slug":"programul-de-rezidente","status":"publish","type":"page","link":"https:\/\/institutfrancais.ro\/bucuresti\/programul-de-rezidente\/","title":{"rendered":"Programul de reziden\u021be"},"content":{"rendered":"\n<p>\u00cen 2021, Institutul Francez din Rom\u00e2nia la Bucure\u0219ti (IFRo) a lansat un program de reziden\u021be prin inaugurarea Reziden\u021bei de buzunar. Adiacent\u0103 cinematografului Elvire Popesco, Reziden\u021ba de buzunar este un apartament folosit de arti\u0219ti pentru cercetare \u0219i de scriere a proiectelor artistice.<\/p>\n\n\n\n<p>Doi ani mai t\u00e2rziu, IFRo dezvolt\u0103 o a doua component\u0103 a programului \u2013 Reziden\u021ba itinerant\u0103. Mai bine adaptat\u0103 la nevoile specifice ale arti\u0219tilor, Reziden\u021ba itinerant\u0103 este conceput\u0103 pentru a facilita colectarea de materiale creative, memoriale \u0219i intelectuale pe teritoriul Rom\u00e2niei. Baz\u00e2ndu-se pe re\u021beaua de parteneriate a IFRo \u00een afara Bucure\u0219tiului, detaliile reziden\u021belor vor fi stabilite prin consultare cu participan\u021bii, \u00een spa\u021bii de reziden\u021b\u0103 deja identificate sau care urmeaz\u0103 s\u0103 fie descoperite.<\/p>\n\n\n\n<p><a href=\"https:\/\/institutfrancais.ro\/cluj-napoca\/fr\/apel-la-candidatura-2026\/#\/\"><strong>Appel \u00e0 candidatures \u2013 Programme de r\u00e9sidence de recherche artistique en Roumanie 2026<\/strong><\/a><\/p>\n\n\n\n<p><a href=\"https:\/\/institutfrancais.ro\/cluj-napoca\/un-nou-program-de-rezidente-in-romania-pentru-tineri-artisti-absolventi-ai-scolilor-de-arta-franceze\/#\/\">Programme de r\u00e9sidence de recherche en Roumanie 2025<\/a><\/p>\n\n\n\n<p><a href=\"https:\/\/institutfrancais.ro\/bucuresti\/category\/rezidenti-rezidenta-de-buzunar\/rezidenti-2023\/#\/\" data-type=\"URL\" data-id=\"https:\/\/institutfrancais.ro\/bucuresti\/category\/rezidenti-rezidenta-de-buzunar\/\">Reziden\u021bi <\/a>|<a href=\"https:\/\/institutfrancais.ro\/bucuresti\/programul-de-rezidente\/concurs-de-proiecte-2023-finalizat\/#\/\" data-type=\"URL\" data-id=\"https:\/\/institutfrancais.ro\/bucuresti\/concurs-de-proiecte-2021-finalizat\/\"> Concurs de proiecte 2023 (finalizat)<\/a><\/p>\n\n\n\n<p><a href=\"https:\/\/institutfrancais.ro\/bucuresti\/category\/rezidenti-rezidenta-de-buzunar\/rezidenti-2021\/#\/\" data-type=\"URL\" data-id=\"https:\/\/institutfrancais.ro\/bucuresti\/category\/rezidenti-rezidenta-de-buzunar\/\">Reziden\u021bi <\/a>|<a href=\"https:\/\/institutfrancais.ro\/bucuresti\/programul-de-rezidente\/rezidenta-de-buzunar-concurs-de-proiecte-2021\/#\/\" data-type=\"URL\" data-id=\"https:\/\/institutfrancais.ro\/bucuresti\/concurs-de-proiecte-2021-finalizat\/\"> Concurs de proiecte 2021 (finalizat)<\/a><\/p>\n\n\n\n<p><\/p>\n","protected":false},"excerpt":{"rendered":"<p>\u00cen 2021, Institutul Francez din Rom\u00e2nia la Bucure\u0219ti (IFRo) a lansat un program de reziden\u021be prin inaugurarea Reziden\u021bei de buzunar. Adiacent\u0103 cinematografului Elvire Popesco, Reziden\u021ba de buzunar este un apartament folosit de arti\u0219ti pentru cercetare \u0219i de scriere a proiectelor artistice. Doi ani mai t\u00e2rziu, IFRo dezvolt\u0103 o a doua component\u0103 a programului \u2013 Reziden\u021ba [&hellip;]<\/p>\n","protected":false},"author":1,"featured_media":6361,"parent":0,"menu_order":0,"comment_status":"closed","ping_status":"closed","template":"","meta":{"footnotes":""},"class_list":["post-351","page","type-page","status-publish","has-post-thumbnail","hentry"],"_links":{"self":[{"href":"https:\/\/institutfrancais.ro\/bucuresti\/wp-json\/wp\/v2\/pages\/351","targetHints":{"allow":["GET"]}}],"collection":[{"href":"https:\/\/institutfrancais.ro\/bucuresti\/wp-json\/wp\/v2\/pages"}],"about":[{"href":"https:\/\/institutfrancais.ro\/bucuresti\/wp-json\/wp\/v2\/types\/page"}],"author":[{"embeddable":true,"href":"https:\/\/institutfrancais.ro\/bucuresti\/wp-json\/wp\/v2\/users\/1"}],"replies":[{"embeddable":true,"href":"https:\/\/institutfrancais.ro\/bucuresti\/wp-json\/wp\/v2\/comments?post=351"}],"version-history":[{"count":9,"href":"https:\/\/institutfrancais.ro\/bucuresti\/wp-json\/wp\/v2\/pages\/351\/revisions"}],"predecessor-version":[{"id":12040,"href":"https:\/\/institutfrancais.ro\/bucuresti\/wp-json\/wp\/v2\/pages\/351\/revisions\/12040"}],"wp:featuredmedia":[{"embeddable":true,"href":"https:\/\/institutfrancais.ro\/bucuresti\/wp-json\/wp\/v2\/media\/6361"}],"wp:attachment":[{"href":"https:\/\/institutfrancais.ro\/bucuresti\/wp-json\/wp\/v2\/media?parent=351"}],"curies":[{"name":"wp","href":"https:\/\/api.w.org\/{rel}","templated":true}]}}