{"id":357,"date":"2021-02-15T19:53:45","date_gmt":"2021-02-15T19:53:45","guid":{"rendered":"https:\/\/institutfrancais.ro\/bucuresti\/?page_id=357"},"modified":"2025-02-19T10:46:20","modified_gmt":"2025-02-19T10:46:20","slug":"povestea-ifr-la-bucuresti","status":"publish","type":"page","link":"https:\/\/institutfrancais.ro\/bucuresti\/povestea-ifr-la-bucuresti\/","title":{"rendered":"Povestea IFRo la Bucure\u0219ti"},"content":{"rendered":"\n<p>Aflat sub tutela Ministerului pentru afaceri europene \u0219i externe (Minist\u00e8re de l\u2019Europe et des affaires \u00e9trang\u00e8res),\u00a0<strong>Institutul Francez din Rom\u00e2nia\u00a0<\/strong>(IFRo) apar\u021bine re\u021belei culturale franceze \u00een str\u0103in\u0103tate. Misiunea IFRo este promovarea cooper\u0103rii culturale, lingvistice \u0219i universitare, cooperarea cu institu\u021bii \u0219i cu reprezentan\u021bi ai societ\u0103\u021bii civile. Creat \u00een 2012, Institutul are, pe l\u00e2ng\u0103 sediul de la Bucure\u0219ti, trei filiale la Cluj-Napoca, Ia\u0219i \u0219i Timisoara \u0219i \u00eendepline\u0219te, de asemenea, misiunile Serviciului de Cooperare \u0219i Ac\u021biune Cultural\u0103 (Service de Coop\u00e9ration et d\u2019Action Culturelle) ale Ambasadei Fran\u021bei.<\/p>\n\n\n\n<p>Cu toate c\u0103 prezen\u021ba primei institu\u021bii culturale franceze \u00een Rom\u00e2nia dateaz\u0103 din anul 1923, un Centru Cultural Francez (Centre culturel fran\u00e7ais) se deschide \u00een 1936, \u00een cl\u0103direa situat\u0103 la num\u0103rul 77, pe bulevardul Dacia. Acest loc a reprezentat un simbol al deschiderii Rom\u00e2niei c\u0103tre exterior, a fost ultima institu\u021bie care s-a \u00eenchis \u00een 1945 \u0219i prima redeschis\u0103 \u00een 1970 \u00een perioada relax\u0103rii regimului comunism. O serie de nume celebre i-au adus notorietate, \u00eei amintim pe directorii Paul Henri (1925-1932), Alphonse Dupront (1932-1940) \u0219i Jean Mouton (1940-1946) sau pe filozoful Roland Barthes, ata\u0219at cultural la Bucure\u0219ti \u00eentre 1947 \u0219i 1949.<\/p>\n\n\n\n<p>\u00cen prezent, \u00een fiecare dintre filialele sale, IFRo \u00a0propune cursuri de francez\u0103, prime\u0219te \u0219i \u00eendrum\u0103 studen\u021bi doritori s\u0103 studieze \u00een Fran\u021ba, organizeaz\u0103 evenimente culturale \u0219i dezvolt\u0103 ac\u021biuni de cooperare \u00eentre Rom\u00e2nia \u0219i Fran\u021ba. Activit\u0103\u021bile sale sunt structurate pe trei axe principale: promovarea limbii franceze \u00een \u0219coli, universit\u0103\u021bi \u0219i \u00een medii profesionale; difuzarea culturii \u0219i crea\u021biei artistice franceze \u0219i sus\u021binerea dezvolt\u0103rii cooper\u0103rii franco-rom\u00e2ne.<\/p>\n\n\n\n<p>IFRo este un centru lingvistic dinamic, singurul autorizat de c\u0103tre Ministerul francez al Educa\u021biei s\u0103 elibereze certific\u0103ri interna\u021bionale (diplome DELF-DALF, TCF) \u0219i de c\u0103tre Camera de Comer\u021b \u0219i Industrie din Paris (chambre de commerce et d\u2019Industrie de Paris) pentru diplome DFP \u0219i TEF. In 2020, peste 5.000 persoane s-au \u00eenscris la diverse cursuri de limb\u0103 la distan\u021b\u0103 sau cu prezen\u021b\u0103 fizic\u0103.<\/p>\n\n\n\n<p>IFRo joac\u0103 un rol important \u00een peisajul cultural rom\u00e2n prin organizarea anual\u0103 de evenimente culturale \u0219i artistice: expozi\u021bii, \u00eent\u00e2lniri literare, conferin\u021be \u0219i concerte.<\/p>\n\n\n\n<p>Mediatecile IFRo de\u021bin aproape 65.000 documents fizice \u0219i resurse online care pot fi accesate pe platforma <a href=\"https:\/\/www.culturetheque.com\/ROU\" target=\"_blank\" rel=\"noreferrer noopener\">Cultureth\u00e8que<\/a>.<\/p>\n\n\n\n<p>La Bucure\u0219ti, IFRo g\u0103zduie\u0219te cinematograful <a href=\"http:\/\/www.elvirepopesco.ro\/\" target=\"_blank\" rel=\"noreferrer noopener\">Elvire Popesco<\/a>, care, datorit\u0103 unei bogate oferte de filme franceze \u0219i europene incluse \u00een programarea sa, este una dintre cele mai apreciate scene cinematografice din Rom\u00e2nia.<\/p>\n","protected":false},"excerpt":{"rendered":"<p>Aflat sub tutela Ministerului pentru afaceri europene \u0219i externe (Minist\u00e8re de l\u2019Europe et des affaires \u00e9trang\u00e8res),\u00a0Institutul Francez din Rom\u00e2nia\u00a0(IFRo) apar\u021bine re\u021belei culturale franceze \u00een str\u0103in\u0103tate. Misiunea IFRo este promovarea cooper\u0103rii culturale, lingvistice \u0219i universitare, cooperarea cu institu\u021bii \u0219i cu reprezentan\u021bi ai societ\u0103\u021bii civile. Creat \u00een 2012, Institutul are, pe l\u00e2ng\u0103 sediul de la Bucure\u0219ti, trei [&hellip;]<\/p>\n","protected":false},"author":1,"featured_media":1116,"parent":0,"menu_order":0,"comment_status":"closed","ping_status":"closed","template":"","meta":{"footnotes":""},"class_list":["post-357","page","type-page","status-publish","has-post-thumbnail","hentry"],"_links":{"self":[{"href":"https:\/\/institutfrancais.ro\/bucuresti\/wp-json\/wp\/v2\/pages\/357","targetHints":{"allow":["GET"]}}],"collection":[{"href":"https:\/\/institutfrancais.ro\/bucuresti\/wp-json\/wp\/v2\/pages"}],"about":[{"href":"https:\/\/institutfrancais.ro\/bucuresti\/wp-json\/wp\/v2\/types\/page"}],"author":[{"embeddable":true,"href":"https:\/\/institutfrancais.ro\/bucuresti\/wp-json\/wp\/v2\/users\/1"}],"replies":[{"embeddable":true,"href":"https:\/\/institutfrancais.ro\/bucuresti\/wp-json\/wp\/v2\/comments?post=357"}],"version-history":[{"count":4,"href":"https:\/\/institutfrancais.ro\/bucuresti\/wp-json\/wp\/v2\/pages\/357\/revisions"}],"predecessor-version":[{"id":10855,"href":"https:\/\/institutfrancais.ro\/bucuresti\/wp-json\/wp\/v2\/pages\/357\/revisions\/10855"}],"wp:featuredmedia":[{"embeddable":true,"href":"https:\/\/institutfrancais.ro\/bucuresti\/wp-json\/wp\/v2\/media\/1116"}],"wp:attachment":[{"href":"https:\/\/institutfrancais.ro\/bucuresti\/wp-json\/wp\/v2\/media?parent=357"}],"curies":[{"name":"wp","href":"https:\/\/api.w.org\/{rel}","templated":true}]}}