{"id":5590,"date":"2024-01-23T07:38:49","date_gmt":"2024-01-23T07:38:49","guid":{"rendered":"https:\/\/institutfrancais.ro\/bucuresti\/?p=5590"},"modified":"2024-06-14T12:32:05","modified_gmt":"2024-06-14T12:32:05","slug":"cursuri-la-institut","status":"publish","type":"page","link":"https:\/\/institutfrancais.ro\/bucuresti\/cursuri-la-institut\/","title":{"rendered":"Cursuri la Institut"},"content":{"rendered":"\n<h2 class=\"wp-block-heading\">Cuprins<\/h2>\n\n\n\n<p><a href=\"#informatii-generale-col-coll\" data-type=\"internal\" data-id=\"#informatii-generale-col-coll\">I<strong>nforma\u021bii generale<\/strong><\/a><\/p>\n\n\n\n<p><a href=\"#cours_adulti_24\" data-type=\"internal\" data-id=\"#cours_adulti_24\"><strong><strong>Curs demonstrativ<\/strong><\/strong><\/a><\/p>\n\n\n\n<p id=\"cours_adulti_24\"><a href=\"#cours_adulti_24\"><strong>Cursuri pentru adul\u021bi<\/strong><\/a><\/p>\n\n\n\n<p><a href=\"#Cursuri-anuale-pentru-copii-6\/10-ani\"><strong>Cursuri pentru copii 4\/10 ani<\/strong><\/a><\/p>\n\n\n\n<p><a href=\"#Cursuri-anuale-pentru-adolescen\u021bi-11\/14-ani\"><strong>Cursuri pentru adolescen\u021bi 11\/18 ani<\/strong><\/a><\/p>\n\n\n\n<p class=\"has-text-align-center has-black-color has-pale-cyan-blue-background-color has-text-color has-background has-medium-font-size\"><strong><a href=\"https:\/\/bucarest.extranet-aec.com\/classes\/view\/74%7C76%7C75%7C72%7C61\/0\/0\/0\/1#\/\">CATALOG_CURSURI_2024<\/a><\/strong><\/p>\n\n\n\n<h2 class=\"wp-block-heading\" id=\"informatii-generale-col-coll\">Informa<strong>\u021b<\/strong>ii generale<\/h2>\n\n\n\n<p><strong>Cursuri de grup<\/strong> la Institutul francez <\/p>\n\n\n\n<p><strong>Num\u0103rul de locuri este limitat<\/strong><\/p>\n\n\n\n<p><strong>Profesori exper\u021bi <\/strong>\u00een predarea francezei ca limb\u0103 str\u0103in\u0103<\/p>\n\n\n\n<p>Activit\u0103\u021bi interactive orientate c\u0103tre comunicarea \u00een limba francez\u0103<\/p>\n\n\n\n<p>Suportul pedagogic este&nbsp;<strong>inclus<\/strong>&nbsp;\u00een tariful cursului<\/p>\n\n\n\n<p>Un test (scris \u0219i oral) pentru determinarea nivelului va fi propus la \u00eenscriere;  testul este inclus \u00een tariful cursului<\/p>\n\n\n\n<p>Abonament la Mediateca \u0219i Cultureth\u00e8que inclus \u00een tariful cursului (valabil pe durata cursului)<\/p>\n\n\n\n<p>Cursurile pot fi certificate printr-o <a href=\"https:\/\/institutfrancais.ro\/bucuresti\/category\/cursuri-si-examene\/examene-si-certificari\/#\/\">diplom\u0103 oficial\u0103 DELF-DALF<\/a> recunoscut\u0103 interna\u021bional \u0219i cu o valabilitate nelimitat\u0103<\/p>\n\n\n\n<p>Consulta\u021bi condi\u021biile generale de v\u00e2nzare <a href=\"https:\/\/institutfrancais.ro\/bucuresti\/conditii-generale-de-vanzare-cursuri-si-examene\/#\/\">(CGV)<\/a> \u00eenainte de a realiza \u00eenscrierea on-line.<\/p>\n\n\n\n<h2 class=\"wp-block-heading\">Curs demonstrativ de limba francez\u0103<\/h2>\n\n\n\n<p><em>Vrei s\u0103 \u00eenveti o limb\u0103 str\u0103in\u0103 dar nu \u015ftii ce s\u0103 alegi? Franceza \u0163i se pare dificil\u0103? <\/em><br><em><em>Vino s\u0103 vezi cum se \u021bin cursurile la noi \u015fi care este abordarea noastr\u0103 pedagogic\u0103!<\/em><\/em><\/p>\n\n\n\n<p><strong>Descrierea cursului : <\/strong>pentru \u00eencep\u0103tori<\/p>\n\n\n\n<p>Vei \u00eenv\u0103\u021ba c\u00e2teva cuvinte \u015fi expresii \u0219i vei face o c\u0103l\u0103torie imaginar\u0103 \u00een Fran\u021ba! <\/p>\n\n\n\n<p><strong>Durata cursului: 9 ore<\/strong><br><strong>Durata sedintei&nbsp;: 1 h 30<\/strong><br><strong>Tarif&nbsp;: 350 lei<\/strong><\/p>\n\n\n\n<p>La fiecare \u00eent\u00e2lnire vei afla c\u00e2teva cuvinte \u0219i expresii noi care te vor convinge c\u0103 franceza se \u00eenva\u021b\u0103 u\u0219or si vei face o c\u0103l\u0103torie virtual\u0103 spre 9 ora\u0219e din Franta!<\/p>\n\n\n\n<p>Vei avea posibilitatea de a descoperi limba francez\u0103 \u015fi metodele noastre pedagogice, axate pe interac\u0163iune. La final, vei fi \u00eendrumat c\u0103tre un curs din catalogul nostru, pentru a \u00eencepe studiul limbii franceze.<\/p>\n\n\n\n<p>Se aplic\u0103 o reducere de 10 % pentru studen\u0163i la prezentarea carnetului de student valabil pe anul \u00een curs \u015fi folosind codul promo\u0163ional IFRO2024.<\/p>\n\n\n\n<div class='kiosque-aec'><div\n data-module='classes'\n data-action='classes-list'\n data-param-id-etablishment-branch=''\n data-param-id-period=''\n data-param-id-classification='2'\n data-param-id-subject=''\n data-param-id-main-level=''\n data-param-id-class-type=''\n data-param-level-id=''\n data-param-id-class-format=''\n data-param-location=''\n data-param-show-all-establishment=''\n data-param-id-level='116'\n data-param-lang='ro_RO'><\/div><\/div>\n\n\n\n<h2 class=\"wp-block-heading\" id=\"Cursuri-anuale-pentru-copii-4\/6-ani\"><strong>Cursuri pentru adul\u021bi<\/strong><\/h2>\n\n\n\n<p><em>\u00cenva\u021b\u0103 franceza \u00een propriul ritm: 1, 2 sau 3 sedin\u021be de curs pe s\u0103pt\u0103m\u00e2n\u0103!<\/em><\/p>\n\n\n\n<p><strong>Num\u0103r de ore<\/strong>: <strong>30 de ore<\/strong> pentru nivelurile A1, A2, B1 \u0219i <strong>60 de ore<\/strong> pentru nivelurile B2, C1<br><strong>Durat\u0103 \u0219edin\u021b<strong>\u0103<\/strong> <\/strong>: <strong>2 ore<\/strong><br><strong>Tarif&nbsp;: 900 lei \/ 30 de ore<\/strong> \u0219i<strong> 1800 lei \/ 60 de ore<\/strong>  &nbsp;<\/p>\n\n\n\n<p>Reducere aplicat\u0103 de 10% pentru membrii aceleia\u015fi familii, pentru cursan\u021bii Institutului francez (\u00eenscris la un curs \u00een ultimele 3 luni), pentru studen\u021bi pe baza legitima\u021biei sau a carnetului de student vizat la zi \u0219i prin aplicarea codului promo\u021bional IFRO2024.<\/p>\n\n\n\n<div class='kiosque-aec'><div\n data-module='classes'\n data-action='courses-selection-tiles'\n data-param-etablishment-branch-id='12'\n data-param-period-id='0'\n data-param-classification-id='2'\n data-param-subject-id='1'\n data-param-class-type-id='74'\n data-param-main-level=''\n data-param-levels-to-filter-by=''\n data-param-localization=''\n data-param-class-format-id=''\n data-param-show-filter-choices='1'\n data-param-show-all-establishment='N'\n data-param-lang='ro_RO'><\/div><\/div>\n\n\n\n<h2 class=\"wp-block-heading\" id=\"Cursuri-anuale-pentru-adolescen\u021bi-11\/14-ani\"><strong>Cursuri pentru adolescen\u021bi 11\/18 ani<\/strong><\/h2>\n\n\n\n<p><em>\u00cenva\u021b\u0103 franceza pentru viitorul t\u0103u \u015fi \u00een propriul ritm: 1, 2 sau 3 sedin\u021be de curs pe s\u0103pt\u0103m\u00e2n\u0103 <\/em><\/p>\n\n\n\n<p><strong>Num\u0103r de ore<\/strong>: <strong>30 de ore<\/strong> pentru nivelurile A1, A2, B1 \u0219i <strong>60 de ore<\/strong> pentru nivelurile B2, C1<br><strong>Durat\u0103 \u0219edin\u021b<strong>\u0103<\/strong> <\/strong>: <strong>2 ore<\/strong><br><strong>Tarif&nbsp;: 900 lei \/ 30 de ore<\/strong> \u0219i<strong> 1800 lei \/ 60 de ore<\/strong>  &nbsp;<\/p>\n\n\n\n<p>Reducere aplicat\u0103 de 10% pentru cursan\u021bii Institutului francez (\u00eenscris la un curs \u00een ultimele 3 luni).<\/p>\n\n\n\n<p><div class='kiosque-aec'><div\n data-module='classes'\n data-action='courses-selection-tiles'\n data-param-etablishment-branch-id=''\n data-param-period-id=''\n data-param-classification-id='1'\n data-param-subject-id=''\n data-param-class-type-id='74'\n data-param-main-level=''\n data-param-levels-to-filter-by=''\n data-param-localization=''\n data-param-class-format-id=''\n data-param-show-filter-choices='1'\n data-param-lang='ro_RO'><\/div><\/div><a id=\"_msocom_1\"><\/a><\/p>\n\n\n\n<h2 class=\"wp-block-heading\" id=\"Cursuri-anuale-pentru-copii-4\/6-ani\"><strong>Cursuri pentru copii 4\/10 ani<\/strong><\/h2>\n\n\n\n<p><em>Franceza poate fi descoperit\u0103 \u015fi \u00eenv\u0103\u0163at\u0103 u\u015for ! \u015eedin\u0163e de 1 or\u0103 sau 2 ore pe s\u0103pt\u0103m\u00e2n\u0103 sunt propuse copiilor dornici \u015fi pasiona\u0163i de limba francez\u0103!<\/em><\/p>\n\n\n\n<p>Pentru copiii cu v\u00e2rsta de <strong>4 &#8211; 5 ani<\/strong> : \u00eenv\u0103\u0163area limbii franceze prin diverse activit\u0103\u0163i ludice<\/p>\n\n\n\n<p>Pentru copiii cu v\u00e2rsta de <strong>6 &#8211; 10 ani<\/strong> : \u00eenv\u0103\u0163area limbii franceze prin metodele <em>Les petits Loustics<\/em> \u015fi <em> Les Loustics <\/em> <\/p>\n\n\n\n<p><strong><strong><strong>Num\u0103r de ore<\/strong>&nbsp;: 30 de ore <\/strong><\/strong><br><span><b><strong>Durat\u0103 \u0219edin\u021b<strong>\u0103<\/strong><\/strong><\/b><\/span><strong><strong>:  1 or\u0103 <\/strong><\/strong>pentru 4-5 ani \u015fi <strong>1h30<\/strong> pentru 6-10 ani <br><strong>Tarif&nbsp;: 1050 lei <\/strong>(4-5 ani)<strong> <\/strong>\u015fi <strong>900 lei<\/strong> (6-10 ani)<\/p>\n\n\n\n<p>Reducere aplicat\u0103 de 10% pentru membrii aceleia\u015fi familii, pentru cursan\u021bii Institutului francez (\u00eenscris la un curs \u00een ultimele 3 luni).<\/p>\n\n\n\n<p><div class='kiosque-aec'><div\n data-module='classes'\n data-action='courses-selection-tiles'\n data-param-etablishment-branch-id='12'\n data-param-period-id=''\n data-param-classification-id='3'\n data-param-subject-id='1'\n data-param-class-type-id='74|58'\n data-param-main-level=''\n data-param-levels-to-filter-by=''\n data-param-localization=''\n data-param-class-format-id=''\n data-param-show-filter-choices='1'\n data-param-lang='ro_RO'><\/div><\/div><a id=\"_msocom_1\"><\/a><\/p>\n","protected":false},"excerpt":{"rendered":"<p>Cuprins Informa\u021bii generale Curs demonstrativ Cursuri pentru adul\u021bi Cursuri pentru copii 4\/10 ani Cursuri pentru adolescen\u021bi 11\/18 ani CATALOG_CURSURI_2024 Informa\u021bii generale Cursuri de grup la Institutul francez Num\u0103rul de locuri este limitat Profesori exper\u021bi \u00een predarea francezei ca limb\u0103 str\u0103in\u0103 Activit\u0103\u021bi interactive orientate c\u0103tre comunicarea \u00een limba francez\u0103 Suportul pedagogic este&nbsp;inclus&nbsp;\u00een tariful cursului Un test [&hellip;]<\/p>\n","protected":false},"author":18,"featured_media":6596,"parent":0,"menu_order":0,"comment_status":"closed","ping_status":"closed","template":"","meta":{"footnotes":""},"class_list":["post-5590","page","type-page","status-publish","has-post-thumbnail","hentry"],"_links":{"self":[{"href":"https:\/\/institutfrancais.ro\/bucuresti\/wp-json\/wp\/v2\/pages\/5590","targetHints":{"allow":["GET"]}}],"collection":[{"href":"https:\/\/institutfrancais.ro\/bucuresti\/wp-json\/wp\/v2\/pages"}],"about":[{"href":"https:\/\/institutfrancais.ro\/bucuresti\/wp-json\/wp\/v2\/types\/page"}],"author":[{"embeddable":true,"href":"https:\/\/institutfrancais.ro\/bucuresti\/wp-json\/wp\/v2\/users\/18"}],"replies":[{"embeddable":true,"href":"https:\/\/institutfrancais.ro\/bucuresti\/wp-json\/wp\/v2\/comments?post=5590"}],"version-history":[{"count":98,"href":"https:\/\/institutfrancais.ro\/bucuresti\/wp-json\/wp\/v2\/pages\/5590\/revisions"}],"predecessor-version":[{"id":9282,"href":"https:\/\/institutfrancais.ro\/bucuresti\/wp-json\/wp\/v2\/pages\/5590\/revisions\/9282"}],"wp:featuredmedia":[{"embeddable":true,"href":"https:\/\/institutfrancais.ro\/bucuresti\/wp-json\/wp\/v2\/media\/6596"}],"wp:attachment":[{"href":"https:\/\/institutfrancais.ro\/bucuresti\/wp-json\/wp\/v2\/media?parent=5590"}],"curies":[{"name":"wp","href":"https:\/\/api.w.org\/{rel}","templated":true}]}}