{"id":752,"date":"2021-03-10T14:29:49","date_gmt":"2021-03-10T14:29:49","guid":{"rendered":"https:\/\/institutfrancais.ro\/bucuresti\/?page_id=752"},"modified":"2026-02-03T14:04:38","modified_gmt":"2026-02-03T14:04:38","slug":"informatii-practice","status":"publish","type":"page","link":"https:\/\/institutfrancais.ro\/bucuresti\/mediateca-2\/informatii-practice\/","title":{"rendered":"Informa\u021bii practice"},"content":{"rendered":"\n<h3 class=\"wp-block-heading\"><strong>ORAR <\/strong><\/h3>\n\n\n\n<p><strong>Luni<\/strong>: \u00eenchis<br><strong>Mar\u021bi, miercuri \u0219i vineri<\/strong>: 10.00 \u2013 18.00 <br><strong>Joi<\/strong>: 11.00 \u2013 19.00<br><strong>S\u00e2mb\u0103t\u0103:<\/strong> 10.00 \u2013 14.00<\/p>\n\n\n\n<p><strong>\u00censcrierile, \u00eemprumuturile \u0219i retururile se opresc cu 15 minute \u00eenainte de ora \u00eenchiderii.<\/strong><\/p>\n\n\n\n<p><\/p>\n\n\n\n<h3 class=\"wp-block-heading\"><strong>\u00ceNSCRIERE<\/strong><\/h3>\n\n\n\n<p>Plata pentru abonament se poate face la mediatec\u0103 sau on-line, pe Eventbook (<a href=\"https:\/\/eventbook.ro\/other\/bilete-permis-de-cititor?lang=ro\" target=\"_blank\" rel=\"noreferrer noopener\">aici<\/a>).<br><br><br><strong>ABONAMENTE \u0218I TARIFE<\/strong><br><\/p>\n\n\n\n<div class=\"wp-block-columns is-layout-flex wp-container-core-columns-is-layout-9d6595d7 wp-block-columns-is-layout-flex\">\n<div class=\"wp-block-column is-layout-flow wp-block-column-is-layout-flow\" style=\"flex-basis:100%\">\n<div class=\"wp-block-group\"><div class=\"wp-block-group__inner-container is-layout-flow wp-block-group-is-layout-flow\">\n<figure class=\"wp-block-table alignleft is-style-regular\"><table class=\"has-background\" style=\"background-color:#e7f5fe\"><thead><tr><th><strong>Tip de permis<\/strong><\/th><th><strong>Servicii<\/strong><\/th><th><strong>Valabilitate<\/strong><\/th><th><strong>Durata de \u00eemprumut<\/strong><\/th><th><strong>Cotiza\u021bie<\/strong><\/th><\/tr><\/thead><tbody><tr><td><strong>Permis <em>M\u00e9diath\u00e8que<\/em><\/strong><\/td><td>acces la colec\u021bia \u00abadult\u00bb;<br>se \u00eemprumut\u0103 14 documente din care 4 DVD-uri \u0219i 3 CD-uri;<br>acces gratuit la <a href=\"https:\/\/www.culturetheque.com\/ROU\/\" data-type=\"URL\" data-id=\"https:\/\/www.culturetheque.com\/ROU\/\">Cultureth\u00e8que<\/a><\/td><td>1 an<\/td><td>2 s\u0103ptam\u00e2ni<br>2 prelungiri posibile<\/td><td><strong>80 lei<\/strong>**<\/td><\/tr><tr><td><strong>Permis <\/strong><br><em><strong>Tarif redus*<\/strong><\/em><\/td><td>acces la colec\u021bia \u00abadult\u00bb;<br>se \u00eemprumut\u0103 14 documente din care 4 DVD-uri \u0219i 3 CD-uri;<br>acces gratuit la <a href=\"https:\/\/www.culturetheque.com\/ROU\/\" data-type=\"URL\" data-id=\"https:\/\/www.culturetheque.com\/ROU\/\">Cultureth\u00e8que<\/a><\/td><td>1 an<\/td><td>2 s\u0103ptam\u00e2ni<br>2 prelungiri posibile<\/td><td><strong>55 lei<\/strong>**<\/td><\/tr><tr><td><strong>Permis pentru <em>copiii &lt;12 ani<\/em><\/strong><\/td><td>acces la colec\u021bia pentru copii;<br>se \u00eemprumut\u0103 7 documente din care 3 DVD-uri \u0219i CD-uri;<br>acces gratuit la<a href=\"https:\/\/www.culturetheque.com\/ROU\/\" data-type=\"URL\" data-id=\"https:\/\/www.culturetheque.com\/ROU\/\"> Cultureth\u00e8que<\/a> <\/td><td>1 an<\/td><td>2 s\u0103ptam\u00e2ni<br>2 prelungiri posibile<\/td><td><strong>55 lei<\/strong>**<\/td><\/tr><tr><td><strong>Permis <\/strong><em><strong>3 luni <\/strong><\/em><br><em><strong>pentru adulti <\/strong><\/em><\/td><td>acces la colec\u021bia \u00abadult\u00bb;<br>se \u00eemprumut\u0103 14 documente <br>din care 4 DVD-uri \u0219i 3 CD-uri<\/td><td>3 luni<\/td><td>2 s\u0103ptam\u00e2ni<br>2 prelungiri posibile<\/td><td><strong>45 lei<\/strong><\/td><\/tr><tr><td><strong>Permis <\/strong><em><strong>3 luni <\/strong><\/em><br><em><strong>pentru adulti <\/strong><\/em><br><em><strong>Tarif redus*<\/strong><\/em><\/td><td>acces la colec\u021bia \u00abadult\u00bb;<br>se \u00eemprumut\u0103 14 documente <br>din care 4 DVD-uri \u0219i 3 CD-uri<\/td><td>3 luni<\/td><td>2 s\u0103ptam\u00e2ni<br>2 prelungiri posibile<\/td><td><strong>45 lei<\/strong><\/td><\/tr><tr><td><strong>Permis <\/strong><em><strong>3 luni <\/strong><\/em><br><em><strong>pentru copii<\/strong><\/em><\/td><td>acces la colec\u021bia pentru copii;<br>se \u00eemprumut\u0103 7 documente din care 3 DVD-uri \u0219i CD-uri<\/td><td>3 luni<\/td><td>2 s\u0103ptam\u00e2ni<br>2 prelungiri posibile<\/td><td><strong>45 lei<\/strong><\/td><\/tr><tr><td><strong>Permis pentru <em>\u0219coli <\/em><\/strong><\/td><td>acces la colec\u021bia pentru copii;<br>se \u00eemprumut\u0103 60 c\u0103r\u021bi, 10 reviste, 10 CD-uri, 10 DVD-uri;<br>3 conturi gratuite la <a href=\"https:\/\/www.culturetheque.com\/ROU\/\" data-type=\"URL\" data-id=\"https:\/\/www.culturetheque.com\/ROU\/\">Cultureth\u00e8que<\/a><\/td><td>1 an<\/td><td>8 s\u0103pt\u0103m\u00e2ni<\/td><td><strong>1000 lei <\/strong><\/td><\/tr><tr><td><strong>Permis pentru <em>companii Argent<\/em><\/strong><\/td><td>acces la colec\u021bia \u00abadult\u00bb;<br>se \u00eemprumut\u0103 70 c\u0103r\u021bi, 20 reviste, 20 CD-uri, 20 DVD-uri;<br>5 conturi gratuite la <a href=\"https:\/\/www.culturetheque.com\/ROU\/\" data-type=\"URL\" data-id=\"https:\/\/www.culturetheque.com\/ROU\/\">Cultureth\u00e8que<\/a><\/td><td>1 an<\/td><td>8 s\u0103pt\u0103m\u00e2ni<\/td><td><strong>1100 lei <\/strong><\/td><\/tr><tr><td><strong>Permis pentru <em>companii Or<\/em><\/strong><\/td><td>acces la colec\u021bia \u00abadult\u00bb \u0219i pentru copii;<br>se \u00eemprumut\u0103 100 c\u0103r\u021bi, 50 reviste, 30 CD-uri, 30 DVD-uri;<br>vizite ghidate \u00een mediatec\u0103;<br>20 conturi gratuite la <a href=\"https:\/\/www.culturetheque.com\/ROU\/\" data-type=\"URL\" data-id=\"https:\/\/www.culturetheque.com\/ROU\/\">Cultureth\u00e8que<\/a>;<br>1 atelier la alegere \/ pe trimestru (la sediul companiei);<br>5 locuri la un atelier (pentru copii) la alegere \/ trimestru.<\/td><td>1 an<\/td><td>12 s\u0103pt\u0103m\u00e2ni<\/td><td><strong>2200 lei<\/strong><\/td><\/tr><\/tbody><\/table><figcaption class=\"wp-element-caption\">*elevi, studen\u0163i, profesori de francez\u0103, \u015fomeri, pensionari<br>**gratuit pentru participan\u021bii la cursurile de limb\u0103 francez\u0103<\/figcaption><\/figure>\n<\/div><\/div>\n\n\n\n<p><\/p>\n<\/div>\n<\/div>\n\n\n\n<p>Prelungirile \u0219i rezerv\u0103rile de documente pot fi f\u0103cute prin telefon, e-mail sau din contul abonatului de pe portalul mediatecii: <a href=\"https:\/\/ifroumanie.bibenligne.fr\/\">https:\/\/ifroumanie.bibenligne.fr<\/a><br>Permisul de cititor ofer\u0103 acces \u0219i la mediatecile filialelor Institutului Francez din Rom\u00e2nia din Cluj-Napoca, Ia\u0219i \u0219i Timi\u0219oara, f\u0103r\u0103 nicio alt\u0103 formalitate sau cost suplimentar.<\/p>\n\n\n\n<p>Aten\u021bie!<br>Documentele rezervate pot fi prelungite o singur\u0103 dat\u0103.<br>Pierderea sau deteriorarea grav\u0103 a unui document: \u00eenlocuirea documentului.<br><\/p>\n\n\n\n<h3 class=\"wp-block-heading\"><strong>CONTACT<\/strong><\/h3>\n\n\n\n<p>\u260e\ufe0f 0374 125 235 <br>\ud83d\udce7 <a href=\"mailto:mediatheque.bucarest@institutfrancais.ro\" target=\"_blank\" rel=\"noreferrer noopener\">mediatheque.bucarest@institutfrancais.ro<\/a><br>Adresa: Bd. Dacia, nr. 77, sector 2, Bucure\u0219ti<\/p>\n\n\n\n<p class=\"has-pale-cyan-blue-color has-text-color has-medium-font-size\"><strong><u><a href=\"https:\/\/mediatecafranceza.files.wordpress.com\/2019\/02\/rc3a8glement-de-la-mc3a9diathc3a8que.pdf\" data-type=\"URL\" data-id=\"https:\/\/mediatecafranceza.files.wordpress.com\/2019\/02\/rc3a8glement-de-la-mc3a9diathc3a8que.pdf\" target=\"_blank\" rel=\"noreferrer noopener\">Regulamentul mediatecii<\/a><\/u><\/strong><\/p>\n","protected":false},"excerpt":{"rendered":"<p>ORAR Luni: \u00eenchisMar\u021bi, miercuri \u0219i vineri: 10.00 \u2013 18.00 Joi: 11.00 \u2013 19.00S\u00e2mb\u0103t\u0103: 10.00 \u2013 14.00 \u00censcrierile, \u00eemprumuturile \u0219i retururile se opresc cu 15 minute \u00eenainte de ora \u00eenchiderii. \u00ceNSCRIERE Plata pentru abonament se poate face la mediatec\u0103 sau on-line, pe Eventbook (aici). ABONAMENTE \u0218I TARIFE Tip de permis Servicii Valabilitate Durata de \u00eemprumut Cotiza\u021bie [&hellip;]<\/p>\n","protected":false},"author":4,"featured_media":877,"parent":758,"menu_order":0,"comment_status":"closed","ping_status":"closed","template":"","meta":{"footnotes":""},"class_list":["post-752","page","type-page","status-publish","has-post-thumbnail","hentry"],"_links":{"self":[{"href":"https:\/\/institutfrancais.ro\/bucuresti\/wp-json\/wp\/v2\/pages\/752","targetHints":{"allow":["GET"]}}],"collection":[{"href":"https:\/\/institutfrancais.ro\/bucuresti\/wp-json\/wp\/v2\/pages"}],"about":[{"href":"https:\/\/institutfrancais.ro\/bucuresti\/wp-json\/wp\/v2\/types\/page"}],"author":[{"embeddable":true,"href":"https:\/\/institutfrancais.ro\/bucuresti\/wp-json\/wp\/v2\/users\/4"}],"replies":[{"embeddable":true,"href":"https:\/\/institutfrancais.ro\/bucuresti\/wp-json\/wp\/v2\/comments?post=752"}],"version-history":[{"count":33,"href":"https:\/\/institutfrancais.ro\/bucuresti\/wp-json\/wp\/v2\/pages\/752\/revisions"}],"predecessor-version":[{"id":12043,"href":"https:\/\/institutfrancais.ro\/bucuresti\/wp-json\/wp\/v2\/pages\/752\/revisions\/12043"}],"up":[{"embeddable":true,"href":"https:\/\/institutfrancais.ro\/bucuresti\/wp-json\/wp\/v2\/pages\/758"}],"wp:featuredmedia":[{"embeddable":true,"href":"https:\/\/institutfrancais.ro\/bucuresti\/wp-json\/wp\/v2\/media\/877"}],"wp:attachment":[{"href":"https:\/\/institutfrancais.ro\/bucuresti\/wp-json\/wp\/v2\/media?parent=752"}],"curies":[{"name":"wp","href":"https:\/\/api.w.org\/{rel}","templated":true}]}}