{"id":809,"date":"2021-03-11T15:27:50","date_gmt":"2021-03-11T15:27:50","guid":{"rendered":"https:\/\/institutfrancais.ro\/bucuresti\/?page_id=809"},"modified":"2023-04-07T11:03:44","modified_gmt":"2023-04-07T11:03:44","slug":"rezidenta-de-buzunar-concurs-de-proiecte-2021","status":"publish","type":"page","link":"https:\/\/institutfrancais.ro\/bucuresti\/programul-de-rezidente\/rezidenta-de-buzunar-concurs-de-proiecte-2021\/","title":{"rendered":"Concurs de proiecte 2021 (finalizat)"},"content":{"rendered":"\n<p><strong>Concursul de proiecte pentru reziden\u021be \u00een perioada martie-decembrie 2021 s-a \u00eencheiat.<\/strong><\/p>\n\n\n\n<ul class=\"wp-block-list\"><li><a href=\"https:\/\/drive.google.com\/file\/d\/1PdzAyxf4pUuSHdiFcEvIjzZYb307qeK4\/view?usp=sharing\" data-type=\"URL\" data-id=\"https:\/\/drive.google.com\/file\/d\/1PdzAyxf4pUuSHdiFcEvIjzZYb307qeK4\/view?usp=sharing\">Regulament 2021<\/a><\/li><li><a href=\"https:\/\/drive.google.com\/file\/d\/1lkmwxJl3j06_IGpsCq00bRwKzTgaor86\/view?usp=sharing\" data-type=\"URL\" data-id=\"https:\/\/drive.google.com\/file\/d\/1lkmwxJl3j06_IGpsCq00bRwKzTgaor86\/view?usp=sharing\">Formular de candidatur\u0103 2021<\/a><\/li><li><a href=\"https:\/\/drive.google.com\/file\/d\/1ika1PHM_a-O8e7X5DXqa6elCuB-7e8zj\/view?usp=sharing\" data-type=\"URL\" data-id=\"https:\/\/drive.google.com\/file\/d\/1ika1PHM_a-O8e7X5DXqa6elCuB-7e8zj\/view?usp=sharing\">Rezultate 2021<\/a><\/li><\/ul>\n\n\n\n<p><\/p>\n","protected":false},"excerpt":{"rendered":"<p>Concursul de proiecte pentru reziden\u021be \u00een perioada martie-decembrie 2021 s-a \u00eencheiat. Regulament 2021 Formular de candidatur\u0103 2021 Rezultate 2021<\/p>\n","protected":false},"author":4,"featured_media":6461,"parent":351,"menu_order":0,"comment_status":"closed","ping_status":"closed","template":"","meta":{"footnotes":""},"class_list":["post-809","page","type-page","status-publish","has-post-thumbnail","hentry"],"_links":{"self":[{"href":"https:\/\/institutfrancais.ro\/bucuresti\/wp-json\/wp\/v2\/pages\/809","targetHints":{"allow":["GET"]}}],"collection":[{"href":"https:\/\/institutfrancais.ro\/bucuresti\/wp-json\/wp\/v2\/pages"}],"about":[{"href":"https:\/\/institutfrancais.ro\/bucuresti\/wp-json\/wp\/v2\/types\/page"}],"author":[{"embeddable":true,"href":"https:\/\/institutfrancais.ro\/bucuresti\/wp-json\/wp\/v2\/users\/4"}],"replies":[{"embeddable":true,"href":"https:\/\/institutfrancais.ro\/bucuresti\/wp-json\/wp\/v2\/comments?post=809"}],"version-history":[{"count":4,"href":"https:\/\/institutfrancais.ro\/bucuresti\/wp-json\/wp\/v2\/pages\/809\/revisions"}],"predecessor-version":[{"id":6475,"href":"https:\/\/institutfrancais.ro\/bucuresti\/wp-json\/wp\/v2\/pages\/809\/revisions\/6475"}],"up":[{"embeddable":true,"href":"https:\/\/institutfrancais.ro\/bucuresti\/wp-json\/wp\/v2\/pages\/351"}],"wp:featuredmedia":[{"embeddable":true,"href":"https:\/\/institutfrancais.ro\/bucuresti\/wp-json\/wp\/v2\/media\/6461"}],"wp:attachment":[{"href":"https:\/\/institutfrancais.ro\/bucuresti\/wp-json\/wp\/v2\/media?parent=809"}],"curies":[{"name":"wp","href":"https:\/\/api.w.org\/{rel}","templated":true}]}}