{"id":8269,"date":"2024-02-05T13:25:28","date_gmt":"2024-02-05T13:25:28","guid":{"rendered":"https:\/\/institutfrancais.ro\/bucuresti\/?page_id=8269"},"modified":"2024-02-12T09:24:05","modified_gmt":"2024-02-12T09:24:05","slug":"nardiv","status":"publish","type":"page","link":"https:\/\/institutfrancais.ro\/bucuresti\/nardiv\/","title":{"rendered":"NARDIV"},"content":{"rendered":"\n<p>Institutul Francez din Rom\u00e2nia este partener \u00een proiectul finan\u021bat de programul Horizon Europe intitulat \ud835\udde1\ud835\uddd4\ud835\udde5\ud835\uddd7\ud835\udddc\ud835\udde9 &#8211; \ud835\ude1c\ud835\ude2f\ud835\ude2a\ud835\ude35\ud835\ude26\ud835\ude25 \ud835\ude2a\ud835\ude2f \ud835\ude15\ud835\ude22\ud835\ude33\ud835\ude33\ud835\ude22\ud835\ude35\ud835\ude2a\ud835\ude37\ud835\ude26 \ud835\ude0b\ud835\ude2a\ud835\ude37\ud835\ude26\ud835\ude33\ud835\ude34\ud835\ude2a\ud835\ude35\ud835\ude3a? \ud835\ude0a\ud835\ude36\ud835\ude2d\ud835\ude35\ud835\ude36\ud835\ude33\ud835\ude22\ud835\ude2d (\ud835\ude0c\ud835\ude39-)\ud835\ude0a\ud835\ude29\ud835\ude22\ud835\ude2f\ud835\ude28\ud835\ude26 \ud835\ude22\ud835\ude2f\ud835\ude25 \ud835\ude14\ud835\ude36\ud835\ude35\ud835\ude36\ud835\ude22\ud835\ude2d \ud835\ude17\ud835\ude26\ud835\ude33\ud835\ude24\ud835\ude26\ud835\ude31\ud835\ude35\ud835\ude2a\ud835\ude30\ud835\ude2f\ud835\ude34 \ud835\ude2a\ud835\ude2f \ud835\ude0c\ud835\ude22\ud835\ude34\ud835\ude35\ud835\ude26\ud835\ude33\ud835\ude2f \ud835\ude22\ud835\ude2f\ud835\ude25 \ud835\ude1e\ud835\ude26\ud835\ude34\ud835\ude35\ud835\ude26\ud835\ude33\ud835\ude2f \ud835\ude0c\ud835\ude36\ud835\ude33\ud835\ude30\ud835\ude31\ud835\ude26 \ud835\ude22\ud835\ude35 \ud835\ude35\ud835\ude29\ud835\ude26 \ud835\ude1b\ud835\ude29\ud835\ude33\ud835\ude26\ud835\ude34\ud835\ude29\ud835\ude30\ud835\ude2d\ud835\ude25 \ud835\ude30\ud835\ude27 \ud835\ude35\ud835\ude29\ud835\ude26 \ud835\ude0b\ud835\ude2a\ud835\ude28\ud835\ude2a\ud835\ude35\ud835\ude22\ud835\ude2d \ud835\ude08\ud835\ude28\ud835\ude26.<\/p>\n\n\n\n<p>Proiectul se va desf\u0103\u0219ura \u00een perioada 2023-2026 cu participarea: Universit\u00e9 d\u00b4Aix Marseille (coordonator), Universitatea din Bucure\u0219ti, Protisvalor M\u00e9diterran\u00e9e, Uniwersytet Wroc\u0142awski, Hochschule f\u00fcr Angewandte Wissenschaften Hamburg, Uniwersytet Szczeci\u0144ski, Stichting Duitsland Instituut bij de Universiteit van Amsterdam, Institutul Cultural Rom\u00e2n, Goethe-Institut Bucure\u0219ti, Institut Fran\u00e7ais de Roumanie, Universiteit van Amsterdam, Office Franco-Allemand pour la Jeunesse (OFAJ), EUFRAK-EuroConsults Berlin GmbH, GLOBESEC.<\/p>\n\n\n\n<p>Lu\u00e2nd ca punct de plecare al ac\u021biunilor a \u0219ase \u021b\u0103ri europene \u2013 Fran\u021ba, Germania, Olanda, Polonia, Rom\u00e2nia \u0219i Slovacia \u2013 partenerii institu\u021bionali implica\u021bi vor examina critic percep\u021biile reciproce din Europa de Est \u0219i de Vest prin prisma schimbului intercultural.<\/p>\n\n\n\n<p>\u00cen cadrul proiectului, savan\u021bi, practicieni din institutele dedicate schimburilor culturale, arti\u0219ti \u0219i reprezentan\u021bi ai industriilor creative \u00ee\u0219i vor uni for\u021bele pentru a analiza dificult\u0103\u021bile actuale, de la evolu\u021bii istorice divergente, investi\u021bii emo\u021bionale, p\u00e2n\u0103 la provoc\u0103rile revolu\u021biei media digitale.<\/p>\n\n\n\n<p>Institu\u021biile culturale partenere \u00een proiect vor avea un dublu rol pe parcursul celor patru ani. Ele vor \u201eservi\u201d ca obiecte de cercetare, dar vor reprezenta \u0219i laboratoare practice, pentru discutarea critic\u0103 a constat\u0103rilor primei faze de cercetare academic\u0103 \u0219i pentru dezvoltarea de noi formate \u00een timpul celei de-a doua, \u201eexperimentale\u201d.<\/p>\n\n\n\n<h2 class=\"wp-block-heading\"><strong><strong><strong>Crea\u021bie artistic\u0103 \/\/diversitate cultural\u0103 minorit\u0103\u021bi etnice \u00een film, teatru, dezbateri, performance<\/strong><\/strong><\/strong><\/h2>\n\n\n\n<p>\u00cen acest context, \ud835\uddf0\ud835\uddff\ud835\uddf2\ud835\uddee\ud835\ude01\u0326\ud835\uddf6\ud835\uddf2 \ud835\uddee\ud835\uddff\ud835\ude01\ud835\uddf6\ud835\ude00\ud835\ude01\ud835\uddf6\ud835\uddf0\ud835\uddee\u0306 \/\/ \ud835\uddf1\ud835\uddf6\ud835\ude03\ud835\uddf2\ud835\uddff\ud835\ude00\ud835\uddf6\ud835\ude01\ud835\uddee\ud835\ude01\ud835\uddf2 \ud835\uddf0\ud835\ude02\ud835\uddf9\ud835\ude01\ud835\ude02\ud835\uddff\ud835\uddee\ud835\uddf9\ud835\uddee\u0306 \u00ee\u0219i propune s\u0103 fie un caleidoscop \u00een care se reflect\u0103 perspective diferite ale c\u00e2torva minorit\u0103\u021bi culturale din Rom\u00e2nia, plec\u00e2nd de la crea\u021bii cinematografice \u0219i performative. Fiecare eveniment este \u00eenso\u021bit de discu\u021bii cu arti\u0219ti, jurnali\u0219ti \u0219i speciali\u0219ti \u2013 ocazii pentru a asculta, a \u00een\u021belege, a empatiza, a c\u0103uta solu\u021bii pentru a ne dezvolta \u00eempreun\u0103, oric\u00e2t de diferite ar fi nara\u021biunile cu care ne identific\u0103m.<\/p>\n\n\n\n<p><strong>Iat\u0103 c\u00e2teva dintre evenimentele de care v\u0103 pute\u021bi bucura cu ocazia NARDIV:<\/strong><\/p>\n\n\n\n<p>\ud835\udfee\ud835\udff1 \ud835\uddf6\ud835\uddee\ud835\uddfb\ud835\ude02\ud835\uddee\ud835\uddff\ud835\uddf6\ud835\uddf2<strong>, ora<\/strong> \ud835\udfed\ud835\udff5:\ud835\udfec\ud835\udfec &#8211; \ud835\uddd6\ud835\uddf6\ud835\uddfb\ud835\uddf2\ud835\uddfa\ud835\uddee \ud835\uddd8\ud835\uddf9\ud835\ude03\ud835\uddf6\ud835\uddff\ud835\uddf2 \ud835\udde3\ud835\uddfc\ud835\uddfd\ud835\uddf2\ud835\ude00\ud835\uddf0\ud835\uddfc<\/p>\n\n\n\n<p>\ud835\ude10\ud835\ude26\ud835\ude34\u0327\ud835\ude2a\ud835\ude33\ud835\ude26\ud835\ude22 \ud835\ude35\ud835\ude33\ud835\ude26\ud835\ude2f\ud835\ude36\ud835\ude33\ud835\ude2a\ud835\ude2d\ud835\ude30\ud835\ude33 \ud835\ude25\ud835\ude2a\ud835\ude2f \ud835\ude28\ud835\ude22\ud835\ude33\ud835\ude22\u0306<\/p>\n\n\n\n<p>Proiec\u021bie de film urmat\u0103 de Q&amp;A cu realizatorii Radu Jude \u0219i Adrian Ciofl\u00e2nc\u0103<\/p>\n\n\n\n<p><em>Ie\u0219irea trenurilor din gar\u0103<\/em> este un film de montaj compus \u00een \u00eentregime din fotografii de arhiv\u0103 \u0219i documente referitoare la pogromul de la Ia\u0219i din iunie 1941, unul dintre cele mai violente episoade din istoria evreilor din Rom\u00e2nia. \u00cen urma ordinului dat de generalul Ion Antonescu, au murit mai mult de 13.000 de oameni.<\/p>\n\n\n\n<p>Prima parte a filmului e alc\u0103tuit\u0103 din fotografii ale victimelor, \u00eenso\u021bite pe coloana sonor\u0103 de declara\u021bii \u0219i m\u0103rturii despre soarta acestora. Partea a doua, mai scurt\u0103, reprezint\u0103 un montaj din fotografiile propriu-zise ale pogromului, unele din ele inedite.<\/p>\n\n\n\n<p>Proiec\u021bia va fi urmat\u0103 de o discu\u021bie cu realizatorii Radu Jude \u0219i Adrian Ciofl\u00e2nc\u0103.<\/p>\n\n\n\n<p>\ud835\udfee\ud835\udff2 \ud835\uddf6\ud835\uddee\ud835\uddfb\ud835\ude02\ud835\uddee\ud835\uddff\ud835\uddf6\ud835\uddf2<strong>, ora <\/strong>\ud835\udfed\ud835\udff5:\ud835\udfec\ud835\udfec &#8211; \ud835\udde7\ud835\uddf2\ud835\uddee\ud835\ude01\ud835\uddff\ud835\ude02\ud835\uddf9 \ud835\uddd7\ud835\uddff\ud835\uddee\ud835\uddfa\ud835\uddee\ud835\ude01\ud835\ude02\ud835\uddff\ud835\uddf4\ud835\uddf6\ud835\uddf9\ud835\uddfc\ud835\uddff \ud835\udde5\ud835\uddfc\ud835\uddfa\ud835\uddee\u0302\ud835\uddfb\ud835\uddf6<\/p>\n\n\n\n<p>\ud835\ude1d\ud835\ude2a\ud835\ude33\ud835\ude22\ud835\ude2d\ud835\ude22\u0306 \ud835\ude31\ud835\ude26 \ud835\ude1b\ud835\ude2a\ud835\ude2c\ud835\ude1b\ud835\ude30\ud835\ude2c <\/p>\n\n\n\n<p>Text \u0219i regie Mihaela Dr\u0103gan<\/p>\n\n\n\n<p>Spectacol cu Nicoleta Ghi\u021b\u0103 \u0219i Bianca Mihaim co-produs de Giuvlipen<\/p>\n\n\n\n<p>subtitrat \u00een limba englez\u0103<\/p>\n\n\n\n<p>\ud835\udfee\ud835\udff2 \ud835\uddf6\ud835\uddee\ud835\uddfb\ud835\ude02\ud835\uddee\ud835\uddff\ud835\uddf6\ud835\uddf2<strong>, ora <\/strong>\ud835\udfee\ud835\udfec:\ud835\udfef\ud835\udfec &#8211; \ud835\udde7\ud835\uddf2\ud835\uddee\ud835\ude01\ud835\uddff\ud835\ude02\ud835\uddf9 \ud835\uddd7\ud835\uddff\ud835\uddee\ud835\uddfa\ud835\uddee\ud835\ude01\ud835\ude02\ud835\uddff\ud835\uddf4\ud835\uddf6\ud835\uddf9\ud835\uddfc\ud835\uddff \ud835\udde5\ud835\uddfc\ud835\uddfa\ud835\uddee\u0302\ud835\uddfb\ud835\uddf6<\/p>\n\n\n\n<p>\ud835\ude14\ud835\ude22\ud835\ude34\ud835\ude22\u0306 \ud835\ude33\ud835\ude30\ud835\ude35\ud835\ude36\ud835\ude2f\ud835\ude25\ud835\ude22\u0306 \ud835\ude25\ud835\ude26\ud835\ude34\ud835\ude31\ud835\ude33\ud835\ude26 \ud835\ude31\ud835\ude26\ud835\ude33\ud835\ude34\ud835\ude31\ud835\ude26\ud835\ude24\ud835\ude35\ud835\ude2a\ud835\ude37\ud835\ude26 \ud835\ude33\ud835\ude30\ud835\ude2e\ud835\ude26 \ud835\ude2a\u0302\ud835\ude2f \ud835\ude22\ud835\ude33\ud835\ude35\ud835\ude26\ud835\ude2d\ud835\ude26 \ud835\ude31\ud835\ude26\ud835\ude33\ud835\ude27\ud835\ude30\ud835\ude33\ud835\ude2e\ud835\ude22\ud835\ude35\ud835\ude2a\ud835\ude37\ud835\ude26<\/p>\n\n\n\n<p>Cu Mihaela Dr\u0103gan (artist\u0103 multidisciplinar\u0103), Zita Moldovan (actri\u021b\u0103 \u0219i fashion designer), R\u0103zvan Rotaru (actor \u0219i coregraf)<\/p>\n\n\n\n<p>\u00cen mijlocul dansului virtual al emoticoanelor \u0219i al provoc\u0103rilor \u00een trend, <em>Viral\u0103 pe TikTok<\/em> urm\u0103re\u0219te c\u0103l\u0103toria remarcabil\u0103 a dou\u0103 adolescente legate de prietenie \u0219i curaj, care \u00eencearc\u0103 s\u0103 devin\u0103 faimoase pe cea mai popular\u0103 aplica\u021bie de social media, TikTok. \u00centr-o societate plin\u0103 de standarde duble, tinerele se confrunt\u0103 cu idealurile sexiste de frumuse\u021be, mi\u0219carea periculoas\u0103 a pick up arti\u0219tilor, presiunea virginit\u0103\u021bii \u0219i a c\u0103s\u0103toriei, dar \u0219i influen\u021ba religiei \u00een suprimarea drepturilor femeilor.<\/p>\n\n\n\n<p>Giuvlipen \u00eenseamn\u0103 feminism \u00een limba romani \u0219i este prima companie de teatru independent feminist rom din Rom\u00e2nia. \u00cenfiin\u021bat\u0103 \u00een 2014 de actri\u021bele Mihaela Dr\u0103gan \u0219i Zita Moldovan, compania produce spectacole \u00een care \u00ee\u0219i propune s\u0103 revendice arta, istoria \u0219i identitatea cultural\u0103 rom\u0103, prin pove\u0219ti spuse de arti\u0219ti \u0219i artiste rome.<\/p>\n\n\n\n<p>Reprezenta\u021bia spectacolului va fi urmat\u0103 de o discu\u021bie despre crea\u021bia artistic\u0103 rom\u0103, \u00een cadrul c\u0103reia realizatorii spectacolului vor aborda subiecte ca marginalizarea istoric\u0103 a romilor, despre rezilien\u021b\u0103 \u0219i despre provoc\u0103rile pe care arti\u0219tii romi le \u00eent\u00e2mpin\u0103 \u00een lumea artei.<\/p>\n\n\n\n<p>\ud835\udfef\ud835\udfed \ud835\uddf6\ud835\uddee\ud835\uddfb\ud835\ude02\ud835\uddee\ud835\uddff\ud835\uddf6\ud835\uddf2<strong>, ora<\/strong> \ud835\udfee\ud835\udfec:\ud835\udfef\ud835\udfec &#8211; \ud835\uddd6\ud835\uddf6\ud835\uddfb\ud835\uddf2\ud835\uddfa\ud835\uddee \ud835\uddd8\ud835\uddf9\ud835\ude03\ud835\uddf6\ud835\uddff\ud835\uddf2 \ud835\udde3\ud835\uddfc\ud835\uddfd\ud835\uddf2\ud835\ude00\ud835\uddf0\ud835\uddfc<\/p>\n\n\n\n<p>\ud835\ude0e\ud835\ude2a\ud835\ude31\ud835\ude34\ud835\ude3a \ud835\ude18\ud835\ude36\ud835\ude26\ud835\ude26\ud835\ude2f<\/p>\n\n\n\n<p>Proiec\u021bie de film urmat\u0103 de Q&amp;A cu protagonista Alina \u0218erban \u0219i jurnalista Ana Maria Ciobanu<\/p>\n\n\n\n<p>Nu este deloc u\u0219or pentru o mam\u0103 singur\u0103 s\u0103 \u00ee\u0219i g\u0103seasc\u0103 echilibru \u00een societate. Mai ales dac\u0103 are origini rome \u0219i este \u00een mod constant victima rasismului \u0219i a discrimin\u0103rii. Cu toate acestea, uneori, via\u021ba ofer\u0103 ocazii pentru a realiza visul (aproape) imposibil al unui viitor mai bun. Aceasta este, povestea lui Ali, personajul principal interpretat de Alina \u0218erban \u00een lungmetrajului <em>Gipsy Queen<\/em>, realizat de H\u00fcseyin Tabak \u00een 2019.<\/p>\n\n\n\n<p>Pentru rolul din filmul \ud835\ude0e\ud835\ude2a\ud835\ude31\ud835\ude34\ud835\ude3a \ud835\ude18\ud835\ude36\ud835\ude26\ud835\ude26\ud835\ude2f, Alina \u0218erban a fost desemnat\u0103 de patru ori Cea mai bun\u0103 actri\u021b\u0103, printre care Cea mai bun\u0103 actri\u021b\u0103 a Germaniei \u00een 2020 de c\u0103tre Uniunea Actorilor din Germania. Pentru acela\u0219i rol, Alina \u0218erban a fost nominalizat\u0103 la Premiile Academiei Germane de Film.<\/p>\n\n\n\n<p>Proiec\u021bia va fi urmat\u0103 de o discu\u021bie cu Alina \u0218erban, moderat\u0103 de jurnalista Ana Maria Ciobanu, autoare a podcastului <em>Obiceiul P\u0103m\u00e2ntului<\/em>.<\/p>\n\n\n\n<p>\ud835\udfed \ud835\uddf3\ud835\uddf2\ud835\uddef\ud835\uddff\ud835\ude02\ud835\uddee\ud835\uddff\ud835\uddf6\ud835\uddf2<strong>, ora <\/strong>\ud835\udfed\ud835\udff5:\ud835\udfec\ud835\udfec &#8211; \ud835\udde3\ud835\uddee\ud835\ude03\ud835\uddf6\ud835\uddf9\ud835\uddf6\ud835\uddfc\ud835\uddfb \ud835\udfef\ud835\udfee &#8211; \ud835\uddda\ud835\uddfc\ud835\uddf2\ud835\ude01\ud835\uddf5\ud835\uddf2-\ud835\udddc\ud835\uddfb\ud835\ude00\ud835\ude01\ud835\uddf6\ud835\ude01\ud835\ude02\ud835\ude01<\/p>\n\n\n\n<p>\ud835\ude14\ud835\ude22\ud835\ude33\ud835\ude27\ud835\ude22\u0306 \ud835\ude36\ud835\ude2e\ud835\ude22\ud835\ude2f\ud835\ude22\u0306 \ud835\ude34\ud835\ude22\ud835\ude36 \ud835\ude0a\ud835\ude22\ud835\ude2d\ud835\ude26\ud835\ude22 \ud835\ude25\ud835\ude36\ud835\ude33\ud835\ude26\ud835\ude33\ud835\ude30\ud835\ude22\ud835\ude34\ud835\ude22\u0306 \ud835\ude24\ud835\ude22\u0306\ud835\ude35\ud835\ude33\ud835\ude26 \ud835\ude2d\ud835\ude2a\ud835\ude23\ud835\ude26\ud835\ude33\ud835\ude35\ud835\ude22\ud835\ude35\ud835\ude26<\/p>\n\n\n\n<p>Live performance \u0219i dezbatere, plec\u00e2nd de la spectacolul \u201eOameni. De v\u00e2nzare\u201d (o produc\u021bie a Teatrului German de Stat Timi\u0219oara)<\/p>\n\n\n\n<p>Cu Ioana Iacob (actri\u021b\u0103), Carmen Lidia Vidu (autoare \u0219i regizoare) \u0219i Germina Nag\u00e2\u021b (membr\u0103 a Colegiului CNSAS)<\/p>\n\n\n\n<p>Moderatori: Joachim Umlauf, directorul Goethe-Institut Bucure\u0219ti, \u0219i Roxana L\u0103p\u0103dat<\/p>\n\n\n\n<p>\u00cen aprilie 2022, Teatrul German de Stat Timi\u0219oara a prezentat \u00een premier\u0103 produc\u021bia sa de succes \u201eOameni. De v\u00e2nzare\u201d, un spectacol-eveniment de Carmen Lidia Vidu despre comer\u021bul cu etnicii germani din Rom\u00e2nia comunist\u0103, aflat\u0103 sub regimul lui Nicolae Ceau\u0219escu.<\/p>\n\n\n\n<p><em>Marf\u0103 uman\u0103<\/em> sau <em>Calea dureroas\u0103 c\u0103tre libertate<\/em> este un showcase despre acest subiect marcant pentru istoria minorit\u0103\u021bii germane: un live performance cu actri\u021ba Ioana Iacob, cu fragmente din spectacolul \u201eOameni. De v\u00e2nzare\u201d (o produc\u021bie a Teatrului German de Stat Timi\u0219oara), precum \u0219i o dezbatere cu Carmen Lidia Vidu, autoarea \u0219i regizoarea spectacolului, \u0219i Germina Nag\u00e2\u021b, membr\u0103 \u00een Colegiul Consiliului Na\u021bional pentru Studierea Arhivelor Securit\u0103\u021bii (CNSAS). \u00cen cadrul discu\u021biei vor fi inserate \u0219i fragmente video din spectacol, cu interviuri realizate de Carmen Lidia Vidu cu personaje-cheie pentru desf\u0103\u0219urarea acestei ac\u021biuni de peste dou\u0103 decenii, precum avocatul Heinz G\u00fcnther H\u00fcsch, negociatorul din partea RFG, care a murit \u00een octombrie 2023.<\/p>\n\n\n\n<p><\/p>\n\n\n\n<p><\/p>\n\n\n\n<p><\/p>\n\n\n\n<p><\/p>\n\n\n\n<p><\/p>\n\n\n\n<p><\/p>\n","protected":false},"excerpt":{"rendered":"<p>Institutul Francez din Rom\u00e2nia este partener \u00een proiectul finan\u021bat de programul Horizon Europe intitulat \ud835\udde1\ud835\uddd4\ud835\udde5\ud835\uddd7\ud835\udddc\ud835\udde9 &#8211; \ud835\ude1c\ud835\ude2f\ud835\ude2a\ud835\ude35\ud835\ude26\ud835\ude25 \ud835\ude2a\ud835\ude2f \ud835\ude15\ud835\ude22\ud835\ude33\ud835\ude33\ud835\ude22\ud835\ude35\ud835\ude2a\ud835\ude37\ud835\ude26 \ud835\ude0b\ud835\ude2a\ud835\ude37\ud835\ude26\ud835\ude33\ud835\ude34\ud835\ude2a\ud835\ude35\ud835\ude3a? \ud835\ude0a\ud835\ude36\ud835\ude2d\ud835\ude35\ud835\ude36\ud835\ude33\ud835\ude22\ud835\ude2d (\ud835\ude0c\ud835\ude39-)\ud835\ude0a\ud835\ude29\ud835\ude22\ud835\ude2f\ud835\ude28\ud835\ude26 \ud835\ude22\ud835\ude2f\ud835\ude25 \ud835\ude14\ud835\ude36\ud835\ude35\ud835\ude36\ud835\ude22\ud835\ude2d \ud835\ude17\ud835\ude26\ud835\ude33\ud835\ude24\ud835\ude26\ud835\ude31\ud835\ude35\ud835\ude2a\ud835\ude30\ud835\ude2f\ud835\ude34 \ud835\ude2a\ud835\ude2f \ud835\ude0c\ud835\ude22\ud835\ude34\ud835\ude35\ud835\ude26\ud835\ude33\ud835\ude2f \ud835\ude22\ud835\ude2f\ud835\ude25 \ud835\ude1e\ud835\ude26\ud835\ude34\ud835\ude35\ud835\ude26\ud835\ude33\ud835\ude2f \ud835\ude0c\ud835\ude36\ud835\ude33\ud835\ude30\ud835\ude31\ud835\ude26 \ud835\ude22\ud835\ude35 \ud835\ude35\ud835\ude29\ud835\ude26 \ud835\ude1b\ud835\ude29\ud835\ude33\ud835\ude26\ud835\ude34\ud835\ude29\ud835\ude30\ud835\ude2d\ud835\ude25 \ud835\ude30\ud835\ude27 \ud835\ude35\ud835\ude29\ud835\ude26 \ud835\ude0b\ud835\ude2a\ud835\ude28\ud835\ude2a\ud835\ude35\ud835\ude22\ud835\ude2d \ud835\ude08\ud835\ude28\ud835\ude26. Proiectul se va desf\u0103\u0219ura \u00een perioada 2023-2026 cu participarea: Universit\u00e9 d\u00b4Aix Marseille (coordonator), Universitatea din Bucure\u0219ti, Protisvalor M\u00e9diterran\u00e9e, [&hellip;]<\/p>\n","protected":false},"author":3,"featured_media":8276,"parent":0,"menu_order":0,"comment_status":"closed","ping_status":"closed","template":"","meta":{"footnotes":""},"class_list":["post-8269","page","type-page","status-publish","has-post-thumbnail","hentry"],"_links":{"self":[{"href":"https:\/\/institutfrancais.ro\/bucuresti\/wp-json\/wp\/v2\/pages\/8269","targetHints":{"allow":["GET"]}}],"collection":[{"href":"https:\/\/institutfrancais.ro\/bucuresti\/wp-json\/wp\/v2\/pages"}],"about":[{"href":"https:\/\/institutfrancais.ro\/bucuresti\/wp-json\/wp\/v2\/types\/page"}],"author":[{"embeddable":true,"href":"https:\/\/institutfrancais.ro\/bucuresti\/wp-json\/wp\/v2\/users\/3"}],"replies":[{"embeddable":true,"href":"https:\/\/institutfrancais.ro\/bucuresti\/wp-json\/wp\/v2\/comments?post=8269"}],"version-history":[{"count":10,"href":"https:\/\/institutfrancais.ro\/bucuresti\/wp-json\/wp\/v2\/pages\/8269\/revisions"}],"predecessor-version":[{"id":8323,"href":"https:\/\/institutfrancais.ro\/bucuresti\/wp-json\/wp\/v2\/pages\/8269\/revisions\/8323"}],"wp:featuredmedia":[{"embeddable":true,"href":"https:\/\/institutfrancais.ro\/bucuresti\/wp-json\/wp\/v2\/media\/8276"}],"wp:attachment":[{"href":"https:\/\/institutfrancais.ro\/bucuresti\/wp-json\/wp\/v2\/media?parent=8269"}],"curies":[{"name":"wp","href":"https:\/\/api.w.org\/{rel}","templated":true}]}}