{"id":8339,"date":"2024-02-12T11:28:11","date_gmt":"2024-02-12T11:28:11","guid":{"rendered":"https:\/\/institutfrancais.ro\/bucuresti\/?page_id=8339"},"modified":"2024-02-12T11:48:38","modified_gmt":"2024-02-12T11:48:38","slug":"program-de-cercetare-postdoctorala","status":"publish","type":"page","link":"https:\/\/institutfrancais.ro\/bucuresti\/program-de-cercetare-postdoctorala\/","title":{"rendered":"Program de Cercetare Postdoctoral\u0103"},"content":{"rendered":"\n<p><a href=\"https:\/\/www.fmsh.fr\/programmes\/programme-atlas\">La Fondation Maison des Sciences de l\u2019Homme<\/a> \u0219i Institutul Francez din Rom\u00e2nia (IFRo) ofer\u0103 dou\u0103 programe cu mobilitate academic\u0103, de c\u00e2te 2 luni fiecare, \u00een Fran\u021ba, tinerilor cercet\u0103tori postdoctorali din Rom\u00e2nia care \u0219i-au sus\u021binut teza \u00eencep\u00e2nd cu anul 2018.<\/p>\n\n\n\n<p>Acest program cu mobilitate academic\u0103 este conceput pentru desf\u0103\u0219urarea activit\u0103\u021bilor de cercetare \u00een Fran\u021ba: anchete de teren, cercetare \u00een biblioteci \u0219i arhive.<\/p>\n\n\n\n<p>Apelul face parte din <a href=\"https:\/\/www.fmsh.fr\/programmes\/programme-atlas\">Programul Atlas<\/a> postdoctoral, cu mobilitate academic\u0103 pe termen scurt, lansat de FMSH \u0219i partenerii s\u0103i.<\/p>\n\n\n\n<p>Pentru mai multe informa\u021bii accesa\u021bi <a href=\"https:\/\/institutfrancais.ro\/bucuresti\/fr\/sejour-de-recherche-postdoctoral\/#\/\">linkul IFRo<\/a>.<\/p>\n\n\n\n<p><\/p>\n","protected":false},"excerpt":{"rendered":"<p>La Fondation Maison des Sciences de l\u2019Homme \u0219i Institutul Francez din Rom\u00e2nia (IFRo) ofer\u0103 dou\u0103 programe cu mobilitate academic\u0103, de c\u00e2te 2 luni fiecare, \u00een Fran\u021ba, tinerilor cercet\u0103tori postdoctorali din Rom\u00e2nia care \u0219i-au sus\u021binut teza \u00eencep\u00e2nd cu anul 2018. Acest program cu mobilitate academic\u0103 este conceput pentru desf\u0103\u0219urarea activit\u0103\u021bilor de cercetare \u00een Fran\u021ba: anchete de [&hellip;]<\/p>\n","protected":false},"author":3,"featured_media":7378,"parent":0,"menu_order":0,"comment_status":"closed","ping_status":"closed","template":"","meta":{"footnotes":""},"class_list":["post-8339","page","type-page","status-publish","has-post-thumbnail","hentry"],"_links":{"self":[{"href":"https:\/\/institutfrancais.ro\/bucuresti\/wp-json\/wp\/v2\/pages\/8339","targetHints":{"allow":["GET"]}}],"collection":[{"href":"https:\/\/institutfrancais.ro\/bucuresti\/wp-json\/wp\/v2\/pages"}],"about":[{"href":"https:\/\/institutfrancais.ro\/bucuresti\/wp-json\/wp\/v2\/types\/page"}],"author":[{"embeddable":true,"href":"https:\/\/institutfrancais.ro\/bucuresti\/wp-json\/wp\/v2\/users\/3"}],"replies":[{"embeddable":true,"href":"https:\/\/institutfrancais.ro\/bucuresti\/wp-json\/wp\/v2\/comments?post=8339"}],"version-history":[{"count":2,"href":"https:\/\/institutfrancais.ro\/bucuresti\/wp-json\/wp\/v2\/pages\/8339\/revisions"}],"predecessor-version":[{"id":8342,"href":"https:\/\/institutfrancais.ro\/bucuresti\/wp-json\/wp\/v2\/pages\/8339\/revisions\/8342"}],"wp:featuredmedia":[{"embeddable":true,"href":"https:\/\/institutfrancais.ro\/bucuresti\/wp-json\/wp\/v2\/media\/7378"}],"wp:attachment":[{"href":"https:\/\/institutfrancais.ro\/bucuresti\/wp-json\/wp\/v2\/media?parent=8339"}],"curies":[{"name":"wp","href":"https:\/\/api.w.org\/{rel}","templated":true}]}}