{"id":8393,"date":"2024-02-12T12:54:17","date_gmt":"2024-02-12T12:54:17","guid":{"rendered":"https:\/\/institutfrancais.ro\/bucuresti\/?page_id=8393"},"modified":"2026-02-16T14:04:01","modified_gmt":"2026-02-16T14:04:01","slug":"phc-brancusi-2024-2025","status":"publish","type":"page","link":"https:\/\/institutfrancais.ro\/bucuresti\/phc-brancusi-2024-2025\/","title":{"rendered":"PHC BR\u00c2NCU\u0218I 2025-2026"},"content":{"rendered":"\n<p class=\"has-text-align-center\"><mark style=\"background-color:rgba(0, 0, 0, 0)\" class=\"has-inline-color has-vivid-red-color\">\/\/\/ Apelul de candidaturi este \u00eenchis \/\/\/<\/mark><\/p>\n\n\n\n<p><strong>Le Partenariat Hubert Curien (PHC) \u00ab Br\u00e2ncu\u0219i \u00bb<\/strong> este un program bilateral, al c\u0103rui obiectiv este dezvoltarea schimburilor \u0219tiin\u021bifice \u0219i tehnologice de excelen\u021b\u0103 \u00eentre Fran\u021ba \u0219i Rom\u00e2nia, facilit\u00e2nd noi cooper\u0103ri.<\/p>\n\n\n\n<p>Parteneriatul Hubert Curien (PHC Br\u00e2ncusi) este implementat, \u00een Fran\u021ba, de Ministerul Europei \u0219i Afacerilor Externe (MEAE) \u0219i Ministerul \u00cenv\u0103\u021b\u0103m\u00e2ntului Superior \u0219i Cercet\u0103rii (MESR), iar \u00een Rom\u00e2nia, de Agen\u021bia Na\u021bional\u0103 de Cercetare (ANC), subordonat\u0103 Ministerului Educa\u021biei \u0219i Cercet\u0103rii.<\/p>\n\n\n\n<p>Apelurile la candidaturi pentru acest program sunt lansate o dat\u0103 la doi ani.<\/p>\n\n\n\n<p><strong>Data limit\u0103 pentru depunerea dosarelor de candidatur\u0103: 26\/10\/2025<\/strong><\/p>\n\n\n\n<p><strong>Important: aceast\u0103 pagin\u0103 prezint\u0103 informa\u021bii specifice acestui program. Pentru informa\u021bii comune tuturor programelor PHC gestionate de Campus France (prezentare, criterii de selec\u021bie, contacte\u2026), consulta\u021bi <a href=\"https:\/\/www.campusfrance.org\/fr\/presentation-generale-des-phc\">pagina de prezentare general\u0103.<\/a><\/strong><\/p>\n\n\n\n<p>\u00cenainte de a solicita informa\u021bii, v\u0103 invit\u0103m s\u0103 consulta\u021bi <a href=\"https:\/\/www.campusfrance.org\/fr\/phc-faq\">pagina cu \u00eentreb\u0103rile frecvente \u201e\u00centreb\u0103ri frecvente \u0219i contact\u201d.<\/a><br>&nbsp;<\/p>\n\n\n\n<ul class=\"wp-block-list\">\n<li>Lansarea apelului la proiecte: <strong>15 septembrie 2025<\/strong><\/li>\n\n\n\n<li>Data limit\u0103 pentru depunerea dosarelor de candidatur\u0103:<strong> 26 octombrie 2025<\/strong><\/li>\n\n\n\n<li>Publicarea rezultatelor pe extranetul Campus France <a href=\"http:\/\/chercheurs.campusfrance.org\"><em>http:\/\/chercheurs.campusfrance.org<\/em><\/a>: <strong>sf\u00e2r\u0219itul lunii martie 2026<\/strong><\/li>\n\n\n\n<li>Data de \u00eencepere a proiectelor \u0219i webinar cu promotorii proiectelor: <strong>aprilie 2026<\/strong><\/li>\n<\/ul>\n\n\n\n<p><\/p>\n\n\n\n<p><a href=\"https:\/\/www.campusfrance.org\/fr\/brancusi\"><strong>Contacte<\/strong><\/a><\/p>\n\n\n\n<p><strong>Din partea Ambasadei Fran\u021bei \/ Institutul Francez din Rom\u00e2nia<br>M. Rabie BEN ATITALLAH<\/strong><br>Attach\u00e9 de coop\u00e9ration universitaire et scientifique<br>Institut Fran\u00e7ais de Roumanie<br>Bd. Dacia nr. 77<br>Bucarest &#8211; secteur 2<br>T\u00e9l : +40 374 125&nbsp;260<br>M\u00e9l :&nbsp;<a href=\"mailto:rabie.ben-atitallah@institutfrancais.ro\">rabie.ben-atitallah@institutfrancais.ro<\/a><\/p>\n\n\n\n<p><strong>Mme Charlotte SOUYRIS<\/strong><br>Charg\u00e9e&nbsp;de coop\u00e9ration scientifique<br>Institut Fran\u00e7ais de Roumanie<br>Bd. Dacia nr. 77<br>020 051 Bucarest &#8211; Secteur 2<br>T\u00e9l : +40 374 125 262<br>M\u00e9l : charlotte.souyris<a href=\"mailto:alexandre.courtoux@institutfrancais.ro\" target=\"_blank\" rel=\"noreferrer noopener\">@institutfrancais.ro<\/a><\/p>\n\n\n\n<p><strong>Din partea partenerului<\/strong><br><strong>Ph.D. Elena DINU<\/strong><br>European Affairs Counsellor<br>Minist\u00e8re de la Recherche, de l\u2019Innovation&nbsp;et du Num\u00e9rique<br>Mendeleev Nr.&nbsp;21-25 Sector 1, 010362 Bucure\u0219ti, Rom\u00e2nia<br>T\u00e9l : +40.21 303 21 24 \/ 412<br>Email : <a href=\"mailto:elena.dinu@research.gov.ro\" target=\"_blank\" rel=\"noreferrer noopener\">elena.dinu@research.gov.ro<\/a><br><br><strong>Mme Mihaela MANOLE<\/strong><br>Project Officer<br>UEFISCDI<br>21 &#8211; 25, Rue Mendeleev<br>010362, Bucarest, secteur 1<br>T\u00e9l : +40 21 302 38 63<br>Fax : +40 21 311 59 92<br>Email : <a href=\"mailto:mihaela.manole@uefiscdi.ro\" target=\"_blank\" rel=\"noreferrer noopener\">mihaela.manole@uefiscdi.ro<\/a><\/p>\n","protected":false},"excerpt":{"rendered":"<p>\/\/\/ Apelul de candidaturi este \u00eenchis \/\/\/ Le Partenariat Hubert Curien (PHC) \u00ab Br\u00e2ncu\u0219i \u00bb este un program bilateral, al c\u0103rui obiectiv este dezvoltarea schimburilor \u0219tiin\u021bifice \u0219i tehnologice de excelen\u021b\u0103 \u00eentre Fran\u021ba \u0219i Rom\u00e2nia, facilit\u00e2nd noi cooper\u0103ri. Parteneriatul Hubert Curien (PHC Br\u00e2ncusi) este implementat, \u00een Fran\u021ba, de Ministerul Europei \u0219i Afacerilor Externe (MEAE) \u0219i Ministerul [&hellip;]<\/p>\n","protected":false},"author":3,"featured_media":8254,"parent":0,"menu_order":0,"comment_status":"closed","ping_status":"closed","template":"","meta":{"footnotes":""},"class_list":["post-8393","page","type-page","status-publish","has-post-thumbnail","hentry"],"_links":{"self":[{"href":"https:\/\/institutfrancais.ro\/bucuresti\/wp-json\/wp\/v2\/pages\/8393","targetHints":{"allow":["GET"]}}],"collection":[{"href":"https:\/\/institutfrancais.ro\/bucuresti\/wp-json\/wp\/v2\/pages"}],"about":[{"href":"https:\/\/institutfrancais.ro\/bucuresti\/wp-json\/wp\/v2\/types\/page"}],"author":[{"embeddable":true,"href":"https:\/\/institutfrancais.ro\/bucuresti\/wp-json\/wp\/v2\/users\/3"}],"replies":[{"embeddable":true,"href":"https:\/\/institutfrancais.ro\/bucuresti\/wp-json\/wp\/v2\/comments?post=8393"}],"version-history":[{"count":8,"href":"https:\/\/institutfrancais.ro\/bucuresti\/wp-json\/wp\/v2\/pages\/8393\/revisions"}],"predecessor-version":[{"id":12066,"href":"https:\/\/institutfrancais.ro\/bucuresti\/wp-json\/wp\/v2\/pages\/8393\/revisions\/12066"}],"wp:featuredmedia":[{"embeddable":true,"href":"https:\/\/institutfrancais.ro\/bucuresti\/wp-json\/wp\/v2\/media\/8254"}],"wp:attachment":[{"href":"https:\/\/institutfrancais.ro\/bucuresti\/wp-json\/wp\/v2\/media?parent=8393"}],"curies":[{"name":"wp","href":"https:\/\/api.w.org\/{rel}","templated":true}]}}