{"id":8816,"date":"2024-03-22T10:52:11","date_gmt":"2024-03-22T10:52:11","guid":{"rendered":"https:\/\/institutfrancais.ro\/bucuresti\/?page_id=8816"},"modified":"2025-04-29T15:11:12","modified_gmt":"2025-04-29T15:11:12","slug":"ateliere-practice","status":"publish","type":"page","link":"https:\/\/institutfrancais.ro\/bucuresti\/ateliere-practice\/","title":{"rendered":"Ateliere practice"},"content":{"rendered":"\n<p class=\"has-vivid-cyan-blue-color has-text-color has-link-color has-medium-font-size wp-elements-169bf3ceaad3ad342d91fe122221595e\"><strong>Atelier cinema &#8211; Festival du film fran\u00e7ais<\/strong><\/p>\n\n\n\n<p>\u00cen cadrul <a href=\"https:\/\/festivalff.ro\/fr\/editorial\/\">Festivalului de Film Francez din Rom\u00e2nia<\/a>, Institutul Francez v\u0103 invit\u0103 s\u0103 descoperi\u021bi \u0219i s\u0103 analiza\u021bi filmele selectate \u00een timp ce exersa\u021bi limba francez\u0103.<br>Fiecare atelier va fi dedicat unui film: discut\u00e2nd temele culturale \u0219i artistice ale filmului \u00een limba francez\u0103, \u00ee\u021bi vei dezvolta vocabularul \u0219i abilit\u0103\u021bile de vorbire.<\/p>\n\n\n\n<p>Programul 3 ateliere:<\/p>\n\n\n\n<ul class=\"wp-block-list\">\n<li><strong>L&#8217;histoire de Souleymane<\/strong> : atelier vineri 21 martie de la 18:00 la 19:30 \/ proiec\u021bia filmului la cinematograful Elvire Popesco duminic\u0103 23 martie la ora 18:00 <\/li>\n\n\n\n<li><strong>Madame Hofmann<\/strong> : atelier luni 24 martie de la 18:30 la 20:00 \/ proiec\u021bia filmului la cinema Elvire Popesco luni 24 martie la 20:30<\/li>\n\n\n\n<li><strong>Au revoir les enfants<\/strong> : atelier vineri 28 martie de la 18:00 la 19:30 \/ proiec\u021bia filmului la cinematograful Elvire Popesco duminic\u0103 30 martie la 13:30.<\/li>\n<\/ul>\n\n\n\n<p>Pregati\u0163i a\u0219adar condeiele \u0219i s\u0103 ne bucur\u0103m impreun\u0103 de serile de miercuri f\u0103cute din emo\u021bii scrise&nbsp;!<\/p>\n\n\n\n<p><strong>Promo\u0163ie<\/strong> <strong>atelier + bilet de cinema<\/strong>: \u00eenscrierea la atelier include biletul de cinema pentru film (1 bilet per \u00eenregistrare).<\/p>\n\n\n\n<div class='kiosque-aec'><div\n data-module='classes'\n data-action='courses-selection-tiles'\n data-param-etablishment-branch-id='12'\n data-param-period-id='1398'\n data-param-classification-id='2'\n data-param-subject-id=''\n data-param-class-type-id='83'\n data-param-main-level=''\n data-param-levels-to-filter-by=''\n data-param-localization=''\n data-param-class-format-id=''\n data-param-show-filter-choices='1'\n data-param-lang='ro_RO'><\/div><\/div>\n\n\n\n<p class=\"has-vivid-cyan-blue-color has-text-color has-link-color has-medium-font-size wp-elements-7a6a0873e1df8cff9c28ddcfed9183e5\"><strong>Atelier scriere creativ\u0103<\/strong> <\/p>\n\n\n\n<p>Dac\u0103 ave\u0163i poft\u0103 de introspec\u0163ie sau s\u0103 l\u0103sa\u021bi o urm\u0103, s\u0103&nbsp;experimenta\u0163i sau s\u0103 v\u0103&nbsp;face\u0163i pl\u0103cere, acest atelier, \u00een acela\u0219i timp laborator, teren de joac\u0103 \u0219i spa\u021biu de fr\u0103mantat cuvinte, v\u0103&nbsp; propune un loc pentru a da via\u0163\u0103&nbsp; pove\u0219tilor voastre.<\/p>\n\n\n\n<p>Nu va fi vorba despre adev\u0103r sau o cale anume de urmat, ci despre descoperire \u015fi mai ales despre explorare de sine gra\u021bie scrierii creative. Cu o dorin\u021b\u0103 si o \u00eendoial\u0103 ca fundal, ve\u021bi fi \u00eenso\u021bi\u021bi, \u00eentr-o ambian\u021b\u0103 convivial\u0103, s\u0103 v\u0103 g\u0103si\u021bi vocea sau s\u0103 revela\u0163i scriitorul din voi prin intermediul a trei \u00eent\u00e2lniri al c\u0103ror fir ro\u0219u este acela de a crea leg\u0103turi&nbsp;: \u00eentre voi si voi, \u00eentre voi si ceilal\u021bi, \u00eentre voi si cuvinte.<\/p>\n\n\n\n<p>Pregati\u0163i a\u0219adar condeiele \u0219i s\u0103 ne bucur\u0103m impreun\u0103 de serile de miercuri f\u0103cute din emo\u021bii scrise&nbsp;!<\/p>\n\n\n\n<p><strong>Promo\u0163ie<\/strong><\/p>\n\n\n\n<p><strong>15 % <\/strong>la cump\u0103rarea a 2 sau 3 ateliere de scriere creativ\u0103 \u00een acela\u015fi timp \u015fi \u00een acela\u015fi co\u015f de cump\u0103r\u0103turi!<\/p>\n\n\n\n<p><\/p>\n\n\n\n<hr class=\"wp-block-separator has-alpha-channel-opacity\"\/>\n\n\n\n<p class=\"has-vivid-cyan-blue-color has-text-color has-link-color has-medium-font-size wp-elements-761317c83f1b2db18ec20dd24646362f\"><strong>Atelier limba francez\u0103 : Accent  \u015fi pronun\u021bie<\/strong><\/p>\n\n\n\n<p>O pronun\u0163ie \u00e0 la fran\u00e7aise !&nbsp;<\/p>\n\n\n\n<p>Pronun\u0163ia face diferen\u0163a \u015fi ne ajut\u0103 s\u0103 comunic\u0103m mai u\u015for \u015fi cu mai mult\u0103 \u00eencredere, zi de zi, la birou, \u00een vacan\u0163\u0103, sau devine o \u015fans\u0103 \u00een dezvolarea noastr\u0103 profesional\u0103. <\/p>\n\n\n\n<p>Un accent \u015fi o pronun\u0163ie \u00e0 la fran\u00e7aise este baza acestui atelier axat pe comunicare \u015fi interac\u0163iune, \u00eencredere \u015fi dezvoltare limbaj.<\/p>\n\n\n\n<p>Te a\u015ftept\u0103m la curs !<\/p>\n\n\n\n<p><\/p>\n\n\n\n<div class='kiosque-aec'><div\n data-module='classes'\n data-action='classes-list'\n data-param-id-etablishment-branch=''\n data-param-id-period='0'\n data-param-id-classification='2'\n data-param-id-subject='1'\n data-param-id-main-level=''\n data-param-id-class-type='83'\n data-param-level-id=''\n data-param-id-class-format=''\n data-param-location=''\n data-param-show-all-establishment=''\n data-param-id-level='104'\n data-param-lang='ro_RO'><\/div><\/div>\n\n\n\n<p><\/p>\n","protected":false},"excerpt":{"rendered":"<p>Atelier cinema &#8211; Festival du film fran\u00e7ais \u00cen cadrul Festivalului de Film Francez din Rom\u00e2nia, Institutul Francez v\u0103 invit\u0103 s\u0103 descoperi\u021bi \u0219i s\u0103 analiza\u021bi filmele selectate \u00een timp ce exersa\u021bi limba francez\u0103.Fiecare atelier va fi dedicat unui film: discut\u00e2nd temele culturale \u0219i artistice ale filmului \u00een limba francez\u0103, \u00ee\u021bi vei dezvolta vocabularul \u0219i abilit\u0103\u021bile de [&hellip;]<\/p>\n","protected":false},"author":18,"featured_media":11166,"parent":0,"menu_order":0,"comment_status":"closed","ping_status":"closed","template":"","meta":{"footnotes":""},"class_list":["post-8816","page","type-page","status-publish","has-post-thumbnail","hentry"],"_links":{"self":[{"href":"https:\/\/institutfrancais.ro\/bucuresti\/wp-json\/wp\/v2\/pages\/8816","targetHints":{"allow":["GET"]}}],"collection":[{"href":"https:\/\/institutfrancais.ro\/bucuresti\/wp-json\/wp\/v2\/pages"}],"about":[{"href":"https:\/\/institutfrancais.ro\/bucuresti\/wp-json\/wp\/v2\/types\/page"}],"author":[{"embeddable":true,"href":"https:\/\/institutfrancais.ro\/bucuresti\/wp-json\/wp\/v2\/users\/18"}],"replies":[{"embeddable":true,"href":"https:\/\/institutfrancais.ro\/bucuresti\/wp-json\/wp\/v2\/comments?post=8816"}],"version-history":[{"count":25,"href":"https:\/\/institutfrancais.ro\/bucuresti\/wp-json\/wp\/v2\/pages\/8816\/revisions"}],"predecessor-version":[{"id":10925,"href":"https:\/\/institutfrancais.ro\/bucuresti\/wp-json\/wp\/v2\/pages\/8816\/revisions\/10925"}],"wp:featuredmedia":[{"embeddable":true,"href":"https:\/\/institutfrancais.ro\/bucuresti\/wp-json\/wp\/v2\/media\/11166"}],"wp:attachment":[{"href":"https:\/\/institutfrancais.ro\/bucuresti\/wp-json\/wp\/v2\/media?parent=8816"}],"curies":[{"name":"wp","href":"https:\/\/api.w.org\/{rel}","templated":true}]}}