{"id":9050,"date":"2024-04-12T09:07:00","date_gmt":"2024-04-12T09:07:00","guid":{"rendered":"https:\/\/institutfrancais.ro\/bucuresti\/?page_id=9050"},"modified":"2026-04-15T14:37:59","modified_gmt":"2026-04-15T14:37:59","slug":"club-de-vacanta","status":"publish","type":"page","link":"https:\/\/institutfrancais.ro\/bucuresti\/club-de-vacanta\/","title":{"rendered":"Club de vacan\u021b\u0103"},"content":{"rendered":"\n<p><\/p>\n\n\n\n<h2 class=\"wp-block-heading\"><strong>O S\u0102PT\u0102M\u00c2N\u0102 = O C\u0102L\u0102TORIE !<\/strong><\/h2>\n\n\n\n<p>Oferi\u021bi-i copilului dumneavoastr\u0103 o experien\u021b\u0103 unic\u0103 \u00een limba francez\u0103 \u00een aceast\u0103 var\u0103!<\/p>\n\n\n\n<p>Timp de o s\u0103pt\u0103m\u00e2n\u0103, copiii \u00eenva\u021b\u0103 prin joac\u0103, prin activit\u0103\u021bi creative, ludice \u0219i interactive: teatru, art\u0103, cinema, muzic\u0103\u2026 totul este g\u00e2ndit pentru a le dezvolta \u00eencrederea \u0219i dorin\u021ba de a se exprima.<\/p>\n\n\n\n<p>Programul este organizat \u00een <strong>cluburi de francez\u0103<\/strong>, adaptate nivelului:<\/p>\n\n\n\n<ul class=\"wp-block-list\">\n<li><strong>\u00cencep\u0103tori (nevorbitori de <strong>francez\u0103<\/strong>)<\/strong><\/li>\n\n\n\n<li><strong>Avansa\u021bi (vorbitori de francez\u0103)<\/strong><\/li>\n<\/ul>\n\n\n\n<p>Disponibil \u00een dou\u0103 variante:<\/p>\n\n\n\n<ul class=\"wp-block-list\">\n<li><strong>4 ore\/zi<\/strong> \u2013 club de francez\u0103 + activit\u0103\u021bi creative<\/li>\n\n\n\n<li><strong>8 ore\/zi<\/strong> \u2013 club de francez\u0103 + activit\u0103\u021bi artistice \u0219i practice (dup\u0103-amiaza)<\/li>\n<\/ul>\n\n\n\n<p><strong>Un program conceput pentru:<\/strong><br>\u2714 A avea curajul s\u0103 vorbeasc\u0103 \u00een francez\u0103<br>\u2714 A-\u0219i dezvolta creativitatea<br>\u2714 A c\u0103p\u0103ta \u00eencredere \u00een sine<\/p>\n\n\n\n<figure class=\"wp-block-image size-large\"><img loading=\"lazy\" decoding=\"async\" width=\"1024\" height=\"512\" src=\"https:\/\/institutfrancais.ro\/bucuresti\/wp-content\/uploads\/sites\/2\/2026\/04\/club-vacances-1024x512.png\" alt=\"\" class=\"wp-image-12215\" srcset=\"https:\/\/institutfrancais.ro\/bucuresti\/wp-content\/uploads\/sites\/2\/2026\/04\/club-vacances-1024x512.png 1024w, https:\/\/institutfrancais.ro\/bucuresti\/wp-content\/uploads\/sites\/2\/2026\/04\/club-vacances-300x150.png 300w, https:\/\/institutfrancais.ro\/bucuresti\/wp-content\/uploads\/sites\/2\/2026\/04\/club-vacances-768x384.png 768w, https:\/\/institutfrancais.ro\/bucuresti\/wp-content\/uploads\/sites\/2\/2026\/04\/club-vacances-1536x768.png 1536w, https:\/\/institutfrancais.ro\/bucuresti\/wp-content\/uploads\/sites\/2\/2026\/04\/club-vacances-2048x1024.png 2048w\" sizes=\"auto, (max-width: 1024px) 100vw, 1024px\" \/><\/figure>\n\n\n\n<p><a id=\"_msocom_1\"><\/a><\/p>\n\n\n\n<pre class=\"wp-block-preformatted\"><div class='kiosque-aec'><div\n data-module='classes'\n data-action='courses-selection-tiles'\n data-param-etablishment-branch-id=''\n data-param-period-id=''\n data-param-classification-id='0'\n data-param-subject-id=''\n data-param-class-type-id='70'\n data-param-main-level=''\n data-param-levels-to-filter-by='0'\n data-param-localization=''\n data-param-class-format-id=''\n data-param-show-filter-choices='1'\n data-param-lang='ro_RO'><\/div><\/div><\/pre>\n\n\n\n<pre class=\"wp-block-preformatted\"><\/pre>\n\n\n\n<p><\/p>\n","protected":false},"excerpt":{"rendered":"<p>O S\u0102PT\u0102M\u00c2N\u0102 = O C\u0102L\u0102TORIE ! Oferi\u021bi-i copilului dumneavoastr\u0103 o experien\u021b\u0103 unic\u0103 \u00een limba francez\u0103 \u00een aceast\u0103 var\u0103! Timp de o s\u0103pt\u0103m\u00e2n\u0103, copiii \u00eenva\u021b\u0103 prin joac\u0103, prin activit\u0103\u021bi creative, ludice \u0219i interactive: teatru, art\u0103, cinema, muzic\u0103\u2026 totul este g\u00e2ndit pentru a le dezvolta \u00eencrederea \u0219i dorin\u021ba de a se exprima. Programul este organizat \u00een cluburi [&hellip;]<\/p>\n","protected":false},"author":3,"featured_media":10771,"parent":0,"menu_order":0,"comment_status":"closed","ping_status":"closed","template":"","meta":{"footnotes":""},"class_list":["post-9050","page","type-page","status-publish","has-post-thumbnail","hentry"],"_links":{"self":[{"href":"https:\/\/institutfrancais.ro\/bucuresti\/wp-json\/wp\/v2\/pages\/9050","targetHints":{"allow":["GET"]}}],"collection":[{"href":"https:\/\/institutfrancais.ro\/bucuresti\/wp-json\/wp\/v2\/pages"}],"about":[{"href":"https:\/\/institutfrancais.ro\/bucuresti\/wp-json\/wp\/v2\/types\/page"}],"author":[{"embeddable":true,"href":"https:\/\/institutfrancais.ro\/bucuresti\/wp-json\/wp\/v2\/users\/3"}],"replies":[{"embeddable":true,"href":"https:\/\/institutfrancais.ro\/bucuresti\/wp-json\/wp\/v2\/comments?post=9050"}],"version-history":[{"count":24,"href":"https:\/\/institutfrancais.ro\/bucuresti\/wp-json\/wp\/v2\/pages\/9050\/revisions"}],"predecessor-version":[{"id":12222,"href":"https:\/\/institutfrancais.ro\/bucuresti\/wp-json\/wp\/v2\/pages\/9050\/revisions\/12222"}],"wp:featuredmedia":[{"embeddable":true,"href":"https:\/\/institutfrancais.ro\/bucuresti\/wp-json\/wp\/v2\/media\/10771"}],"wp:attachment":[{"href":"https:\/\/institutfrancais.ro\/bucuresti\/wp-json\/wp\/v2\/media?parent=9050"}],"curies":[{"name":"wp","href":"https:\/\/api.w.org\/{rel}","templated":true}]}}