{"id":9267,"date":"2024-05-14T13:46:27","date_gmt":"2024-05-14T13:46:27","guid":{"rendered":"https:\/\/institutfrancais.ro\/bucuresti\/?page_id=9267"},"modified":"2024-06-07T09:41:51","modified_gmt":"2024-06-07T09:41:51","slug":"pagini-din-povestea-de-100-de-ani-a-institutului-francez-din-romania","status":"publish","type":"page","link":"https:\/\/institutfrancais.ro\/bucuresti\/pagini-din-povestea-de-100-de-ani-a-institutului-francez-din-romania\/","title":{"rendered":"PAGINI din povestea de 100 de ani a Institutului Francez din Rom\u00e2nia"},"content":{"rendered":"\n<p>\u00cen anul 2024 s\u0103rb\u0103torim Centenarul Institutului Francez din Rom\u00e2nia, fondat la Bucure\u0219ti \u00een 29 mai 1924 \u0219i prezent \u00een toat\u0103 \u021bara prin alte trei filiale la Cluj-Napoca, Ia\u0219i \u0219i Timi\u0219oara.<\/p>\n\n\n\n<p>Aniversarea este un prilej de a celebra o sut\u0103 de ani de cooperare cultural\u0103, artistic\u0103, academic\u0103, educa\u021bional\u0103 \u0219i \u0219tiin\u021bific\u0103, \u0219i, \u00een acela\u0219i timp, de a spune povestea unei institu\u021bii cu un trecut fascinant. <br>\u00cen leg\u0103tur\u0103 str\u00e2ns\u0103 cu epocile pe care le-a traversat, istoria Institutului relev\u0103 perspective diferite ale dinamicii franco-rom\u00e2ne \u00een continu\u0103 evolu\u021bie. Fenomene istorice, decizii politice, schimb\u0103ri de direc\u021bie, pove\u0219ti personale \u2013 toate au contribuit la ceea ce este ast\u0103zi Institutul Francez din Rom\u00e2nia.<\/p>\n\n\n\n<p>Pentru a surprinde c\u00e2t mai fidel toate aceste dimensiuni, o echip\u0103 de artiste, cercet\u0103tori \u0219i cercet\u0103toare au studiat arhivele, au c\u0103utat, au descoperit, au \u00eentrebat \u0219i au analizat trecutul din unghiuri diferite.&nbsp;Au rezultat astfel un proiect vizual \u0219i o serie de articole care dezvolt\u0103 cele mai importante momente dintr-un secol de istorie a Institutului Francez din Rom\u00e2nia.<\/p>\n\n\n\n<p class=\"has-vivid-cyan-blue-color has-text-color has-link-color wp-elements-851d3b806c0eb09de29aa26852ef46ca\"><strong><em>PAGINI<\/em> <em>ILUSTRATE <\/em>din povestea de 100 de ani a Institutului Francez din Rom\u00e2nia<\/strong><br><strong>1924 &#8211; 2024<\/strong><br>Publica\u021bie \u0219i expozi\u021bie<\/p>\n\n\n\n<p>Ilustra\u021bii: Anna Bencz\u00e9di \u0219i Maria Surducan<br>Concept curatorial \u0219i text: Cristina Stoenescu<br>Design: Paula Rusu<br>Consiliere \u0219tiin\u021bific\u0103: prof. univ. dr. Florin \u021aurcanu, lect. univ. Drago\u0219 Jipa&nbsp;<br>Coordonare de proiect: Ioana Alexandru, sus\u021binut\u0103 de Lo\u00efc Meuley, Timoth\u00e9e Pommeruel-Petinarakis<\/p>\n\n\n\n<p>Momente istorice \u0219i detalii mai pu\u021bin cunoscute din via\u021ba Institutului, de la \u00eenfiin\u021barea sa \u00een 1924, p\u00e2n\u0103 \u00een zilele noastre sunt readuse la suprafa\u021b\u0103 de edi\u021bia tip\u0103rit\u0103 de ilustra\u021bie \u0219i expozi\u021bia organizat\u0103 \u00een spa\u021biul pietonal din fa\u021ba sediului IFRo.<\/p>\n\n\n\n<p>Artistele Anna Bencz\u00e9di \u0219i Maria Surducan \ud835\uddff\ud835\uddf2\ud835\uddee\ud835\uddf9\ud835\uddf6\ud835\ude07\ud835\uddf2\ud835\uddee\ud835\ude07\ud835\uddee\u0306 \ud835\uddf6\ud835\uddf9\ud835\ude02\ud835\ude00\ud835\ude01\ud835\uddff\ud835\uddee\ud835\ude01\u0326\ud835\uddf6\ud835\uddf6 \ud835\uddf0\ud835\uddf2 \ud835\uddf6\ud835\uddfb\ud835\ude03\ud835\uddfc\ud835\uddf0\ud835\uddee\u0306 \ud835\uddf6\ud835\ude00\ud835\ude01\ud835\uddfc\ud835\uddff\ud835\uddf6\ud835\uddf6 \ud835\ude00\u0326\ud835\uddf6 \ud835\uddee\ud835\uddfa\ud835\uddf6\ud835\uddfb\ud835\ude01\ud835\uddf6\ud835\uddff\ud835\uddf6 \ud835\uddfd\ud835\uddff\ud835\uddf6\ud835\uddfb \ud835\uddf6\ud835\uddfa\ud835\uddee\ud835\uddf4\ud835\uddf6\ud835\uddfb\ud835\uddf6 \ud835\uddf3\ud835\uddf9\ud835\ude02\ud835\uddf6\ud835\uddf1\ud835\uddf2, \ud835\uddf6\u0302\ud835\uddfb \ud835\uddf1\ud835\uddf6\ud835\uddee\ud835\uddf9\ud835\uddfc\ud835\uddf4 \ud835\uddf0\ud835\ude02 \ud835\uddf2\ud835\ude05\ud835\uddfd\ud835\uddf9\ud835\uddfc\ud835\uddff\ud835\uddee\ud835\uddff\ud835\uddf2\ud835\uddee \ud835\uddf0\ud835\ude02\ud835\uddff\ud835\uddee\ud835\ude01\ud835\uddfc\ud835\uddff\ud835\uddf6\ud835\uddee\ud835\uddf9\ud835\uddee\u0306 \ud835\uddee \ud835\uddfd\ud835\uddff\ud835\uddfc\ud835\uddf6\ud835\uddf2\ud835\uddf0\ud835\ude01\ud835\ude02\ud835\uddf9\ud835\ude02\ud835\uddf6 \ud835\uddf1\ud835\uddf2 \ud835\uddf0\ud835\uddf2\ud835\uddfb\ud835\ude01\ud835\uddf2\ud835\uddfb\ud835\uddee\ud835\uddff. De la jurnalele vremurilor, arhive, studii istorice \u0219i interviuri recente, fiecare pagin\u0103 este atent construit\u0103 ca un spa\u021biu al memoriei. Imaginile ofer\u0103 un loc de reflec\u021bie asupra unor contexte politice \u0219i diplomatice, nelipsite \u00eens\u0103 de prietenii sincere \u0219i pasiuni culturale comune.<\/p>\n\n\n\n<p>Paginile ilustrate pornesc de la c\u00e2teva repere temporale principale: inaugurarea oficial\u0103 a Institutului Francez de \u00cenalte Studii \u00een Rom\u00e2nia \u00een 1924, amploarea evenimentelor dedicate c\u0103r\u021bii franceze \u0219i seratele muzicale din perioada interbelic\u0103, perseveren\u021ba Institutului \u00een anii tulburi ai r\u0103zboiului urma\u021bi de instaurarea regimului comunist \u0219i deschiderea unor noi orizonturi \u00een re\u021beaua francofon\u0103 european\u0103 de dup\u0103 1989. \u00cen jurul acestora, sunt conturate detalii esen\u021biale care \u021bin de ini\u021biative personale, ca eforturile profesorilor rom\u00e2ni \u0219i francezi de a \u00eengriji colec\u021bii de c\u0103r\u021bi \u00een timpul cenzurii comuniste, sau expozi\u021bia retrospectiv\u0103 de art\u0103 rom\u00e2neasc\u0103 la Jeu de Paume din 1925.<\/p>\n\n\n\n<p>Dincolo de discurs, linia ilustra\u021biei permite o trecere \u00eentr-un repertoriu imaginativ, \u00eentre certitudine istoric\u0103 \u0219i curiozitate pentru perspective noi, \u00eentre date de arhive \u0219i citirea acestora \u00een contexte contemporane.<\/p>\n\n\n\n<p>Expozi\u021bia \u0219i edi\u021bia ilustrat\u0103 sunt dedicate celor care au f\u0103cut posibil\u0103 s\u0103rb\u0103torirea a unui secol de la \u00eenfiin\u021barea uneia dintre cele mai cunoscute institu\u021bii culturale din \u021bar\u0103, o comunitate devotat\u0103 de cititori \u0219i cinefili, martorii unor istorii \u0219i amintiri de substan\u021b\u0103 divers\u0103.<\/p>\n\n\n\n<p>Mul\u021bumiri speciale&nbsp;: Gabriela Anchidin, Sorin Anchidin, Iulia Armencea, Eufrozina B\u0103i\u021ban, C\u0103t\u0103lina B\u0103lan, Georgiana Iliescu, Germina Nag\u00e2\u021b, Nicoleta Radu, Gabriel Stoiciu, Alexandra Theodorescu, Sorina Vazelina, Institutul Liszt.<\/p>\n\n\n\n<p class=\"has-vivid-cyan-blue-color has-text-color has-link-color wp-elements-2970fc81ec58506b290f728c73c4ec7f\"><strong><em>PAGINI<\/em> <\/strong><em><strong>\u0218TIIN\u021aIFICE<\/strong> <\/em><strong>din povestea de 100 de ani a Institutului Francez din Rom\u00e2nia<\/strong> <br>Articole \u0219tiin\u021bifice<\/p>\n\n\n\n<p>Autori: prof. univ. dr. Florin \u021aurcanu, lect. univ. Drago\u0219 Jipa, CS II dr. Ana-Maria Stan<br>Coordonare de proiect: Timoth\u00e9e Pommeruel-Petinarakis<\/p>\n\n\n\n<p class=\"has-vivid-cyan-blue-color has-text-color has-link-color wp-elements-d9cd605a1ae99b61e98ea0645df9c744\"><strong>Povestea <strong>de 100 de ani a Institutului Francez din Rom\u00e2nia<\/strong> <\/strong><\/p>\n\n\n\n<p><strong>1914-1924<\/strong><br><a href=\"https:\/\/institutfrancais.ro\/bucuresti\/1914-1924\/#\/\"><mark style=\"background-color:#ffffff\" class=\"has-inline-color has-vivid-cyan-blue-color\">https:\/\/institutfrancais.ro\/bucuresti\/1914-1924\/#\/<\/mark><\/a><\/p>\n\n\n\n<p><strong>1924-1932<\/strong><br><a href=\"https:\/\/institutfrancais.ro\/bucuresti\/1924-1932\/#\/\"><mark style=\"background-color:#ffffff\" class=\"has-inline-color has-vivid-cyan-blue-color\">https:\/\/institutfrancais.ro\/bucuresti\/1924-1932\/#\/<\/mark><\/a><\/p>\n\n\n\n<p><strong>1932-1940<\/strong><br><a href=\"https:\/\/institutfrancais.ro\/bucuresti\/1932-1940\/#\/\"><mark style=\"background-color:#ffffff\" class=\"has-inline-color has-vivid-cyan-blue-color\">https:\/\/institutfrancais.ro\/bucuresti\/1932-1940\/#\/<\/mark><\/a><\/p>\n\n\n\n<p><strong>1940-1944<\/strong><br><a href=\"https:\/\/institutfrancais.ro\/bucuresti\/1940-1944\/#\/\"><mark style=\"background-color:#ffffff\" class=\"has-inline-color has-vivid-cyan-blue-color\">https:\/\/institutfrancais.ro\/bucuresti\/1940-1944\/#\/<\/mark><\/a><\/p>\n\n\n\n<p><strong>1945-1948<\/strong><br><a href=\"https:\/\/institutfrancais.ro\/bucuresti\/1945-1948\/#\/\"><mark style=\"background-color:#ffffff\" class=\"has-inline-color has-vivid-cyan-blue-color\">https:\/\/institutfrancais.ro\/bucuresti\/1945-1948\/#\/<\/mark><\/a><\/p>\n\n\n\n<p><strong>1950-1968<\/strong><br><a href=\"https:\/\/institutfrancais.ro\/bucuresti\/1950-1968\/#\/\"><mark style=\"background-color:#ffffff\" class=\"has-inline-color has-vivid-cyan-blue-color\">https:\/\/institutfrancais.ro\/bucuresti\/1950-1968\/#\/<\/mark><\/a><\/p>\n\n\n\n<p><strong>1968-1989<\/strong><br><a href=\"https:\/\/institutfrancais.ro\/bucuresti\/1968-1989\/#\/\"><mark style=\"background-color:#ffffff\" class=\"has-inline-color has-vivid-cyan-blue-color\">https:\/\/institutfrancais.ro\/bucuresti\/1968-1989\/#\/<\/mark><\/a><\/p>\n\n\n\n<p><strong>1989-2024<\/strong><br><a href=\"https:\/\/institutfrancais.ro\/bucuresti\/1989-2024\/#\/\"><mark style=\"background-color:#ffffff\" class=\"has-inline-color has-vivid-cyan-blue-color\">https:\/\/institutfrancais.ro\/bucuresti\/1989-2024\/#\/<\/mark><\/a><br><br><a href=\"https:\/\/institutfrancais.ro\/bucuresti\/wp-content\/uploads\/sites\/2\/2024\/05\/\u201ePagini-ilustrate-din-povestea-de-100-de-ani-a-Institutului-Francez-din-Romania-FR-1.pdf\"><strong><mark style=\"background-color:#ffffff\" class=\"has-inline-color has-vivid-cyan-blue-color\">\u201ePagini ilustrate din povestea de 100 de ani a Institutului Francez din Rom\u00e2nia\u201d (FR)<\/mark><\/strong><\/a><\/p>\n\n\n\n<p><strong>Bibliografie:<\/strong><\/p>\n\n\n\n<p>Gavin Bowd, <em>Paul Morand et la Roumanie<\/em>, Paris, L\u2019Harmattan, 2002<br>Gavin Bowd, <em>La France et la Roumanie communiste, <\/em>Paris, L\u2019Harmattan, 2009<br>Claudia-Florentina Dobre, \u00ab Quand r\u00eaver de la France menait \u00e0 la prison : le cas des d\u00e9tenues politiques du \u2018lot fran\u00e7ais\u2019 \u00bb, in Bogumil Jewsiewicki, Erika Nimis\u00a0 (dir.), <em>Exp\u00e9riences et m\u00e9moires. Partager en fran\u00e7ais la diversit\u00e9 du monde<\/em>, Paris, L\u2019Harmattan, 2008<br>Pompiliu Eliade, <em>Influen\u021ba francez\u0103 asupra spiritului public \u00een Rom\u00e2nia<\/em>, Bucure\u0219ti, Humanitas, 2000<br>Richard Edwards, <em>Bucure\u0219ti, bulevardul Dacia 77. O poveste franco-rom\u00e2n\u0103<\/em>, Humanitas, Bucure\u0219ti, 2016<br>Marcel Fontaine, \u00a0<em>Jurnal de r\u0103zboi. Misiune \u00een Rom\u00e2nia. Noiembrie 1916\u2013aprilie 1918<\/em>, Bucure\u0219ti, Humanitas, 2016<br>Andr\u00e9 Godin, <em>Une passion roumaine. Histoire de l&#8217;Institut Fran\u00e7ais de Hautes \u00c9tudes en Roumanie (1924-1948)<\/em>, Paris, L&#8217;Harmattan, 1998<br>Irina Gridan, \u00ab Quel r\u00f4le pour les diplomates fran\u00e7ais \u00e0 Bucarest au temps de la d\u00e9satellisation? L\u2019exemple de Pierre Bouffanais \u00bb in F. Dessberg, A. Mares, I. Davion (dir.), <em>Militaires et diplomates fran\u00e7ais face \u00e0 l&#8217;Europe m\u00e9diane. Entre mediations et constructions des savoirs<\/em>, Paris, Eur\u2019ORBEM Editions, 2017<br>Jean-No\u00ebl\u00a0Grandhomme,\u00a0<em>Le G\u00e9n\u00e9ral Berthelot et l&#8217;action de la France en Roumanie et en Russie m\u00e9ridionale, 1916-1918\u00a0: gen\u00e8se, aspects diplomatiques, militaires et culturels avec leurs incidences, prolongements et perspectives<\/em>, Ch\u00e2teau de Vincennes, Service historique de l&#8217;arm\u00e9e de terre,\u00a01999<br>Jean-No\u00ebl Grandhomme, \u00ab La m\u00e9moire roumaine de la mission Berthelot (1918-2007) \u00bb in <a href=\"https:\/\/www.cairn.info\/revue-guerres-mondiales-et-conflits-contemporains.htm\"><em>Guerres mondiales et conflits contemporains<\/em><\/a>, <a href=\"https:\/\/www.cairn.info\/revue-guerres-mondiales-et-conflits-contemporains-2007-4.htm\">2007\/ 4 (n\u00b0 228)<\/a>, p. 23-35<br>Annie Gu\u00e9nard-Maget, <em>Une diplomatie culturelle dans les tensions internationales. La France en Europe centrale et orientale (1936-1940 \/ 1944-1951)<\/em>, Bruxelles, P.I.E. Peter Lang, 2014<br>Drago\u0219 Jipa, \u00ab De la diplomatie par l&#8217;enseignement \u00e0 la diplomatie culturelle: la Mission universitaire fran\u00e7aise en Roumanie (1919-1948) \u00bb, in Fran\u00e7ois Chaubet, Charlotte Faucher et alii (dir.), <em>Histoire(s) de la diplomatie culturelle fran\u00e7aise \u2013 Du rayonnement \u00e0 l\u2019influence<\/em>, Toulouse, Ed. de l&#8217;Attribut, 2024, p. 323-338<br>Drago\u0219 Jipa, \u00ab Francophonie et sciences sociales en Roumanie post-communiste. Convergences et recompositions autour de l\u2019\u00c9cole doctorale r\u00e9gionale de Bucarest (1994-2007) \u00bb, <em>Relations internationales<\/em>, Presses Universitaires de France, 1\/2022, no. 189, p.51-66<br>Rose-Marie Lagrave, <em>Voyage aux pays d&#8217;une utopie d\u00e9chue : plaidoyer pour l&#8217;Europe centrale<\/em>, Paris, PUF, 1998<br>Stefan Lemny, <em>Alphonse Dupront: de la Roumanie. Textes suivis d\u2019une correspondance avec Emil Cioran, Mircea Eliade et Eug\u00e8ne Ionesco<\/em>, Presses de l\u2019INALCO, Paris, 2023<br>Jean Mouton, <em>Journal de Roumanie, 29 ao\u00fbt 1939-19 mars 1946. La II<sup>e <\/sup>guerre mondiale vue de l\u2019Est,<\/em> Lausanne, Editions L\u2019Age d\u2019Homme, 1991<br>Tiphaine Samoyault, <em>Roland Barthes<\/em>, Paris, Seuil, 2015<br>Traian Sandu, <em>La Grande Roumanie alli\u00e9e de la France\u00a0: une p\u00e9rip\u00e9tie diplomatique des ann\u00e9es folles ? (1919-1933)<\/em>, Paris, L\u2019Harmattan, 1999<br>Ana-Maria Stan, <em>La France de Vichy et la Roumanie (1940-1944). Collaboration et conflits, <\/em>Cluj-Napoca, Centre d\u2019\u00c9tudes Transylvaines, Acad\u00e9mie Roumaine, 2007<br>Ana-Maria Stan, \u00ab\u00a0<em>Aspects de la R\u00e9sistance fran\u00e7aise en Roumanie apr\u00e8s 1940. Diplomates, enseignants et \u00e9crivains\u00a0\u00bb <\/em>in Mathieu Dubois, Renaud Meltz (dir.) <em>De part et d\u2019autre du Danube. L\u2019Allemagne, l\u2019Autriche et les Balkans, de 1815 \u00e0 nos jours. M\u00e9langes en l\u2019honneur du professeur Jean-Paul Bled<\/em>, Paris, Presses de l\u2019Universit\u00e9 Paris-Sorbonne, 2015, pp. 131-145<br>Ana-Maria Stan, \u00ab\u00a0 (Re)conqu\u00e9rir l\u2019Europe centrale par la culture et l\u2019enseignement apr\u00e8s la Grande Guerre : le cas roumain 1919-1924\u00a0\u00bb, in Jean-Paul Bled et Jean-Pierre Deschodt (dir.) &#8211; <em>Les cons\u00e9quences de la Grande Guerre 1919-1923, <\/em>Paris, \u00c9ditions SPM, 2020<br>Orest Tafrali<em>,\u00a0Propaganda rom\u00e2neasc\u0103\u00a0\u00een str\u0103in\u0103tate<\/em>, Craiova, Editura Ramuri, 1920<br>Glenn E.\u00a0Torrey,\u00a0<em>General Henri Berthelot and Romania\u00a0: M\u00e9moires et Correspondance 1916-1919<\/em>, Boulder, East European Monographs,\u00a01987<br>Florin \u021aurcanu, \u00ab Voyages d\u2019intellectuels fran\u00e7ais dans la Roumanie des ann\u00e9es 1920 \u00bb in <em>20 &amp; 21. Revue d&#8217;histoire<\/em>, N\u00b0 152, octobre-d\u00e9cembre 2021<\/p>\n\n\n\n<p><\/p>\n","protected":false},"excerpt":{"rendered":"<p>\u00cen anul 2024 s\u0103rb\u0103torim Centenarul Institutului Francez din Rom\u00e2nia, fondat la Bucure\u0219ti \u00een 29 mai 1924 \u0219i prezent \u00een toat\u0103 \u021bara prin alte trei filiale la Cluj-Napoca, Ia\u0219i \u0219i Timi\u0219oara. Aniversarea este un prilej de a celebra o sut\u0103 de ani de cooperare cultural\u0103, artistic\u0103, academic\u0103, educa\u021bional\u0103 \u0219i \u0219tiin\u021bific\u0103, \u0219i, \u00een acela\u0219i timp, de a [&hellip;]<\/p>\n","protected":false},"author":3,"featured_media":9338,"parent":0,"menu_order":0,"comment_status":"closed","ping_status":"closed","template":"","meta":{"footnotes":""},"class_list":["post-9267","page","type-page","status-publish","has-post-thumbnail","hentry"],"_links":{"self":[{"href":"https:\/\/institutfrancais.ro\/bucuresti\/wp-json\/wp\/v2\/pages\/9267","targetHints":{"allow":["GET"]}}],"collection":[{"href":"https:\/\/institutfrancais.ro\/bucuresti\/wp-json\/wp\/v2\/pages"}],"about":[{"href":"https:\/\/institutfrancais.ro\/bucuresti\/wp-json\/wp\/v2\/types\/page"}],"author":[{"embeddable":true,"href":"https:\/\/institutfrancais.ro\/bucuresti\/wp-json\/wp\/v2\/users\/3"}],"replies":[{"embeddable":true,"href":"https:\/\/institutfrancais.ro\/bucuresti\/wp-json\/wp\/v2\/comments?post=9267"}],"version-history":[{"count":13,"href":"https:\/\/institutfrancais.ro\/bucuresti\/wp-json\/wp\/v2\/pages\/9267\/revisions"}],"predecessor-version":[{"id":9589,"href":"https:\/\/institutfrancais.ro\/bucuresti\/wp-json\/wp\/v2\/pages\/9267\/revisions\/9589"}],"wp:featuredmedia":[{"embeddable":true,"href":"https:\/\/institutfrancais.ro\/bucuresti\/wp-json\/wp\/v2\/media\/9338"}],"wp:attachment":[{"href":"https:\/\/institutfrancais.ro\/bucuresti\/wp-json\/wp\/v2\/media?parent=9267"}],"curies":[{"name":"wp","href":"https:\/\/api.w.org\/{rel}","templated":true}]}}