{"id":9344,"date":"2024-05-27T07:26:20","date_gmt":"2024-05-27T07:26:20","guid":{"rendered":"https:\/\/institutfrancais.ro\/bucuresti\/?page_id=9344"},"modified":"2024-06-07T10:05:06","modified_gmt":"2024-06-07T10:05:06","slug":"1914-1924","status":"publish","type":"page","link":"https:\/\/institutfrancais.ro\/bucuresti\/1914-1924\/","title":{"rendered":"1914-1924"},"content":{"rendered":"\n<p><strong>Les sentiments francophiles des Roumains et leur coop\u00e9ration intellectuelle avec la France remontent \u00e0 la moiti\u00e9 du XVIII<sup>e<\/sup> si\u00e8cle, mais deviennent de plus en plus intenses apr\u00e8s la cr\u00e9ation de l&#8217;\u00c9tat roumain moderne (1859-1881) et sont rapidement doubl\u00e9s par des liens institutionnels forts.<\/strong><\/p>\n\n\n\n<p>En 1914, le d\u00e9clenchement de la Premi\u00e8re Guerre mondiale, ainsi que l\u2019av\u00e8nement sur le tr\u00f4ne de la Roumanie du roi Ferdinand I<sup>er<\/sup> sont les points de d\u00e9part pour une reconfiguration radicale de la politique \u00e9trang\u00e8re roumaine. D\u2019abord secr\u00e8tement alli\u00e9e avec la Triplice, la Roumanie maintient sa neutralit\u00e9 entre 1914 et 1916. D\u00e9sireuse d\u2019achever son unit\u00e9 nationale,&nbsp; la Roumanie signe, en ao\u00fbt 1916,&nbsp; un trait\u00e9 d\u2019alliance avec les pays de l\u2019Entente suivi, peu apr\u00e8s, par la signature d\u2019une convention militaire, et entre en guerre.<\/p>\n\n\n\n<p>Apr\u00e8s avoir remport\u00e9 initialement quelques succ\u00e8s militaires, la Roumanie se confronte \u00e0 de graves difficult\u00e9s sur le front et fait donc appel \u00e0 la France pour l\u2019envoi d\u2019une mission d\u2019aide \u2013 il s\u2019agit de la fameuse <em>Mission Berthelot<\/em>, selon le nom de son commandant en chef, le g\u00e9n\u00e9ral Henri Mathias Berthelot. Arriv\u00e9e en octobre 1916, cette mission militaire d\u2019environ deux mille membres, qui comprenait, outre les officiers et les soldats, du personnel m\u00e9dical, reste en Roumanie jusqu\u2019en f\u00e9vrier 1918 et joue un r\u00f4le capital dans le redressement de l\u2019arm\u00e9e roumaine. La Mission Berthelot est d\u2019ailleurs consid\u00e9r\u00e9e comme \u00e9tant \u00ab&nbsp;la plus importante de toutes celles envoy\u00e9es par la France \u00e0 l\u2019\u00e9tranger pendant la Grande Guerre&nbsp;\u00bb (Grandhomme; 2007).<\/p>\n\n\n\n<p>Tandis que le g\u00e9n\u00e9ral Berthelot et ses hommes soutiennent la Roumanie en guerre, les intellectuels roumains font leur propre travail en faveur de la cause roumaine, \u00e0 Paris. Ainsi, \u00e0 partir de la fin 1917 une <em>Mission Universitaire Roumaine, <\/em>form\u00e9e de 13 membres, majoritairement des professeurs de l\u2019Universit\u00e9 de Bucarest, arrive dans la capitale fran\u00e7aise et porte des n\u00e9gociations avec les repr\u00e9sentants des minist\u00e8res fran\u00e7ais de l\u2019Instruction publique et des Affaires \u00e9trang\u00e8res. Le but est d\u2019obtenir l\u2019aide fran\u00e7aise pour la modernisation des universit\u00e9s roumaines, en particulier celles de Cluj et de Cern\u0103u\u021bi, ainsi que de l\u2019enseignement sup\u00e9rieur technique. Les discussions de Paris donnent suite, en 1919, \u00e0 la visite d\u2019une d\u00e9l\u00e9gation universitaire fran\u00e7aise en Roumanie, dirig\u00e9e par le physicien Lucien Poincar\u00e9, fr\u00e8re du pr\u00e9sident Raymond Poincar\u00e9.<\/p>\n\n\n\n<p>Le 15 juin 1919 est sign\u00e9e \u00e0 Bucarest la<em> Convention relative au recrutement, au statut et au traitement du personnel universitaire mis par le gouvernement fran\u00e7ais \u00e0 la disposition du gouvernement roumain. <\/em>Ce document d\u00e9taillait la mise en place de la coop\u00e9ration scolaire et universitaire franco-roumaine d\u2019apr\u00e8s-guerre, en accordant une attention particuli\u00e8re aux conditions financi\u00e8res et \u00e0 la s\u00e9lection des cadres. Pour son application d\u00e8s l\u2019ann\u00e9e scolaire 1919-1920, la France accordait aussi \u00e0 la Roumanie, un pr\u00eat d\u2019environ 1 450 000 francs, remboursable en 1923.&nbsp;<\/p>\n\n\n\n<p>Peu de temps apr\u00e8s, en 1920, voit le jour \u00e0 Paris, dans le cadre du Minist\u00e8re des Affaires \u00e9trang\u00e8res le Service des \u0152uvres Fran\u00e7aises \u00e0 l\u2019\u00c9tranger (SOFE ou \u0152uvres), destin\u00e9 lui aussi \u00e0 assurer \u00ab l\u2019expansion intellectuelle de la France \u00e0 l\u2019\u00e9tranger \u00bb.&nbsp;<\/p>\n\n\n\n<p>La convention et le Service des \u0152uvres assurent le cadre du fonctionnement de la Mission Universitaire Fran\u00e7aise en Roumanie, qui se fixe parmi ses objectifs majeurs\u00ab la rapide diffusion du fran\u00e7ais dans les r\u00e9gions nouvellement acquises\u00e0 la Roumanie \u00bb (Stan, 2020), c\u2019est-\u00e0-dire la Transylvanie, la Bessarabie, la Bucovine,le Banat. Jusqu\u2019en 1924 tous les professeurs embauch\u00e9s en Roumanie ont \u00e9t\u00e9 mis sous l\u2019autorit\u00e9 de Charles le T\u00e9o, inspecteur d\u2019Acad\u00e9mie. Certains des membres de cette Mission Universitaire Fran\u00e7aise sont des anciens membres de la Mission Berthelot, tels que Marcel Fontaine.<\/p>\n\n\n\n<p>Avant les d\u00e9buts de l\u2019activit\u00e9 de l\u2019Institut Fran\u00e7ais \u00e0 Bucarest, en 1924, la plus importante entreprise de coop\u00e9ration intellectuelle franco-roumaine se d\u00e9roule \u00e0 l\u2019Universit\u00e9 de Cluj, qui devient un v\u00e9ritables lieu de p\u00e8lerinage pour les universitaires fran\u00e7ais qui font le voyage en Roumanie, tels Emmanuel de Martonne, Henri Focillon, l\u2019abb\u00e9 Breuil, Maurice Caullery et autres.<\/p>\n\n\n\n<p><strong>Bibliografie:<\/strong><\/p>\n\n\n\n<p>Gavin Bowd, <em>Paul Morand et la Roumanie<\/em>, Paris, L\u2019Harmattan, 2002<br>Gavin Bowd, <em>La France et la Roumanie communiste, <\/em>Paris, L\u2019Harmattan, 2009<br>Claudia-Florentina Dobre, \u00ab Quand r\u00eaver de la France menait \u00e0 la prison : le cas des d\u00e9tenues politiques du \u2018lot fran\u00e7ais\u2019 \u00bb, in Bogumil Jewsiewicki, Erika Nimis&nbsp; (dir.), <em>Exp\u00e9riences et m\u00e9moires. Partager en fran\u00e7ais la diversit\u00e9 du monde<\/em>, Paris, L\u2019Harmattan, 2008<br>Pompiliu Eliade, <em>Influen\u021ba francez\u0103 asupra spiritului public \u00een Rom\u00e2nia<\/em>, Bucure\u0219ti, Humanitas, 2000<br>Richard Edwards, <em>Bucure\u0219ti, bulevardul Dacia 77. O poveste franco-rom\u00e2n\u0103<\/em>, Humanitas, Bucure\u0219ti, 2016<br>Marcel Fontaine, &nbsp;<em>Jurnal de r\u0103zboi. Misiune \u00een Rom\u00e2nia. Noiembrie 1916\u2013aprilie 1918<\/em>, Bucure\u0219ti, Humanitas, 2016<br>Andr\u00e9 Godin, <em>Une passion roumaine. Histoire de l&#8217;Institut Fran\u00e7ais de Hautes \u00c9tudes en Roumanie (1924-1948)<\/em>, Paris, L&#8217;Harmattan, 1998<br>Irina Gridan, \u00ab Quel r\u00f4le pour les diplomates fran\u00e7ais \u00e0 Bucarest au temps de la d\u00e9satellisation? L\u2019exemple de Pierre Bouffanais \u00bb in F. Dessberg, A. Mares, I. Davion (dir.), <em>Militaires et diplomates fran\u00e7ais face \u00e0 l&#8217;Europe m\u00e9diane. Entre mediations et constructions des savoirs<\/em>, Paris, Eur\u2019ORBEM Editions, 2017<br>Jean-No\u00ebl&nbsp;Grandhomme,&nbsp;<em>Le G\u00e9n\u00e9ral Berthelot et l&#8217;action de la France en Roumanie et en Russie m\u00e9ridionale, 1916-1918&nbsp;: gen\u00e8se, aspects diplomatiques, militaires et culturels avec leurs incidences, prolongements et perspectives<\/em>, Ch\u00e2teau de Vincennes, Service historique de l&#8217;arm\u00e9e de terre,&nbsp;1999<br>Jean-No\u00ebl Grandhomme, \u00ab La m\u00e9moire roumaine de la mission Berthelot (1918-2007) \u00bb in <a href=\"https:\/\/www.cairn.info\/revue-guerres-mondiales-et-conflits-contemporains.htm\"><em>Guerres mondiales et conflits contemporains<\/em><\/a>, <a href=\"https:\/\/www.cairn.info\/revue-guerres-mondiales-et-conflits-contemporains-2007-4.htm\">2007\/ 4 (n\u00b0 228)<\/a>, p. 23-35<br>Annie Gu\u00e9nard-Maget, <em>Une diplomatie culturelle dans les tensions internationales. La France en Europe centrale et orientale (1936-1940 \/ 1944-1951)<\/em>, Bruxelles, P.I.E. Peter Lang, 2014<br>Drago\u0219 Jipa, \u00ab De la diplomatie par l&#8217;enseignement \u00e0 la diplomatie culturelle: la Mission universitaire fran\u00e7aise en Roumanie (1919-1948) \u00bb, in Fran\u00e7ois Chaubet, Charlotte Faucher et alii (dir.), <em>Histoire(s) de la diplomatie culturelle fran\u00e7aise \u2013 Du rayonnement \u00e0 l\u2019influence<\/em>, Toulouse, Ed. de l&#8217;Attribut, 2024, p. 323-338<br>Drago\u0219 Jipa, \u00ab Francophonie et sciences sociales en Roumanie post-communiste. Convergences et recompositions autour de l\u2019\u00c9cole doctorale r\u00e9gionale de Bucarest (1994-2007) \u00bb, <em>Relations internationales<\/em>, Presses Universitaires de France, 1\/2022, no. 189, p.51-66<br>Rose-Marie Lagrave, <em>Voyage aux pays d&#8217;une utopie d\u00e9chue : plaidoyer pour l&#8217;Europe centrale<\/em>, Paris, PUF, 1998<br>Stefan Lemny, <em>Alphonse Dupront: de la Roumanie. Textes suivis d\u2019une correspondance avec Emil Cioran, Mircea Eliade et Eug\u00e8ne Ionesco<\/em>, Presses de l\u2019INALCO, Paris, 2023<br>Jean Mouton, <em>Journal de Roumanie, 29 ao\u00fbt 1939-19 mars 1946. La II<sup>e <\/sup>guerre mondiale vue de l\u2019Est,<\/em> Lausanne, Editions L\u2019Age d\u2019Homme, 1991<br>Tiphaine Samoyault, <em>Roland Barthes<\/em>, Paris, Seuil, 2015<br>Traian Sandu, <em>La Grande Roumanie alli\u00e9e de la France&nbsp;: une p\u00e9rip\u00e9tie diplomatique des ann\u00e9es folles ? (1919-1933)<\/em>, Paris, L\u2019Harmattan, 1999<br>Ana-Maria Stan, <em>La France de Vichy et la Roumanie (1940-1944). Collaboration et conflits, <\/em>Cluj-Napoca, Centre d\u2019\u00c9tudes Transylvaines, Acad\u00e9mie Roumaine, 2007<br>Ana-Maria Stan, \u00ab&nbsp;<em>Aspects de la R\u00e9sistance fran\u00e7aise en Roumanie apr\u00e8s 1940. Diplomates, enseignants et \u00e9crivains&nbsp;\u00bb <\/em>in Mathieu Dubois, Renaud Meltz (dir.) <em>De part et d\u2019autre du Danube. L\u2019Allemagne, l\u2019Autriche et les Balkans, de 1815 \u00e0 nos jours. M\u00e9langes en l\u2019honneur du professeur Jean-Paul Bled<\/em>, Paris, Presses de l\u2019Universit\u00e9 Paris-Sorbonne, 2015, pp. 131-145<br>Ana-Maria Stan, \u00ab&nbsp; (Re)conqu\u00e9rir l\u2019Europe centrale par la culture et l\u2019enseignement apr\u00e8s la Grande Guerre : le cas roumain 1919-1924&nbsp;\u00bb, in Jean-Paul Bled et Jean-Pierre Deschodt (dir.) &#8211; <em>Les cons\u00e9quences de la Grande Guerre 1919-1923, <\/em>Paris, \u00c9ditions SPM, 2020<br>Orest Tafrali<em>,&nbsp;Propaganda rom\u00e2neasc\u0103&nbsp;\u00een str\u0103in\u0103tate<\/em>, Craiova, Editura Ramuri, 1920<br>Glenn E.&nbsp;Torrey,&nbsp;<em>General Henri Berthelot and Romania&nbsp;: M\u00e9moires et Correspondance 1916-1919<\/em>, Boulder, East European Monographs,&nbsp;1987<br>Florin \u021aurcanu, \u00ab Voyages d\u2019intellectuels fran\u00e7ais dans la Roumanie des ann\u00e9es 1920 \u00bb in <em>20 &amp; 21. Revue d&#8217;histoire<\/em>, N\u00b0 152, octobre-d\u00e9cembre 2021<\/p>\n\n\n\n<p><\/p>\n","protected":false},"excerpt":{"rendered":"<p>Les sentiments francophiles des Roumains et leur coop\u00e9ration intellectuelle avec la France remontent \u00e0 la moiti\u00e9 du XVIIIe si\u00e8cle, mais deviennent de plus en plus intenses apr\u00e8s la cr\u00e9ation de l&#8217;\u00c9tat roumain moderne (1859-1881) et sont rapidement doubl\u00e9s par des liens institutionnels forts. En 1914, le d\u00e9clenchement de la Premi\u00e8re Guerre mondiale, ainsi que l\u2019av\u00e8nement [&hellip;]<\/p>\n","protected":false},"author":3,"featured_media":9338,"parent":0,"menu_order":0,"comment_status":"closed","ping_status":"closed","template":"","meta":{"footnotes":""},"class_list":["post-9344","page","type-page","status-publish","has-post-thumbnail","hentry"],"_links":{"self":[{"href":"https:\/\/institutfrancais.ro\/bucuresti\/wp-json\/wp\/v2\/pages\/9344","targetHints":{"allow":["GET"]}}],"collection":[{"href":"https:\/\/institutfrancais.ro\/bucuresti\/wp-json\/wp\/v2\/pages"}],"about":[{"href":"https:\/\/institutfrancais.ro\/bucuresti\/wp-json\/wp\/v2\/types\/page"}],"author":[{"embeddable":true,"href":"https:\/\/institutfrancais.ro\/bucuresti\/wp-json\/wp\/v2\/users\/3"}],"replies":[{"embeddable":true,"href":"https:\/\/institutfrancais.ro\/bucuresti\/wp-json\/wp\/v2\/comments?post=9344"}],"version-history":[{"count":2,"href":"https:\/\/institutfrancais.ro\/bucuresti\/wp-json\/wp\/v2\/pages\/9344\/revisions"}],"predecessor-version":[{"id":9590,"href":"https:\/\/institutfrancais.ro\/bucuresti\/wp-json\/wp\/v2\/pages\/9344\/revisions\/9590"}],"wp:featuredmedia":[{"embeddable":true,"href":"https:\/\/institutfrancais.ro\/bucuresti\/wp-json\/wp\/v2\/media\/9338"}],"wp:attachment":[{"href":"https:\/\/institutfrancais.ro\/bucuresti\/wp-json\/wp\/v2\/media?parent=9344"}],"curies":[{"name":"wp","href":"https:\/\/api.w.org\/{rel}","templated":true}]}}