{"id":1677,"date":"2021-01-25T13:51:02","date_gmt":"2021-01-25T13:51:02","guid":{"rendered":"https:\/\/institutfrancais.ro\/cluj-napoca\/mediateca\/"},"modified":"2024-10-30T16:25:14","modified_gmt":"2024-10-30T14:25:14","slug":"mediateca","status":"publish","type":"page","link":"https:\/\/institutfrancais.ro\/cluj-napoca\/fr\/mediateca\/","title":{"rendered":"M\u00e9diath\u00e8que"},"content":{"rendered":"\n<p>Lieu d&rsquo;\u00e9tude, de d\u00e9tente et d&rsquo;\u00e9change culturel, la m\u00e9diath\u00e8que est un espace agr\u00e9able, ouvert aux petits comme aux grands. Les projets de la m\u00e9diath\u00e8que, nombreux et interactifs, se concentrent sur des ateliers et d\u00e9bats, des rencontres litt\u00e9raires et des cin\u00e9-clubs, destin\u00e9s \u00e0 tous les \u00e2ges.<\/p>\n\n\n\n<p>Avant de nous rendre visite nous vous invitons \u00e0 faire un <a href=\"https:\/\/my.matterport.com\/show\/?m=FEUh7K8N1wz\"><strong>tour virtuel<\/strong><\/a> dans la m\u00e9diath\u00e8que (tour vid\u00e9o virtuel produit par <a href=\"https:\/\/komiti.media\/\" target=\"_blank\" rel=\"noreferrer noopener\">Komiti<\/a>).<\/p>\n\n\n\n<p><a href=\"https:\/\/institutfrancais.ro\/cluj-napoca\/fr\/mediateca\/informatii-practice\/\">Informations pratiques<\/a> \u2022 <a href=\"https:\/\/institutfrancais.ro\/cluj-napoca\/fr\/category\/mediateca\/noutati-si-evenimente\/\">Nouveaut\u00e9s et \u00e9v\u00e9nements<\/a> \u2022 <a href=\"https:\/\/institutfrancais.ro\/cluj-napoca\/fr\/mediateca\/ateliere\/\">Ateliers<\/a> \u2022 <a href=\"https:\/\/institutfrancais.ro\/cluj-napoca\/fr\/mediateca\/culturetheque\/\">Cultureth\u00e8que<\/a><\/p>\n\n\n\n<p><strong>Contact<br>Luiza Rus<\/strong>, responsable de la m\u00e9diath\u00e8que<br><a href=\"mailto:mediatheque.cluj@institutfrancais.ro\">mediatheque.cluj@institutfrancais.ro<\/a> | 0748 117 939<\/p>\n","protected":false},"excerpt":{"rendered":"<p>Lieu d&rsquo;\u00e9tude, de d\u00e9tente et d&rsquo;\u00e9change culturel, la m\u00e9diath\u00e8que est un espace agr\u00e9able, ouvert aux petits comme aux grands. Les projets de la m\u00e9diath\u00e8que, nombreux et interactifs, se concentrent sur des ateliers et d\u00e9bats, des rencontres litt\u00e9raires et des cin\u00e9-clubs, destin\u00e9s \u00e0 tous les \u00e2ges. Avant de nous rendre visite nous vous invitons \u00e0 faire [&hellip;]<\/p>\n","protected":false},"author":1,"featured_media":637,"parent":0,"menu_order":0,"comment_status":"closed","ping_status":"closed","template":"","meta":{"footnotes":""},"class_list":["post-1677","page","type-page","status-publish","has-post-thumbnail","hentry"],"_links":{"self":[{"href":"https:\/\/institutfrancais.ro\/cluj-napoca\/fr\/wp-json\/wp\/v2\/pages\/1677","targetHints":{"allow":["GET"]}}],"collection":[{"href":"https:\/\/institutfrancais.ro\/cluj-napoca\/fr\/wp-json\/wp\/v2\/pages"}],"about":[{"href":"https:\/\/institutfrancais.ro\/cluj-napoca\/fr\/wp-json\/wp\/v2\/types\/page"}],"author":[{"embeddable":true,"href":"https:\/\/institutfrancais.ro\/cluj-napoca\/fr\/wp-json\/wp\/v2\/users\/1"}],"replies":[{"embeddable":true,"href":"https:\/\/institutfrancais.ro\/cluj-napoca\/fr\/wp-json\/wp\/v2\/comments?post=1677"}],"version-history":[{"count":17,"href":"https:\/\/institutfrancais.ro\/cluj-napoca\/fr\/wp-json\/wp\/v2\/pages\/1677\/revisions"}],"predecessor-version":[{"id":8614,"href":"https:\/\/institutfrancais.ro\/cluj-napoca\/fr\/wp-json\/wp\/v2\/pages\/1677\/revisions\/8614"}],"wp:featuredmedia":[{"embeddable":true,"href":"https:\/\/institutfrancais.ro\/cluj-napoca\/fr\/wp-json\/wp\/v2\/media\/637"}],"wp:attachment":[{"href":"https:\/\/institutfrancais.ro\/cluj-napoca\/fr\/wp-json\/wp\/v2\/media?parent=1677"}],"curies":[{"name":"wp","href":"https:\/\/api.w.org\/{rel}","templated":true}]}}