{"id":1683,"date":"2021-10-13T09:39:28","date_gmt":"2021-10-13T07:39:28","guid":{"rendered":"https:\/\/institutfrancais.ro\/cluj-napoca\/stagii\/"},"modified":"2025-12-05T09:30:13","modified_gmt":"2025-12-05T07:30:13","slug":"stagii","status":"publish","type":"page","link":"https:\/\/institutfrancais.ro\/cluj-napoca\/fr\/stagii\/","title":{"rendered":"Stages"},"content":{"rendered":"\n<figure class=\"wp-block-image size-large\"><img loading=\"lazy\" decoding=\"async\" width=\"725\" height=\"355\" src=\"https:\/\/institutfrancais.ro\/cluj-napoca\/wp-content\/uploads\/sites\/3\/2021\/10\/stagiaire.jpg\" alt=\"\" class=\"wp-image-2891\" srcset=\"https:\/\/institutfrancais.ro\/cluj-napoca\/wp-content\/uploads\/sites\/3\/2021\/10\/stagiaire.jpg 725w, https:\/\/institutfrancais.ro\/cluj-napoca\/wp-content\/uploads\/sites\/3\/2021\/10\/stagiaire-300x147.jpg 300w\" sizes=\"auto, (max-width: 725px) 100vw, 725px\" \/><\/figure>\n\n\n\n<p>L&rsquo;activit\u00e9 de l&rsquo;\u00e9quipe de l&rsquo;Institut fran\u00e7ais \u00e0 Cluj est soutenue par une \u00e9quipe dynamique de stagiaires et de b\u00e9n\u00e9voles. Souhaitez-vous organiser des \u00e9v\u00e9nements culturels, comprendre le fonctionnement d&rsquo;une m\u00e9diath\u00e8que, participer \u00e0 l&rsquo;installation d&rsquo;expositions, faire des traductions ou assister notre \u00e9quipe d&rsquo;enseignants et d&rsquo;animateurs dans des ateliers pour enfants et des activit\u00e9s d&rsquo;enseignement du fran\u00e7ais ?<\/p>\n\n\n\n<p>Alors n&rsquo;h\u00e9sitez pas \u00e0 envoyer un message avec un CV et quelques mots sur vous et ce qui vous int\u00e9resserait de faire \u00e0 <a href=\"mailto:dora.zegrean@institutfrancais.ro\" data-type=\"mailto\" data-id=\"mailto:clementine.coedes@institutfrancais.ro\"><strong>clementine.coedes@institutfrancais.ro<\/strong><\/a><\/p>\n\n\n\n<p>L&rsquo;Institut fran\u00e7ais \u00e0 Cluj-Napoca accueille des stagiaires en pratique universitaire sur la base d&rsquo;accords conclus avec les facult\u00e9s de l&rsquo;Universit\u00e9 Babes-Bolyai. Nous recevons \u00e9galement des b\u00e9n\u00e9voles pour des activit\u00e9s sp\u00e9cifiques telles que des festivals de cin\u00e9ma, le festival d&rsquo;art num\u00e9rique Clujotronic, des concerts ou d&rsquo;autres \u00e9v\u00e9nements culturels.<\/p>\n\n\n\n<p>Nous vous attendons dans l&rsquo;\u00e9quipe !<\/p>\n","protected":false},"excerpt":{"rendered":"<p>L&rsquo;activit\u00e9 de l&rsquo;\u00e9quipe de l&rsquo;Institut fran\u00e7ais \u00e0 Cluj est soutenue par une \u00e9quipe dynamique de stagiaires et de b\u00e9n\u00e9voles. Souhaitez-vous organiser des \u00e9v\u00e9nements culturels, comprendre le fonctionnement d&rsquo;une m\u00e9diath\u00e8que, participer \u00e0 l&rsquo;installation d&rsquo;expositions, faire des traductions ou assister notre \u00e9quipe d&rsquo;enseignants et d&rsquo;animateurs dans des ateliers pour enfants et des activit\u00e9s d&rsquo;enseignement du fran\u00e7ais ? [&hellip;]<\/p>\n","protected":false},"author":8,"featured_media":2891,"parent":0,"menu_order":0,"comment_status":"closed","ping_status":"closed","template":"","meta":{"footnotes":""},"class_list":["post-1683","page","type-page","status-publish","has-post-thumbnail","hentry"],"_links":{"self":[{"href":"https:\/\/institutfrancais.ro\/cluj-napoca\/fr\/wp-json\/wp\/v2\/pages\/1683","targetHints":{"allow":["GET"]}}],"collection":[{"href":"https:\/\/institutfrancais.ro\/cluj-napoca\/fr\/wp-json\/wp\/v2\/pages"}],"about":[{"href":"https:\/\/institutfrancais.ro\/cluj-napoca\/fr\/wp-json\/wp\/v2\/types\/page"}],"author":[{"embeddable":true,"href":"https:\/\/institutfrancais.ro\/cluj-napoca\/fr\/wp-json\/wp\/v2\/users\/8"}],"replies":[{"embeddable":true,"href":"https:\/\/institutfrancais.ro\/cluj-napoca\/fr\/wp-json\/wp\/v2\/comments?post=1683"}],"version-history":[{"count":14,"href":"https:\/\/institutfrancais.ro\/cluj-napoca\/fr\/wp-json\/wp\/v2\/pages\/1683\/revisions"}],"predecessor-version":[{"id":9714,"href":"https:\/\/institutfrancais.ro\/cluj-napoca\/fr\/wp-json\/wp\/v2\/pages\/1683\/revisions\/9714"}],"wp:featuredmedia":[{"embeddable":true,"href":"https:\/\/institutfrancais.ro\/cluj-napoca\/fr\/wp-json\/wp\/v2\/media\/2891"}],"wp:attachment":[{"href":"https:\/\/institutfrancais.ro\/cluj-napoca\/fr\/wp-json\/wp\/v2\/media?parent=1683"}],"curies":[{"name":"wp","href":"https:\/\/api.w.org\/{rel}","templated":true}]}}