{"id":1696,"date":"2021-01-25T13:50:39","date_gmt":"2021-01-25T13:50:39","guid":{"rendered":"https:\/\/institutfrancais.ro\/cluj-napoca\/la-cave\/"},"modified":"2025-05-20T08:41:07","modified_gmt":"2025-05-20T06:41:07","slug":"la-cave","status":"publish","type":"page","link":"https:\/\/institutfrancais.ro\/cluj-napoca\/fr\/la-cave\/","title":{"rendered":"La Cave"},"content":{"rendered":"\n<h4 class=\"wp-block-heading has-vivid-cyan-blue-color has-text-color\">La Cave \u2013 lieu d\u2019expression contemporaine<\/h4>\n\n\n\n<p><a href=\"https:\/\/institutfrancais.ro\/cluj-napoca\/fr\/a-iubi-nu-inseamna-a-ne-privi-unul-pe-celalalt-ci-a-privi-amandoi-in-aceeasi-directie\/\"><strong>Exposition actuelle<\/strong><\/a><\/p>\n\n\n\n<p>Inaugur\u00e9e par l\u2019Institut fran\u00e7ais de Roumanie a\u0300 Cluj-Napoca en mars 2017, La Cave est un espace intime et polyvalent, qui accueille des expositions et des projections, des performances et des conf\u00e9rences ainsi que des ateliers d\u00e9di\u00e9s a\u0300 l\u2019art et a\u0300 la culture contemporains. Situ\u00e9e au c\u0153ur de la ville, dans un b\u00e2timent historique du XVIIe si\u00e8cle, elle a \u00e9t\u00e9 enti\u00e8rement r\u00e9nov\u00e9e gr\u00e2ce \u00e0 l\u2019appui g\u00e9n\u00e9reux de Valentin Vi\u0219an et de son entreprise La Donna Imobile.<br>Con\u00e7ue comme une plateforme pour les artistes \u00e9mergents, La Cave repr\u00e9sente un lieu d\u2019exposition et de dialogue qui encourage les projets transdisciplinaires et collaboratifs. En m\u00eame temps, les artistes confirm\u00e9s trouvent ici de nouveaux d\u00e9fis et un public international.<br>Depuis 2017 jusqu\u2019a\u0300 pr\u00e9sent, nous avons organis\u00e9 plus de 30 expositions et projets avec des artistes fran\u00e7ais, roumains et d\u2019autres nationalit\u00e9s, issus de domaines vari\u00e9s\u2008: peinture, photographie, c\u00e9ramique, sculpture, gravure, multim\u00e9dia, installation, arts du spectacle et cin\u00e9matographie.<br>Notre action envers le soutien et la promotion de la jeune cr\u00e9ation nous m\u00e8ne \u00e0 \u00e9tudier une trentaine de candidatures chaque ann\u00e9e, dans le cadre d\u2019un appel \u00e0 projets ouvert aux artistes de partout dans le monde.<br>Avec une dizaine d\u2019expositions par an, qui rassemblent plus de 1000 visiteurs, La Cave de l\u2019Institut fran\u00e7ais est vite devenue un espace de rencontre et d\u2019\u00e9change d\u2019id\u00e9es singulier sur la sc\u00e8ne artistique de Cluj, que nous vous invitons \u00e0 d\u00e9couvrir et \u00e0 exp\u00e9rimenter.<\/p>\n\n\n\n<p><a href=\"https:\/\/institutfrancais.ro\/cluj-napoca\/fr\/mecenat\/\"><strong>Devenir m\u00e9c\u00e8ne<\/strong><\/a> \u2022 <a href=\"https:\/\/institutfrancais.ro\/cluj-napoca\/fr\/artistes\/\"><strong>Les artistes t\u00e9moignent<\/strong><\/a><\/p>\n\n\n\n<p><strong>Brochure de pr\u00e9sentation<\/strong><\/p>\n\n\n\n<p><iframe loading=\"lazy\" src=\"https:\/\/www.yumpu.com\/fr\/embed\/view\/5987PXEs1jl2iyFp\" width=\"620px\" height=\"484px\" frameborder=\"0\" allowfullscreen=\"allowfullscreen\"><\/iframe><br><a title=\"Brochure La Cave 2017-2024\" href=\"https:\/\/www.yumpu.com\/fr\/document\/view\/70265034\/brochure-la-cave-2017-2024\" target=\"_blank\" rel=\"noopener\"><strong>Brochure La Cave 2017\u20132024<\/strong><\/a><\/p>\n\n\n\n<h4 class=\"wp-block-heading\">Contact<\/h4>\n\n\n\n<p><a href=\"mailto:raluca.mateiu@institutfrancais.ro\">raluca.mateiu@institutfrancais.ro<\/a> | 0752 135 898<\/p>\n","protected":false},"excerpt":{"rendered":"<p>La Cave \u2013 lieu d\u2019expression contemporaine Exposition actuelle Inaugur\u00e9e par l\u2019Institut fran\u00e7ais de Roumanie a\u0300 Cluj-Napoca en mars 2017, La Cave est un espace intime et polyvalent, qui accueille des expositions et des projections, des performances et des conf\u00e9rences ainsi que des ateliers d\u00e9di\u00e9s a\u0300 l\u2019art et a\u0300 la culture contemporains. Situ\u00e9e au c\u0153ur de [&hellip;]<\/p>\n","protected":false},"author":1,"featured_media":506,"parent":0,"menu_order":0,"comment_status":"closed","ping_status":"closed","template":"","meta":{"footnotes":""},"class_list":["post-1696","page","type-page","status-publish","has-post-thumbnail","hentry"],"_links":{"self":[{"href":"https:\/\/institutfrancais.ro\/cluj-napoca\/fr\/wp-json\/wp\/v2\/pages\/1696","targetHints":{"allow":["GET"]}}],"collection":[{"href":"https:\/\/institutfrancais.ro\/cluj-napoca\/fr\/wp-json\/wp\/v2\/pages"}],"about":[{"href":"https:\/\/institutfrancais.ro\/cluj-napoca\/fr\/wp-json\/wp\/v2\/types\/page"}],"author":[{"embeddable":true,"href":"https:\/\/institutfrancais.ro\/cluj-napoca\/fr\/wp-json\/wp\/v2\/users\/1"}],"replies":[{"embeddable":true,"href":"https:\/\/institutfrancais.ro\/cluj-napoca\/fr\/wp-json\/wp\/v2\/comments?post=1696"}],"version-history":[{"count":94,"href":"https:\/\/institutfrancais.ro\/cluj-napoca\/fr\/wp-json\/wp\/v2\/pages\/1696\/revisions"}],"predecessor-version":[{"id":9269,"href":"https:\/\/institutfrancais.ro\/cluj-napoca\/fr\/wp-json\/wp\/v2\/pages\/1696\/revisions\/9269"}],"wp:featuredmedia":[{"embeddable":true,"href":"https:\/\/institutfrancais.ro\/cluj-napoca\/fr\/wp-json\/wp\/v2\/media\/506"}],"wp:attachment":[{"href":"https:\/\/institutfrancais.ro\/cluj-napoca\/fr\/wp-json\/wp\/v2\/media?parent=1696"}],"curies":[{"name":"wp","href":"https:\/\/api.w.org\/{rel}","templated":true}]}}