{"id":4883,"date":"2022-10-14T09:50:56","date_gmt":"2022-10-14T07:50:56","guid":{"rendered":"https:\/\/institutfrancais.ro\/cluj-napoca\/ateliere\/"},"modified":"2026-04-01T15:22:42","modified_gmt":"2026-04-01T13:22:42","slug":"ateliere","status":"publish","type":"page","link":"https:\/\/institutfrancais.ro\/cluj-napoca\/fr\/mediateca\/ateliere\/","title":{"rendered":"Ateliers"},"content":{"rendered":"\n<p>Nous vous proposons chaque semaine des ateliers ludiques et interactifs<strong>, destin\u00e9s aux enfants et aux parents.<\/strong><br>Les ateliers se d\u00e9roulent dans l\u2019espace jeunesse de la m\u00e9diath\u00e8que.<\/p>\n\n\n\n<figure class=\"wp-block-image size-large\"><img loading=\"lazy\" decoding=\"async\" width=\"1024\" height=\"9\" src=\"https:\/\/institutfrancais.ro\/cluj-napoca\/wp-content\/uploads\/sites\/3\/2022\/09\/bandeaublanc10px-1024x9.jpg\" alt=\"\" class=\"wp-image-6876\" srcset=\"https:\/\/institutfrancais.ro\/cluj-napoca\/wp-content\/uploads\/sites\/3\/2022\/09\/bandeaublanc10px-1024x9.jpg 1024w, https:\/\/institutfrancais.ro\/cluj-napoca\/wp-content\/uploads\/sites\/3\/2022\/09\/bandeaublanc10px-300x3.jpg 300w, https:\/\/institutfrancais.ro\/cluj-napoca\/wp-content\/uploads\/sites\/3\/2022\/09\/bandeaublanc10px-768x6.jpg 768w, https:\/\/institutfrancais.ro\/cluj-napoca\/wp-content\/uploads\/sites\/3\/2022\/09\/bandeaublanc10px.jpg 1200w\" sizes=\"auto, (max-width: 1024px) 100vw, 1024px\" \/><\/figure>\n\n\n<p class=\"has-background\" style=\"background-color: #d3d7ff;\"><strong>PROGRAMME DU MOIS D\u2019AVRIL<br><br>Tip top \u2013 jeudi, 2, 16, 23 et 30 | 16:30<br>Bonjour b\u00e9b\u00e9 \u2013 vendredi, 3, 17 et 24 | 11:00<br>Contes et jeux \u2013 vendredi, 3, 17 et 24 | 16:30<br>Un, deux, trois \u2013 lundi, 20 et 27 | 16:45<\/strong><\/p>\n\n\n<figure class=\"wp-block-image size-large\"><img loading=\"lazy\" decoding=\"async\" width=\"1024\" height=\"9\" src=\"https:\/\/institutfrancais.ro\/cluj-napoca\/wp-content\/uploads\/sites\/3\/2022\/09\/bandeaublanc10px-1024x9.jpg\" alt=\"\" class=\"wp-image-6876\" srcset=\"https:\/\/institutfrancais.ro\/cluj-napoca\/wp-content\/uploads\/sites\/3\/2022\/09\/bandeaublanc10px-1024x9.jpg 1024w, https:\/\/institutfrancais.ro\/cluj-napoca\/wp-content\/uploads\/sites\/3\/2022\/09\/bandeaublanc10px-300x3.jpg 300w, https:\/\/institutfrancais.ro\/cluj-napoca\/wp-content\/uploads\/sites\/3\/2022\/09\/bandeaublanc10px-768x6.jpg 768w, https:\/\/institutfrancais.ro\/cluj-napoca\/wp-content\/uploads\/sites\/3\/2022\/09\/bandeaublanc10px.jpg 1200w\" sizes=\"auto, (max-width: 1024px) 100vw, 1024px\" \/><\/figure>\n\n\n\n<figure class=\"wp-block-image size-large\"><img loading=\"lazy\" decoding=\"async\" width=\"1024\" height=\"256\" src=\"https:\/\/institutfrancais.ro\/cluj-napoca\/wp-content\/uploads\/sites\/3\/2025\/09\/mth-at-bb-2025-1024x256.jpg\" alt=\"\" class=\"wp-image-9546\" srcset=\"https:\/\/institutfrancais.ro\/cluj-napoca\/wp-content\/uploads\/sites\/3\/2025\/09\/mth-at-bb-2025-1024x256.jpg 1024w, https:\/\/institutfrancais.ro\/cluj-napoca\/wp-content\/uploads\/sites\/3\/2025\/09\/mth-at-bb-2025-600x150.jpg 600w, https:\/\/institutfrancais.ro\/cluj-napoca\/wp-content\/uploads\/sites\/3\/2025\/09\/mth-at-bb-2025-768x192.jpg 768w, https:\/\/institutfrancais.ro\/cluj-napoca\/wp-content\/uploads\/sites\/3\/2025\/09\/mth-at-bb-2025.jpg 1200w\" sizes=\"auto, (max-width: 1024px) 100vw, 1024px\" \/><\/figure>\n\n\n\n<p><strong>10 mois \u2013 2 ans&nbsp;<\/strong>| Tous les vendredis | 11h | 25 lei | animatrice :&nbsp;<strong>Luiza Rus<\/strong><\/p>\n\n\n\n<p>Un atelier sensoriel, th\u00e9matique et interactif, pour les mamans et leurs b\u00e9b\u00e9s entre 10 mois et 2 ans pour explorer, tester et jouer.&nbsp;<br>Laissez-vous surprendre par musicalit\u00e9 de la langue fran\u00e7aise \u00e0 travers des chansons et des jeux inspir\u00e9s de la philosophie Montessori.<\/p>\n\n\n\n<p>D\u00e9tails et inscriptions :&nbsp;<a href=\"mailto:mediatheque.cluj@institutfrancais.ro\">mediatheque.cluj@institutfrancais.ro<\/a>&nbsp;| 0748 117 939<\/p>\n\n\n\n<figure class=\"wp-block-image size-large\"><img loading=\"lazy\" decoding=\"async\" width=\"1024\" height=\"256\" src=\"https:\/\/institutfrancais.ro\/cluj-napoca\/wp-content\/uploads\/sites\/3\/2025\/11\/mth-at-123-2025bis-1024x256.jpg\" alt=\"\" class=\"wp-image-9650\" srcset=\"https:\/\/institutfrancais.ro\/cluj-napoca\/wp-content\/uploads\/sites\/3\/2025\/11\/mth-at-123-2025bis-1024x256.jpg 1024w, https:\/\/institutfrancais.ro\/cluj-napoca\/wp-content\/uploads\/sites\/3\/2025\/11\/mth-at-123-2025bis-600x150.jpg 600w, https:\/\/institutfrancais.ro\/cluj-napoca\/wp-content\/uploads\/sites\/3\/2025\/11\/mth-at-123-2025bis-768x192.jpg 768w, https:\/\/institutfrancais.ro\/cluj-napoca\/wp-content\/uploads\/sites\/3\/2025\/11\/mth-at-123-2025bis.jpg 1200w\" sizes=\"auto, (max-width: 1024px) 100vw, 1024px\" \/><\/figure>\n\n\n\n<p><strong>2-3 ans<\/strong>&nbsp;| Tous les lundis | 16h45 | 25 lei | animatrice :<strong> <strong>Luiza Rus<\/strong><\/strong><\/p>\n\n\n\n<p>Un atelier d\u00e9bordant d\u2019\u00e9nergie positive, o\u00f9 la magie des petites histoires se m\u00eale au rythme entra\u00eenant des chansons et au plaisir des jeux. Une invitation \u00e0 explorer le c\u00f4t\u00e9 ludique et vivant de la langue fran\u00e7aise\u2009!&nbsp;<br>L&rsquo;enfant participant sera accompagn\u00e9 par un adulte.<\/p>\n\n\n\n<p>D\u00e9tails et inscriptions :&nbsp;<a href=\"mailto:mediatheque.cluj@institutfrancais.ro\">mediatheque.cluj@institutfrancais.ro<\/a>&nbsp;| 0748 117 939<\/p>\n\n\n\n<figure class=\"wp-block-image size-large\"><img loading=\"lazy\" decoding=\"async\" width=\"1024\" height=\"256\" src=\"https:\/\/institutfrancais.ro\/cluj-napoca\/wp-content\/uploads\/sites\/3\/2025\/09\/mth-at-cej-2025-1024x256.jpg\" alt=\"\" class=\"wp-image-9548\" srcset=\"https:\/\/institutfrancais.ro\/cluj-napoca\/wp-content\/uploads\/sites\/3\/2025\/09\/mth-at-cej-2025-1024x256.jpg 1024w, https:\/\/institutfrancais.ro\/cluj-napoca\/wp-content\/uploads\/sites\/3\/2025\/09\/mth-at-cej-2025-600x150.jpg 600w, https:\/\/institutfrancais.ro\/cluj-napoca\/wp-content\/uploads\/sites\/3\/2025\/09\/mth-at-cej-2025-768x192.jpg 768w, https:\/\/institutfrancais.ro\/cluj-napoca\/wp-content\/uploads\/sites\/3\/2025\/09\/mth-at-cej-2025.jpg 1200w\" sizes=\"auto, (max-width: 1024px) 100vw, 1024px\" \/><\/figure>\n\n\n\n<p><strong>3\u20136 ans<\/strong> | Tous les vendredis | 16h30 | 25 lei&nbsp;| animatrice :&nbsp;<strong>Luiza Rus<\/strong><\/p>\n\n\n\n<p>Dans une ambiance ludique et cr\u00e9ative,&nbsp;les enfants vont d\u00e9couvrir avec Luiza, le plaisir de se faire raconter des contes merveilleux,&nbsp;pour une initiation en fran\u00e7ais \u00e0 travers des comptines, jeux et activit\u00e9s de bricolage.&nbsp;<\/p>\n\n\n\n<p>D\u00e9tails et inscriptions :&nbsp;<a href=\"mailto:mediatheque.cluj@institutfrancais.ro\">mediatheque.cluj@institutfrancais.ro<\/a>&nbsp;| 0748 117 939<\/p>\n\n\n\n<figure class=\"wp-block-image size-full\"><img loading=\"lazy\" decoding=\"async\" width=\"1200\" height=\"300\" src=\"https:\/\/institutfrancais.ro\/cluj-napoca\/wp-content\/uploads\/sites\/3\/2025\/09\/mth-at-tt-2025.jpg\" alt=\"\" class=\"wp-image-9544\" srcset=\"https:\/\/institutfrancais.ro\/cluj-napoca\/wp-content\/uploads\/sites\/3\/2025\/09\/mth-at-tt-2025.jpg 1200w, https:\/\/institutfrancais.ro\/cluj-napoca\/wp-content\/uploads\/sites\/3\/2025\/09\/mth-at-tt-2025-600x150.jpg 600w, https:\/\/institutfrancais.ro\/cluj-napoca\/wp-content\/uploads\/sites\/3\/2025\/09\/mth-at-tt-2025-1024x256.jpg 1024w, https:\/\/institutfrancais.ro\/cluj-napoca\/wp-content\/uploads\/sites\/3\/2025\/09\/mth-at-tt-2025-768x192.jpg 768w\" sizes=\"auto, (max-width: 1200px) 100vw, 1200px\" \/><\/figure>\n\n\n\n<p><strong>6\u20138 ans<\/strong> | Tous les jeudis | 16h30 | Dur\u00e9e : 50 min | 25 lei&nbsp;| animatrice :<strong>&nbsp;Luiza Rus<\/strong><\/p>\n\n\n\n<p>Un atelier ludique et interactif pour les enfants qui font leurs premiers pas \u00e0 l\u2019\u00e9cole. On apprend \u00e0 associer mots, images, lettres et sons pour \u00eatre Tip Top en fran\u00e7ais !<\/p>\n\n\n\n<p>D\u00e9tails et inscriptions :&nbsp;<a href=\"mailto:mediatheque.cluj@institutfrancais.ro\">mediatheque.cluj@institutfrancais.ro<\/a>&nbsp;| 0748 117 939<\/p>\n\n\n\n<figure class=\"wp-block-image\"><img loading=\"lazy\" decoding=\"async\" width=\"1024\" height=\"9\" src=\"https:\/\/institutfrancais.ro\/cluj-napoca\/wp-content\/uploads\/sites\/3\/2022\/09\/bandeaublanc10px-1024x9.jpg\" alt=\"\" class=\"wp-image-6875\" srcset=\"https:\/\/institutfrancais.ro\/cluj-napoca\/wp-content\/uploads\/sites\/3\/2022\/09\/bandeaublanc10px-1024x9.jpg 1024w, https:\/\/institutfrancais.ro\/cluj-napoca\/wp-content\/uploads\/sites\/3\/2022\/09\/bandeaublanc10px-300x3.jpg 300w, https:\/\/institutfrancais.ro\/cluj-napoca\/wp-content\/uploads\/sites\/3\/2022\/09\/bandeaublanc10px-768x6.jpg 768w, https:\/\/institutfrancais.ro\/cluj-napoca\/wp-content\/uploads\/sites\/3\/2022\/09\/bandeaublanc10px.jpg 1200w\" sizes=\"auto, (max-width: 1024px) 100vw, 1024px\" \/><\/figure>\n\n\n\n<hr class=\"wp-block-separator has-alpha-channel-opacity\"\/>\n\n\n\n<figure class=\"wp-block-image\"><img loading=\"lazy\" decoding=\"async\" width=\"1024\" height=\"9\" src=\"https:\/\/institutfrancais.ro\/cluj-napoca\/wp-content\/uploads\/sites\/3\/2022\/09\/bandeaublanc10px-1024x9.jpg\" alt=\"\" class=\"wp-image-6875\" srcset=\"https:\/\/institutfrancais.ro\/cluj-napoca\/wp-content\/uploads\/sites\/3\/2022\/09\/bandeaublanc10px-1024x9.jpg 1024w, https:\/\/institutfrancais.ro\/cluj-napoca\/wp-content\/uploads\/sites\/3\/2022\/09\/bandeaublanc10px-300x3.jpg 300w, https:\/\/institutfrancais.ro\/cluj-napoca\/wp-content\/uploads\/sites\/3\/2022\/09\/bandeaublanc10px-768x6.jpg 768w, https:\/\/institutfrancais.ro\/cluj-napoca\/wp-content\/uploads\/sites\/3\/2022\/09\/bandeaublanc10px.jpg 1200w\" sizes=\"auto, (max-width: 1024px) 100vw, 1024px\" \/><\/figure>\n\n\n<figure class=\"wp-block-image\"><img loading=\"lazy\" decoding=\"async\" width=\"1024\" height=\"256\" class=\"wp-image-7756\" src=\"https:\/\/institutfrancais.ro\/cluj-napoca\/wp-content\/uploads\/sites\/3\/2024\/02\/mth-sa-sv.jpg\" alt=\"\" srcset=\"https:\/\/institutfrancais.ro\/cluj-napoca\/wp-content\/uploads\/sites\/3\/2024\/02\/mth-sa-sv.jpg 1024w, https:\/\/institutfrancais.ro\/cluj-napoca\/wp-content\/uploads\/sites\/3\/2024\/02\/mth-sa-sv-300x75.jpg 300w, https:\/\/institutfrancais.ro\/cluj-napoca\/wp-content\/uploads\/sites\/3\/2024\/02\/mth-sa-sv-768x192.jpg 768w\" sizes=\"auto, (max-width: 1024px) 100vw, 1024px\" \/><\/figure>\n\n\n<p class=\"has-text-align-center\"><strong>Ateliers ludiques et jeux interactifs pour les enfants de la maternelle ou les \u00e9l\u00e8ves de 6 \u00e0 18 ans<\/strong><\/p>\n\n\n<figure class=\"wp-block-image\"><img loading=\"lazy\" decoding=\"async\" width=\"1024\" height=\"256\" class=\"wp-image-7758\" src=\"https:\/\/institutfrancais.ro\/cluj-napoca\/wp-content\/uploads\/sites\/3\/2024\/02\/mth-vc.jpg\" alt=\"\" srcset=\"https:\/\/institutfrancais.ro\/cluj-napoca\/wp-content\/uploads\/sites\/3\/2024\/02\/mth-vc.jpg 1024w, https:\/\/institutfrancais.ro\/cluj-napoca\/wp-content\/uploads\/sites\/3\/2024\/02\/mth-vc-300x75.jpg 300w, https:\/\/institutfrancais.ro\/cluj-napoca\/wp-content\/uploads\/sites\/3\/2024\/02\/mth-vc-768x192.jpg 768w\" sizes=\"auto, (max-width: 1024px) 100vw, 1024px\" \/><\/figure>\n\n\n<p><strong>Contact<br>Luiza Rus<\/strong>, responsable de la m\u00e9diath\u00e8que<br><a href=\"mailto:mediatheque.cluj@institutfrancais.ro\">mediatheque.cluj@institutfrancais.ro<\/a> | 0748 117 939<\/p>\n\n\n\n<figure class=\"wp-block-image size-large\"><img loading=\"lazy\" decoding=\"async\" width=\"1024\" height=\"9\" src=\"https:\/\/institutfrancais.ro\/cluj-napoca\/wp-content\/uploads\/sites\/3\/2022\/09\/bandeaublanc10px-1024x9.jpg\" alt=\"\" class=\"wp-image-6876\" srcset=\"https:\/\/institutfrancais.ro\/cluj-napoca\/wp-content\/uploads\/sites\/3\/2022\/09\/bandeaublanc10px-1024x9.jpg 1024w, https:\/\/institutfrancais.ro\/cluj-napoca\/wp-content\/uploads\/sites\/3\/2022\/09\/bandeaublanc10px-300x3.jpg 300w, https:\/\/institutfrancais.ro\/cluj-napoca\/wp-content\/uploads\/sites\/3\/2022\/09\/bandeaublanc10px-768x6.jpg 768w, https:\/\/institutfrancais.ro\/cluj-napoca\/wp-content\/uploads\/sites\/3\/2022\/09\/bandeaublanc10px.jpg 1200w\" sizes=\"auto, (max-width: 1024px) 100vw, 1024px\" \/><\/figure>\n\n\n\n<hr class=\"wp-block-separator has-css-opacity is-style-wide\"\/>\n\n\n\n<figure class=\"wp-block-image size-large\"><img loading=\"lazy\" decoding=\"async\" width=\"1024\" height=\"9\" src=\"https:\/\/institutfrancais.ro\/cluj-napoca\/wp-content\/uploads\/sites\/3\/2022\/09\/bandeaublanc10px-1024x9.jpg\" alt=\"\" class=\"wp-image-6876\" srcset=\"https:\/\/institutfrancais.ro\/cluj-napoca\/wp-content\/uploads\/sites\/3\/2022\/09\/bandeaublanc10px-1024x9.jpg 1024w, https:\/\/institutfrancais.ro\/cluj-napoca\/wp-content\/uploads\/sites\/3\/2022\/09\/bandeaublanc10px-300x3.jpg 300w, https:\/\/institutfrancais.ro\/cluj-napoca\/wp-content\/uploads\/sites\/3\/2022\/09\/bandeaublanc10px-768x6.jpg 768w, https:\/\/institutfrancais.ro\/cluj-napoca\/wp-content\/uploads\/sites\/3\/2022\/09\/bandeaublanc10px.jpg 1200w\" sizes=\"auto, (max-width: 1024px) 100vw, 1024px\" \/><\/figure>\n\n\n\n<figure class=\"wp-block-image size-full\"><img loading=\"lazy\" decoding=\"async\" width=\"1024\" height=\"156\" src=\"https:\/\/institutfrancais.ro\/cluj-napoca\/wp-content\/uploads\/sites\/3\/2024\/02\/mth-at-pampam.png\" alt=\"\" class=\"wp-image-7753\" srcset=\"https:\/\/institutfrancais.ro\/cluj-napoca\/wp-content\/uploads\/sites\/3\/2024\/02\/mth-at-pampam.png 1024w, https:\/\/institutfrancais.ro\/cluj-napoca\/wp-content\/uploads\/sites\/3\/2024\/02\/mth-at-pampam-300x46.png 300w, https:\/\/institutfrancais.ro\/cluj-napoca\/wp-content\/uploads\/sites\/3\/2024\/02\/mth-at-pampam-768x117.png 768w\" sizes=\"auto, (max-width: 1024px) 100vw, 1024px\" \/><\/figure>\n\n\n\n<p><strong>Ateliers PAM PAM<\/strong><strong>&nbsp;<\/strong><\/p>\n\n\n\n<p>Ateliers interg\u00e9n\u00e9rationnels qui s\u2019adressent aux enfants de 3 \u00e0 14 ans, mais aussi aux parents qui peuvent rester \u00e0 leurs c\u00f4t\u00e9s.&nbsp;<br>Cr\u00e9atifs et ludiques, alternant les histoires avec les bandes dessin\u00e9es, les marionnettes avec les activit\u00e9s interactives, les ateliers sont soutenus par des animateurs romains ou fran\u00e7ais, issus de diff\u00e9rentes sph\u00e8res culturelles.&nbsp;<\/p>\n\n\n\n<p>Ateliers mensuels&nbsp;| tarif : 30 lei<br>D\u00e9tails :&nbsp;<a href=\"mailto:mediatheque.cluj@institutfrancais.ro\">mediatheque.cluj@institutfrancais.ro<\/a>&nbsp;| 0748 117&nbsp;939<\/p>\n","protected":false},"excerpt":{"rendered":"<p>Nous vous proposons chaque semaine des ateliers ludiques et interactifs, destin\u00e9s aux enfants et aux parents.Les ateliers se d\u00e9roulent dans l\u2019espace jeunesse de la m\u00e9diath\u00e8que. PROGRAMME DU MOIS D\u2019AVRIL Tip top \u2013 jeudi, 2, 16, 23 et 30 | 16:30Bonjour b\u00e9b\u00e9 \u2013 vendredi, 3, 17 et 24 | 11:00Contes et jeux \u2013 vendredi, 3, 17 [&hellip;]<\/p>\n","protected":false},"author":8,"featured_media":0,"parent":1677,"menu_order":-1,"comment_status":"closed","ping_status":"closed","template":"","meta":{"footnotes":""},"class_list":["post-4883","page","type-page","status-publish","hentry"],"_links":{"self":[{"href":"https:\/\/institutfrancais.ro\/cluj-napoca\/fr\/wp-json\/wp\/v2\/pages\/4883","targetHints":{"allow":["GET"]}}],"collection":[{"href":"https:\/\/institutfrancais.ro\/cluj-napoca\/fr\/wp-json\/wp\/v2\/pages"}],"about":[{"href":"https:\/\/institutfrancais.ro\/cluj-napoca\/fr\/wp-json\/wp\/v2\/types\/page"}],"author":[{"embeddable":true,"href":"https:\/\/institutfrancais.ro\/cluj-napoca\/fr\/wp-json\/wp\/v2\/users\/8"}],"replies":[{"embeddable":true,"href":"https:\/\/institutfrancais.ro\/cluj-napoca\/fr\/wp-json\/wp\/v2\/comments?post=4883"}],"version-history":[{"count":55,"href":"https:\/\/institutfrancais.ro\/cluj-napoca\/fr\/wp-json\/wp\/v2\/pages\/4883\/revisions"}],"predecessor-version":[{"id":10319,"href":"https:\/\/institutfrancais.ro\/cluj-napoca\/fr\/wp-json\/wp\/v2\/pages\/4883\/revisions\/10319"}],"up":[{"embeddable":true,"href":"https:\/\/institutfrancais.ro\/cluj-napoca\/fr\/wp-json\/wp\/v2\/pages\/1677"}],"wp:attachment":[{"href":"https:\/\/institutfrancais.ro\/cluj-napoca\/fr\/wp-json\/wp\/v2\/media?parent=4883"}],"curies":[{"name":"wp","href":"https:\/\/api.w.org\/{rel}","templated":true}]}}