{"id":558,"date":"2021-02-25T18:47:32","date_gmt":"2021-02-25T18:47:32","guid":{"rendered":"https:\/\/institutfrancais.ro\/cluj-napoca\/intalnirile-europene-din-transilvania\/"},"modified":"2021-02-26T13:02:39","modified_gmt":"2021-02-26T13:02:39","slug":"intalnirile-europene-din-transilvania","status":"publish","type":"page","link":"https:\/\/institutfrancais.ro\/cluj-napoca\/fr\/intalnirile-europene-din-transilvania\/","title":{"rendered":"Rencontres Europ\u00e9ennes de Transylvanie"},"content":{"rendered":"\n<h3 class=\"wp-block-heading\"><strong>#REplasticHack: REduce-REuse-REcycle<\/strong><\/h3>\n\n\n\n<figure class=\"wp-block-table\"><table><tbody><tr><td>Quand&nbsp;?<\/td><td>Le week-end des 26-27-28 mars<\/td><\/tr><tr><td>O\u00f9 ?<\/td><td>Hackathon en ligne (plateforme Discord)<\/td><\/tr><tr><td>Pour qui ?<\/td><td>Experts du d\u00e9veloppement territorial et de l\u2019\u00e9conomie circulaire, repr\u00e9sentants d&rsquo;institutions publiques roumaines et fran\u00e7aises, entrepreneurs, innovateurs, repr\u00e9sentants de la soci\u00e9t\u00e9 civile, universitaires, \u00e9tudiants&#8230;<\/td><\/tr><\/tbody><\/table><\/figure>\n\n\n\n<h4 class=\"wp-block-heading\"><strong>Qu\u2019est-ce que le #REplasticHack: REduce-REuse-REcycle?<\/strong><\/h4>\n\n\n\n<p><strong>#REplasticHack<\/strong> est un hackathon en ligne co-organis\u00e9 par l\u2019Ambassade de France\/Institut fran\u00e7ais de Roumanie et Cluj Hub\/ROTSA.<\/p>\n\n\n\n<p>En 36h les participants pourront d\u00e9velopper, en \u00e9quipe, une solution innovante pour r\u00e9duire l\u2019utilisation du plastique. Tout au long du week-end, des mentors apporteront leurs conseils et expertise pour d\u00e9velopper des solutions. Les projets s\u00e9lectionn\u00e9s par un jury seront r\u00e9compens\u00e9s \u00e0 l\u2019issue du #REplasticHack.<\/p>\n\n\n\n<p>L\u2019anglais sera la langue de travail de l&rsquo;\u00e9v\u00e9nement. Une interpr\u00e9tation simultan\u00e9e fran\u00e7ais&lt;&gt;roumain sera disponible lors des principales interventions.<\/p>\n\n\n\n<p><strong>Inscrivez-vous maintenant<\/strong>\u00a0<strong>!<\/strong><br>Les inscriptions (individuelles ou en \u00e9quipe) sont ouvertes jusqu&rsquo;au 21 mars (minuit), via ce <strong><a rel=\"noreferrer noopener\" href=\"https:\/\/docs.google.com\/forms\/d\/e\/1FAIpQLSfAZfoqJGxgCdz-EfmheobMMcwBBc5kRoaR58v45SaI2YDm8g\/viewform?usp=sf_link\" target=\"_blank\">formulaire<\/a><\/strong>.<\/p>\n\n\n\n<h4 class=\"wp-block-heading\"><strong>Le d\u00e9fi<\/strong><\/h4>\n\n\n\n<p>Le plastique, c\u2019est fantastique ? Depuis 2015, plus de 6,9 milliards de tonnes de d\u00e9chets plastiques ont \u00e9t\u00e9 produites. Seulement 9% ont \u00e9t\u00e9 recycl\u00e9es, 12% incin\u00e9r\u00e9es et 79% ont \u00e9t\u00e9 accumul\u00e9es dans des d\u00e9charges ou dans la nature. Plus de 40% du plastique produit n\u2019est utilis\u00e9 qu\u2019une fois avant d\u2019\u00eatre jet\u00e9.<br>Quelles politiques mettre en place au niveau local pour limiter l\u2019usage des mati\u00e8res plastiques et favoriser leur recyclage, conform\u00e9ment aux objectifs de l\u2019Union europ\u00e9enne ? Comment r\u00e9duire la production d\u2019emballages \u00e0 la source et promouvoir leur r\u00e9emploi et le recyclage ? Quel r\u00f4le peuvent jouer les collectivit\u00e9s locales et les pouvoirs publics, les entreprises, la soci\u00e9t\u00e9 civile et les citoyens ?<br>Pour leur 10e \u00e9dition des Rencontres europ\u00e9ennes de Transylvanie, l\u2019Ambassade de France\/Institut fran\u00e7ais de Roumanie et Cluj Hub\/ROTSA (association roumaine des startups), s\u2019attaquent \u00e0 la question du plastique, enjeu majeur pour la transition vers une \u00e9conomie circulaire.<\/p>\n\n\n\n<h4 class=\"wp-block-heading\"><strong>Les enjeux de #REplasticHack<\/strong><\/h4>\n\n\n\n<p><strong>#REduce<\/strong> &#8211; Le meilleur d\u00e9chet est celui qu\u2019on ne produit pas ! De nombreuses actions, li\u00e9es \u00e0 la conception, la fabrication, l\u2019achat ou l\u2019utilisation de mat\u00e9riaux, peuvent permettre de r\u00e9duire \u00e0 la source l\u2019usage des plastiques.<\/p>\n\n\n\n<ul class=\"wp-block-list\"><li>Renforcer les actions d\u2019\u00e9coconception<\/li><li>D\u00e9velopper des mat\u00e9riaux alternatifs pour remplacer le plastique<\/li><li>Appliquer le principe de responsabilit\u00e9 des producteurs<\/li><li>\u00c9duquer les consommateurs<\/li><\/ul>\n\n\n\n<p><strong>#REuse<\/strong> &#8211; Le r\u00e9emploi des emballages est une priorit\u00e9 \u00e0 \u00e9tudier et exp\u00e9rimenter, afin d\u2019allonger leur dur\u00e9e de vie et de pr\u00e9server les ressources naturelles n\u00e9cessaires \u00e0 la fabrication de nouveaux emballages.<\/p>\n\n\n\n<ul class=\"wp-block-list\"><li>Promouvoir des alternatives aux produits \u00e0 usage unique<\/li><li>Repenser le cycle de vie des mati\u00e8res et produits plastiques<\/li><li>Encourager de nouvelles pratiques de consommation<\/li><\/ul>\n\n\n\n<p><strong>#REcycle<\/strong> &#8211; Au c\u0153ur de l&rsquo;\u00e9conomie circulaire, le recyclage est le principal contributeur \u00e0 l&rsquo;\u00e9conomie de mati\u00e8re et \u00e0 la diminution de la pression sur les mati\u00e8res non renouvelables.<\/p>\n\n\n\n<ul class=\"wp-block-list\"><li>Sensibiliser au tri s\u00e9lectif<\/li><li>Am\u00e9liorer les performances de collecte et de tri<\/li><li>Favoriser l&rsquo;utilisation de mat\u00e9riaux facilement recyclables<\/li><li>D\u00e9velopper des innovations technologiques afin de valoriser mieux et davantage les emballages plastiques<\/li><li>Am\u00e9liorer l\u2019utilisation des plastiques recycl\u00e9s<\/li><\/ul>\n\n\n\n<h4 class=\"wp-block-heading\"><strong>Rejoignez-nous !<\/strong><\/h4>\n\n\n\n<p>Experts du d\u00e9veloppement territorial et de l\u2019\u00e9conomie circulaire, entrepreneurs, repr\u00e9sentants de la soci\u00e9t\u00e9 civile, repr\u00e9sentants d\u2019institutions publiques, universitaires, \u00e9tudiants\u2026 Vous souhaitez partager votre exp\u00e9rience pour r\u00e9duire la production de plastique et apporter une contribution innovante \u00e0 un monde sans plastique ? Rejoignez-nous le week-end des 26-27-28 mars pour le <strong>#REplasticHack<\/strong>!<\/p>\n\n\n\n<h4 class=\"wp-block-heading\"><a rel=\"noreferrer noopener\" href=\"https:\/\/docs.google.com\/forms\/d\/e\/1FAIpQLSfAZfoqJGxgCdz-EfmheobMMcwBBc5kRoaR58v45SaI2YDm8g\/viewform?usp=sf_link\" target=\"_blank\">Inscrivez-vous maintenant<\/a> <a rel=\"noreferrer noopener\" href=\"https:\/\/docs.google.com\/forms\/d\/e\/1FAIpQLSfAZfoqJGxgCdz-EfmheobMMcwBBc5kRoaR58v45SaI2YDm8g\/viewform?usp=sf_link\" target=\"_blank\">!<\/a><\/h4>\n\n\n\n<h4 class=\"wp-block-heading\"><strong>Crit\u00e8res de s\u00e9lection :<\/strong><\/h4>\n\n\n\n<ul class=\"wp-block-list\"><li>Vivre ou travailler en Roumanie ou en France ; ma\u00eetriser l\u2019anglais et le roumain ou le fran\u00e7ais ;<\/li><li>Avoir une exp\u00e9rience pertinente de volontariat, travail ou une formation universitaire en mati\u00e8re de recyclage, notamment sur la gestion des d\u00e9chets plastiques ;<\/li><li>Partager son exp\u00e9rience avec un esprit innovant et cr\u00e9atif en respectant les r\u00e8gles du #REplasticHack.<\/li><\/ul>\n\n\n\n<p>Possibilit\u00e9 de participer seul ou en \u00e9quipe (7 participants par \u00e9quipe maximum, constitu\u00e9e id\u00e9alement de profils vari\u00e9s).<\/p>\n\n\n\n<h4 class=\"wp-block-heading\">Prix<\/h4>\n\n\n\n<p>Stay tuned ! On revient bient\u00f4t avec plus de d\u00e9tails !<\/p>\n\n\n\n<h4 class=\"wp-block-heading\">Mentors<\/h4>\n\n\n\n<h4 class=\"wp-block-heading\">Jury<\/h4>\n\n\n\n<h4 class=\"wp-block-heading\">Partenaires<\/h4>\n\n\n\n<h4 class=\"wp-block-heading\">Conditions g\u00e9n\u00e9rales<\/h4>\n\n\n\n<h4 class=\"wp-block-heading\">R\u00e8glement<\/h4>\n","protected":false},"excerpt":{"rendered":"<p>#REplasticHack: REduce-REuse-REcycle Quand&nbsp;? Le week-end des 26-27-28 mars O\u00f9 ? Hackathon en ligne (plateforme Discord) Pour qui ? Experts du d\u00e9veloppement territorial et de l\u2019\u00e9conomie circulaire, repr\u00e9sentants d&rsquo;institutions publiques roumaines et fran\u00e7aises, entrepreneurs, innovateurs, repr\u00e9sentants de la soci\u00e9t\u00e9 civile, universitaires, \u00e9tudiants&#8230; Qu\u2019est-ce que le #REplasticHack: REduce-REuse-REcycle? #REplasticHack est un hackathon en ligne co-organis\u00e9 par l\u2019Ambassade [&hellip;]<\/p>\n","protected":false},"author":8,"featured_media":555,"parent":0,"menu_order":0,"comment_status":"closed","ping_status":"closed","template":"","meta":{"footnotes":""},"class_list":["post-558","page","type-page","status-publish","has-post-thumbnail","hentry"],"_links":{"self":[{"href":"https:\/\/institutfrancais.ro\/cluj-napoca\/fr\/wp-json\/wp\/v2\/pages\/558","targetHints":{"allow":["GET"]}}],"collection":[{"href":"https:\/\/institutfrancais.ro\/cluj-napoca\/fr\/wp-json\/wp\/v2\/pages"}],"about":[{"href":"https:\/\/institutfrancais.ro\/cluj-napoca\/fr\/wp-json\/wp\/v2\/types\/page"}],"author":[{"embeddable":true,"href":"https:\/\/institutfrancais.ro\/cluj-napoca\/fr\/wp-json\/wp\/v2\/users\/8"}],"replies":[{"embeddable":true,"href":"https:\/\/institutfrancais.ro\/cluj-napoca\/fr\/wp-json\/wp\/v2\/comments?post=558"}],"version-history":[{"count":2,"href":"https:\/\/institutfrancais.ro\/cluj-napoca\/fr\/wp-json\/wp\/v2\/pages\/558\/revisions"}],"predecessor-version":[{"id":584,"href":"https:\/\/institutfrancais.ro\/cluj-napoca\/fr\/wp-json\/wp\/v2\/pages\/558\/revisions\/584"}],"wp:featuredmedia":[{"embeddable":true,"href":"https:\/\/institutfrancais.ro\/cluj-napoca\/fr\/wp-json\/wp\/v2\/media\/555"}],"wp:attachment":[{"href":"https:\/\/institutfrancais.ro\/cluj-napoca\/fr\/wp-json\/wp\/v2\/media?parent=558"}],"curies":[{"name":"wp","href":"https:\/\/api.w.org\/{rel}","templated":true}]}}