{"id":5633,"date":"2023-01-03T15:26:00","date_gmt":"2023-01-03T13:26:00","guid":{"rendered":"https:\/\/institutfrancais.ro\/cluj-napoca\/franceza-pentru-companii\/"},"modified":"2024-01-09T11:33:02","modified_gmt":"2024-01-09T09:33:02","slug":"franceza-pentru-companii","status":"publish","type":"page","link":"https:\/\/institutfrancais.ro\/cluj-napoca\/fr\/franceza-pentru-companii\/","title":{"rendered":"Cours pour entreprises"},"content":{"rendered":"\n<figure class=\"wp-block-image size-large\"><img loading=\"lazy\" decoding=\"async\" width=\"1024\" height=\"384\" src=\"https:\/\/institutfrancais.ro\/cluj-napoca\/wp-content\/uploads\/sites\/3\/2021\/03\/entreprises-1024x384.jpg\" alt=\"cours compagnies\" class=\"wp-image-1578\" srcset=\"https:\/\/institutfrancais.ro\/cluj-napoca\/wp-content\/uploads\/sites\/3\/2021\/03\/entreprises-1024x384.jpg 1024w, https:\/\/institutfrancais.ro\/cluj-napoca\/wp-content\/uploads\/sites\/3\/2021\/03\/entreprises-300x113.jpg 300w, https:\/\/institutfrancais.ro\/cluj-napoca\/wp-content\/uploads\/sites\/3\/2021\/03\/entreprises-768x288.jpg 768w, https:\/\/institutfrancais.ro\/cluj-napoca\/wp-content\/uploads\/sites\/3\/2021\/03\/entreprises-1536x576.jpg 1536w, https:\/\/institutfrancais.ro\/cluj-napoca\/wp-content\/uploads\/sites\/3\/2021\/03\/entreprises.jpg 1680w\" sizes=\"auto, (max-width: 1024px) 100vw, 1024px\" \/><\/figure>\n\n\n\n<h5 class=\"has-vivid-cyan-blue-color has-text-color wp-block-heading\">QUI SOMMES NOUS ?<\/h5>\n\n\n\n<p>Nous sommes l&rsquo;IFC. Enchant\u00e9s !<\/p>\n\n\n\n<ul class=\"wp-block-list\"><li>Nous sommes le <strong>leader du march\u00e9<\/strong> dans le domaine des cours de fran\u00e7ais et de roumain pour les expatri\u00e9s.<\/li><li>Nous \u0153uvrons sous la tutelle de l&rsquo;<strong>Ambassade de France en Roumanie<\/strong>, et nous sommes fiers de notre \u00e9quipe de <strong>formateurs professionnels<\/strong>, d&rsquo;origine fran\u00e7aise et roumaine, dynamiques, form\u00e9s dans des universit\u00e9s prestigieuses du pays ou \u00e0 l&rsquo;\u00e9tranger.<\/li><li>Nous sommes honor\u00e9s de compter dans <strong>notre portfolio des entreprises<\/strong> partenaires telles que Bombardier, Bosch, BRD, Cora, Sykes, Michelin, Tereos, Steelcase, Office Depot, Genpact, Emerson, Energom, Jouve, EXL et bien d&rsquo;autres.<\/li><li>Nous mettons en \u0153uvre de nombreux projets, car <strong>notre action est transversale<\/strong>, conjuguant avec succ\u00e8s <strong>les cours de langues, les activit\u00e9s culturelles et l&rsquo;offre multim\u00e9dia <\/strong>de la M\u00e9diath\u00e8que.<\/li><\/ul>\n\n\n\n<div style=\"height:25px\" aria-hidden=\"true\" class=\"wp-block-spacer\"><\/div>\n\n\n\n<h5 class=\"has-vivid-cyan-blue-color has-text-color wp-block-heading\">NOUS VOUS PROPOSONS<\/h5>\n\n\n\n<p><strong>Le paquet de b\u00e9n\u00e9fices pour ADULTES<\/strong> :<\/p>\n\n\n\n<ul class=\"wp-block-list\"><li>Ateliers de conversation avec un animateur natif<br>\u2013 groupes de 5 \u00e0 10 personnes<\/li><li>Cours en ligne ou en pr\u00e9sentiel<br>\u2013 adapt\u00e9s \u00e0 l&rsquo;entreprise ou dans les groupes g\u00e9n\u00e9ra les de l&rsquo;IFC<br>\u2013 pour une offre personnalis\u00e9e veuillez contacter la direction des cours de l&rsquo;IFC<\/li><li>Cultureth\u00e8que \u2013 100 de abonnements<\/li><\/ul>\n\n\n\n<p><strong>Le paquet de b\u00e9n\u00e9fices pour les ENFANTS des salari\u00e9s<\/strong> :<\/p>\n\n\n\n<ul class=\"wp-block-list\"><li>Ateliers pour les enfants de 3 \u00e0 6 et de 7 \u00e0 9 ans<br>\u2013 groupes de 5-10 enfants<\/li><\/ul>\n\n\n\n<h4 class=\"wp-block-heading\">Contact<\/h4>\n\n\n\n<p>Mihaela POPA \u2013 Directrice cours et examens<br><a href=\"mailto:mihaela.popa@institutfrancais.ro\">mihaela.popa@institutfrancais.ro<\/a>| 0745 64 03 93<\/p>\n\n\n\n<figure class=\"wp-block-embed is-type-rich is-provider-issuu wp-block-embed-issuu\"><div class=\"wp-block-embed__wrapper\">\n<div data-url=\"https:\/\/issuu.com\/ifbucarest\/docs\/brochure_entreprises_issuu\" style=\"width: 500px; height: 355px;\" class=\"issuuembed\"><\/div><script type=\"text\/javascript\" src=\"\/\/e.issuu.com\/embed.js\" async=\"true\"><\/script>\n<\/div><\/figure>\n","protected":false},"excerpt":{"rendered":"<p>QUI SOMMES NOUS ? Nous sommes l&rsquo;IFC. Enchant\u00e9s ! Nous sommes le leader du march\u00e9 dans le domaine des cours de fran\u00e7ais et de roumain pour les expatri\u00e9s. Nous \u0153uvrons sous la tutelle de l&rsquo;Ambassade de France en Roumanie, et nous sommes fiers de notre \u00e9quipe de formateurs professionnels, d&rsquo;origine fran\u00e7aise et roumaine, dynamiques, form\u00e9s [&hellip;]<\/p>\n","protected":false},"author":8,"featured_media":9216,"parent":0,"menu_order":0,"comment_status":"closed","ping_status":"closed","template":"","meta":{"footnotes":""},"class_list":["post-5633","page","type-page","status-publish","has-post-thumbnail","hentry"],"_links":{"self":[{"href":"https:\/\/institutfrancais.ro\/cluj-napoca\/fr\/wp-json\/wp\/v2\/pages\/5633","targetHints":{"allow":["GET"]}}],"collection":[{"href":"https:\/\/institutfrancais.ro\/cluj-napoca\/fr\/wp-json\/wp\/v2\/pages"}],"about":[{"href":"https:\/\/institutfrancais.ro\/cluj-napoca\/fr\/wp-json\/wp\/v2\/types\/page"}],"author":[{"embeddable":true,"href":"https:\/\/institutfrancais.ro\/cluj-napoca\/fr\/wp-json\/wp\/v2\/users\/8"}],"replies":[{"embeddable":true,"href":"https:\/\/institutfrancais.ro\/cluj-napoca\/fr\/wp-json\/wp\/v2\/comments?post=5633"}],"version-history":[{"count":4,"href":"https:\/\/institutfrancais.ro\/cluj-napoca\/fr\/wp-json\/wp\/v2\/pages\/5633\/revisions"}],"predecessor-version":[{"id":7498,"href":"https:\/\/institutfrancais.ro\/cluj-napoca\/fr\/wp-json\/wp\/v2\/pages\/5633\/revisions\/7498"}],"wp:featuredmedia":[{"embeddable":true,"href":"https:\/\/institutfrancais.ro\/cluj-napoca\/fr\/wp-json\/wp\/v2\/media\/9216"}],"wp:attachment":[{"href":"https:\/\/institutfrancais.ro\/cluj-napoca\/fr\/wp-json\/wp\/v2\/media?parent=5633"}],"curies":[{"name":"wp","href":"https:\/\/api.w.org\/{rel}","templated":true}]}}