{"id":6687,"date":"2023-06-29T09:52:32","date_gmt":"2023-06-29T07:52:32","guid":{"rendered":"https:\/\/institutfrancais.ro\/cluj-napoca\/?page_id=6687"},"modified":"2025-04-02T16:20:38","modified_gmt":"2025-04-02T14:20:38","slug":"prix-des-cinq-continents-de-la-francophonie","status":"publish","type":"page","link":"https:\/\/institutfrancais.ro\/cluj-napoca\/fr\/mot-a-monde\/prix-des-cinq-continents-de-la-francophonie\/","title":{"rendered":"Prix des Cinq continents de la\u00a0Francophonie"},"content":{"rendered":"\n<blockquote class=\"wp-block-quote is-layout-flow wp-block-quote-is-layout-flow\">\n<p><strong>Le Prix des Cinq continents de la Francophonie<\/strong>, cr\u00e9\u00e9 en 2001 par l\u2019Agence intergouvernementale de la Francophonie (int\u00e9gr\u00e9e en novembre 2005 dans l\u2019Organisation internationale de la francophonie), consacre chaque ann\u00e9e \u00ab&nbsp;un roman d\u2019<strong>un \u00e9crivain t\u00e9moignant d\u2019une exp\u00e9rience culturelle sp\u00e9cifique enrichissant la langue fran\u00e7aise<\/strong>. Accueillant d\u00e9sormais tout auteur d\u2019expression fran\u00e7aise quelle que soit sa maturit\u00e9 litt\u00e9raire, le Prix des cinq continents de la Francophonie&nbsp;<strong>met en valeur l\u2019expression de la diversit\u00e9 culturelle et \u00e9ditoriale de la langue fran\u00e7aise au c\u0153ur des cinq continents<\/strong>&nbsp;\u00bb.<\/p>\n<cite><a href=\"https:\/\/www.francophonie.org\/prix-des-5-continents-de-la-francophonie-59\">https:\/\/www.francophonie.org\/prix-des-5-continents-de-la-francophonie-59<\/a><\/cite><\/blockquote>\n\n\n<table border=\"0\" width=\"900px\" cellspacing=\"0\" cellpadding=\"0\" align=\"left\" bgcolor=\"#ffffff\">\n<tbody>\n<tr valign=\"middle\">\n<td align=\"left\" width=\"8%\">\n<p style=\"font-weight: bold; font-size: 18pt; line-height: 18pt;\">2025<\/p>\n<\/td>\n<td align=\"right\" width=\"42%\"><strong>Hemley Boum<\/strong> (Cameroun)<\/td>\n<td align=\"center\" width=\"4%\"><strong>\u2014<\/strong><\/td>\n<td align=\"left\" width=\"46%\"><strong><em>Le r\u00eave du p\u00eacheur<\/em><\/strong> (Gallimard)<\/td>\n<\/tr>\n<tr valign=\"top\">\n<td colspan=\"4\"><img decoding=\"async\" src=\"https:\/\/institutfrancais.ro\/cluj-napoca\/wp-content\/uploads\/sites\/3\/2025\/04\/p5cf-24.png\" alt=\"Hemley Boum\" border=\"0\" \/><\/td>\n<\/tr>\n<tr valign=\"middle\">\n<td align=\"left\" width=\"8%\">\n<p style=\"font-weight: bold; font-size: 18pt; line-height: 18pt;\">2024<\/p>\n<\/td>\n<td align=\"right\" width=\"42%\"><strong>\u00c9ric Chacour<\/strong> (Canada-Qu\u00e9bec, \u00c9gypte)<\/td>\n<td align=\"center\" width=\"4%\"><strong>\u2014<\/strong><\/td>\n<td align=\"left\" width=\"46%\"><strong><em>Ce que je sais de toi<\/em><\/strong> (\u00e9d. Alto, \u00e9d. Philippe Rey)<\/td>\n<\/tr>\n<tr valign=\"top\">\n<td colspan=\"4\"><img decoding=\"async\" src=\"https:\/\/institutfrancais.ro\/cluj-napoca\/wp-content\/uploads\/sites\/3\/2024\/04\/p5cf-22.png\" alt=\"\u00c9ric Chacour\" border=\"0\" \/><\/td>\n<\/tr>\n<tr valign=\"middle\">\n<td align=\"left\" width=\"8%\">\n<p style=\"font-weight: bold; font-size: 18pt; line-height: 18pt;\">2022<\/p>\n<\/td>\n<td align=\"right\" width=\"42%\"><strong>Monique Proulx<\/strong> (Canada-Qu\u00e9bec)<\/td>\n<td align=\"center\" width=\"4%\"><strong>\u2014<\/strong><\/td>\n<td align=\"left\" width=\"46%\"><strong><em>Enl\u00e8ve la nuit<\/em><\/strong> (\u00e9d. du Bor\u00e9al)<\/td>\n<\/tr>\n<tr valign=\"top\">\n<td colspan=\"4\"><img decoding=\"async\" src=\"https:\/\/institutfrancais.ro\/cluj-napoca\/wp-content\/uploads\/sites\/3\/2023\/06\/p5cf-21.png\" alt=\"Monique Proulx\" border=\"0\" \/><\/td>\n<\/tr>\n<tr valign=\"middle\">\n<td align=\"left\" width=\"8%\">\n<p style=\"font-weight: bold; font-size: 18pt; line-height: 18pt;\">2021<\/p>\n<\/td>\n<td align=\"right\" width=\"42%\"><strong>Karim Kattan<\/strong> (Palestine)<\/td>\n<td align=\"center\" width=\"4%\"><strong>\u2014<\/strong><\/td>\n<td align=\"left\" width=\"46%\"><strong><em>Le Palais des deux collines<\/em><\/strong> (\u00e9d. Elyzad)<\/td>\n<\/tr>\n<tr valign=\"top\">\n<td colspan=\"4\"><img decoding=\"async\" src=\"https:\/\/institutfrancais.ro\/cluj-napoca\/wp-content\/uploads\/sites\/3\/2023\/06\/p5cf-20.png\" alt=\"Karim Kattan\" border=\"0\" \/><\/td>\n<\/tr>\n<tr valign=\"middle\">\n<td align=\"left\" width=\"8%\">\n<p style=\"font-weight: bold; font-size: 18pt; line-height: 18pt;\">2020<\/p>\n<\/td>\n<td align=\"right\" width=\"42%\"><strong>B\u00e9ata Umubyeyi Mairesse<\/strong> (Rwanda-France)<\/td>\n<td align=\"center\" width=\"4%\"><strong>\u2014<\/strong><\/td>\n<td align=\"left\" width=\"46%\"><strong><em>Tous tes enfants dispers\u00e9s<\/em><\/strong> (\u00e9d. Autrement)<\/td>\n<\/tr>\n<tr valign=\"top\">\n<td colspan=\"4\"><img decoding=\"async\" src=\"https:\/\/institutfrancais.ro\/cluj-napoca\/wp-content\/uploads\/sites\/3\/2023\/06\/p5cf-19.png\" alt=\"B\u00e9ata Umubyeyi Mairesse\" border=\"0\" \/><\/td>\n<\/tr>\n<tr valign=\"middle\">\n<td align=\"left\" width=\"8%\">\n<p style=\"font-weight: bold; font-size: 18pt; line-height: 18pt;\">2019<\/p>\n<\/td>\n<td align=\"right\" width=\"42%\"><strong>Gilles Jobidon<\/strong> (Canada)<\/td>\n<td align=\"center\" width=\"4%\"><strong>\u2014<\/strong><\/td>\n<td align=\"left\" width=\"46%\"><strong><em>Le Tranquille afflig\u00e9<\/em><\/strong> (\u00e9d. Lem\u00e9ac)<\/td>\n<\/tr>\n<tr valign=\"top\">\n<td colspan=\"4\"><img decoding=\"async\" src=\"https:\/\/institutfrancais.ro\/cluj-napoca\/wp-content\/uploads\/sites\/3\/2023\/06\/p5cf-18.png\" alt=\"Gilles Jobidon\" border=\"0\" \/><\/td>\n<\/tr>\n<tr valign=\"middle\">\n<td align=\"left\" width=\"8%\">\n<p style=\"font-weight: bold; font-size: 18pt; line-height: 18pt;\">2018<\/p>\n<\/td>\n<td align=\"right\" width=\"42%\"><strong>Jean-Marc Turine<\/strong> (Belgique)<\/td>\n<td align=\"center\" width=\"4%\"><strong>\u2014<\/strong><\/td>\n<td align=\"left\" width=\"46%\"><em>La Th\u00e9o des fleuves <\/em> (\u00e9d. Esperlu\u00e8te)<\/td>\n<\/tr>\n<tr valign=\"top\">\n<td colspan=\"4\"><img decoding=\"async\" src=\"https:\/\/institutfrancais.ro\/cluj-napoca\/wp-content\/uploads\/sites\/3\/2023\/06\/p5cf-17.png\" alt=\"Jean-Marc Turine\" border=\"0\" \/><\/td>\n<\/tr>\n<tr valign=\"middle\">\n<td align=\"left\" width=\"8%\">\n<p style=\"font-weight: bold; font-size: 18pt; line-height: 18pt;\">2017<\/p>\n<\/td>\n<td align=\"right\" width=\"42%\"><strong>Yamen Manai<\/strong> (Tunisie)<\/td>\n<td align=\"center\" width=\"4%\"><strong>\u2014<\/strong><\/td>\n<td align=\"left\" width=\"46%\"><strong><em>L&rsquo;amas ardent<\/em><\/strong> (\u00e9d. Elyzad)<\/td>\n<\/tr>\n<tr valign=\"top\">\n<td colspan=\"4\"><img decoding=\"async\" src=\"https:\/\/institutfrancais.ro\/cluj-napoca\/wp-content\/uploads\/sites\/3\/2023\/06\/p5cf-16.png\" alt=\"Yamen Manai\" border=\"0\" \/><\/td>\n<\/tr>\n<tr valign=\"middle\">\n<td align=\"left\" width=\"8%\">\n<p style=\"font-weight: bold; font-size: 18pt; line-height: 18pt;\">2016<\/p>\n<\/td>\n<td align=\"right\" width=\"42%\"><strong>Fawzia Zouari<\/strong> (Tunisie-France)<\/td>\n<td align=\"center\" width=\"4%\"><strong>\u2014<\/strong><\/td>\n<td align=\"left\" width=\"46%\"><strong><em>Le Corps de ma m\u00e8re<br><\/em><\/strong>(Jo\u00eblle Losfeld \u2013 France \/ Demeter \u2013 Tunisie)<\/td>\n<\/tr>\n<tr valign=\"top\">\n<td colspan=\"4\"><img decoding=\"async\" src=\"https:\/\/institutfrancais.ro\/cluj-napoca\/wp-content\/uploads\/sites\/3\/2023\/06\/p5cf-15.png\" alt=\"Fawzia Zouari\" border=\"0\" \/><\/td>\n<\/tr>\n<tr valign=\"middle\">\n<td align=\"left\" width=\"8%\">\n<p style=\"font-weight: bold; font-size: 18pt; line-height: 18pt;\">2015<\/p>\n<\/td>\n<td align=\"right\" width=\"42%\"><strong>In Koli Jean Bofane<\/strong> (Belgique)<\/td>\n<td align=\"center\" width=\"4%\"><strong>\u2014<\/strong><\/td>\n<td align=\"left\" width=\"46%\"><strong><em>Congo Inc. Le Testament de Bismarck<\/em><\/strong> (Actes Sud)<\/td>\n<\/tr>\n<tr valign=\"top\">\n<td colspan=\"4\"><img decoding=\"async\" src=\"https:\/\/institutfrancais.ro\/cluj-napoca\/wp-content\/uploads\/sites\/3\/2023\/06\/p5cf-14.png\" alt=\"In Koli Jean Bofane\" border=\"0\" \/><\/td>\n<\/tr>\n<tr valign=\"middle\">\n<td align=\"left\" width=\"8%\">\n<p style=\"font-weight: bold; font-size: 18pt; line-height: 18pt;\">2014<\/p>\n<\/td>\n<td align=\"right\" width=\"42%\"><strong>Kamel Daoud<\/strong> (Alg\u00e9rie)<\/td>\n<td align=\"center\" width=\"4%\"><strong>\u2014<\/strong><\/td>\n<td align=\"left\" width=\"46%\"><strong><em>Meursault, contre-enqu\u00eate<\/em><\/strong> (Barzakh)<\/td>\n<\/tr>\n<tr valign=\"top\">\n<td colspan=\"4\"><img decoding=\"async\" src=\"https:\/\/institutfrancais.ro\/cluj-napoca\/wp-content\/uploads\/sites\/3\/2023\/06\/p5cf-13.png\" alt=\"Kamel Daoud\" border=\"0\" \/><\/td>\n<\/tr>\n<tr valign=\"middle\">\n<td align=\"left\" width=\"8%\">\n<p style=\"font-weight: bold; font-size: 18pt; line-height: 18pt;\">2013<\/p>\n<\/td>\n<td align=\"right\" width=\"42%\"><strong>Amal Sewtohul<\/strong> (\u00cele Maurice)<\/td>\n<td align=\"center\" width=\"4%\"><strong>\u2014<\/strong><\/td>\n<td align=\"left\" width=\"46%\"><strong><em>Made in Mauritius<\/em><\/strong> (Gallimard)<\/td>\n<\/tr>\n<tr valign=\"top\">\n<td colspan=\"4\"><img decoding=\"async\" src=\"https:\/\/institutfrancais.ro\/cluj-napoca\/wp-content\/uploads\/sites\/3\/2023\/06\/p5cf-12.png\" alt=\"Amal Sewtohul\" border=\"0\" \/><\/td>\n<\/tr>\n<tr valign=\"middle\">\n<td align=\"left\" width=\"8%\">\n<p style=\"font-weight: bold; font-size: 18pt; line-height: 18pt;\">2012<\/p>\n<\/td>\n<td align=\"right\" width=\"42%\"><strong>Genevi\u00e8ve Damas<\/strong> (Belgique)<\/td>\n<td align=\"center\" width=\"4%\"><strong>\u2014<\/strong><\/td>\n<td align=\"left\" width=\"46%\"><strong><em>Si tu passes la rivi\u00e8re<\/em><\/strong> (Luce Wilquin)<\/td>\n<\/tr>\n<tr valign=\"top\">\n<td colspan=\"4\"><img decoding=\"async\" src=\"https:\/\/institutfrancais.ro\/cluj-napoca\/wp-content\/uploads\/sites\/3\/2023\/06\/p5cf-11.png\" alt=\"Genevi\u00e8ve Damas\" border=\"0\" \/><\/td>\n<\/tr>\n<tr valign=\"middle\">\n<td align=\"left\" width=\"8%\">\n<p style=\"font-weight: bold; font-size: 18pt; line-height: 18pt;\">2011<\/p>\n<\/td>\n<td align=\"right\" width=\"42%\"><strong>Jocelyne Saucier<\/strong> (Canada-Qu\u00e9bec)<\/td>\n<td align=\"center\" width=\"4%\"><strong>\u2014<\/strong><\/td>\n<td align=\"left\" width=\"46%\"><strong><em>Il pleuvait des oiseaux<\/em><\/strong> (XYZ, Montr\u00e9al)<\/td>\n<\/tr>\n<tr valign=\"top\">\n<td colspan=\"4\"><img decoding=\"async\" src=\"https:\/\/institutfrancais.ro\/cluj-napoca\/wp-content\/uploads\/sites\/3\/2023\/06\/p5cf-10.png\" alt=\"Jocelyne Saucier\" border=\"0\" \/><\/td>\n<\/tr>\n<tr valign=\"middle\">\n<td align=\"left\" width=\"8%\">\n<p style=\"font-weight: bold; font-size: 18pt; line-height: 18pt;\">2010<\/p>\n<\/td>\n<td align=\"right\" width=\"42%\"><strong>Liliana Lazar<\/strong> (Roumanie-France)<\/td>\n<td align=\"center\" width=\"4%\"><strong>\u2014<\/strong><\/td>\n<td align=\"left\" width=\"46%\"><strong><em>Terre des affranchis<\/em><\/strong> (Gaia)<\/td>\n<\/tr>\n<tr valign=\"top\">\n<td colspan=\"4\"><img decoding=\"async\" src=\"https:\/\/institutfrancais.ro\/cluj-napoca\/wp-content\/uploads\/sites\/3\/2023\/06\/p5cf-09.png\" alt=\"Liliana Lazar\" border=\"0\" \/><\/td>\n<\/tr>\n<tr valign=\"middle\">\n<td align=\"left\" width=\"8%\">\n<p style=\"font-weight: bold; font-size: 18pt; line-height: 18pt;\">2009<\/p>\n<\/td>\n<td align=\"right\" width=\"42%\"><strong>Kossi Efoui<\/strong> (Togo)<\/td>\n<td align=\"center\" width=\"4%\"><strong>\u2014<\/strong><\/td>\n<td align=\"left\" width=\"46%\"><strong><em>Solo d\u2019un revenant<\/em><\/strong> (\u00e9d. du Seuil)<\/td>\n<\/tr>\n<tr valign=\"top\">\n<td colspan=\"4\"><img decoding=\"async\" src=\"https:\/\/institutfrancais.ro\/cluj-napoca\/wp-content\/uploads\/sites\/3\/2023\/06\/p5cf-08.png\" alt=\"Kossi Efoui\" border=\"0\" \/><\/td>\n<\/tr>\n<tr valign=\"middle\">\n<td align=\"left\" width=\"8%\">\n<p style=\"font-weight: bold; font-size: 18pt; line-height: 18pt;\">2008<\/p>\n<\/td>\n<td align=\"right\" width=\"42%\"><strong>Hubert Haddad<\/strong> (France-Tunisie)<\/td>\n<td align=\"center\" width=\"4%\"><strong>\u2014<\/strong><\/td>\n<td align=\"left\" width=\"46%\"><strong><em>Palestine<\/em><\/strong> (Zulma)<\/td>\n<\/tr>\n<tr valign=\"top\">\n<td colspan=\"4\"><img decoding=\"async\" src=\"https:\/\/institutfrancais.ro\/cluj-napoca\/wp-content\/uploads\/sites\/3\/2023\/06\/p5cf-07.png\" alt=\"Hubert Haddad\" border=\"0\" \/><\/td>\n<\/tr>\n<tr valign=\"middle\">\n<td align=\"left\" width=\"8%\">\n<p style=\"font-weight: bold; font-size: 18pt; line-height: 18pt;\">2007<\/p>\n<\/td>\n<td align=\"right\" width=\"42%\"><strong>Wilfried N\u2019Sond\u00e9<\/strong> (Congo)<\/td>\n<td align=\"center\" width=\"4%\"><strong>\u2014<\/strong><\/td>\n<td align=\"left\" width=\"46%\"><strong><em>Le c\u0153ur des enfants l\u00e9opards<\/em><\/strong> (Actes Sud)<\/td>\n<\/tr>\n<tr valign=\"top\">\n<td colspan=\"4\"><img decoding=\"async\" src=\"https:\/\/institutfrancais.ro\/cluj-napoca\/wp-content\/uploads\/sites\/3\/2023\/06\/p5cf-06.png\" alt=\"Wilfried N\u2019Sond\u00e9\" border=\"0\" \/><\/td>\n<\/tr>\n<tr valign=\"middle\">\n<td align=\"left\" width=\"8%\">\n<p style=\"font-weight: bold; font-size: 18pt; line-height: 18pt;\">2006<\/p>\n<\/td>\n<td align=\"right\" width=\"42%\"><strong>Ananda Devi<\/strong> (France\/\u00eele Maurice)<\/td>\n<td align=\"center\" width=\"4%\"><strong>\u2014<\/strong><\/td>\n<td align=\"left\" width=\"46%\"><strong><em>\u00c8ve de ses d\u00e9combres<\/em><\/strong> (\u00e9d. Gallimard)<\/td>\n<\/tr>\n<tr valign=\"top\">\n<td colspan=\"4\"><img decoding=\"async\" src=\"https:\/\/institutfrancais.ro\/cluj-napoca\/wp-content\/uploads\/sites\/3\/2023\/06\/p5cf-05.png\" alt=\"Ananda Devi\" border=\"0\" \/><\/td>\n<\/tr>\n<tr valign=\"middle\">\n<td align=\"left\" width=\"8%\">\n<p style=\"font-weight: bold; font-size: 18pt; line-height: 18pt;\">2005<\/p>\n<\/td>\n<td align=\"right\" width=\"42%\"><strong>Alain Mabanckou<\/strong> (Congo)<\/td>\n<td align=\"center\" width=\"4%\"><strong>\u2014<\/strong><\/td>\n<td align=\"left\" width=\"46%\"><strong><em>Verre Cass\u00e9<\/em><\/strong> (\u00e9d. du Seuil)<\/td>\n<\/tr>\n<tr valign=\"top\">\n<td colspan=\"4\"><img decoding=\"async\" src=\"https:\/\/institutfrancais.ro\/cluj-napoca\/wp-content\/uploads\/sites\/3\/2023\/06\/p5cf-04.png\" alt=\"Alain Mabanckou\" border=\"0\" \/><\/td>\n<\/tr>\n<tr valign=\"middle\">\n<td align=\"left\" width=\"8%\">\n<p style=\"font-weight: bold; font-size: 18pt; line-height: 18pt;\">2004<\/p>\n<\/td>\n<td align=\"right\" width=\"42%\"><strong>Mathias Enard<\/strong> (France)<\/td>\n<td align=\"center\" width=\"4%\"><strong>\u2014<\/strong><\/td>\n<td align=\"left\" width=\"46%\"><strong><em>La perfection du tir<\/em><\/strong> (Actes Sud)<\/td>\n<\/tr>\n<tr valign=\"top\">\n<td colspan=\"4\"><img decoding=\"async\" src=\"https:\/\/institutfrancais.ro\/cluj-napoca\/wp-content\/uploads\/sites\/3\/2023\/06\/p5cf-03.png\" alt=\"Mathias Enard\" border=\"0\" \/><\/td>\n<\/tr>\n<tr valign=\"middle\">\n<td align=\"left\" width=\"8%\">\n<p style=\"font-weight: bold; font-size: 18pt; line-height: 18pt;\">2003<\/p>\n<\/td>\n<td align=\"right\" width=\"42%\"><strong>Marc Durin-Valois<\/strong> (France)<\/td>\n<td align=\"center\" width=\"4%\"><strong>\u2014<\/strong><\/td>\n<td align=\"left\" width=\"46%\"><strong><em>Chamelle<\/em><\/strong> (Jean-Claude Latt\u00e8s)<\/td>\n<\/tr>\n<tr valign=\"top\">\n<td colspan=\"4\"><img decoding=\"async\" src=\"https:\/\/institutfrancais.ro\/cluj-napoca\/wp-content\/uploads\/sites\/3\/2023\/06\/p5cf-02.png\" alt=\"Marc Durin-Valois\" border=\"0\" \/><\/td>\n<\/tr>\n<tr valign=\"middle\">\n<td align=\"left\" width=\"8%\">\n<p style=\"font-weight: bold; font-size: 18pt; line-height: 18pt;\">2001<\/p>\n<\/td>\n<td align=\"right\" width=\"42%\"><strong>Yasmine Khlat<\/strong> (\u00c9gypte)<\/td>\n<td align=\"center\" width=\"4%\"><strong>\u2014<\/strong><\/td>\n<td align=\"left\" width=\"46%\"><strong><em>Le d\u00e9sespoir est un p\u00e9ch\u00e9<\/em><\/strong> (\u00e9d. du Seuil)<\/td>\n<\/tr>\n<tr valign=\"top\">\n<td colspan=\"4\"><img decoding=\"async\" src=\"https:\/\/institutfrancais.ro\/cluj-napoca\/wp-content\/uploads\/sites\/3\/2023\/06\/p5cf-01.png\" alt=\"Yasmine Khlat\" border=\"0\" \/><\/td>\n<\/tr>\n<\/tbody>\n<\/table>","protected":false},"excerpt":{"rendered":"<p>Le Prix des Cinq continents de la Francophonie, cr\u00e9\u00e9 en 2001 par l\u2019Agence intergouvernementale de la Francophonie (int\u00e9gr\u00e9e en novembre 2005 dans l\u2019Organisation internationale de la francophonie), consacre chaque ann\u00e9e \u00ab&nbsp;un roman d\u2019un \u00e9crivain t\u00e9moignant d\u2019une exp\u00e9rience culturelle sp\u00e9cifique enrichissant la langue fran\u00e7aise. Accueillant d\u00e9sormais tout auteur d\u2019expression fran\u00e7aise quelle que soit sa maturit\u00e9 litt\u00e9raire, [&hellip;]<\/p>\n","protected":false},"author":8,"featured_media":6686,"parent":6469,"menu_order":0,"comment_status":"closed","ping_status":"closed","template":"","meta":{"footnotes":""},"class_list":["post-6687","page","type-page","status-publish","has-post-thumbnail","hentry"],"_links":{"self":[{"href":"https:\/\/institutfrancais.ro\/cluj-napoca\/fr\/wp-json\/wp\/v2\/pages\/6687","targetHints":{"allow":["GET"]}}],"collection":[{"href":"https:\/\/institutfrancais.ro\/cluj-napoca\/fr\/wp-json\/wp\/v2\/pages"}],"about":[{"href":"https:\/\/institutfrancais.ro\/cluj-napoca\/fr\/wp-json\/wp\/v2\/types\/page"}],"author":[{"embeddable":true,"href":"https:\/\/institutfrancais.ro\/cluj-napoca\/fr\/wp-json\/wp\/v2\/users\/8"}],"replies":[{"embeddable":true,"href":"https:\/\/institutfrancais.ro\/cluj-napoca\/fr\/wp-json\/wp\/v2\/comments?post=6687"}],"version-history":[{"count":6,"href":"https:\/\/institutfrancais.ro\/cluj-napoca\/fr\/wp-json\/wp\/v2\/pages\/6687\/revisions"}],"predecessor-version":[{"id":9535,"href":"https:\/\/institutfrancais.ro\/cluj-napoca\/fr\/wp-json\/wp\/v2\/pages\/6687\/revisions\/9535"}],"up":[{"embeddable":true,"href":"https:\/\/institutfrancais.ro\/cluj-napoca\/fr\/wp-json\/wp\/v2\/pages\/6469"}],"wp:featuredmedia":[{"embeddable":true,"href":"https:\/\/institutfrancais.ro\/cluj-napoca\/fr\/wp-json\/wp\/v2\/media\/6686"}],"wp:attachment":[{"href":"https:\/\/institutfrancais.ro\/cluj-napoca\/fr\/wp-json\/wp\/v2\/media?parent=6687"}],"curies":[{"name":"wp","href":"https:\/\/api.w.org\/{rel}","templated":true}]}}