{"id":10207,"date":"2026-02-23T09:07:18","date_gmt":"2026-02-23T07:07:18","guid":{"rendered":"https:\/\/institutfrancais.ro\/cluj-napoca\/?page_id=10207"},"modified":"2026-02-27T13:05:34","modified_gmt":"2026-02-27T11:05:34","slug":"apel-la-candidatura-2026","status":"publish","type":"page","link":"https:\/\/institutfrancais.ro\/cluj-napoca\/apel-la-candidatura-2026\/","title":{"rendered":"Apel la candidatur\u0103 2026"},"content":{"rendered":"\n<figure class=\"wp-block-image size-large\"><img loading=\"lazy\" decoding=\"async\" width=\"1024\" height=\"338\" src=\"https:\/\/institutfrancais.ro\/cluj-napoca\/wp-content\/uploads\/sites\/3\/2026\/01\/appel2026entete-1024x338.jpg\" alt=\"\" class=\"wp-image-10152\" srcset=\"https:\/\/institutfrancais.ro\/cluj-napoca\/wp-content\/uploads\/sites\/3\/2026\/01\/appel2026entete-1024x338.jpg 1024w, https:\/\/institutfrancais.ro\/cluj-napoca\/wp-content\/uploads\/sites\/3\/2026\/01\/appel2026entete-600x198.jpg 600w, https:\/\/institutfrancais.ro\/cluj-napoca\/wp-content\/uploads\/sites\/3\/2026\/01\/appel2026entete-768x253.jpg 768w, https:\/\/institutfrancais.ro\/cluj-napoca\/wp-content\/uploads\/sites\/3\/2026\/01\/appel2026entete.jpg 1200w\" sizes=\"auto, (max-width: 1024px) 100vw, 1024px\" \/><\/figure>\n\n\n\n<h4 class=\"wp-block-heading\">ARTS VISUELS \/ SCULPTURE \/ ARTS PLASTIQUES \/ ARTS NUM\u00c9RIQUES \/ C\u00c9RAMIQUE \/ M\u00c9TAL \/ PHOTOGRAPHIE \/ VID\u00c9O \/ INSTALLATION \/ LAND ART<\/h4>\n\n\n\n<figure class=\"wp-block-image size-large\"><img loading=\"lazy\" decoding=\"async\" width=\"1024\" height=\"9\" src=\"https:\/\/institutfrancais.ro\/cluj-napoca\/wp-content\/uploads\/sites\/3\/2022\/09\/bandeaublanc10px-1024x9.jpg\" alt=\"\" class=\"wp-image-6875\" srcset=\"https:\/\/institutfrancais.ro\/cluj-napoca\/wp-content\/uploads\/sites\/3\/2022\/09\/bandeaublanc10px-1024x9.jpg 1024w, https:\/\/institutfrancais.ro\/cluj-napoca\/wp-content\/uploads\/sites\/3\/2022\/09\/bandeaublanc10px-300x3.jpg 300w, https:\/\/institutfrancais.ro\/cluj-napoca\/wp-content\/uploads\/sites\/3\/2022\/09\/bandeaublanc10px-768x6.jpg 768w, https:\/\/institutfrancais.ro\/cluj-napoca\/wp-content\/uploads\/sites\/3\/2022\/09\/bandeaublanc10px.jpg 1200w\" sizes=\"auto, (max-width: 1024px) 100vw, 1024px\" \/><\/figure>\n\n\n\n<h2 class=\"wp-block-heading\">LES OBJECTIFS DE LA R\u00c9SIDENCE<\/h2>\n\n\n\n<p>\u00c0 partir de 2025, l\u2019Institut fran\u00e7ais de Roumanie en collaboration avec six institutions culturelles roumaines et neuf \u00e9coles sup\u00e9rieures d\u2019art initient un nouveau programme de <strong>R\u00c9SIDENCE DE RECHERCHE ARTISTIQUE<\/strong> dont l\u2019objectif est de soutenir et d\u2019encourager l\u2019insertion professionnelle d\u2019artistes dipl\u00f4m\u00e9s d\u2019\u00e9coles d\u2019art fran\u00e7aises.<\/p>\n\n\n\n<p>L\u2019ambition de cette r\u00e9sidence est de proposer aux artistes un dispositif de professionnalisation dans un environnement international en leur permettant de passer un \u00e0 deux mois en r\u00e9sidence en Roumanie.<br>Les ann\u00e9es qui suivent l&#8217;obtention du dipl\u00f4me constituent en effet une p\u00e9riode importante pour les artistes, qui ont besoin d&#8217;un soutien accru pour nouer des liens professionnels durables en dehors de leur environnement imm\u00e9diat. C&#8217;est pourquoi le programme offre aux r\u00e9sidents s\u00e9lectionn\u00e9s le temps et l&#8217;espace pour mener leurs recherches et cr\u00e9er des liens avec d&#8217;autres artistes et des institutions culturelles locales.<\/p>\n\n\n\n<p>Dans cette perspective, l\u2019Institut fran\u00e7ais de Roumanie et les 7 structures roumaines associ\u00e9es au projet : La Fondation Arts Encounters \u00e0 Timisoara, la Galerie Borderline \u00e0 Iasi et l\u2019Association Maria de \u021aib\u0103ne\u0219ti, Rezidenta 9 \u00e0 Bucarest, Collectif STOL x Galerie Pharmakon \u00e0 Bucarest et Breaza, le Centre culturel clujeois \u00e0 Cluj-Napoca, et Cetate Arts Danube mettent leurs comp\u00e9tences et exp\u00e9riences en commun afin de les accompagner dans le d\u00e9veloppement de leur projet.<\/p>\n\n\n\n<p><strong>Le programme de r\u00e9sidence se d\u00e9ploie en plusieurs temps :<\/strong><br>\u25cf La participation \u00e0 un webinaire en ligne en amont de la r\u00e9sidence destin\u00e9 \u00e0 sensibiliser les r\u00e9sidents sur les enjeux d\u2019une r\u00e9sidence de recherche et sur les opportunit\u00e9s offertes en Europe<br>\u25cf Une r\u00e9sidence de recherche d\u2019un mois au sein de l\u2019une des structures culturelles en Roumanie<br>\u25cf Un temps de restitution publique en France, permettant aux artistes laur\u00e9ats de partager leur exp\u00e9rience avec un public de professionnels et d\u2019amateurs d\u2019art.<br>\u25cf Chaque artiste b\u00e9n\u00e9ficiera par ailleurs d&#8217;un texte sur son travail \u00e9crit par l\u2019un des membres du comit\u00e9 de s\u00e9lection et d\u2019interviews.<\/p>\n\n\n\n<p>Cette r\u00e9sidence sera par ailleurs l\u2019occasion de rencontrer divers acteurs culturels locaux et leurs publics en Roumanie puis en France. En Roumanie, les r\u00e9sidents seront en contact avec d\u2019autres artistes et\/ou des agents culturels locaux et internationaux, et devront donc \u00eatre particuli\u00e8rement ouverts aux \u00e9changes informels, en langue roumaine ou anglaise.<\/p>\n\n\n\n<h2 class=\"wp-block-heading\">LES CONDITIONS<\/h2>\n\n\n\n<p><strong>P\u00e9riode de r\u00e9sidence<\/strong> : Un mois. Entre mai et octobre 2026 (en fonction des lieux d\u2019accueil)<\/p>\n\n\n\n<p><strong>Les laur\u00e9ats b\u00e9n\u00e9ficieront dans le cadre de ce programme de r\u00e9sidence :<\/strong><br>\u25cf Du remboursement du voyage aller-retour France \u2013 Roumanie<br>\u25cf De la mise \u00e0 disposition d\u2019un logement<br>\u25cf Du versement de perdiem<br>\u25cf D\u2019une allocation de s\u00e9jour (1 000 \u20ac\/mois par personne, calcul\u00e9e au prorata de la dur\u00e9e de la r\u00e9sidence)<br>\u25cf D\u2019une bourse de production d&#8217;un montant maximum de 300 \u20ac\/projet sur pr\u00e9sentation de justificatifs \u00e0 la fin de la r\u00e9sidence<br>\u25cf D\u2019un acc\u00e8s \u00e0 un espace de travail<br>\u25cf De l\u2019accompagnement sur place d\u2019une \u00e9quipe professionnelle<\/p>\n\n\n\n<h2 class=\"wp-block-heading\">COMMENT CANDIDATER ?<\/h2>\n\n\n\n<p class=\"has-text-align-right\"><a href=\"https:\/\/institutfrancais.ro\/cluj-napoca\/wp-content\/uploads\/sites\/3\/2026\/02\/APP-residence-Roumanie-2026-v3.pdf\"><strong>DOCUMENT \u00c0 T\u00c9L\u00c9CHARGER<\/strong><\/a><\/p>\n\n\n\n<p>Les candidatures sont \u00e0 transmettre par mail \u00e0 l\u2019adresse <a href=\"mailto:culture@institutfrancais.ro\"><strong>culture@institutfrancais.ro<\/strong><\/a> en un seul fichier PDF de moins de 20 Mo <strong>avant le 15 mars 2026 (minuit)<\/strong>.<\/p>\n\n\n\n<p><strong>Crit\u00e8res<\/strong><br>\u25cf Avoir obtenu un dipl\u00f4me d\u2019art au minimum au cours des 2 ann\u00e9es pr\u00e9c\u00e9dant la candidature (pour 2026, le dipl\u00f4me doit avoir \u00e9t\u00e9 d\u00e9livr\u00e9 en 2023) et avoir moins de 40 ans<br>\u25cf \u00catre de nationalit\u00e9 fran\u00e7aise ou r\u00e9sider en France depuis au moins trois ans<br>\u25cf Pouvoir justifier d&#8217;une assurance responsabilit\u00e9 civile.<br>\u25cf Pouvoir s&#8217;exprimer en anglais ou en roumain<\/p>\n\n\n\n<p><strong>Proc\u00e9dure de s\u00e9lection<\/strong><br>Les candidatures doivent \u00eatre r\u00e9dig\u00e9es en anglais.<\/p>\n\n\n\n<p><strong>Pi\u00e8ces \u00e0 fournir :<\/strong><br>\u25cf Un curriculum vit\u00e6 (4 pages maximum) ;<br>\u25cf Un dossier artistique comprenant une dizaine de visuels d\u2019oeuvres r\u00e9alis\u00e9es avec l\u00e9gendes compl\u00e8tes (15 pages maximum), le cas \u00e9ch\u00e9ant avec liens vid\u00e9o (Vimeo, Youtube, Soundcloud\u2026) ;<br>\u25cf Une proposition de projet pr\u00e9cisant les r\u00e9sidences souhait\u00e9es, expliquant les raisons de la demande de r\u00e9sidence en Roumanie et quelques pistes de recherche et de travail (entre 2 \u00e0 4 pages maximum).<br>Les candidats sont invit\u00e9s \u00e0 choisir entre une \u00e0 trois structures de r\u00e9sidence parmi les partenaires du projet. Les modalit\u00e9s d\u2019accueil ainsi que les dates et la dur\u00e9e de chaque r\u00e9sidence varient selon les structures de r\u00e9sidence. Les candidats sont invit\u00e9s \u00e0 se r\u00e9f\u00e9rer aux pr\u00e9sentations de chaque r\u00e9sidence de recherche avant de postuler. La s\u00e9lection sera effectu\u00e9e par un jury compos\u00e9 de personnalit\u00e9s fran\u00e7aises et par les repr\u00e9sentants roumains des r\u00e9sidences.<\/p>\n\n\n\n<h2 class=\"wp-block-heading\">MODALIT\u00c9S &amp; CRIT\u00c8RES DE S\u00c9LECTION<\/h2>\n\n\n\n<ul class=\"wp-block-list\">\n<li>Transmission des candidatures : date limite le 15 mars 2026 (minuit)<\/li>\n\n\n\n<li>Annonce des r\u00e9sultats : fin avril 2026<\/li>\n\n\n\n<li>Webinaire destin\u00e9 aux laur\u00e9ats : d\u00e9but mai 2026<\/li>\n\n\n\n<li>R\u00e9sidences en Roumanie : mai \u2013 octobre 2026 en fonction des lieux de r\u00e9sidence<\/li>\n\n\n\n<li>Restitution publique en France : octobre 2027<\/li>\n<\/ul>\n\n\n\n<p>Une commission compos\u00e9e de personnalit\u00e9s qualifi\u00e9es et des repr\u00e9sentants des lieux culturels roumains \u00e9tudie l\u2019ensemble des dossiers de candidatures et s\u00e9lectionne les laur\u00e9ats du programme. Les membres du jury accorderont une attention particuli\u00e8re \u00e0 la qualit\u00e9 artistique du projet, \u00e0 l\u2019ad\u00e9quation du projet avec la structure de r\u00e9sidence et son environnement.<\/p>\n\n\n\n<h2 class=\"wp-block-heading\"><strong>INFORMATIONS COMPL\u00c9MENTAIRES &amp; CONTACTS<\/strong><\/h2>\n\n\n\n<p><a href=\"mailto:culture@institutfrancais.ro\"><strong>culture@institutfrancais.ro<\/strong><\/a><\/p>\n\n\n<h4 class=\"wp-block-heading has-background\" style=\"background-color: #eafff8;\">Le programme r\u00e9sidence de recherche en Roumanie b\u00e9n\u00e9ficie du soutien de l&#8217;<strong>Institut fran\u00e7ais<\/strong>, dans le cadre de la <strong>Fabrique des r\u00e9sidences<\/strong>\u00a0; partenariats compl\u00e9mentaires en cours.<\/h4>\n\n\n<ul class=\"wp-block-list\">\n<li><\/li>\n<\/ul>\n\n\n\n<figure class=\"wp-block-image size-large\"><img loading=\"lazy\" decoding=\"async\" width=\"1024\" height=\"9\" src=\"https:\/\/institutfrancais.ro\/cluj-napoca\/wp-content\/uploads\/sites\/3\/2022\/09\/bandeaublanc10px-1024x9.jpg\" alt=\"\" class=\"wp-image-6875\" srcset=\"https:\/\/institutfrancais.ro\/cluj-napoca\/wp-content\/uploads\/sites\/3\/2022\/09\/bandeaublanc10px-1024x9.jpg 1024w, https:\/\/institutfrancais.ro\/cluj-napoca\/wp-content\/uploads\/sites\/3\/2022\/09\/bandeaublanc10px-300x3.jpg 300w, https:\/\/institutfrancais.ro\/cluj-napoca\/wp-content\/uploads\/sites\/3\/2022\/09\/bandeaublanc10px-768x6.jpg 768w, https:\/\/institutfrancais.ro\/cluj-napoca\/wp-content\/uploads\/sites\/3\/2022\/09\/bandeaublanc10px.jpg 1200w\" sizes=\"auto, (max-width: 1024px) 100vw, 1024px\" \/><\/figure>\n","protected":false},"excerpt":{"rendered":"<p>ARTS VISUELS \/ SCULPTURE \/ ARTS PLASTIQUES \/ ARTS NUM\u00c9RIQUES \/ C\u00c9RAMIQUE \/ M\u00c9TAL \/ PHOTOGRAPHIE \/ VID\u00c9O \/ INSTALLATION \/ LAND ART LES OBJECTIFS DE LA R\u00c9SIDENCE \u00c0 partir de 2025, l\u2019Institut fran\u00e7ais de Roumanie en collaboration avec six institutions culturelles roumaines et neuf \u00e9coles sup\u00e9rieures d\u2019art initient un nouveau programme de R\u00c9SIDENCE DE [&hellip;]<\/p>\n","protected":false},"author":8,"featured_media":10152,"parent":0,"menu_order":0,"comment_status":"closed","ping_status":"closed","template":"","meta":{"footnotes":""},"class_list":["post-10207","page","type-page","status-publish","has-post-thumbnail","hentry"],"_links":{"self":[{"href":"https:\/\/institutfrancais.ro\/cluj-napoca\/wp-json\/wp\/v2\/pages\/10207","targetHints":{"allow":["GET"]}}],"collection":[{"href":"https:\/\/institutfrancais.ro\/cluj-napoca\/wp-json\/wp\/v2\/pages"}],"about":[{"href":"https:\/\/institutfrancais.ro\/cluj-napoca\/wp-json\/wp\/v2\/types\/page"}],"author":[{"embeddable":true,"href":"https:\/\/institutfrancais.ro\/cluj-napoca\/wp-json\/wp\/v2\/users\/8"}],"replies":[{"embeddable":true,"href":"https:\/\/institutfrancais.ro\/cluj-napoca\/wp-json\/wp\/v2\/comments?post=10207"}],"version-history":[{"count":4,"href":"https:\/\/institutfrancais.ro\/cluj-napoca\/wp-json\/wp\/v2\/pages\/10207\/revisions"}],"predecessor-version":[{"id":10239,"href":"https:\/\/institutfrancais.ro\/cluj-napoca\/wp-json\/wp\/v2\/pages\/10207\/revisions\/10239"}],"wp:featuredmedia":[{"embeddable":true,"href":"https:\/\/institutfrancais.ro\/cluj-napoca\/wp-json\/wp\/v2\/media\/10152"}],"wp:attachment":[{"href":"https:\/\/institutfrancais.ro\/cluj-napoca\/wp-json\/wp\/v2\/media?parent=10207"}],"curies":[{"name":"wp","href":"https:\/\/api.w.org\/{rel}","templated":true}]}}