{"id":319,"date":"2021-01-25T13:50:39","date_gmt":"2021-01-25T13:50:39","guid":{"rendered":"https:\/\/institutfrancais.ro\/bucuresti\/?page_id=42"},"modified":"2025-05-20T08:40:02","modified_gmt":"2025-05-20T06:40:02","slug":"la-cave","status":"publish","type":"page","link":"https:\/\/institutfrancais.ro\/cluj-napoca\/la-cave\/","title":{"rendered":"La Cave"},"content":{"rendered":"\n<h4 class=\"wp-block-heading has-vivid-cyan-blue-color has-text-color\">La Cave \u2013 spa\u021biu de expresie contemporan\u0103<\/h4>\n\n\n\n<p><a href=\"https:\/\/institutfrancais.ro\/cluj-napoca\/a-iubi-nu-inseamna-a-ne-privi-unul-pe-celalalt-ci-a-privi-amandoi-in-aceeasi-directie\/\"><strong>Expozi\u021bia actual\u0103<\/strong><\/a><\/p>\n\n\n\n<p>Inaugurat de Institutul Francez din Cluj-Napoca \u00een martie 2017, La Cave este un spa\u021biu intim \u0219i polivalent, care g\u0103zduie\u0219te expozi\u021bii, proiec\u021bii, performance-uri, conferin\u021be \u0219i ateliere dedicate artei \u0219i culturii contemporane.<br>Este o platform\u0103 pentru arti\u0219tii emergen\u021bi, un loc de expunere \u0219i dialog, care \u00eencurajeaz\u0103 proiectele transdisciplinare \u0219i colaborative. \u00cen acela\u0219i timp, arti\u0219tii confirma\u021bi g\u0103sesc aici noi provoc\u0103ri \u0219i un public interna\u021bional.<br>Din martie 2017 \u0219i p\u00e2n\u0103 \u00een prezent, au fost organizate peste 30 de expozi\u021bii \u0219i proiecte cu arti\u0219ti francezi, rom\u00e2ni \u0219i de alte na\u021bionalit\u0103\u021bi din domenii variate: pictur\u0103, fotografie, ceramic\u0103, sculptur\u0103, gravur\u0103, multimedia, video, instala\u021bie, artele spectacolului \u0219i cinematografie.<br>Ac\u021biunea noastr\u0103 \u00een favoarea promov\u0103rii arti\u0219tilor ne face s\u0103 studiem zeci de candidaturi \u00een fiecare an, \u00een cadrul unui apel la proiecte deschis arti\u0219tilor din \u00eentreaga lume.<br>Cu zece expozi\u021bii pe an, care atrag \u00een jur de 1000 de vizitatori, La Cave a devenit rapid un spa\u021biu de \u00eent\u00e2lnire \u0219i schimb de idei despre arta contemporan\u0103, pe care v\u0103 invit\u0103m s\u0103 \u00eel descoperi\u021bi.<\/p>\n\n\n\n<p><a href=\"https:\/\/institutfrancais.ro\/cluj-napoca\/propunere-de-mecenat\/\"><strong>Propunere de mecenat<\/strong><\/a> \u2022 <a href=\"https:\/\/institutfrancais.ro\/cluj-napoca\/cuvintele-artistilor\/\"><strong>Cuvintele arti\u0219tilor<\/strong><\/a><\/p>\n\n\n\n<p><strong>Bro\u0219ur\u0103 de prezentare<\/strong><\/p>\n\n\n<p><iframe loading=\"lazy\" src=\"https:\/\/www.yumpu.com\/fr\/embed\/view\/5987PXEs1jl2iyFp\" width=\"620px\" height=\"484px\" frameborder=\"0\" allowfullscreen=\"allowfullscreen\"><\/iframe><br><a title=\"Brochure La Cave 2017-2024\" href=\"https:\/\/www.yumpu.com\/fr\/document\/view\/70265034\/brochure-la-cave-2017-2024\" target=\"_blank\" rel=\"noopener\"><strong>Bro\u0219ura La Cave 2017\u20132024<\/strong><\/a><\/p>\n\n\n<h4 class=\"wp-block-heading\">Contact<\/h4>\n\n\n\n<p><a href=\"mailto:raluca.mateiu@institutfrancais.ro\">raluca.mateiu@institutfrancais.ro<\/a> | 0752 135 898<\/p>\n","protected":false},"excerpt":{"rendered":"<p>La Cave \u2013 spa\u021biu de expresie contemporan\u0103 Expozi\u021bia actual\u0103 Inaugurat de Institutul Francez din Cluj-Napoca \u00een martie 2017, La Cave este un spa\u021biu intim \u0219i polivalent, care g\u0103zduie\u0219te expozi\u021bii, proiec\u021bii, performance-uri, conferin\u021be \u0219i ateliere dedicate artei \u0219i culturii contemporane.Este o platform\u0103 pentru arti\u0219tii emergen\u021bi, un loc de expunere \u0219i dialog, care \u00eencurajeaz\u0103 proiectele transdisciplinare \u0219i [&hellip;]<\/p>\n","protected":false},"author":1,"featured_media":505,"parent":0,"menu_order":0,"comment_status":"closed","ping_status":"closed","template":"","meta":{"footnotes":""},"class_list":["post-319","page","type-page","status-publish","has-post-thumbnail","hentry"],"_links":{"self":[{"href":"https:\/\/institutfrancais.ro\/cluj-napoca\/wp-json\/wp\/v2\/pages\/319","targetHints":{"allow":["GET"]}}],"collection":[{"href":"https:\/\/institutfrancais.ro\/cluj-napoca\/wp-json\/wp\/v2\/pages"}],"about":[{"href":"https:\/\/institutfrancais.ro\/cluj-napoca\/wp-json\/wp\/v2\/types\/page"}],"author":[{"embeddable":true,"href":"https:\/\/institutfrancais.ro\/cluj-napoca\/wp-json\/wp\/v2\/users\/1"}],"replies":[{"embeddable":true,"href":"https:\/\/institutfrancais.ro\/cluj-napoca\/wp-json\/wp\/v2\/comments?post=319"}],"version-history":[{"count":120,"href":"https:\/\/institutfrancais.ro\/cluj-napoca\/wp-json\/wp\/v2\/pages\/319\/revisions"}],"predecessor-version":[{"id":9268,"href":"https:\/\/institutfrancais.ro\/cluj-napoca\/wp-json\/wp\/v2\/pages\/319\/revisions\/9268"}],"wp:featuredmedia":[{"embeddable":true,"href":"https:\/\/institutfrancais.ro\/cluj-napoca\/wp-json\/wp\/v2\/media\/505"}],"wp:attachment":[{"href":"https:\/\/institutfrancais.ro\/cluj-napoca\/wp-json\/wp\/v2\/media?parent=319"}],"curies":[{"name":"wp","href":"https:\/\/api.w.org\/{rel}","templated":true}]}}