{"id":320,"date":"2021-01-25T13:51:02","date_gmt":"2021-01-25T13:51:02","guid":{"rendered":"https:\/\/institutfrancais.ro\/bucuresti\/?page_id=45"},"modified":"2024-10-30T16:25:52","modified_gmt":"2024-10-30T14:25:52","slug":"mediateca","status":"publish","type":"page","link":"https:\/\/institutfrancais.ro\/cluj-napoca\/mediateca\/","title":{"rendered":"Mediatec\u0103"},"content":{"rendered":"\n<p>Loc de studiu, de relaxare \u0219i de schimburi culturale, mediateca este un spa\u021biu agreabil, deschis at\u00e2t copiilor, c\u00e2t \u0219i adul\u021bilor. Numeroase \u0219i interactive, proiectele mediatecii se axeaz\u0103 pe ateliere \u0219i dezbateri, \u00eent\u00e2lniri literare \u0219i cinecluburi, destinate tuturor v\u00e2rstelor.<\/p>\n\n\n\n<p>\u00cenainte de a ne trece pragul, v\u0103 invit\u0103m s\u0103 face\u021bi o <a href=\"https:\/\/my.matterport.com\/show\/?m=FEUh7K8N1wz\"><strong>vizit\u0103 virtual\u0103<\/strong><\/a> a mediatecii noastre (tur video virtual produs de <a href=\"https:\/\/komiti.media\/\" target=\"_blank\" rel=\"noreferrer noopener\">Komiti<\/a>).<\/p>\n\n\n\n<p><a href=\"https:\/\/institutfrancais.ro\/cluj-napoca\/mediateca\/informatii-practice\/\">Informa\u021bii practice<\/a> \u2022 <a href=\"https:\/\/institutfrancais.ro\/cluj-napoca\/category\/mediateca\/noutati-si-evenimente\/\">Nout\u0103\u021bi \u0219i evenimente<\/a> \u2022 <a href=\"https:\/\/institutfrancais.ro\/cluj-napoca\/mediateca\/ateliere\/\">Ateliere<\/a> \u2022 <a href=\"https:\/\/institutfrancais.ro\/cluj-napoca\/mediateca\/culturetheque\/\">Cultureth\u00e8que<\/a><\/p>\n\n\n\n<p><strong>Contact<\/strong><br><strong>Luiza Rus<\/strong>, responsabila mediatecii<br><a href=\"mailto:mediatheque.cluj@institutfrancais.ro\">mediatheque.cluj@institutfrancais.ro<\/a>&nbsp;| 0748 117 939<\/p>\n","protected":false},"excerpt":{"rendered":"<p>Loc de studiu, de relaxare \u0219i de schimburi culturale, mediateca este un spa\u021biu agreabil, deschis at\u00e2t copiilor, c\u00e2t \u0219i adul\u021bilor. Numeroase \u0219i interactive, proiectele mediatecii se axeaz\u0103 pe ateliere \u0219i dezbateri, \u00eent\u00e2lniri literare \u0219i cinecluburi, destinate tuturor v\u00e2rstelor. \u00cenainte de a ne trece pragul, v\u0103 invit\u0103m s\u0103 face\u021bi o vizit\u0103 virtual\u0103 a mediatecii noastre (tur [&hellip;]<\/p>\n","protected":false},"author":1,"featured_media":636,"parent":0,"menu_order":0,"comment_status":"closed","ping_status":"closed","template":"","meta":{"footnotes":""},"class_list":["post-320","page","type-page","status-publish","has-post-thumbnail","hentry"],"_links":{"self":[{"href":"https:\/\/institutfrancais.ro\/cluj-napoca\/wp-json\/wp\/v2\/pages\/320","targetHints":{"allow":["GET"]}}],"collection":[{"href":"https:\/\/institutfrancais.ro\/cluj-napoca\/wp-json\/wp\/v2\/pages"}],"about":[{"href":"https:\/\/institutfrancais.ro\/cluj-napoca\/wp-json\/wp\/v2\/types\/page"}],"author":[{"embeddable":true,"href":"https:\/\/institutfrancais.ro\/cluj-napoca\/wp-json\/wp\/v2\/users\/1"}],"replies":[{"embeddable":true,"href":"https:\/\/institutfrancais.ro\/cluj-napoca\/wp-json\/wp\/v2\/comments?post=320"}],"version-history":[{"count":25,"href":"https:\/\/institutfrancais.ro\/cluj-napoca\/wp-json\/wp\/v2\/pages\/320\/revisions"}],"predecessor-version":[{"id":8615,"href":"https:\/\/institutfrancais.ro\/cluj-napoca\/wp-json\/wp\/v2\/pages\/320\/revisions\/8615"}],"wp:featuredmedia":[{"embeddable":true,"href":"https:\/\/institutfrancais.ro\/cluj-napoca\/wp-json\/wp\/v2\/media\/636"}],"wp:attachment":[{"href":"https:\/\/institutfrancais.ro\/cluj-napoca\/wp-json\/wp\/v2\/media?parent=320"}],"curies":[{"name":"wp","href":"https:\/\/api.w.org\/{rel}","templated":true}]}}