{"id":361,"date":"2021-10-13T09:40:53","date_gmt":"2021-10-13T07:40:53","guid":{"rendered":"https:\/\/institutfrancais.ro\/bucuresti\/?page_id=361"},"modified":"2025-12-05T09:29:00","modified_gmt":"2025-12-05T07:29:00","slug":"stagii","status":"publish","type":"page","link":"https:\/\/institutfrancais.ro\/cluj-napoca\/stagii\/","title":{"rendered":"Stagii"},"content":{"rendered":"\n<figure class=\"wp-block-image size-large\"><img loading=\"lazy\" decoding=\"async\" width=\"725\" height=\"355\" src=\"https:\/\/institutfrancais.ro\/cluj-napoca\/wp-content\/uploads\/sites\/3\/2021\/10\/stagiaire.jpg\" alt=\"\" class=\"wp-image-2890\" srcset=\"https:\/\/institutfrancais.ro\/cluj-napoca\/wp-content\/uploads\/sites\/3\/2021\/10\/stagiaire.jpg 725w, https:\/\/institutfrancais.ro\/cluj-napoca\/wp-content\/uploads\/sites\/3\/2021\/10\/stagiaire-300x147.jpg 300w\" sizes=\"auto, (max-width: 725px) 100vw, 725px\" \/><\/figure>\n\n\n\n<p>Activitatea echipei Institutului Francez Cluj este sus\u021binut\u0103 de o echip\u0103 dinamic\u0103 de stagiari \u0219i voluntari. Dori\u021bi s\u0103 organiza\u021bi evenimente culturale, s\u0103 \u00een\u021belege\u021bi cum func\u021bioneaz\u0103 o mediatec\u0103, s\u0103 participa\u021bi la montarea de expozi\u021bii, s\u0103 face\u021bi traduceri sau s\u0103 asista\u021bi echipa noastr\u0103 de profesori \u0219i animatori \u00een cadrul atelierelor pentru copii \u0219i a activit\u0103\u021bilor de predare a limbii franceze?&nbsp;<\/p>\n\n\n\n<p>Atunci nu ezita\u021bi s\u0103 trimite\u021bi un e-mail cu un CV \u0219i c\u00e2teva cuvinte despre voi \u0219i ceea ce v-ar interesa s\u0103 face\u021bi la <a href=\"mailto:clementine.coedes@institutfrancais.ro\"><strong>clementine.coedes@institutfrancais.ro<\/strong><\/a>&nbsp;<\/p>\n\n\n\n<p>Institutul Francez Cluj-Napoca prime\u0219te stagiari \u00een practica universitar\u0103 \u00een baza unor conventii \u00eencheiate cu facult\u0103\u021bile din cadrul UBB Cluj. Primim de asemenea voluntari pentru activit\u0103\u021bi punctuale precum festivaluri de film, festivalul de art\u0103 digital\u0103 Clujotronic, concerte sau alte evenimente culturale.&nbsp; &nbsp;<\/p>\n\n\n\n<p>V\u0103 a\u0219tept\u0103m \u00een echip\u0103!&nbsp;<\/p>\n","protected":false},"excerpt":{"rendered":"<p>Activitatea echipei Institutului Francez Cluj este sus\u021binut\u0103 de o echip\u0103 dinamic\u0103 de stagiari \u0219i voluntari. Dori\u021bi s\u0103 organiza\u021bi evenimente culturale, s\u0103 \u00een\u021belege\u021bi cum func\u021bioneaz\u0103 o mediatec\u0103, s\u0103 participa\u021bi la montarea de expozi\u021bii, s\u0103 face\u021bi traduceri sau s\u0103 asista\u021bi echipa noastr\u0103 de profesori \u0219i animatori \u00een cadrul atelierelor pentru copii \u0219i a activit\u0103\u021bilor de predare a [&hellip;]<\/p>\n","protected":false},"author":8,"featured_media":2890,"parent":0,"menu_order":0,"comment_status":"closed","ping_status":"closed","template":"","meta":{"footnotes":""},"class_list":["post-361","page","type-page","status-publish","has-post-thumbnail","hentry"],"_links":{"self":[{"href":"https:\/\/institutfrancais.ro\/cluj-napoca\/wp-json\/wp\/v2\/pages\/361","targetHints":{"allow":["GET"]}}],"collection":[{"href":"https:\/\/institutfrancais.ro\/cluj-napoca\/wp-json\/wp\/v2\/pages"}],"about":[{"href":"https:\/\/institutfrancais.ro\/cluj-napoca\/wp-json\/wp\/v2\/types\/page"}],"author":[{"embeddable":true,"href":"https:\/\/institutfrancais.ro\/cluj-napoca\/wp-json\/wp\/v2\/users\/8"}],"replies":[{"embeddable":true,"href":"https:\/\/institutfrancais.ro\/cluj-napoca\/wp-json\/wp\/v2\/comments?post=361"}],"version-history":[{"count":3,"href":"https:\/\/institutfrancais.ro\/cluj-napoca\/wp-json\/wp\/v2\/pages\/361\/revisions"}],"predecessor-version":[{"id":9713,"href":"https:\/\/institutfrancais.ro\/cluj-napoca\/wp-json\/wp\/v2\/pages\/361\/revisions\/9713"}],"wp:featuredmedia":[{"embeddable":true,"href":"https:\/\/institutfrancais.ro\/cluj-napoca\/wp-json\/wp\/v2\/media\/2890"}],"wp:attachment":[{"href":"https:\/\/institutfrancais.ro\/cluj-napoca\/wp-json\/wp\/v2\/media?parent=361"}],"curies":[{"name":"wp","href":"https:\/\/api.w.org\/{rel}","templated":true}]}}