{"id":4865,"date":"2022-10-14T09:35:58","date_gmt":"2022-10-14T07:35:58","guid":{"rendered":"https:\/\/institutfrancais.ro\/cluj-napoca\/?page_id=4865"},"modified":"2026-01-15T16:00:44","modified_gmt":"2026-01-15T14:00:44","slug":"informatii-practice","status":"publish","type":"page","link":"https:\/\/institutfrancais.ro\/cluj-napoca\/mediateca\/informatii-practice\/","title":{"rendered":"Informa\u021bii practice"},"content":{"rendered":"\n<h4 class=\"wp-block-heading\">ORAR<\/h4>\n\n\n\n<p>Luni\u2013vineri: 11:00\u201318:00<\/p>\n\n\n\n<h4 class=\"wp-block-heading\">ABONAMENTE \/ <mark style=\"background-color:rgba(0, 0, 0, 0)\" class=\"has-inline-color has-vivid-red-color\">NOI TARIFE \u00ceNCEP\u00c2ND DIN 2026<\/mark><\/h4>\n\n\n\n<p>45 lei \u2013 Abonament trimestrial cu tarif integral<br>40 lei \u2013 Abonament trimestrial cu tarif redus*<br>80 lei \u2013 Abonament anual cu tarif integral<br>55 lei \u2013 Abonament anual cu tarif redus*<br>20 lei \u2013 \u00censcriere pe o zi<br>20 lei \u2013 \u00cenlocuirea permisului de intrare pierdut\u00a0<\/p>\n\n\n\n<p>* elevi, studen\u0163i, profesori de francez\u0103, \u015fomeri, pensionari<\/p>\n\n\n\n<ul class=\"wp-block-list\">\n<li>Urma\u021bi cursuri la Institutul Francez? Beneficia\u021bi de un abonament gratuit pe durata cursului.<\/li>\n\n\n\n<li>Ave\u021bi nevoie de un document care nu este disponibil la noi? Folosi\u021bi \u00eemprumutul \u00eentre biblioteci, prin po\u0219t\u0103 rapid\u0103.<\/li>\n\n\n\n<li>C\u0103l\u0103tori\u021bi prin \u021bar\u0103? Ave\u021bi acces gratuit pentru consultarea documentelor din mediatecile institutelor franceze din Bucure\u0219ti, Ia\u0219i \u0219i Timi\u0219oara.<\/li>\n<\/ul>\n\n\n\n<pre class=\"wp-block-preformatted\"><a href=\"https:\/\/my.matterport.com\/show\/?m=FEUh7K8N1wz\"><strong>Vizit\u0103 virtual\u0103<\/strong><\/a><\/pre>\n\n\n\n<h4 class=\"wp-block-heading\">\u00ceNSCRIERI<\/h4>\n\n\n\n<p>Pe loc:<\/p>\n\n\n\n<ul class=\"wp-block-list\">\n<li>carte de identitate (permis de \u0219edere pentru str\u0103ini, pa\u0219aport)<\/li>\n\n\n\n<li>carnet de elev sau student, vizat la zi<\/li>\n\n\n\n<li>taxa de \u00eenscriere (semestrial\u0103 sau anual\u0103), \u00een numerar sau prin card bancar<\/li>\n<\/ul>\n\n\n\n<p>Online:<\/p>\n\n\n\n<ul class=\"wp-block-list\">\n<li><a href=\"https:\/\/institutfrancais.ro\/cluj-napoca\/wp-content\/uploads\/sites\/3\/2026\/01\/form_2026_RO-1.pdf\"><strong>formularul de \u00eenscriere<\/strong><\/a>&nbsp;se completeaz\u0103 \u0219i se trimite la adresa&nbsp;<a href=\"mailto:mediatheque.cluj@institutfrancais.ro\"><strong>mediatheque.cluj@institutfrancais.ro<\/strong><\/a><\/li>\n\n\n\n<li>plata prin virament bancar \u00een contul RO39 BRDE 130 SV 077 3206 1300, preciz\u00e2nd ca obiect al pl\u0103\u021bii: \u201e\u00eenscriere la mediatec\u0103\u201d. \u00censcrierea este activat\u0103 de \u00eendat\u0103 de plata este confirmat\u0103.<\/li>\n<\/ul>\n\n\n\n<h4 class=\"wp-block-heading\">CONDI\u021aII DE \u00ceMPRUMUT<\/h4>\n\n\n\n<p>C\u0103r\u021bi \u0219i reviste: 7 documente la alegere pentru 2 s\u0103pt\u0103m\u00e2ni.&nbsp;<br>Audiovizual: 4 CD-uri \u0219i 4 DVD-uri pentru 2 s\u0103pt\u0103m\u00e2ni.<\/p>\n\n\n\n<p>termenului de restituire a &nbsp;documentelor se poate face o singur\u0103 dat\u0103:<br>\u2013 telefonic: 0748 117 939<br>\u2013 prin e-mail: <a href=\"mailto:mediatheque.cluj@institutfrancais.ro\"><strong>mediatheque.cluj@institutfrancais.ro<\/strong><\/a><br>\u2013 din contul de abonat al <a href=\"https:\/\/ifroumanie.bibenligne.fr\/infos-pratiques\"><strong>catalog online<\/strong><\/a><\/p>\n\n\n\n<p><strong>C\u0103r\u021bile de referin\u021b\u0103 din sala de lectur\u0103 \u0219i ultimul num\u0103r al periodicelor sunt excluse de la \u00eemprumut.<\/strong><\/p>\n\n\n\n<ul class=\"wp-block-list\">\n<li>Rezerv\u0103rile se fac doar pentru c\u0103r\u021bi, din contul de abonat sau la cerere, telefonic sau prin e-mail.<\/li>\n\n\n\n<li>Nerespectarea termenului de restituire a documentelor atrage dup\u0103 sine suspendarea dreptului la \u00eemprumut pe o durat\u0103 echivalent\u0103.<\/li>\n\n\n\n<li><strong>Utilizatorul este r\u0103spunz\u0103tor de materialele \u00eemprumutate<\/strong>, orice document pierdut sau deteriorat v\u0103 anuleaz\u0103 dreptul de \u00eemprumut, cu excep\u021bia cazului \u00een care returna\u021bi documentul sau achita\u021bi contravaloarea (pre\u021bul de catalog + 25%).<\/li>\n\n\n\n<li>Documentele Mediatecii (c\u0103r\u021bi, reviste, CD-uri, CD-ROM-uri \u0219i DVD-uri) pot fi \u00eemprumutate de c\u0103tre persoanele al c\u0103ror abonament este actualizat.<\/li>\n\n\n\n<li>To\u021bi abona\u021bii se angajeaz\u0103 s\u0103 respecte&nbsp;<strong>regulamentul mediatecii<\/strong>.<\/li>\n<\/ul>\n\n\n\n<figure class=\"wp-block-image size-large\"><img loading=\"lazy\" decoding=\"async\" width=\"1024\" height=\"9\" src=\"https:\/\/institutfrancais.ro\/cluj-napoca\/wp-content\/uploads\/sites\/3\/2022\/09\/bandeaublanc10px-1024x9.jpg\" alt=\"\" class=\"wp-image-6875\" srcset=\"https:\/\/institutfrancais.ro\/cluj-napoca\/wp-content\/uploads\/sites\/3\/2022\/09\/bandeaublanc10px-1024x9.jpg 1024w, https:\/\/institutfrancais.ro\/cluj-napoca\/wp-content\/uploads\/sites\/3\/2022\/09\/bandeaublanc10px-300x3.jpg 300w, https:\/\/institutfrancais.ro\/cluj-napoca\/wp-content\/uploads\/sites\/3\/2022\/09\/bandeaublanc10px-768x6.jpg 768w, https:\/\/institutfrancais.ro\/cluj-napoca\/wp-content\/uploads\/sites\/3\/2022\/09\/bandeaublanc10px.jpg 1200w\" sizes=\"auto, (max-width: 1024px) 100vw, 1024px\" \/><\/figure>\n\n\n\n<figure class=\"wp-block-table\"><table class=\"has-background\" style=\"background-color:#fff8dd\"><tbody><tr><td><font style=\"font-weight:bold;color:#FF0000\">NOU<\/font>&nbsp;&nbsp;<strong>CATALOG ONLINE<\/strong><br><a href=\"https:\/\/ifroumanie.bibenligne.fr\/\"><strong>Catalogul<\/strong><\/a>&nbsp;poate fi accesat anonim sau prin autentificare.<br>Pentru a v\u0103 putea autentifica, trebuie s\u0103 de\u021bine\u021bi un abonament valabil la mediatec\u0103.<br>Conect\u00e2ndu-v\u0103, ve\u021bi avea acces la&nbsp;<strong>contul dumneavoastr\u0103 de abonat<\/strong>&nbsp;\u0219i la servicii personalizate.<br>Numele de utilizator \u0219i parola v\u0103 vor fi trimise prin e-mail atunci c\u00e2nd v\u0103 re\/abona\u021bi.<br><br>Pute\u021bi accesa rapid \u0219i u\u0219or serviciile online disponibile:<br>\u2022 C\u0103utarea documentelor \u00een catalog<br>\u2022 Consultarea contului de abonat<br>\u2022 Prelungirea documentelor \u00eemprumutate<br>\u2022 Solicitarea rezerv\u0103rii documentelor<br><br><strong>BibEnPoche<\/strong>&nbsp;\u2013 catalogul online disponibil pe smartphone \u0219i tablete<br>Aplica\u021bie gratuit\u0103<br>\u2013 pe&nbsp;<a href=\"https:\/\/play.google.com\/store\/apps\/details?id=net.decalog.bibenpoche\"><strong>Google Play<\/strong><\/a>, pentru dispozitive Android (versiunea 5.0 sau mai recent\u0103)<br>\u2013 \u00een&nbsp;<a href=\"https:\/\/itunes.apple.com\/us\/app\/bibenpoche\/id1186287291\"><strong>App Store<\/strong><\/a>, pentru dispozitive iOS (versiunea 12.4 sau mai recent\u0103)<\/td><\/tr><\/tbody><\/table><\/figure>\n\n\n\n<p><strong>Contact<\/strong><br><strong>Luiza Rus<\/strong>, responsabila mediatecii<br><a href=\"mailto:mediatheque.cluj@institutfrancais.ro\">mediatheque.cluj@institutfrancais.ro<\/a>&nbsp;| 0748 117 939<\/p>\n","protected":false},"excerpt":{"rendered":"<p>ORAR Luni\u2013vineri: 11:00\u201318:00 ABONAMENTE \/ NOI TARIFE \u00ceNCEP\u00c2ND DIN 2026 45 lei \u2013 Abonament trimestrial cu tarif integral40 lei \u2013 Abonament trimestrial cu tarif redus*80 lei \u2013 Abonament anual cu tarif integral55 lei \u2013 Abonament anual cu tarif redus*20 lei \u2013 \u00censcriere pe o zi20 lei \u2013 \u00cenlocuirea permisului de intrare pierdut\u00a0 * elevi, studen\u0163i, [&hellip;]<\/p>\n","protected":false},"author":8,"featured_media":0,"parent":320,"menu_order":-1,"comment_status":"closed","ping_status":"closed","template":"","meta":{"footnotes":""},"class_list":["post-4865","page","type-page","status-publish","hentry"],"_links":{"self":[{"href":"https:\/\/institutfrancais.ro\/cluj-napoca\/wp-json\/wp\/v2\/pages\/4865","targetHints":{"allow":["GET"]}}],"collection":[{"href":"https:\/\/institutfrancais.ro\/cluj-napoca\/wp-json\/wp\/v2\/pages"}],"about":[{"href":"https:\/\/institutfrancais.ro\/cluj-napoca\/wp-json\/wp\/v2\/types\/page"}],"author":[{"embeddable":true,"href":"https:\/\/institutfrancais.ro\/cluj-napoca\/wp-json\/wp\/v2\/users\/8"}],"replies":[{"embeddable":true,"href":"https:\/\/institutfrancais.ro\/cluj-napoca\/wp-json\/wp\/v2\/comments?post=4865"}],"version-history":[{"count":24,"href":"https:\/\/institutfrancais.ro\/cluj-napoca\/wp-json\/wp\/v2\/pages\/4865\/revisions"}],"predecessor-version":[{"id":9984,"href":"https:\/\/institutfrancais.ro\/cluj-napoca\/wp-json\/wp\/v2\/pages\/4865\/revisions\/9984"}],"up":[{"embeddable":true,"href":"https:\/\/institutfrancais.ro\/cluj-napoca\/wp-json\/wp\/v2\/pages\/320"}],"wp:attachment":[{"href":"https:\/\/institutfrancais.ro\/cluj-napoca\/wp-json\/wp\/v2\/media?parent=4865"}],"curies":[{"name":"wp","href":"https:\/\/api.w.org\/{rel}","templated":true}]}}